


{"id":45148,"date":"2021-05-24T10:18:39","date_gmt":"2021-05-24T08:18:39","guid":{"rendered":"https:\/\/www.unirufa.it\/?page_id=45148"},"modified":"2021-05-31T10:27:33","modified_gmt":"2021-05-31T08:27:33","slug":"san-lorenzo-place-identity-un-carato","status":"publish","type":"page","link":"https:\/\/www.unirufa.it\/es\/san-lorenzo-place-identity-un-carato\/","title":{"rendered":"Un carato"},"content":{"rendered":"<p class=\"qtranxs-available-languages-message qtranxs-available-languages-message-es\">Disculpa, pero esta entrada est\u00e1 disponible s\u00f3lo en <a href=\"https:\/\/www.unirufa.it\/it\/wp-json\/wp\/v2\/pages\/45148\" class=\"qtranxs-available-language-link qtranxs-available-language-link-it\" title=\"IT\">IT<\/a> y <a href=\"https:\/\/www.unirufa.it\/en\/wp-json\/wp\/v2\/pages\/45148\" class=\"qtranxs-available-language-link qtranxs-available-language-link-en\" title=\"EN\">EN<\/a>.<\/p><div class=\"col-sm-12 col-lg-2\" style=\"padding-left: 0\">\n<h4><strong>CORSO<\/strong><\/h4>\n<\/div>\n<div class=\"col-sm-12 col-lg-10\" style=\"padding-left: 0\">\n<h4>Scultura e Installazione<\/h4>\n<\/div>\n<p><\/br><\/p>\n<div class=\"col-sm-12 col-lg-2\" style=\"padding-left: 0\">\n<h4><strong>DOCENTE<\/strong><\/h4>\n<\/div>\n<div class=\"col-sm-12 col-lg-10\" style=\"padding-left: 0\">\n<h4>Simone Cametti<\/h4>\n<\/div>\n<p><\/br><br \/>\n&nbsp;<\/p>\n<div class=\"su-image-carousel  su-image-carousel-has-spacing su-image-carousel-adaptive su-image-carousel-slides-style-minimal su-image-carousel-controls-style-light su-image-carousel-align-left\" style=\"\" data-flickity-options='{\"groupCells\":true,\"cellSelector\":\".su-image-carousel-item\",\"adaptiveHeight\":true,\"cellAlign\":\"left\",\"prevNextButtons\":true,\"pageDots\":false,\"autoPlay\":3000,\"imagesLoaded\":true,\"contain\":false,\"selectedAttraction\":0.025,\"friction\":0.28}' id=\"su_image_carousel_69f617341a8e7\"><div class=\"su-image-carousel-item\"><div class=\"su-image-carousel-item-content\"><img loading=\"lazy\" decoding=\"async\" width=\"1050\" height=\"600\" src=\"https:\/\/www.unirufa.it\/wp-content\/uploads\/2021\/05\/san_lorenzo_place_identity_un_carato_simone_cametti_casa_della_memoria_davanti.jpg\" class=\"\" alt=\"\" srcset=\"https:\/\/www.unirufa.it\/wp-content\/uploads\/2021\/05\/san_lorenzo_place_identity_un_carato_simone_cametti_casa_della_memoria_davanti.jpg 1050w, https:\/\/www.unirufa.it\/wp-content\/uploads\/2021\/05\/san_lorenzo_place_identity_un_carato_simone_cametti_casa_della_memoria_davanti-300x171.jpg 300w, https:\/\/www.unirufa.it\/wp-content\/uploads\/2021\/05\/san_lorenzo_place_identity_un_carato_simone_cametti_casa_della_memoria_davanti-1024x585.jpg 1024w, https:\/\/www.unirufa.it\/wp-content\/uploads\/2021\/05\/san_lorenzo_place_identity_un_carato_simone_cametti_casa_della_memoria_davanti-768x439.jpg 768w\" sizes=\"auto, (max-width: 1050px) 100vw, 1050px\" \/><\/div><\/div><div class=\"su-image-carousel-item\"><div class=\"su-image-carousel-item-content\"><img loading=\"lazy\" decoding=\"async\" width=\"1050\" height=\"600\" src=\"https:\/\/www.unirufa.it\/wp-content\/uploads\/2021\/05\/san_lorenzo_place_identity_un_carato_simone_cametti_casa_della_memoria_dietro.jpg\" class=\"\" alt=\"\" srcset=\"https:\/\/www.unirufa.it\/wp-content\/uploads\/2021\/05\/san_lorenzo_place_identity_un_carato_simone_cametti_casa_della_memoria_dietro.jpg 1050w, https:\/\/www.unirufa.it\/wp-content\/uploads\/2021\/05\/san_lorenzo_place_identity_un_carato_simone_cametti_casa_della_memoria_dietro-300x171.jpg 300w, https:\/\/www.unirufa.it\/wp-content\/uploads\/2021\/05\/san_lorenzo_place_identity_un_carato_simone_cametti_casa_della_memoria_dietro-1024x585.jpg 1024w, https:\/\/www.unirufa.it\/wp-content\/uploads\/2021\/05\/san_lorenzo_place_identity_un_carato_simone_cametti_casa_della_memoria_dietro-768x439.jpg 768w\" sizes=\"auto, (max-width: 1050px) 100vw, 1050px\" \/><\/div><\/div><div class=\"su-image-carousel-item\"><div class=\"su-image-carousel-item-content\"><img loading=\"lazy\" decoding=\"async\" width=\"1050\" height=\"600\" src=\"https:\/\/www.unirufa.it\/wp-content\/uploads\/2021\/05\/san_lorenzo_place_identity_un_carato_simone_cametti_casa_della_memoria_sopra.jpg\" class=\"\" alt=\"\" srcset=\"https:\/\/www.unirufa.it\/wp-content\/uploads\/2021\/05\/san_lorenzo_place_identity_un_carato_simone_cametti_casa_della_memoria_sopra.jpg 1050w, https:\/\/www.unirufa.it\/wp-content\/uploads\/2021\/05\/san_lorenzo_place_identity_un_carato_simone_cametti_casa_della_memoria_sopra-300x171.jpg 300w, https:\/\/www.unirufa.it\/wp-content\/uploads\/2021\/05\/san_lorenzo_place_identity_un_carato_simone_cametti_casa_della_memoria_sopra-1024x585.jpg 1024w, https:\/\/www.unirufa.it\/wp-content\/uploads\/2021\/05\/san_lorenzo_place_identity_un_carato_simone_cametti_casa_della_memoria_sopra-768x439.jpg 768w\" sizes=\"auto, (max-width: 1050px) 100vw, 1050px\" \/><\/div><\/div><div class=\"su-image-carousel-item\"><div class=\"su-image-carousel-item-content\"><img loading=\"lazy\" decoding=\"async\" width=\"1050\" height=\"600\" src=\"https:\/\/www.unirufa.it\/wp-content\/uploads\/2021\/05\/san_lorenzo_place_identity_un_carato_simone_cametti_casa_della_memoria_scala.jpg\" class=\"\" alt=\"\" srcset=\"https:\/\/www.unirufa.it\/wp-content\/uploads\/2021\/05\/san_lorenzo_place_identity_un_carato_simone_cametti_casa_della_memoria_scala.jpg 1050w, https:\/\/www.unirufa.it\/wp-content\/uploads\/2021\/05\/san_lorenzo_place_identity_un_carato_simone_cametti_casa_della_memoria_scala-300x171.jpg 300w, https:\/\/www.unirufa.it\/wp-content\/uploads\/2021\/05\/san_lorenzo_place_identity_un_carato_simone_cametti_casa_della_memoria_scala-1024x585.jpg 1024w, https:\/\/www.unirufa.it\/wp-content\/uploads\/2021\/05\/san_lorenzo_place_identity_un_carato_simone_cametti_casa_della_memoria_scala-768x439.jpg 768w\" sizes=\"auto, (max-width: 1050px) 100vw, 1050px\" \/><\/div><\/div><\/div><script id=\"su_image_carousel_69f617341a8e7_script\">if(window.SUImageCarousel){setTimeout(function() {window.SUImageCarousel.initGallery(document.getElementById(\"su_image_carousel_69f617341a8e7\"))}, 0);}var su_image_carousel_69f617341a8e7_script=document.getElementById(\"su_image_carousel_69f617341a8e7_script\");if(su_image_carousel_69f617341a8e7_script){su_image_carousel_69f617341a8e7_script.parentNode.removeChild(su_image_carousel_69f617341a8e7_script);}<\/script>\n&nbsp;<\/p>\n<h3>Il progetto<\/h3>\n<p>L\u2019oro \u00e8 simbolo emblematico di regalit\u00e0, benessere e sicurezza economica, \u201cvalore di preziosit\u00e0\u201d che gli \u00e8 stato attribuito dall\u2019uomo, su cui si \u00e8 basata e si basa la nostra societ\u00e0. In verit\u00e0 la reale preziosit\u00e0 di questo minerale \u00e8 proprio la sua essenza naturale. \u201cLa casa della memoria\u201d doveva essere il museo di <strong>San Lorenzo<\/strong>, scrigno prezioso dove custodire fotografie, testimonianze, percorsi culturali della storia antifascista del quartiere. In almeno due occasioni, nel 2004 prima e nel 2009 poi, intorno a quella carcassa di cemento furono eretti cantieri per la ristrutturazione, ma realmente, mai avviati. Questo progetto vuole definire l\u2019importanza di uno spazio come punto di riferimento del quartiere e diventare <strong>polo culturale di Roma<\/strong>. A San Lorenzo ogni palazzo parla, racconta qualcosa di quel bombardamento di settanta anni fa. Per questo motivo il mio interesse \u00e8 focalizzato sulla valorizzazione di questa struttura fatiscente, sulla sua storia, sul ridefinire il sito e ridare all\u2019insieme nuova linfa vitale. Il progetto che vi sottopongo \u00e8 un\u2019idea che nasce dall\u2019esigenza di approfondire un legame con il passato dimenticato, esaminando tutte le varie soluzioni e trasformare le potenzialit\u00e0 in realt\u00e0. La struttura esterna non sar\u00e0 modificata, sar\u00e0 visibile ancora lo stesso edificio abbandonato dal 2004, con il suo cemento a vista e le travi di sostegno, per non cancellare le caratteristiche che devono rimanere salde nella <strong>memoria collettiva<\/strong>. Il progetto dunque, vuole recuperare la possibilit\u00e0 di dare nuova vita al museo, senza alterare la sua struttura, un potenziale percepito nello scheletro di tubi innocenti e nella mancanza di una copertura idonea, dove gli ingressi al piano terra, bloccati per non permettere che il luogo diventi ricettacolo per spacciatori e tossicodipendenti, possano diventare anche una condizione\/pretesto, per definire un nuovo punto di accesso posto al secondo piano. Osservando quello spazio vedo lo svilupparsi di un museo sotto le stelle, precario ma presente proprio l\u00ec, a San Lorenzo, un quartiere di Roma crudo e reale. Per questo motivo voglio chiamare \u201cun carato\u201d questo mio progetto.. \u201cun carato\u201d termine che prende origine dal seme di una pianta e che successivamente diventa unit\u00e0 di misura delle pietre preziose e dell\u2019oro&#8230; dare una chance anche a quel luogo, a quel contenitore abbandonato, di diventare \u201cun carato\u201d, un luogo prezioso, un vero e proprio <strong>centro culturale<\/strong> e <strong>piattaforma per l\u2019arte contemporanea<\/strong>.<\/p>\n<p>Il progetto di riqualificazione prende in esame le strutture in tubi innocenti presenti nello stabile, che in questo momento fungono da tiranti per la messa in sicurezza delle pareti e, tramite questa struttura, nasce l\u2019idea per gestire una riqualificazione intelligente e a basso costo. Questo ramificazione di tubi sar\u00e0 trasformata e definita all\u2019interno come una passerella; sar\u00e0 una finestra posta al secondo piano, posizionata sulla facciata posteriore del palazzo e raggiungibile tramite una scala, l\u2019unico punto di passaggio aperto 24 ore su 24, quindi l\u2019unico accesso alla passerella e alla mostra. Lo spazio una volta riqualificato, sar\u00e0 messo a disposizione per esposizioni collettive o personali, tramite bandi di concorso o di selezione, scandito da un calendario di eventi.<\/p>\n<p>Saranno selezionati i progetti pi\u00f9 promettenti di <strong>artisti emergenti<\/strong> e <strong>studenti delle Accademie di belle Arti d\u2019Italia<\/strong>. Il processo di selezione avverr\u00e0 tramite una commissione esterna che valuter\u00e0 singolarmente tutti i progetti. La particolarit\u00e0 dello spazio richiamer\u00e0 l\u2019attenzione dell\u2019artista, che andr\u00e0 a definire il lavoro sull\u2019importanza dell\u2019ambiente e soprattutto sulla fruibilit\u00e0 dell\u2019opera che potr\u00e0 esser vista solamente dall\u2019alto verso il basso; in questo modo si potr\u00e0 creare un\u2019 interazione con lo spazio stesso definendo a tutti gli effetti opere \u201csite specific\u201d.<br \/>\nIn occasione degli allestimenti dei lavori, verr\u00e0 aperto un varco al piano terra, gi\u00e0 presente sulla facciata anteriore che si affaccia sulla strada Tiburtina, cos\u00ec da agevolare il passaggio delle opere e relativo allestimento. Una volta ultimati i lavori di preparazione, il varco sar\u00e0 nuovamente murato.<br \/>\n&nbsp;<br \/>\n&nbsp;<\/p>\n<div class=\"col-sm-12 col-lg-6\" style=\"padding-left: 0\">\n<a id=\"btn-regolamentocorso\" style=\"background-color:#000000;\" class=\"download-btn\" href=\"https:\/\/www.unirufa.it\/san-lorenzo-place-identity\/#progetti\"><font color=\"#ffffff\">TORNA AI PROGETTI<\/a><\/font>\n<\/div>\n<p>&nbsp;","protected":false},"excerpt":{"rendered":"<p>Disculpa, pero esta entrada est\u00e1 disponible s\u00f3lo en IT y EN. CORSO Scultura e Installazione DOCENTE Simone Cametti &nbsp; &nbsp; Il progetto L\u2019oro \u00e8 simbolo emblematico di regalit\u00e0, benessere e sicurezza economica, \u201cvalore di preziosit\u00e0\u201d che gli \u00e8 stato attribuito dall\u2019uomo, su cui si \u00e8 basata e si basa la nostra societ\u00e0. In verit\u00e0 la&#8230;<\/p>\n","protected":false},"author":22,"featured_media":0,"parent":0,"menu_order":0,"comment_status":"closed","ping_status":"closed","template":"","meta":{"content-type":"","footnotes":""},"class_list":["post-45148","page","type-page","status-publish","hentry"],"yoast_head":"<!-- This site is optimized with the Yoast SEO plugin v24.2 - https:\/\/yoast.com\/wordpress\/plugins\/seo\/ -->\n<title>Un carato - RUFA - Rome University of Fine Arts<\/title>\n<meta name=\"robots\" content=\"index, follow, max-snippet:-1, max-image-preview:large, max-video-preview:-1\" \/>\n<link rel=\"canonical\" href=\"https:\/\/www.unirufa.it\/san-lorenzo-place-identity-un-carato\/\" \/>\n<meta property=\"og:locale\" content=\"es_ES\" \/>\n<meta property=\"og:type\" content=\"article\" \/>\n<meta property=\"og:title\" content=\"Un carato - RUFA - Rome University of Fine Arts\" \/>\n<meta property=\"og:description\" content=\"Disculpa, pero esta entrada est\u00e1 disponible s\u00f3lo en IT y EN. CORSO Scultura e Installazione DOCENTE Simone Cametti &nbsp; &nbsp; Il progetto L\u2019oro \u00e8 simbolo emblematico di regalit\u00e0, benessere e sicurezza economica, \u201cvalore di preziosit\u00e0\u201d che gli \u00e8 stato attribuito dall\u2019uomo, su cui si \u00e8 basata e si basa la nostra societ\u00e0. In verit\u00e0 la...\" \/>\n<meta property=\"og:url\" content=\"https:\/\/www.unirufa.it\/san-lorenzo-place-identity-un-carato\/\" \/>\n<meta property=\"og:site_name\" content=\"RUFA - Rome University of Fine Arts\" \/>\n<meta property=\"article:modified_time\" content=\"2021-05-31T08:27:33+00:00\" \/>\n<meta property=\"og:image\" content=\"https:\/\/www.unirufa.it\/wp-content\/uploads\/2017\/11\/logo-rufa-2016.png\" \/>\n\t<meta property=\"og:image:width\" content=\"230\" \/>\n\t<meta property=\"og:image:height\" content=\"149\" \/>\n\t<meta property=\"og:image:type\" content=\"image\/png\" \/>\n<meta name=\"twitter:label1\" content=\"Tiempo de lectura\" \/>\n\t<meta name=\"twitter:data1\" content=\"7 minutos\" \/>\n<script type=\"application\/ld+json\" class=\"yoast-schema-graph\">{\"@context\":\"https:\/\/schema.org\",\"@graph\":[{\"@type\":\"WebPage\",\"@id\":\"https:\/\/www.unirufa.it\/san-lorenzo-place-identity-un-carato\/\",\"url\":\"https:\/\/www.unirufa.it\/san-lorenzo-place-identity-un-carato\/\",\"name\":\"Un carato - RUFA - Rome University of Fine Arts\",\"isPartOf\":{\"@id\":\"https:\/\/www.unirufa.it\/#website\"},\"datePublished\":\"2021-05-24T08:18:39+00:00\",\"dateModified\":\"2021-05-31T08:27:33+00:00\",\"breadcrumb\":{\"@id\":\"https:\/\/www.unirufa.it\/san-lorenzo-place-identity-un-carato\/#breadcrumb\"},\"inLanguage\":\"es\",\"potentialAction\":[{\"@type\":\"ReadAction\",\"target\":[\"https:\/\/www.unirufa.it\/san-lorenzo-place-identity-un-carato\/\"]}]},{\"@type\":\"BreadcrumbList\",\"@id\":\"https:\/\/www.unirufa.it\/san-lorenzo-place-identity-un-carato\/#breadcrumb\",\"itemListElement\":[{\"@type\":\"ListItem\",\"position\":1,\"name\":\"Home\",\"item\":\"https:\/\/www.unirufa.it\/\"},{\"@type\":\"ListItem\",\"position\":2,\"name\":\"Un carato\"}]},{\"@type\":\"WebSite\",\"@id\":\"https:\/\/www.unirufa.it\/#website\",\"url\":\"https:\/\/www.unirufa.it\/\",\"name\":\"RUFA - Rome University of Fine Arts\",\"description\":\"\",\"potentialAction\":[{\"@type\":\"SearchAction\",\"target\":{\"@type\":\"EntryPoint\",\"urlTemplate\":\"https:\/\/www.unirufa.it\/?s={search_term_string}\"},\"query-input\":{\"@type\":\"PropertyValueSpecification\",\"valueRequired\":true,\"valueName\":\"search_term_string\"}}],\"inLanguage\":\"es\"}]}<\/script>\n<!-- \/ Yoast SEO plugin. -->","yoast_head_json":{"title":"Un carato - RUFA - Rome University of Fine Arts","robots":{"index":"index","follow":"follow","max-snippet":"max-snippet:-1","max-image-preview":"max-image-preview:large","max-video-preview":"max-video-preview:-1"},"canonical":"https:\/\/www.unirufa.it\/san-lorenzo-place-identity-un-carato\/","og_locale":"es_ES","og_type":"article","og_title":"Un carato - RUFA - Rome University of Fine Arts","og_description":"Disculpa, pero esta entrada est\u00e1 disponible s\u00f3lo en IT y EN. CORSO Scultura e Installazione DOCENTE Simone Cametti &nbsp; &nbsp; Il progetto L\u2019oro \u00e8 simbolo emblematico di regalit\u00e0, benessere e sicurezza economica, \u201cvalore di preziosit\u00e0\u201d che gli \u00e8 stato attribuito dall\u2019uomo, su cui si \u00e8 basata e si basa la nostra societ\u00e0. In verit\u00e0 la...","og_url":"https:\/\/www.unirufa.it\/san-lorenzo-place-identity-un-carato\/","og_site_name":"RUFA - Rome University of Fine Arts","article_modified_time":"2021-05-31T08:27:33+00:00","og_image":[{"width":230,"height":149,"url":"https:\/\/www.unirufa.it\/wp-content\/uploads\/2017\/11\/logo-rufa-2016.png","type":"image\/png"}],"twitter_misc":{"Tiempo de lectura":"7 minutos"},"schema":{"@context":"https:\/\/schema.org","@graph":[{"@type":"WebPage","@id":"https:\/\/www.unirufa.it\/san-lorenzo-place-identity-un-carato\/","url":"https:\/\/www.unirufa.it\/san-lorenzo-place-identity-un-carato\/","name":"Un carato - RUFA - Rome University of Fine Arts","isPartOf":{"@id":"https:\/\/www.unirufa.it\/#website"},"datePublished":"2021-05-24T08:18:39+00:00","dateModified":"2021-05-31T08:27:33+00:00","breadcrumb":{"@id":"https:\/\/www.unirufa.it\/san-lorenzo-place-identity-un-carato\/#breadcrumb"},"inLanguage":"es","potentialAction":[{"@type":"ReadAction","target":["https:\/\/www.unirufa.it\/san-lorenzo-place-identity-un-carato\/"]}]},{"@type":"BreadcrumbList","@id":"https:\/\/www.unirufa.it\/san-lorenzo-place-identity-un-carato\/#breadcrumb","itemListElement":[{"@type":"ListItem","position":1,"name":"Home","item":"https:\/\/www.unirufa.it\/"},{"@type":"ListItem","position":2,"name":"Un carato"}]},{"@type":"WebSite","@id":"https:\/\/www.unirufa.it\/#website","url":"https:\/\/www.unirufa.it\/","name":"RUFA - Rome University of Fine Arts","description":"","potentialAction":[{"@type":"SearchAction","target":{"@type":"EntryPoint","urlTemplate":"https:\/\/www.unirufa.it\/?s={search_term_string}"},"query-input":{"@type":"PropertyValueSpecification","valueRequired":true,"valueName":"search_term_string"}}],"inLanguage":"es"}]}},"_links":{"self":[{"href":"https:\/\/www.unirufa.it\/es\/wp-json\/wp\/v2\/pages\/45148","targetHints":{"allow":["GET"]}}],"collection":[{"href":"https:\/\/www.unirufa.it\/es\/wp-json\/wp\/v2\/pages"}],"about":[{"href":"https:\/\/www.unirufa.it\/es\/wp-json\/wp\/v2\/types\/page"}],"author":[{"embeddable":true,"href":"https:\/\/www.unirufa.it\/es\/wp-json\/wp\/v2\/users\/22"}],"replies":[{"embeddable":true,"href":"https:\/\/www.unirufa.it\/es\/wp-json\/wp\/v2\/comments?post=45148"}],"version-history":[{"count":8,"href":"https:\/\/www.unirufa.it\/es\/wp-json\/wp\/v2\/pages\/45148\/revisions"}],"predecessor-version":[{"id":45651,"href":"https:\/\/www.unirufa.it\/es\/wp-json\/wp\/v2\/pages\/45148\/revisions\/45651"}],"wp:attachment":[{"href":"https:\/\/www.unirufa.it\/es\/wp-json\/wp\/v2\/media?parent=45148"}],"curies":[{"name":"wp","href":"https:\/\/api.w.org\/{rel}","templated":true}]}}