


{"id":47966,"date":"2021-07-05T11:43:11","date_gmt":"2021-07-05T09:43:11","guid":{"rendered":"https:\/\/www.unirufa.it\/?page_id=47966"},"modified":"2025-10-03T16:11:35","modified_gmt":"2025-10-03T14:11:35","slug":"studiare-a-roma-milano","status":"publish","type":"page","link":"https:\/\/www.unirufa.it\/es\/orientamento\/studiare-a-roma-milano\/","title":{"rendered":"Estudiar en Roma y Mil\u00e1n"},"content":{"rendered":"Estudiar en dos ciudades que simbolizan el arte y la creatividad significa embarcarse en un viaje educativo \u00fanico, donde la tradici\u00f3n y la innovaci\u00f3n se fusionan en escenarios din\u00e1micos e inspiradores. Roma y Mil\u00e1n, aunque distintas en su esencia, ofrecen a los estudiantes un camino enriquecido por un contexto cultural vibrante y numerosas oportunidades de crecimiento personal, art\u00edstico y profesional.<\/p>\n<h4>Roma: La grandeza atemporal de la belleza<\/h4>\n<p>Roma, la capital cultural de Italia, es la ciudad por excelencia para las Bellas Artes. Estudiar aqu\u00ed significa estar rodeado de un pasado glorioso lleno de grandes Maestros, arquitectura antigua y obras inmortales. Es una ciudad que acoge a quienes desean sumergirse en la tradici\u00f3n del cine italiano, viviendo en los lugares que inspiraron a artistas como Pasolini, Federico Fellini, Sergio Leone y Anna Magnani. Al mismo tiempo, Roma es una ciudad metropolitana en constante evoluci\u00f3n, donde el arte, la tecnolog\u00eda y la creatividad se mezclan para ofrecer est\u00edmulos siempre nuevos, ideales para quienes buscan explorar el futuro sin olvidar el pasado. <\/p>\n<h4>Mil\u00e1n: La energ\u00eda creativa de la modernidad<\/h4>\n<p>Mil\u00e1n es el coraz\u00f3n palpitante de la innovaci\u00f3n y el dise\u00f1o italiano, un cruce internacional para quienes buscan inspiraci\u00f3n y aspiran a hacer del arte y la comunicaci\u00f3n visual su profesi\u00f3n. Estudiar en Mil\u00e1n significa vivir en una ciudad donde la modernidad se encuentra con el arte contempor\u00e1neo, desde barrios dedicados a la moda y el dise\u00f1o hasta instituciones culturales de vanguardia. Con su esp\u00edritu cosmopolita y ritmo din\u00e1mico, Mil\u00e1n ofrece a los estudiantes acceso directo a las principales industrias creativas, una oportunidad \u00fanica para construir redes de contactos y experimentar de primera mano la energ\u00eda cultural y profesional de la ciudad. <\/p>\n<h3>Dos ciudades, una experiencia educativa completa<\/h3>\n<div class=\"col-sm-12 col-lg-12\" style=\"padding-left: 0; margin-bottom: 20px;\">\n<div class=\"video-container\"><iframe class=\"responsive-iframe\" src=\"https:\/\/www.youtube-nocookie.com\/embed\/F7sC0VvnoeA\" frameborder=\"0\" allowfullscreen=\"allowfullscreen\"><\/iframe><\/div>\n<\/div>\n<p>&nbsp;<\/p>\n<div class=\"hidden-xs hidden-sm hidden-md hidden-lg hidden-xl\">\n<h3>Convenios para estudiantes: RUFA Card<\/h3>\n<p>Presentando la tarjeta RUFA, podr\u00e1 beneficiarse de diversos descuentos en imprentas, librer\u00edas y tiendas de equipamiento. Pero eso no es todo, los convenios tambi\u00e9n incluyen actividades de ocio: cines, teatros, restaurantes, pernoctaciones y mucho m\u00e1s.<br \/>\n<a id=\"btn-brochurecorsofy\" class=\"download-btn full\" href=\"https:\/\/www.unirufa.it\/wp-content\/uploads\/2024\/07\/20240703154847721_Convenzioni-2023-24.pdf\" target=\"_blank\" rel=\"noopener noreferrer\">Consulte la lista de congresos<\/a><\/div>\n<h3>Vivienda<\/h3>\n<p>Encontrar un hogar en una nueva ciudad puede ser complejo: descubra los importantes descuentos y ventajas que RUFA pone a disposici\u00f3n de sus estudiantes a trav\u00e9s de sus socios. <\/p>\n<p><a id=\"btn-brochurecorsofy\" class=\"download-btn full\" href=\"https:\/\/www.unirufa.it\/housing-2\/\" target=\"_blank\" rel=\"noopener noreferrer\">Descubra todas las soluciones de alojamiento<\/a><\/p>\n<h3>Estudiantes de todo el mundo<\/h3>\n<p>Si eres un estudiante internacional, procedente del extranjero, y deseas estudiar en Roma, RUFA ofrece varios programas internacionales: cursos de diploma acad\u00e9mico en ingl\u00e9s, a\u00f1o de fundaci\u00f3n, intercambios Erasmus y apoyo a trav\u00e9s de oficinas dedicadas.<\/p>\n<p><a id=\"btn-brochurecorsofy\" class=\"download-btn full\" href=\"https:\/\/www.unirufa.it\/studenti-internazionali\/\" target=\"_blank\" rel=\"noopener noreferrer\">Soy un estudiante internacional<\/a><\/p>\n<div class=\"su-image-carousel  su-image-carousel-has-spacing su-image-carousel-adaptive su-image-carousel-slides-style-minimal su-image-carousel-controls-style-light su-image-carousel-align-left\" style=\"\" data-flickity-options='{\"groupCells\":true,\"cellSelector\":\".su-image-carousel-item\",\"adaptiveHeight\":true,\"cellAlign\":\"left\",\"prevNextButtons\":true,\"pageDots\":false,\"autoPlay\":2000,\"imagesLoaded\":true,\"contain\":false,\"selectedAttraction\":0.025,\"friction\":0.28}' id=\"su_image_carousel_69dcdf9a74861\"><div class=\"su-image-carousel-item\"><div class=\"su-image-carousel-item-content\"><img loading=\"lazy\" decoding=\"async\" width=\"1050\" height=\"600\" src=\"https:\/\/www.unirufa.it\/wp-content\/uploads\/2023\/04\/Untitled-1_0002_-WoodNails_workshop_2023_Ferro018.jpg\" class=\"\" alt=\"\" srcset=\"https:\/\/www.unirufa.it\/wp-content\/uploads\/2023\/04\/Untitled-1_0002_-WoodNails_workshop_2023_Ferro018.jpg 1050w, https:\/\/www.unirufa.it\/wp-content\/uploads\/2023\/04\/Untitled-1_0002_-WoodNails_workshop_2023_Ferro018-300x171.jpg 300w, https:\/\/www.unirufa.it\/wp-content\/uploads\/2023\/04\/Untitled-1_0002_-WoodNails_workshop_2023_Ferro018-1024x585.jpg 1024w, https:\/\/www.unirufa.it\/wp-content\/uploads\/2023\/04\/Untitled-1_0002_-WoodNails_workshop_2023_Ferro018-768x439.jpg 768w\" sizes=\"auto, (max-width: 1050px) 100vw, 1050px\" \/><\/div><\/div><div class=\"su-image-carousel-item\"><div class=\"su-image-carousel-item-content\"><img loading=\"lazy\" decoding=\"async\" width=\"1050\" height=\"600\" src=\"https:\/\/www.unirufa.it\/wp-content\/uploads\/2023\/04\/Untitled-1_0003_-WoodNails_workshop_2023_Ferro001.jpg\" class=\"\" alt=\"\" srcset=\"https:\/\/www.unirufa.it\/wp-content\/uploads\/2023\/04\/Untitled-1_0003_-WoodNails_workshop_2023_Ferro001.jpg 1050w, https:\/\/www.unirufa.it\/wp-content\/uploads\/2023\/04\/Untitled-1_0003_-WoodNails_workshop_2023_Ferro001-300x171.jpg 300w, https:\/\/www.unirufa.it\/wp-content\/uploads\/2023\/04\/Untitled-1_0003_-WoodNails_workshop_2023_Ferro001-1024x585.jpg 1024w, https:\/\/www.unirufa.it\/wp-content\/uploads\/2023\/04\/Untitled-1_0003_-WoodNails_workshop_2023_Ferro001-768x439.jpg 768w\" sizes=\"auto, (max-width: 1050px) 100vw, 1050px\" \/><\/div><\/div><div class=\"su-image-carousel-item\"><div class=\"su-image-carousel-item-content\"><img loading=\"lazy\" decoding=\"async\" width=\"1050\" height=\"600\" src=\"https:\/\/www.unirufa.it\/wp-content\/uploads\/2022\/12\/Milano2.jpg\" class=\"\" alt=\"\" srcset=\"https:\/\/www.unirufa.it\/wp-content\/uploads\/2022\/12\/Milano2.jpg 1050w, https:\/\/www.unirufa.it\/wp-content\/uploads\/2022\/12\/Milano2-300x171.jpg 300w, https:\/\/www.unirufa.it\/wp-content\/uploads\/2022\/12\/Milano2-1024x585.jpg 1024w, https:\/\/www.unirufa.it\/wp-content\/uploads\/2022\/12\/Milano2-768x439.jpg 768w\" sizes=\"auto, (max-width: 1050px) 100vw, 1050px\" \/><\/div><\/div><div class=\"su-image-carousel-item\"><div class=\"su-image-carousel-item-content\"><img loading=\"lazy\" decoding=\"async\" width=\"1050\" height=\"600\" src=\"https:\/\/www.unirufa.it\/wp-content\/uploads\/2021\/07\/rufa_orientamento_studiare_a_roma_9.jpg\" class=\"\" alt=\"\" srcset=\"https:\/\/www.unirufa.it\/wp-content\/uploads\/2021\/07\/rufa_orientamento_studiare_a_roma_9.jpg 1050w, https:\/\/www.unirufa.it\/wp-content\/uploads\/2021\/07\/rufa_orientamento_studiare_a_roma_9-300x171.jpg 300w, https:\/\/www.unirufa.it\/wp-content\/uploads\/2021\/07\/rufa_orientamento_studiare_a_roma_9-1024x585.jpg 1024w, https:\/\/www.unirufa.it\/wp-content\/uploads\/2021\/07\/rufa_orientamento_studiare_a_roma_9-768x439.jpg 768w\" sizes=\"auto, (max-width: 1050px) 100vw, 1050px\" \/><\/div><\/div><div class=\"su-image-carousel-item\"><div class=\"su-image-carousel-item-content\"><img loading=\"lazy\" decoding=\"async\" width=\"1050\" height=\"600\" src=\"https:\/\/www.unirufa.it\/wp-content\/uploads\/2021\/07\/rufa_orientamento_studiare_a_roma_2.jpg\" class=\"\" alt=\"\" srcset=\"https:\/\/www.unirufa.it\/wp-content\/uploads\/2021\/07\/rufa_orientamento_studiare_a_roma_2.jpg 1050w, https:\/\/www.unirufa.it\/wp-content\/uploads\/2021\/07\/rufa_orientamento_studiare_a_roma_2-300x171.jpg 300w, https:\/\/www.unirufa.it\/wp-content\/uploads\/2021\/07\/rufa_orientamento_studiare_a_roma_2-1024x585.jpg 1024w, https:\/\/www.unirufa.it\/wp-content\/uploads\/2021\/07\/rufa_orientamento_studiare_a_roma_2-768x439.jpg 768w\" sizes=\"auto, (max-width: 1050px) 100vw, 1050px\" \/><\/div><\/div><div class=\"su-image-carousel-item\"><div class=\"su-image-carousel-item-content\"><img loading=\"lazy\" decoding=\"async\" width=\"1050\" height=\"600\" src=\"https:\/\/www.unirufa.it\/wp-content\/uploads\/2021\/07\/rufa_orientamento_studiare_a_roma_8.jpg\" class=\"\" alt=\"\" srcset=\"https:\/\/www.unirufa.it\/wp-content\/uploads\/2021\/07\/rufa_orientamento_studiare_a_roma_8.jpg 1050w, https:\/\/www.unirufa.it\/wp-content\/uploads\/2021\/07\/rufa_orientamento_studiare_a_roma_8-300x171.jpg 300w, https:\/\/www.unirufa.it\/wp-content\/uploads\/2021\/07\/rufa_orientamento_studiare_a_roma_8-1024x585.jpg 1024w, https:\/\/www.unirufa.it\/wp-content\/uploads\/2021\/07\/rufa_orientamento_studiare_a_roma_8-768x439.jpg 768w\" sizes=\"auto, (max-width: 1050px) 100vw, 1050px\" \/><\/div><\/div><div class=\"su-image-carousel-item\"><div class=\"su-image-carousel-item-content\"><img loading=\"lazy\" decoding=\"async\" width=\"1050\" height=\"600\" src=\"https:\/\/www.unirufa.it\/wp-content\/uploads\/2021\/07\/rufa_orientamento_studiare_a_roma_7.jpg\" class=\"\" alt=\"\" srcset=\"https:\/\/www.unirufa.it\/wp-content\/uploads\/2021\/07\/rufa_orientamento_studiare_a_roma_7.jpg 1050w, https:\/\/www.unirufa.it\/wp-content\/uploads\/2021\/07\/rufa_orientamento_studiare_a_roma_7-300x171.jpg 300w, https:\/\/www.unirufa.it\/wp-content\/uploads\/2021\/07\/rufa_orientamento_studiare_a_roma_7-1024x585.jpg 1024w, https:\/\/www.unirufa.it\/wp-content\/uploads\/2021\/07\/rufa_orientamento_studiare_a_roma_7-768x439.jpg 768w\" sizes=\"auto, (max-width: 1050px) 100vw, 1050px\" \/><\/div><\/div><div class=\"su-image-carousel-item\"><div class=\"su-image-carousel-item-content\"><img loading=\"lazy\" decoding=\"async\" width=\"1050\" height=\"600\" src=\"https:\/\/www.unirufa.it\/wp-content\/uploads\/2021\/07\/rufa_orientamento_studiare_a_roma_3.jpg\" class=\"\" alt=\"\" srcset=\"https:\/\/www.unirufa.it\/wp-content\/uploads\/2021\/07\/rufa_orientamento_studiare_a_roma_3.jpg 1050w, https:\/\/www.unirufa.it\/wp-content\/uploads\/2021\/07\/rufa_orientamento_studiare_a_roma_3-300x171.jpg 300w, https:\/\/www.unirufa.it\/wp-content\/uploads\/2021\/07\/rufa_orientamento_studiare_a_roma_3-1024x585.jpg 1024w, https:\/\/www.unirufa.it\/wp-content\/uploads\/2021\/07\/rufa_orientamento_studiare_a_roma_3-768x439.jpg 768w\" sizes=\"auto, (max-width: 1050px) 100vw, 1050px\" \/><\/div><\/div><div class=\"su-image-carousel-item\"><div class=\"su-image-carousel-item-content\"><img loading=\"lazy\" decoding=\"async\" width=\"1050\" height=\"600\" src=\"https:\/\/www.unirufa.it\/wp-content\/uploads\/2021\/07\/rufa_orientamento_studiare_a_roma_6.jpg\" class=\"\" alt=\"\" srcset=\"https:\/\/www.unirufa.it\/wp-content\/uploads\/2021\/07\/rufa_orientamento_studiare_a_roma_6.jpg 1050w, https:\/\/www.unirufa.it\/wp-content\/uploads\/2021\/07\/rufa_orientamento_studiare_a_roma_6-300x171.jpg 300w, https:\/\/www.unirufa.it\/wp-content\/uploads\/2021\/07\/rufa_orientamento_studiare_a_roma_6-1024x585.jpg 1024w, https:\/\/www.unirufa.it\/wp-content\/uploads\/2021\/07\/rufa_orientamento_studiare_a_roma_6-768x439.jpg 768w\" sizes=\"auto, (max-width: 1050px) 100vw, 1050px\" \/><\/div><\/div><div class=\"su-image-carousel-item\"><div class=\"su-image-carousel-item-content\"><img loading=\"lazy\" decoding=\"async\" width=\"1050\" height=\"600\" src=\"https:\/\/www.unirufa.it\/wp-content\/uploads\/2021\/07\/rufa_orientamento_studiare_a_roma_5.jpg\" class=\"\" alt=\"\" srcset=\"https:\/\/www.unirufa.it\/wp-content\/uploads\/2021\/07\/rufa_orientamento_studiare_a_roma_5.jpg 1050w, https:\/\/www.unirufa.it\/wp-content\/uploads\/2021\/07\/rufa_orientamento_studiare_a_roma_5-300x171.jpg 300w, https:\/\/www.unirufa.it\/wp-content\/uploads\/2021\/07\/rufa_orientamento_studiare_a_roma_5-1024x585.jpg 1024w, https:\/\/www.unirufa.it\/wp-content\/uploads\/2021\/07\/rufa_orientamento_studiare_a_roma_5-768x439.jpg 768w\" sizes=\"auto, (max-width: 1050px) 100vw, 1050px\" \/><\/div><\/div><div class=\"su-image-carousel-item\"><div class=\"su-image-carousel-item-content\"><img loading=\"lazy\" decoding=\"async\" width=\"1050\" height=\"600\" src=\"https:\/\/www.unirufa.it\/wp-content\/uploads\/2021\/07\/rufa_orientamento_studiare_a_roma_4.jpg\" class=\"\" alt=\"\" srcset=\"https:\/\/www.unirufa.it\/wp-content\/uploads\/2021\/07\/rufa_orientamento_studiare_a_roma_4.jpg 1050w, https:\/\/www.unirufa.it\/wp-content\/uploads\/2021\/07\/rufa_orientamento_studiare_a_roma_4-300x171.jpg 300w, https:\/\/www.unirufa.it\/wp-content\/uploads\/2021\/07\/rufa_orientamento_studiare_a_roma_4-1024x585.jpg 1024w, https:\/\/www.unirufa.it\/wp-content\/uploads\/2021\/07\/rufa_orientamento_studiare_a_roma_4-768x439.jpg 768w\" sizes=\"auto, (max-width: 1050px) 100vw, 1050px\" \/><\/div><\/div><div class=\"su-image-carousel-item\"><div class=\"su-image-carousel-item-content\"><img loading=\"lazy\" decoding=\"async\" width=\"1050\" height=\"600\" src=\"https:\/\/www.unirufa.it\/wp-content\/uploads\/2021\/07\/rufa_orientamento_studiare_a_roma_1.jpg\" class=\"\" alt=\"\" srcset=\"https:\/\/www.unirufa.it\/wp-content\/uploads\/2021\/07\/rufa_orientamento_studiare_a_roma_1.jpg 1050w, https:\/\/www.unirufa.it\/wp-content\/uploads\/2021\/07\/rufa_orientamento_studiare_a_roma_1-300x171.jpg 300w, https:\/\/www.unirufa.it\/wp-content\/uploads\/2021\/07\/rufa_orientamento_studiare_a_roma_1-1024x585.jpg 1024w, https:\/\/www.unirufa.it\/wp-content\/uploads\/2021\/07\/rufa_orientamento_studiare_a_roma_1-768x439.jpg 768w\" sizes=\"auto, (max-width: 1050px) 100vw, 1050px\" \/><\/div><\/div><\/div><script id=\"su_image_carousel_69dcdf9a74861_script\">if(window.SUImageCarousel){setTimeout(function() {window.SUImageCarousel.initGallery(document.getElementById(\"su_image_carousel_69dcdf9a74861\"))}, 0);}var su_image_carousel_69dcdf9a74861_script=document.getElementById(\"su_image_carousel_69dcdf9a74861_script\");if(su_image_carousel_69dcdf9a74861_script){su_image_carousel_69dcdf9a74861_script.parentNode.removeChild(su_image_carousel_69dcdf9a74861_script);}<\/script>\n&nbsp;","protected":false},"excerpt":{"rendered":"<p>Estudiar en dos ciudades que simbolizan el arte y la creatividad significa embarcarse en un viaje educativo \u00fanico, donde la tradici\u00f3n y la innovaci\u00f3n se fusionan en escenarios din\u00e1micos e inspiradores. Roma y Mil\u00e1n, aunque distintas en su esencia, ofrecen a los estudiantes un camino enriquecido por un contexto cultural vibrante y numerosas oportunidades de&#8230;<\/p>\n","protected":false},"author":22,"featured_media":0,"parent":48672,"menu_order":0,"comment_status":"closed","ping_status":"closed","template":"","meta":{"content-type":"","footnotes":""},"class_list":["post-47966","page","type-page","status-publish","hentry"],"yoast_head":"<!-- This site is optimized with the Yoast SEO plugin v24.2 - https:\/\/yoast.com\/wordpress\/plugins\/seo\/ -->\n<title>Studiare Arte all&#039;Accademia di Roma - RUFA Rome University of Fine Arts<\/title>\n<meta name=\"description\" content=\"Frequentare l\u2019universit\u00e0 a Roma significa permettono allo studente di formarsi umanamente, artisticamente e professionalmente.\" \/>\n<meta name=\"robots\" content=\"index, follow, max-snippet:-1, max-image-preview:large, max-video-preview:-1\" \/>\n<link rel=\"canonical\" href=\"https:\/\/www.unirufa.it\/orientamento\/studiare-a-roma-milano\/\" \/>\n<meta property=\"og:locale\" content=\"es_ES\" \/>\n<meta property=\"og:type\" content=\"article\" \/>\n<meta property=\"og:title\" content=\"[:it]Studiare Arte all&#039;Accademia di Roma - RUFA Rome University of Fine Arts[:]\" \/>\n<meta property=\"og:description\" content=\"{:it}Frequentare l\u2019universit\u00e0 a Roma significa permettono allo studente di formarsi umanamente, artisticamente e professionalmente.{:}\" \/>\n<meta property=\"og:url\" content=\"https:\/\/www.unirufa.it\/orientamento\/studiare-a-roma-milano\/\" \/>\n<meta property=\"og:site_name\" content=\"RUFA - Rome University of Fine Arts\" \/>\n<meta property=\"article:modified_time\" content=\"2025-10-03T14:11:35+00:00\" \/>\n<meta property=\"og:image\" content=\"https:\/\/www.unirufa.it\/wp-content\/uploads\/2017\/11\/logo-rufa-2016.png\" \/>\n\t<meta property=\"og:image:width\" content=\"230\" \/>\n\t<meta property=\"og:image:height\" content=\"149\" \/>\n\t<meta property=\"og:image:type\" content=\"image\/png\" \/>\n<meta name=\"twitter:label1\" content=\"Tiempo de lectura\" \/>\n\t<meta name=\"twitter:data1\" content=\"7 minutos\" \/>\n<script type=\"application\/ld+json\" class=\"yoast-schema-graph\">{\"@context\":\"https:\/\/schema.org\",\"@graph\":[{\"@type\":\"WebPage\",\"@id\":\"https:\/\/www.unirufa.it\/orientamento\/studiare-a-roma-milano\/\",\"url\":\"https:\/\/www.unirufa.it\/orientamento\/studiare-a-roma-milano\/\",\"name\":\"[:it]Studiare Arte all'Accademia di Roma - RUFA Rome University of Fine Arts[:]\",\"isPartOf\":{\"@id\":\"https:\/\/www.unirufa.it\/#website\"},\"datePublished\":\"2021-07-05T09:43:11+00:00\",\"dateModified\":\"2025-10-03T14:11:35+00:00\",\"description\":\"{:it}Frequentare l\u2019universit\u00e0 a Roma significa permettono allo studente di formarsi umanamente, artisticamente e professionalmente.{:}\",\"breadcrumb\":{\"@id\":\"https:\/\/www.unirufa.it\/orientamento\/studiare-a-roma-milano\/#breadcrumb\"},\"inLanguage\":\"es\",\"potentialAction\":[{\"@type\":\"ReadAction\",\"target\":[\"https:\/\/www.unirufa.it\/orientamento\/studiare-a-roma-milano\/\"]}]},{\"@type\":\"BreadcrumbList\",\"@id\":\"https:\/\/www.unirufa.it\/orientamento\/studiare-a-roma-milano\/#breadcrumb\",\"itemListElement\":[{\"@type\":\"ListItem\",\"position\":1,\"name\":\"Home\",\"item\":\"https:\/\/www.unirufa.it\/\"},{\"@type\":\"ListItem\",\"position\":2,\"name\":\"Orientamento\",\"item\":\"https:\/\/www.unirufa.it\/orientamento\/\"},{\"@type\":\"ListItem\",\"position\":3,\"name\":\"Studiare a Roma e Milano\"}]},{\"@type\":\"WebSite\",\"@id\":\"https:\/\/www.unirufa.it\/#website\",\"url\":\"https:\/\/www.unirufa.it\/\",\"name\":\"RUFA - Rome University of Fine Arts\",\"description\":\"\",\"potentialAction\":[{\"@type\":\"SearchAction\",\"target\":{\"@type\":\"EntryPoint\",\"urlTemplate\":\"https:\/\/www.unirufa.it\/?s={search_term_string}\"},\"query-input\":{\"@type\":\"PropertyValueSpecification\",\"valueRequired\":true,\"valueName\":\"search_term_string\"}}],\"inLanguage\":\"es\"}]}<\/script>\n<!-- \/ Yoast SEO plugin. -->","yoast_head_json":{"title":"Studiare Arte all'Accademia di Roma - RUFA Rome University of Fine Arts","description":"Frequentare l\u2019universit\u00e0 a Roma significa permettono allo studente di formarsi umanamente, artisticamente e professionalmente.","robots":{"index":"index","follow":"follow","max-snippet":"max-snippet:-1","max-image-preview":"max-image-preview:large","max-video-preview":"max-video-preview:-1"},"canonical":"https:\/\/www.unirufa.it\/orientamento\/studiare-a-roma-milano\/","og_locale":"es_ES","og_type":"article","og_title":"[:it]Studiare Arte all'Accademia di Roma - RUFA Rome University of Fine Arts[:]","og_description":"{:it}Frequentare l\u2019universit\u00e0 a Roma significa permettono allo studente di formarsi umanamente, artisticamente e professionalmente.{:}","og_url":"https:\/\/www.unirufa.it\/orientamento\/studiare-a-roma-milano\/","og_site_name":"RUFA - Rome University of Fine Arts","article_modified_time":"2025-10-03T14:11:35+00:00","og_image":[{"width":230,"height":149,"url":"https:\/\/www.unirufa.it\/wp-content\/uploads\/2017\/11\/logo-rufa-2016.png","type":"image\/png"}],"twitter_misc":{"Tiempo de lectura":"7 minutos"},"schema":{"@context":"https:\/\/schema.org","@graph":[{"@type":"WebPage","@id":"https:\/\/www.unirufa.it\/orientamento\/studiare-a-roma-milano\/","url":"https:\/\/www.unirufa.it\/orientamento\/studiare-a-roma-milano\/","name":"[:it]Studiare Arte all'Accademia di Roma - RUFA Rome University of Fine Arts[:]","isPartOf":{"@id":"https:\/\/www.unirufa.it\/#website"},"datePublished":"2021-07-05T09:43:11+00:00","dateModified":"2025-10-03T14:11:35+00:00","description":"{:it}Frequentare l\u2019universit\u00e0 a Roma significa permettono allo studente di formarsi umanamente, artisticamente e professionalmente.{:}","breadcrumb":{"@id":"https:\/\/www.unirufa.it\/orientamento\/studiare-a-roma-milano\/#breadcrumb"},"inLanguage":"es","potentialAction":[{"@type":"ReadAction","target":["https:\/\/www.unirufa.it\/orientamento\/studiare-a-roma-milano\/"]}]},{"@type":"BreadcrumbList","@id":"https:\/\/www.unirufa.it\/orientamento\/studiare-a-roma-milano\/#breadcrumb","itemListElement":[{"@type":"ListItem","position":1,"name":"Home","item":"https:\/\/www.unirufa.it\/"},{"@type":"ListItem","position":2,"name":"Orientamento","item":"https:\/\/www.unirufa.it\/orientamento\/"},{"@type":"ListItem","position":3,"name":"Studiare a Roma e Milano"}]},{"@type":"WebSite","@id":"https:\/\/www.unirufa.it\/#website","url":"https:\/\/www.unirufa.it\/","name":"RUFA - Rome University of Fine Arts","description":"","potentialAction":[{"@type":"SearchAction","target":{"@type":"EntryPoint","urlTemplate":"https:\/\/www.unirufa.it\/?s={search_term_string}"},"query-input":{"@type":"PropertyValueSpecification","valueRequired":true,"valueName":"search_term_string"}}],"inLanguage":"es"}]}},"_links":{"self":[{"href":"https:\/\/www.unirufa.it\/es\/wp-json\/wp\/v2\/pages\/47966","targetHints":{"allow":["GET"]}}],"collection":[{"href":"https:\/\/www.unirufa.it\/es\/wp-json\/wp\/v2\/pages"}],"about":[{"href":"https:\/\/www.unirufa.it\/es\/wp-json\/wp\/v2\/types\/page"}],"author":[{"embeddable":true,"href":"https:\/\/www.unirufa.it\/es\/wp-json\/wp\/v2\/users\/22"}],"replies":[{"embeddable":true,"href":"https:\/\/www.unirufa.it\/es\/wp-json\/wp\/v2\/comments?post=47966"}],"version-history":[{"count":59,"href":"https:\/\/www.unirufa.it\/es\/wp-json\/wp\/v2\/pages\/47966\/revisions"}],"predecessor-version":[{"id":148376,"href":"https:\/\/www.unirufa.it\/es\/wp-json\/wp\/v2\/pages\/47966\/revisions\/148376"}],"up":[{"embeddable":true,"href":"https:\/\/www.unirufa.it\/es\/wp-json\/wp\/v2\/pages\/48672"}],"wp:attachment":[{"href":"https:\/\/www.unirufa.it\/es\/wp-json\/wp\/v2\/media?parent=47966"}],"curies":[{"name":"wp","href":"https:\/\/api.w.org\/{rel}","templated":true}]}}