


{"id":50083,"date":"2021-08-04T16:30:26","date_gmt":"2021-08-04T14:30:26","guid":{"rendered":"https:\/\/www.unirufa.it\/?page_id=50083"},"modified":"2021-10-04T15:53:24","modified_gmt":"2021-10-04T13:53:24","slug":"sitemap","status":"publish","type":"page","link":"https:\/\/www.unirufa.it\/es\/sitemap\/","title":{"rendered":"Sitemap"},"content":{"rendered":"<ul style=\"padding-left: 0\">\n<li style=\"list-style: none\" class=\"sitemap-item page_item page-item-1253 page_item_has_children\"><a href=\"https:\/\/www.unirufa.it\/offerta-formativa\/\"><br \/>\n<h3>Oferta de formaci\u00f3n<\/h3>\n<p><\/a><\/p>\n<ul class=\"children\">\n<\/p>\n<li class=\"sitemap-item page_item page-item-1053 page_item_has_children\"><a href=\"https:\/\/www.unirufa.it\/offerta-formativa\/corso-i-livello\/\"><strong>CURSOS ACAD\u00c9MICOS DE PRIMER NIVEL<\/strong><\/a>\n<ul class=\"children\">\n<li class=\"sitemap-item page_item page-item-1054\"><a href=\"https:\/\/www.unirufa.it\/offerta-formativa\/corso-i-livello\/graphic-design\/\">Graphic Design<\/a><\/li>\n<li class=\"sitemap-item page_item page-item-15790\"><a href=\"https:\/\/www.unirufa.it\/offerta-formativa\/corso-i-livello\/comics-and-illustration\/\">Comics and Illustration<\/a><\/li>\n<li class=\"sitemap-item page_item page-item-1057\"><a href=\"https:\/\/www.unirufa.it\/offerta-formativa\/corso-i-livello\/design\/\">Design<\/a><\/li>\n<li class=\"sitemap-item page_item page-item-1061\"><a href=\"https:\/\/www.unirufa.it\/offerta-formativa\/corso-i-livello\/cinema\/\">Cine<\/a><\/li>\n<li class=\"sitemap-item page_item page-item-1065\"><a href=\"https:\/\/www.unirufa.it\/offerta-formativa\/corso-i-livello\/fotografia\/\">Fotograf\u00eda y audiovisual<\/a><\/li>\n<li class=\"sitemap-item page_item page-item-1068\"><a href=\"https:\/\/www.unirufa.it\/offerta-formativa\/corso-i-livello\/scenografia\/\">Escenograf\u00eda<\/a><\/li>\n<li class=\"sitemap-item page_item page-item-1073\"><a href=\"https:\/\/www.unirufa.it\/offerta-formativa\/corso-i-livello\/pittura\/\">Pintura<\/a><\/li>\n<li class=\"sitemap-item page_item page-item-1076\"><a href=\"https:\/\/www.unirufa.it\/offerta-formativa\/corso-i-livello\/scultura\/\">Escultura e instalaciones<\/a><\/li>\n<\/ul>\n<\/li>\n<p><\/p>\n<li class=\"sitemap-item page_item page-item-1104 page_item_has_children\"><a href=\"https:\/\/www.unirufa.it\/offerta-formativa\/corsi-ii-livello\/\"><strong>CURSOS ACAD\u00c9MICOS DE SEGUNDO NIVEL<\/strong><\/a>\n<ul class=\"children\">\n<li class=\"sitemap-item page_item page-item-26204\"><a href=\"https:\/\/www.unirufa.it\/offerta-formativa\/corsi-ii-livello\/fine-arts\/\">Fine Arts<\/a><\/li>\n<li class=\"sitemap-item page_item page-item-1109\"><a href=\"https:\/\/www.unirufa.it\/offerta-formativa\/corsi-ii-livello\/visual-and-innovation-design\/\">Visual and Innovation Design<\/a><\/li>\n<li class=\"sitemap-item page_item page-item-837\"><a href=\"https:\/\/www.unirufa.it\/offerta-formativa\/corsi-ii-livello\/computer-animation-and-special-effects\/\">Computer animation and Visual effects<\/a><\/li>\n<li class=\"sitemap-item page_item page-item-1105\"><a href=\"https:\/\/www.unirufa.it\/offerta-formativa\/corsi-ii-livello\/tecnologie-e-progettazione-dello-spazio-multimediale\/\">Multimedia Arts and Design<\/a><\/li>\n<li class=\"sitemap-item page_item page-item-839\"><a href=\"https:\/\/www.unirufa.it\/offerta-formativa\/corsi-ii-livello\/film-arts\/\">Artes Cinematogr\u00e1ficas<\/a><\/li>\n<li class=\"sitemap-item page_item page-item-1237\"><a href=\"https:\/\/www.unirufa.it\/offerta-formativa\/corsi-ii-livello\/scenografia\/\">Escenograf\u00eda<\/a><\/li>\n<\/ul>\n<\/li>\n<p><\/p>\n<li class=\"sitemap-item page_item page-item-1257\"><a href=\"https:\/\/www.unirufa.it\/offerta-formativa\/master\/\"><strong>CURSOS DE DESARROLLO PROFESIONAL<\/strong><\/a><\/li>\n<p><\/p>\n<li class=\"sitemap-item page_item page-item-8567 page_item_has_children\"><a href=\"https:\/\/www.unirufa.it\/offerta-formativa\/corsi-alta-formazione\/\"><strong>CURSOS DE FORMACI\u00d3N AVANZADA<\/strong><\/a>\n<ul class=\"children\">\n<li class=\"sitemap-item page_item page-item-14646\"><a href=\"https:\/\/www.unirufa.it\/offerta-formativa\/corsi-alta-formazione\/tipo-grafica-1-conoscenza-coscienza-tipografica\/\">Tipo-gr\u00e1fica 1<\/a><\/li>\n<li class=\"sitemap-item page_item page-item-8574\"><a href=\"https:\/\/www.unirufa.it\/offerta-formativa\/corsi-alta-formazione\/corporate-type-design\/\">Corporate type design 1<\/a><\/li>\n<\/ul>\n<\/li>\n<p><\/p>\n<li class=\"sitemap-item page_item page-item-19356\"><a href=\"https:\/\/www.unirufa.it\/offerta-formativa\/foundation-year\/\"><strong>FOUNDATION YEAR<\/strong><\/a><\/li>\n<p><\/p>\n<li class=\"sitemap-item page_item page-item-1262\"><a href=\"https:\/\/www.unirufa.it\/offerta-formativa\/corsi-brevi\/\"><strong>CURSOS BREVES<\/strong><\/a><\/li>\n<p><\/p>\n<li class=\"sitemap-item page_item page-item-9416\"><a href=\"https:\/\/www.unirufa.it\/offerta-formativa\/workshop-talk\/\"><strong>WORKSHOP &amp; TALKS<\/strong><\/a><\/li>\n<p><\/p>\n<li class=\"sitemap-item page_item page-item-1263\"><a href=\"https:\/\/www.unirufa.it\/offerta-formativa\/summer-academy\/\"><strong>SUMMER ACADEMY<\/strong><\/a><\/li>\n<\/ul>\n<\/li>\n<\/ul>\n<p>&nbsp;","protected":false},"excerpt":{"rendered":"<p>Oferta de formaci\u00f3n CURSOS ACAD\u00c9MICOS DE PRIMER NIVEL Graphic Design Comics and Illustration Design Cine Fotograf\u00eda y audiovisual Escenograf\u00eda Pintura Escultura e instalaciones CURSOS ACAD\u00c9MICOS DE SEGUNDO NIVEL Fine Arts Visual and Innovation Design Computer animation and Visual effects Multimedia Arts and Design Artes Cinematogr\u00e1ficas Escenograf\u00eda CURSOS DE DESARROLLO PROFESIONAL CURSOS DE FORMACI\u00d3N AVANZADA Tipo-gr\u00e1fica&#8230;<\/p>\n","protected":false},"author":9,"featured_media":0,"parent":0,"menu_order":0,"comment_status":"closed","ping_status":"closed","template":"page_sitemap.php","meta":{"content-type":"","footnotes":""},"class_list":["post-50083","page","type-page","status-publish","hentry"],"yoast_head":"<!-- This site is optimized with the Yoast SEO plugin v24.2 - https:\/\/yoast.com\/wordpress\/plugins\/seo\/ -->\n<title>Sitemap - RUFA - Rome University of Fine Arts<\/title>\n<meta name=\"robots\" content=\"index, follow, max-snippet:-1, max-image-preview:large, max-video-preview:-1\" \/>\n<link rel=\"canonical\" href=\"https:\/\/www.unirufa.it\/sitemap\/\" \/>\n<meta property=\"og:locale\" content=\"es_ES\" \/>\n<meta property=\"og:type\" content=\"article\" \/>\n<meta property=\"og:title\" content=\"Sitemap - RUFA - Rome University of Fine Arts\" \/>\n<meta property=\"og:description\" content=\"Oferta de formaci\u00f3n CURSOS ACAD\u00c9MICOS DE PRIMER NIVEL Graphic Design Comics and Illustration Design Cine Fotograf\u00eda y audiovisual Escenograf\u00eda Pintura Escultura e instalaciones CURSOS ACAD\u00c9MICOS DE SEGUNDO NIVEL Fine Arts Visual and Innovation Design Computer animation and Visual effects Multimedia Arts and Design Artes Cinematogr\u00e1ficas Escenograf\u00eda CURSOS DE DESARROLLO PROFESIONAL CURSOS DE FORMACI\u00d3N AVANZADA Tipo-gr\u00e1fica...\" \/>\n<meta property=\"og:url\" content=\"https:\/\/www.unirufa.it\/sitemap\/\" \/>\n<meta property=\"og:site_name\" content=\"RUFA - Rome University of Fine Arts\" \/>\n<meta property=\"article:modified_time\" content=\"2021-10-04T13:53:24+00:00\" \/>\n<meta property=\"og:image\" content=\"https:\/\/www.unirufa.it\/wp-content\/uploads\/2017\/11\/logo-rufa-2016.png\" \/>\n\t<meta property=\"og:image:width\" content=\"230\" \/>\n\t<meta property=\"og:image:height\" content=\"149\" \/>\n\t<meta property=\"og:image:type\" content=\"image\/png\" \/>\n<meta name=\"twitter:label1\" content=\"Tiempo de lectura\" \/>\n\t<meta name=\"twitter:data1\" content=\"1 minuto\" \/>\n<script type=\"application\/ld+json\" class=\"yoast-schema-graph\">{\"@context\":\"https:\/\/schema.org\",\"@graph\":[{\"@type\":\"WebPage\",\"@id\":\"https:\/\/www.unirufa.it\/sitemap\/\",\"url\":\"https:\/\/www.unirufa.it\/sitemap\/\",\"name\":\"Sitemap - RUFA - Rome University of Fine Arts\",\"isPartOf\":{\"@id\":\"https:\/\/www.unirufa.it\/#website\"},\"datePublished\":\"2021-08-04T14:30:26+00:00\",\"dateModified\":\"2021-10-04T13:53:24+00:00\",\"breadcrumb\":{\"@id\":\"https:\/\/www.unirufa.it\/sitemap\/#breadcrumb\"},\"inLanguage\":\"es\",\"potentialAction\":[{\"@type\":\"ReadAction\",\"target\":[\"https:\/\/www.unirufa.it\/sitemap\/\"]}]},{\"@type\":\"BreadcrumbList\",\"@id\":\"https:\/\/www.unirufa.it\/sitemap\/#breadcrumb\",\"itemListElement\":[{\"@type\":\"ListItem\",\"position\":1,\"name\":\"Home\",\"item\":\"https:\/\/www.unirufa.it\/\"},{\"@type\":\"ListItem\",\"position\":2,\"name\":\"Sitemap\"}]},{\"@type\":\"WebSite\",\"@id\":\"https:\/\/www.unirufa.it\/#website\",\"url\":\"https:\/\/www.unirufa.it\/\",\"name\":\"RUFA - Rome University of Fine Arts\",\"description\":\"\",\"potentialAction\":[{\"@type\":\"SearchAction\",\"target\":{\"@type\":\"EntryPoint\",\"urlTemplate\":\"https:\/\/www.unirufa.it\/?s={search_term_string}\"},\"query-input\":{\"@type\":\"PropertyValueSpecification\",\"valueRequired\":true,\"valueName\":\"search_term_string\"}}],\"inLanguage\":\"es\"}]}<\/script>\n<!-- \/ Yoast SEO plugin. -->","yoast_head_json":{"title":"Sitemap - RUFA - Rome University of Fine Arts","robots":{"index":"index","follow":"follow","max-snippet":"max-snippet:-1","max-image-preview":"max-image-preview:large","max-video-preview":"max-video-preview:-1"},"canonical":"https:\/\/www.unirufa.it\/sitemap\/","og_locale":"es_ES","og_type":"article","og_title":"Sitemap - RUFA - Rome University of Fine Arts","og_description":"Oferta de formaci\u00f3n CURSOS ACAD\u00c9MICOS DE PRIMER NIVEL Graphic Design Comics and Illustration Design Cine Fotograf\u00eda y audiovisual Escenograf\u00eda Pintura Escultura e instalaciones CURSOS ACAD\u00c9MICOS DE SEGUNDO NIVEL Fine Arts Visual and Innovation Design Computer animation and Visual effects Multimedia Arts and Design Artes Cinematogr\u00e1ficas Escenograf\u00eda CURSOS DE DESARROLLO PROFESIONAL CURSOS DE FORMACI\u00d3N AVANZADA Tipo-gr\u00e1fica...","og_url":"https:\/\/www.unirufa.it\/sitemap\/","og_site_name":"RUFA - Rome University of Fine Arts","article_modified_time":"2021-10-04T13:53:24+00:00","og_image":[{"width":230,"height":149,"url":"https:\/\/www.unirufa.it\/wp-content\/uploads\/2017\/11\/logo-rufa-2016.png","type":"image\/png"}],"twitter_misc":{"Tiempo de lectura":"1 minuto"},"schema":{"@context":"https:\/\/schema.org","@graph":[{"@type":"WebPage","@id":"https:\/\/www.unirufa.it\/sitemap\/","url":"https:\/\/www.unirufa.it\/sitemap\/","name":"Sitemap - RUFA - Rome University of Fine Arts","isPartOf":{"@id":"https:\/\/www.unirufa.it\/#website"},"datePublished":"2021-08-04T14:30:26+00:00","dateModified":"2021-10-04T13:53:24+00:00","breadcrumb":{"@id":"https:\/\/www.unirufa.it\/sitemap\/#breadcrumb"},"inLanguage":"es","potentialAction":[{"@type":"ReadAction","target":["https:\/\/www.unirufa.it\/sitemap\/"]}]},{"@type":"BreadcrumbList","@id":"https:\/\/www.unirufa.it\/sitemap\/#breadcrumb","itemListElement":[{"@type":"ListItem","position":1,"name":"Home","item":"https:\/\/www.unirufa.it\/"},{"@type":"ListItem","position":2,"name":"Sitemap"}]},{"@type":"WebSite","@id":"https:\/\/www.unirufa.it\/#website","url":"https:\/\/www.unirufa.it\/","name":"RUFA - Rome University of Fine Arts","description":"","potentialAction":[{"@type":"SearchAction","target":{"@type":"EntryPoint","urlTemplate":"https:\/\/www.unirufa.it\/?s={search_term_string}"},"query-input":{"@type":"PropertyValueSpecification","valueRequired":true,"valueName":"search_term_string"}}],"inLanguage":"es"}]}},"_links":{"self":[{"href":"https:\/\/www.unirufa.it\/es\/wp-json\/wp\/v2\/pages\/50083","targetHints":{"allow":["GET"]}}],"collection":[{"href":"https:\/\/www.unirufa.it\/es\/wp-json\/wp\/v2\/pages"}],"about":[{"href":"https:\/\/www.unirufa.it\/es\/wp-json\/wp\/v2\/types\/page"}],"author":[{"embeddable":true,"href":"https:\/\/www.unirufa.it\/es\/wp-json\/wp\/v2\/users\/9"}],"replies":[{"embeddable":true,"href":"https:\/\/www.unirufa.it\/es\/wp-json\/wp\/v2\/comments?post=50083"}],"version-history":[{"count":16,"href":"https:\/\/www.unirufa.it\/es\/wp-json\/wp\/v2\/pages\/50083\/revisions"}],"predecessor-version":[{"id":53289,"href":"https:\/\/www.unirufa.it\/es\/wp-json\/wp\/v2\/pages\/50083\/revisions\/53289"}],"wp:attachment":[{"href":"https:\/\/www.unirufa.it\/es\/wp-json\/wp\/v2\/media?parent=50083"}],"curies":[{"name":"wp","href":"https:\/\/api.w.org\/{rel}","templated":true}]}}