


{"id":55602,"date":"2021-11-10T15:48:41","date_gmt":"2021-11-10T14:48:41","guid":{"rendered":"https:\/\/www.unirufa.it\/?page_id=55602"},"modified":"2026-03-25T22:34:57","modified_gmt":"2026-03-25T21:34:57","slug":"prenota-un-incontro","status":"publish","type":"page","link":"https:\/\/www.unirufa.it\/es\/prenota-un-incontro\/","title":{"rendered":"Concierte una reuni\u00f3n"},"content":{"rendered":"<div class>\n<h4>Si tienes preguntas o curiosidades sobre el mundo de RUFA, nuestro equipo de orientaci\u00f3n est\u00e1 aqu\u00ed para ti todo el a\u00f1o, listo para responder a todas tus preguntas.<\/h4>\n<p>Reserva una cita, en persona o en l\u00ednea, para descubrir todo lo que RUFA tiene para ofrecer. Podr\u00e1s obtener informaci\u00f3n detallada, visitar nuestros campus en Roma y Mil\u00e1n, y aclarar cualquier duda que tengas.<br \/>\nSi deseas conocer mejor la Academia y los cursos ofrecidos, as\u00ed como explorar nuestras instalaciones en Roma y Mil\u00e1n, puedes reservar una reuni\u00f3n de aproximadamente una hora, disponible de lunes a viernes, de 9:00 a 16:30, en todas nuestras sedes. Las citas pueden realizarse de forma digital o presencial, seg\u00fan tus preferencias.<\/p>\n<h3>\u00a1Completa el formulario y reserva una reuni\u00f3n con nuestro equipo!<\/h3>\n\n\t\t\t\t\t<script>\n\t\t\t\t\t\twindow.hsFormsOnReady = window.hsFormsOnReady || [];\n\t\t\t\t\t\twindow.hsFormsOnReady.push(()=>{\n\t\t\t\t\t\t\thbspt.forms.create({\n\t\t\t\t\t\t\t\tportalId: 147413364,\n\t\t\t\t\t\t\t\tformId: \"c2bc15a0-5e54-4ba3-905f-11372e0994cd\",\n\t\t\t\t\t\t\t\ttarget: \"#hbspt-form-1775735824000-0600641237\",\n\t\t\t\t\t\t\t\tregion: \"eu1\",\n\t\t\t\t\t\t\t\t\n\t\t\t\t\t\t})});\n\t\t\t\t\t<\/script>\n\t\t\t\t\t<div class=\"hbspt-form\" id=\"hbspt-form-1775735824000-0600641237\"><\/div>\n<\/div>","protected":false},"excerpt":{"rendered":"<p>Si tienes preguntas o curiosidades sobre el mundo de RUFA, nuestro equipo de orientaci\u00f3n est\u00e1 aqu\u00ed para ti todo el a\u00f1o, listo para responder a todas tus preguntas. Reserva una cita, en persona o en l\u00ednea, para descubrir todo lo que RUFA tiene para ofrecer. Podr\u00e1s obtener informaci\u00f3n detallada, visitar nuestros campus en Roma y&#8230;<\/p>\n","protected":false},"author":28,"featured_media":150562,"parent":0,"menu_order":0,"comment_status":"closed","ping_status":"closed","template":"","meta":{"content-type":"","footnotes":""},"class_list":["post-55602","page","type-page","status-publish","has-post-thumbnail","hentry"],"yoast_head":"<!-- This site is optimized with the Yoast SEO plugin v24.2 - https:\/\/yoast.com\/wordpress\/plugins\/seo\/ -->\n<title>Orientamento RUFA: prenota una call con i nostri uffici - RUFA<\/title>\n<meta name=\"description\" content=\"Chiunque voglia confrontarsi con l\u2019Ufficio Orientamento per avere maggiori informazioni sull\u2019Accademia e i corsi, pu\u00f2 prenotarsi!\" \/>\n<meta name=\"robots\" content=\"index, follow, max-snippet:-1, max-image-preview:large, max-video-preview:-1\" \/>\n<link rel=\"canonical\" href=\"https:\/\/www.unirufa.it\/prenota-un-incontro\/\" \/>\n<meta property=\"og:locale\" content=\"es_ES\" \/>\n<meta property=\"og:type\" content=\"article\" \/>\n<meta property=\"og:title\" content=\"[:it]Orientamento RUFA: prenota una call con i nostri uffici - RUFA[:]\" \/>\n<meta property=\"og:description\" content=\"{:it}Chiunque voglia confrontarsi con l\u2019Ufficio Orientamento per avere maggiori informazioni sull\u2019Accademia e i corsi, pu\u00f2 prenotarsi!{:}\" \/>\n<meta property=\"og:url\" content=\"https:\/\/www.unirufa.it\/prenota-un-incontro\/\" \/>\n<meta property=\"og:site_name\" content=\"RUFA - Rome University of Fine Arts\" \/>\n<meta property=\"article:modified_time\" content=\"2026-03-25T21:34:57+00:00\" \/>\n<meta property=\"og:image\" content=\"https:\/\/www.unirufa.it\/wp-content\/uploads\/2026\/01\/RUFA_PRENOTA-INCONTRO.jpg\" \/>\n\t<meta property=\"og:image:width\" content=\"1920\" \/>\n\t<meta property=\"og:image:height\" content=\"800\" \/>\n\t<meta property=\"og:image:type\" content=\"image\/jpeg\" \/>\n<meta name=\"twitter:label1\" content=\"Tiempo de lectura\" \/>\n\t<meta name=\"twitter:data1\" content=\"3 minutos\" \/>\n<script type=\"application\/ld+json\" class=\"yoast-schema-graph\">{\"@context\":\"https:\/\/schema.org\",\"@graph\":[{\"@type\":\"WebPage\",\"@id\":\"https:\/\/www.unirufa.it\/prenota-un-incontro\/\",\"url\":\"https:\/\/www.unirufa.it\/prenota-un-incontro\/\",\"name\":\"[:it]Orientamento RUFA: prenota una call con i nostri uffici - RUFA[:]\",\"isPartOf\":{\"@id\":\"https:\/\/www.unirufa.it\/#website\"},\"primaryImageOfPage\":{\"@id\":\"https:\/\/www.unirufa.it\/prenota-un-incontro\/#primaryimage\"},\"image\":{\"@id\":\"https:\/\/www.unirufa.it\/prenota-un-incontro\/#primaryimage\"},\"thumbnailUrl\":\"https:\/\/www.unirufa.it\/wp-content\/uploads\/2026\/01\/RUFA_PRENOTA-INCONTRO.jpg\",\"datePublished\":\"2021-11-10T14:48:41+00:00\",\"dateModified\":\"2026-03-25T21:34:57+00:00\",\"description\":\"{:it}Chiunque voglia confrontarsi con l\u2019Ufficio Orientamento per avere maggiori informazioni sull\u2019Accademia e i corsi, pu\u00f2 prenotarsi!{:}\",\"breadcrumb\":{\"@id\":\"https:\/\/www.unirufa.it\/prenota-un-incontro\/#breadcrumb\"},\"inLanguage\":\"es\",\"potentialAction\":[{\"@type\":\"ReadAction\",\"target\":[\"https:\/\/www.unirufa.it\/prenota-un-incontro\/\"]}]},{\"@type\":\"ImageObject\",\"inLanguage\":\"es\",\"@id\":\"https:\/\/www.unirufa.it\/prenota-un-incontro\/#primaryimage\",\"url\":\"https:\/\/www.unirufa.it\/wp-content\/uploads\/2026\/01\/RUFA_PRENOTA-INCONTRO.jpg\",\"contentUrl\":\"https:\/\/www.unirufa.it\/wp-content\/uploads\/2026\/01\/RUFA_PRENOTA-INCONTRO.jpg\",\"width\":1920,\"height\":800},{\"@type\":\"BreadcrumbList\",\"@id\":\"https:\/\/www.unirufa.it\/prenota-un-incontro\/#breadcrumb\",\"itemListElement\":[{\"@type\":\"ListItem\",\"position\":1,\"name\":\"Home\",\"item\":\"https:\/\/www.unirufa.it\/\"},{\"@type\":\"ListItem\",\"position\":2,\"name\":\"Prenota un incontro\"}]},{\"@type\":\"WebSite\",\"@id\":\"https:\/\/www.unirufa.it\/#website\",\"url\":\"https:\/\/www.unirufa.it\/\",\"name\":\"RUFA - Rome University of Fine Arts\",\"description\":\"\",\"potentialAction\":[{\"@type\":\"SearchAction\",\"target\":{\"@type\":\"EntryPoint\",\"urlTemplate\":\"https:\/\/www.unirufa.it\/?s={search_term_string}\"},\"query-input\":{\"@type\":\"PropertyValueSpecification\",\"valueRequired\":true,\"valueName\":\"search_term_string\"}}],\"inLanguage\":\"es\"}]}<\/script>\n<!-- \/ Yoast SEO plugin. -->","yoast_head_json":{"title":"Orientamento RUFA: prenota una call con i nostri uffici - RUFA","description":"Chiunque voglia confrontarsi con l\u2019Ufficio Orientamento per avere maggiori informazioni sull\u2019Accademia e i corsi, pu\u00f2 prenotarsi!","robots":{"index":"index","follow":"follow","max-snippet":"max-snippet:-1","max-image-preview":"max-image-preview:large","max-video-preview":"max-video-preview:-1"},"canonical":"https:\/\/www.unirufa.it\/prenota-un-incontro\/","og_locale":"es_ES","og_type":"article","og_title":"[:it]Orientamento RUFA: prenota una call con i nostri uffici - RUFA[:]","og_description":"{:it}Chiunque voglia confrontarsi con l\u2019Ufficio Orientamento per avere maggiori informazioni sull\u2019Accademia e i corsi, pu\u00f2 prenotarsi!{:}","og_url":"https:\/\/www.unirufa.it\/prenota-un-incontro\/","og_site_name":"RUFA - Rome University of Fine Arts","article_modified_time":"2026-03-25T21:34:57+00:00","og_image":[{"width":1920,"height":800,"url":"https:\/\/www.unirufa.it\/wp-content\/uploads\/2026\/01\/RUFA_PRENOTA-INCONTRO.jpg","type":"image\/jpeg"}],"twitter_misc":{"Tiempo de lectura":"3 minutos"},"schema":{"@context":"https:\/\/schema.org","@graph":[{"@type":"WebPage","@id":"https:\/\/www.unirufa.it\/prenota-un-incontro\/","url":"https:\/\/www.unirufa.it\/prenota-un-incontro\/","name":"[:it]Orientamento RUFA: prenota una call con i nostri uffici - RUFA[:]","isPartOf":{"@id":"https:\/\/www.unirufa.it\/#website"},"primaryImageOfPage":{"@id":"https:\/\/www.unirufa.it\/prenota-un-incontro\/#primaryimage"},"image":{"@id":"https:\/\/www.unirufa.it\/prenota-un-incontro\/#primaryimage"},"thumbnailUrl":"https:\/\/www.unirufa.it\/wp-content\/uploads\/2026\/01\/RUFA_PRENOTA-INCONTRO.jpg","datePublished":"2021-11-10T14:48:41+00:00","dateModified":"2026-03-25T21:34:57+00:00","description":"{:it}Chiunque voglia confrontarsi con l\u2019Ufficio Orientamento per avere maggiori informazioni sull\u2019Accademia e i corsi, pu\u00f2 prenotarsi!{:}","breadcrumb":{"@id":"https:\/\/www.unirufa.it\/prenota-un-incontro\/#breadcrumb"},"inLanguage":"es","potentialAction":[{"@type":"ReadAction","target":["https:\/\/www.unirufa.it\/prenota-un-incontro\/"]}]},{"@type":"ImageObject","inLanguage":"es","@id":"https:\/\/www.unirufa.it\/prenota-un-incontro\/#primaryimage","url":"https:\/\/www.unirufa.it\/wp-content\/uploads\/2026\/01\/RUFA_PRENOTA-INCONTRO.jpg","contentUrl":"https:\/\/www.unirufa.it\/wp-content\/uploads\/2026\/01\/RUFA_PRENOTA-INCONTRO.jpg","width":1920,"height":800},{"@type":"BreadcrumbList","@id":"https:\/\/www.unirufa.it\/prenota-un-incontro\/#breadcrumb","itemListElement":[{"@type":"ListItem","position":1,"name":"Home","item":"https:\/\/www.unirufa.it\/"},{"@type":"ListItem","position":2,"name":"Prenota un incontro"}]},{"@type":"WebSite","@id":"https:\/\/www.unirufa.it\/#website","url":"https:\/\/www.unirufa.it\/","name":"RUFA - Rome University of Fine Arts","description":"","potentialAction":[{"@type":"SearchAction","target":{"@type":"EntryPoint","urlTemplate":"https:\/\/www.unirufa.it\/?s={search_term_string}"},"query-input":{"@type":"PropertyValueSpecification","valueRequired":true,"valueName":"search_term_string"}}],"inLanguage":"es"}]}},"_links":{"self":[{"href":"https:\/\/www.unirufa.it\/es\/wp-json\/wp\/v2\/pages\/55602","targetHints":{"allow":["GET"]}}],"collection":[{"href":"https:\/\/www.unirufa.it\/es\/wp-json\/wp\/v2\/pages"}],"about":[{"href":"https:\/\/www.unirufa.it\/es\/wp-json\/wp\/v2\/types\/page"}],"author":[{"embeddable":true,"href":"https:\/\/www.unirufa.it\/es\/wp-json\/wp\/v2\/users\/28"}],"replies":[{"embeddable":true,"href":"https:\/\/www.unirufa.it\/es\/wp-json\/wp\/v2\/comments?post=55602"}],"version-history":[{"count":25,"href":"https:\/\/www.unirufa.it\/es\/wp-json\/wp\/v2\/pages\/55602\/revisions"}],"predecessor-version":[{"id":152327,"href":"https:\/\/www.unirufa.it\/es\/wp-json\/wp\/v2\/pages\/55602\/revisions\/152327"}],"wp:featuredmedia":[{"embeddable":true,"href":"https:\/\/www.unirufa.it\/es\/wp-json\/wp\/v2\/media\/150562"}],"wp:attachment":[{"href":"https:\/\/www.unirufa.it\/es\/wp-json\/wp\/v2\/media?parent=55602"}],"curies":[{"name":"wp","href":"https:\/\/api.w.org\/{rel}","templated":true}]}}