


{"id":61708,"date":"2022-02-09T19:06:43","date_gmt":"2022-02-09T18:06:43","guid":{"rendered":"https:\/\/www.unirufa.it\/?page_id=61708"},"modified":"2026-01-30T11:29:52","modified_gmt":"2026-01-30T10:29:52","slug":"isee","status":"publish","type":"page","link":"https:\/\/www.unirufa.it\/es\/isee\/","title":{"rendered":"ISEE"},"content":{"rendered":"La reducci\u00f3n de las tasas para el a\u00f1o acad\u00e9mico 2026\/27 se determina en funci\u00f3n del valor del ISEE, un indicador sint\u00e9tico de la situaci\u00f3n econ\u00f3mica de la unidad familiar.<\/p>\n\n    <div class=\"panel-group\" id=\"accordion\" role=\"tablist\" aria-multiselectable=\"true\">\n        \n\n<article class=\"panel panel-default\" role=\"article\" itemscope itemtype=\"http:\/\/schema.org\/BlogPosting\">\n    <div class=\"panel-heading\" role=\"tab\" id=\"heading1\">\n\t    <h4 class=\"panel-title\">\n\t        <a class=\"collapsed\" role=\"button\" data-toggle=\"collapse\" data-parent=\"#accordion\" href=\"#collapse1\" aria-expanded=\"false\" aria-controls=\"collapse1\" itemprop=\"headline\">ISEE: QU\u00c9 ES Y C\u00d3MO CALCULARLO\t        \t<span class=\"courses\">\n                 \n\t        \t<\/span>\n\t        <\/a>\n\t    <\/h4>\n\t<\/div>\n<\/article>\n\n\n    <div id=\"collapse1\" class=\"panel-collapse collapse \" role=\"tabpanel\" aria-labelledby=\"heading1\">\n        <div class=\"panel-body\" itemprop=\"articleBody\">\n            <div class=\"item-description\">\n                \n<p>El <strong>ISEE Ordinario 2026<\/strong> es un indicador sint\u00e9tico de la situaci\u00f3n econ\u00f3mica de la unidad familiar y debe ser calculado por el estudiante interesado en un Centro de Asistencia Fiscal (CAF), en el sitio web del INPS o a trav\u00e9s de su asesor fiscal. El ISEE Ordinario necesario para el A.A. 2026\/27 es el ISEE 2026.<\/p>\n<p>En el caso de estudiantes extranjeros no residentes en Italia, o estudiantes extranjeros residentes en Italia que no sean aut\u00f3nomos y cuyos familiares residan en el extranjero, o estudiantes italianos residentes en el extranjero no inscritos en el AIRE, es posible obtener la reducci\u00f3n de la matr\u00edcula y de la tasa regional a trav\u00e9s del <strong>ISEE-U Equiparado<\/strong>, que se adopta en los casos en los que no es posible calcular el ISEE universitario. M\u00e1s informaci\u00f3n sobre la documentaci\u00f3n que debe presentarse, emitida por las autoridades competentes del pa\u00eds en el que se hayan generado los ingresos y traducida al italiano por las autoridades diplom\u00e1ticas italianas competentes por territorio, ser\u00e1 proporcionada directamente por las oficinas a las que el estudiante se dirija para el c\u00e1lculo del ISEE-U.<\/p>\n            <\/div>\n        <\/div>\n    <\/div>\n    \n\n<article class=\"panel panel-default\" role=\"article\" itemscope itemtype=\"http:\/\/schema.org\/BlogPosting\">\n    <div class=\"panel-heading\" role=\"tab\" id=\"heading2\">\n\t    <h4 class=\"panel-title\">\n\t        <a class=\"collapsed\" role=\"button\" data-toggle=\"collapse\" data-parent=\"#accordion\" href=\"#collapse2\" aria-expanded=\"false\" aria-controls=\"collapse2\" itemprop=\"headline\">PLAZOS: HASTA CU\u00c1NDO PRESENTAR LA DECLARACI\u00d3N\t        \t<span class=\"courses\">\n                 \n\t        \t<\/span>\n\t        <\/a>\n\t    <\/h4>\n\t<\/div>\n<\/article>\n\n\n    <div id=\"collapse2\" class=\"panel-collapse collapse \" role=\"tabpanel\" aria-labelledby=\"heading2\">\n        <div class=\"panel-body\" itemprop=\"articleBody\">\n            <div class=\"item-description\">\n                \n<p>La declaraci\u00f3n ISEE del a\u00f1o 2026, que el estudiante necesitar\u00e1 para obtener la reducci\u00f3n de la tasa universitaria para el a\u00f1o acad\u00e9mico 2026\/27, deber\u00e1 presentarse en el momento de la matr\u00edcula.<\/p>\n<p><strong>Los estudiantes internacionales<\/strong> (limitado a estudiantes de la UE y Turqu\u00eda) pueden presentar la declaraci\u00f3n ISEE del a\u00f1o 2026 para obtener la reducci\u00f3n de la tasa universitaria para el a.a. 2026-2027 hasta la fecha l\u00edmite de inscripci\u00f3n.<\/p>\n            <\/div>\n        <\/div>\n    <\/div>\n    \n\n<article class=\"panel panel-default\" role=\"article\" itemscope itemtype=\"http:\/\/schema.org\/BlogPosting\">\n    <div class=\"panel-heading\" role=\"tab\" id=\"heading3\">\n\t    <h4 class=\"panel-title\">\n\t        <a class=\"collapsed\" role=\"button\" data-toggle=\"collapse\" data-parent=\"#accordion\" href=\"#collapse3\" aria-expanded=\"false\" aria-controls=\"collapse3\" itemprop=\"headline\">DOCUMENTACI\u00d3N QUE DEBE PRESENTARSE PARA EL C\u00c1LCULO DEL ISEE ORDINARIO\t        \t<span class=\"courses\">\n                 \n\t        \t<\/span>\n\t        <\/a>\n\t    <\/h4>\n\t<\/div>\n<\/article>\n\n\n    <div id=\"collapse3\" class=\"panel-collapse collapse \" role=\"tabpanel\" aria-labelledby=\"heading3\">\n        <div class=\"panel-body\" itemprop=\"articleBody\">\n            <div class=\"item-description\">\n                \n<p>Para el c\u00e1lculo del ISEE Ordinario, independientemente de la modalidad elegida por el estudiante, ser\u00e1 necesario presentar la siguiente documentaci\u00f3n.<\/p>\n<p><strong>DATOS PERSONALES<\/strong><br \/>\n\u2013 Documento de identidad y c\u00f3digo fiscal italiano del estudiante (es posible solicitarlo en el consulado italiano; los c\u00f3digos fiscales generados en l\u00ednea no son v\u00e1lidos).<br \/>\n\u2013 Direcci\u00f3n de residencia de la unidad familiar del estudiante;<br \/>\n\u2013 Autodeclaraci\u00f3n de los miembros de la unidad familiar con sus fechas de nacimiento (los datos de ambos progenitores deben figurar en la autodeclaraci\u00f3n: en caso de sentencia de divorcio o fallecimiento, debe adjuntarse una copia de la sentencia o un certificado);<\/p>\n<p><strong>INGRESOS<\/strong><br \/>\n\u2013 Ingresos familiares: documentaci\u00f3n relativa a los ingresos anuales percibidos por cada miembro de la familia en 2024;<br \/>\n\u2013 Propiedades: escritura de compra de los inmuebles propiedad de cada miembro de la familia a 31 de diciembre de 2024 (debe indicarse el valor de compra o el valor de mercado);<br \/>\n\u2013 En su caso, capital pendiente de la hipoteca a 31 de diciembre de 2024;<br \/>\n\u2013 Activos financieros: extractos de cuentas corrientes bancarias, postales y de dep\u00f3sito, declaraciones de bonos, acciones, dividendos, participaciones y acciones en posesi\u00f3n de cada familiar a 31 de diciembre de 2024;<br \/>\n\u2013 En su caso, contrato de alquiler del inmueble destinado a vivienda habitual de la unidad familiar, v\u00e1lido en la fecha de solicitud del ISEE;<br \/>\n\u2013 Si uno o varios miembros de la unidad familiar son propietarios de una empresa, se requiere el valor a 31 de diciembre de 2024 derivado del balance. Si no se ha presentado un balance, es necesario certificar el valor de todos los materiales, maquinaria, instrumentos, etc. de la empresa.<\/p>\n            <\/div>\n        <\/div>\n    <\/div>\n    \n    <\/div>\n    \n<p>RUFA se apoya en un socio para la elaboraci\u00f3n del ISEE; por lo tanto, cada estudiante puede dirigirse directamente al CAF concertado y solicitar gratuitamente el c\u00e1lculo del ISEE, escribiendo a <a href=\"mailto:isee@unirufa.it\">isee@unirufa.it<\/a> o llamando al siguiente n\u00famero: 06.5594602, de lunes a viernes, de 10:00 a 13:00.","protected":false},"excerpt":{"rendered":"<p>La reducci\u00f3n de las tasas para el a\u00f1o acad\u00e9mico 2026\/27 se determina en funci\u00f3n del valor del ISEE, un indicador sint\u00e9tico de la situaci\u00f3n econ\u00f3mica de la unidad familiar. RUFA se apoya en un socio para la elaboraci\u00f3n del ISEE; por lo tanto, cada estudiante puede dirigirse directamente al CAF concertado y solicitar gratuitamente el&#8230;<\/p>\n","protected":false},"author":12,"featured_media":0,"parent":0,"menu_order":0,"comment_status":"closed","ping_status":"closed","template":"","meta":{"content-type":"","footnotes":""},"class_list":["post-61708","page","type-page","status-publish","hentry"],"yoast_head":"<!-- This site is optimized with the Yoast SEO plugin v24.2 - https:\/\/yoast.com\/wordpress\/plugins\/seo\/ -->\n<title>ISEE - RUFA - Rome University of Fine Arts<\/title>\n<meta name=\"robots\" content=\"index, follow, max-snippet:-1, max-image-preview:large, max-video-preview:-1\" \/>\n<link rel=\"canonical\" href=\"https:\/\/www.unirufa.it\/isee\/\" \/>\n<meta property=\"og:locale\" content=\"es_ES\" \/>\n<meta property=\"og:type\" content=\"article\" \/>\n<meta property=\"og:title\" content=\"ISEE - RUFA - Rome University of Fine Arts\" \/>\n<meta property=\"og:description\" content=\"La reducci\u00f3n de las tasas para el a\u00f1o acad\u00e9mico 2026\/27 se determina en funci\u00f3n del valor del ISEE, un indicador sint\u00e9tico de la situaci\u00f3n econ\u00f3mica de la unidad familiar. RUFA se apoya en un socio para la elaboraci\u00f3n del ISEE; por lo tanto, cada estudiante puede dirigirse directamente al CAF concertado y solicitar gratuitamente el...\" \/>\n<meta property=\"og:url\" content=\"https:\/\/www.unirufa.it\/isee\/\" \/>\n<meta property=\"og:site_name\" content=\"RUFA - Rome University of Fine Arts\" \/>\n<meta property=\"article:modified_time\" content=\"2026-01-30T10:29:52+00:00\" \/>\n<meta property=\"og:image\" content=\"https:\/\/www.unirufa.it\/wp-content\/uploads\/2017\/11\/logo-rufa-2016.png\" \/>\n\t<meta property=\"og:image:width\" content=\"230\" \/>\n\t<meta property=\"og:image:height\" content=\"149\" \/>\n\t<meta property=\"og:image:type\" content=\"image\/png\" \/>\n<meta name=\"twitter:label1\" content=\"Tiempo de lectura\" \/>\n\t<meta name=\"twitter:data1\" content=\"10 minutos\" \/>\n<script type=\"application\/ld+json\" class=\"yoast-schema-graph\">{\"@context\":\"https:\/\/schema.org\",\"@graph\":[{\"@type\":\"WebPage\",\"@id\":\"https:\/\/www.unirufa.it\/isee\/\",\"url\":\"https:\/\/www.unirufa.it\/isee\/\",\"name\":\"ISEE - RUFA - Rome University of Fine Arts\",\"isPartOf\":{\"@id\":\"https:\/\/www.unirufa.it\/#website\"},\"datePublished\":\"2022-02-09T18:06:43+00:00\",\"dateModified\":\"2026-01-30T10:29:52+00:00\",\"breadcrumb\":{\"@id\":\"https:\/\/www.unirufa.it\/isee\/#breadcrumb\"},\"inLanguage\":\"es\",\"potentialAction\":[{\"@type\":\"ReadAction\",\"target\":[\"https:\/\/www.unirufa.it\/isee\/\"]}]},{\"@type\":\"BreadcrumbList\",\"@id\":\"https:\/\/www.unirufa.it\/isee\/#breadcrumb\",\"itemListElement\":[{\"@type\":\"ListItem\",\"position\":1,\"name\":\"Home\",\"item\":\"https:\/\/www.unirufa.it\/\"},{\"@type\":\"ListItem\",\"position\":2,\"name\":\"ISEE\"}]},{\"@type\":\"WebSite\",\"@id\":\"https:\/\/www.unirufa.it\/#website\",\"url\":\"https:\/\/www.unirufa.it\/\",\"name\":\"RUFA - Rome University of Fine Arts\",\"description\":\"\",\"potentialAction\":[{\"@type\":\"SearchAction\",\"target\":{\"@type\":\"EntryPoint\",\"urlTemplate\":\"https:\/\/www.unirufa.it\/?s={search_term_string}\"},\"query-input\":{\"@type\":\"PropertyValueSpecification\",\"valueRequired\":true,\"valueName\":\"search_term_string\"}}],\"inLanguage\":\"es\"}]}<\/script>\n<!-- \/ Yoast SEO plugin. -->","yoast_head_json":{"title":"ISEE - RUFA - Rome University of Fine Arts","robots":{"index":"index","follow":"follow","max-snippet":"max-snippet:-1","max-image-preview":"max-image-preview:large","max-video-preview":"max-video-preview:-1"},"canonical":"https:\/\/www.unirufa.it\/isee\/","og_locale":"es_ES","og_type":"article","og_title":"ISEE - RUFA - Rome University of Fine Arts","og_description":"La reducci\u00f3n de las tasas para el a\u00f1o acad\u00e9mico 2026\/27 se determina en funci\u00f3n del valor del ISEE, un indicador sint\u00e9tico de la situaci\u00f3n econ\u00f3mica de la unidad familiar. RUFA se apoya en un socio para la elaboraci\u00f3n del ISEE; por lo tanto, cada estudiante puede dirigirse directamente al CAF concertado y solicitar gratuitamente el...","og_url":"https:\/\/www.unirufa.it\/isee\/","og_site_name":"RUFA - Rome University of Fine Arts","article_modified_time":"2026-01-30T10:29:52+00:00","og_image":[{"width":230,"height":149,"url":"https:\/\/www.unirufa.it\/wp-content\/uploads\/2017\/11\/logo-rufa-2016.png","type":"image\/png"}],"twitter_misc":{"Tiempo de lectura":"10 minutos"},"schema":{"@context":"https:\/\/schema.org","@graph":[{"@type":"WebPage","@id":"https:\/\/www.unirufa.it\/isee\/","url":"https:\/\/www.unirufa.it\/isee\/","name":"ISEE - RUFA - Rome University of Fine Arts","isPartOf":{"@id":"https:\/\/www.unirufa.it\/#website"},"datePublished":"2022-02-09T18:06:43+00:00","dateModified":"2026-01-30T10:29:52+00:00","breadcrumb":{"@id":"https:\/\/www.unirufa.it\/isee\/#breadcrumb"},"inLanguage":"es","potentialAction":[{"@type":"ReadAction","target":["https:\/\/www.unirufa.it\/isee\/"]}]},{"@type":"BreadcrumbList","@id":"https:\/\/www.unirufa.it\/isee\/#breadcrumb","itemListElement":[{"@type":"ListItem","position":1,"name":"Home","item":"https:\/\/www.unirufa.it\/"},{"@type":"ListItem","position":2,"name":"ISEE"}]},{"@type":"WebSite","@id":"https:\/\/www.unirufa.it\/#website","url":"https:\/\/www.unirufa.it\/","name":"RUFA - Rome University of Fine Arts","description":"","potentialAction":[{"@type":"SearchAction","target":{"@type":"EntryPoint","urlTemplate":"https:\/\/www.unirufa.it\/?s={search_term_string}"},"query-input":{"@type":"PropertyValueSpecification","valueRequired":true,"valueName":"search_term_string"}}],"inLanguage":"es"}]}},"_links":{"self":[{"href":"https:\/\/www.unirufa.it\/es\/wp-json\/wp\/v2\/pages\/61708","targetHints":{"allow":["GET"]}}],"collection":[{"href":"https:\/\/www.unirufa.it\/es\/wp-json\/wp\/v2\/pages"}],"about":[{"href":"https:\/\/www.unirufa.it\/es\/wp-json\/wp\/v2\/types\/page"}],"author":[{"embeddable":true,"href":"https:\/\/www.unirufa.it\/es\/wp-json\/wp\/v2\/users\/12"}],"replies":[{"embeddable":true,"href":"https:\/\/www.unirufa.it\/es\/wp-json\/wp\/v2\/comments?post=61708"}],"version-history":[{"count":35,"href":"https:\/\/www.unirufa.it\/es\/wp-json\/wp\/v2\/pages\/61708\/revisions"}],"predecessor-version":[{"id":151001,"href":"https:\/\/www.unirufa.it\/es\/wp-json\/wp\/v2\/pages\/61708\/revisions\/151001"}],"wp:attachment":[{"href":"https:\/\/www.unirufa.it\/es\/wp-json\/wp\/v2\/media?parent=61708"}],"curies":[{"name":"wp","href":"https:\/\/api.w.org\/{rel}","templated":true}]}}