


{"id":64884,"date":"2020-10-01T11:31:13","date_gmt":"2020-10-01T09:31:13","guid":{"rendered":"https:\/\/www.unirufa.it\/?page_id=64884"},"modified":"2022-03-07T12:00:13","modified_gmt":"2022-03-07T11:00:13","slug":"rufa-abroad","status":"publish","type":"page","link":"https:\/\/www.unirufa.it\/es\/rufa-abroad\/","title":{"rendered":"RUFA ABROAD"},"content":{"rendered":"<img decoding=\"async\" src=\"https:\/\/www.unirufa.it\/wp-content\/uploads\/2022\/03\/sito_rufaaboard_1050x600.png\" alt=\"\" \/><\/p>\n<p>L\u2019Italia \u00e8 da sempre sinonimo di meraviglia. Soprattutto adesso per le nuove generazioni che vivono all\u2019estero e che desiderano entrare in contatto con i tanti giacimenti culturali che il Bel Paese \u00e8 in grado di offrire. Gli studi autorevoli condotti da alcune universit\u00e0 statunitensi, come quella della Pennsylvania, e da alcune riviste specializzate lo confermano: il \u201cSistema produttivo culturale e creativo garantisce il 6% della ricchezza prodotta in Italia, con un effetto moltiplicatore pari a 1,8. L\u2019industria della creativit\u00e0, da sola, d\u00e0 lavoro a pi\u00f9 di 1,5 milioni di persone. Uno scenario che andr\u00e0 ad alimentarsi nei prossimi anni e che necessita di essere sostenuto da processi formativi di altissimo livello, capaci di declinare all\u2019unisono competenze e ingegno.<\/p>\n<p>Sulla base di questi presupposti RUFA \u2013 Rome University of Fine Arts, gi\u00e0 da alcuni anni, ha adottato un piano di azione per migliorare l\u2019appeal del \u201cmade in Italy\u201d proprio dal punto di vista della formazione. Un processo di internazionalizzazione tuttora in corso che prevede, tra le altre cose, l\u2019erogazione di molte attivit\u00e0 didattiche in lingua inglese, allo scopo di accrescere il livello di competitivit\u00e0 nel mercato globale. Dal 2013 in avanti, RUFA ha partecipato, investendo direttamente risorse proprie, a molte fiere e saloni internazionali sia in ambito europeo che extraeuropeo. Molte le mete ed i Paesi interessati da questa azione.<\/p>\n<p>En este contexto RUFA &#8211; Universidad de Bellas Artes de Roma ha presentado con el proyecto <strong>RUFA ABROAD 2019-2020<\/strong>, <a href=\"http:\/\/www.europa.eu\">cofinanciado por la Uni\u00f3n Europea<\/a>, una solicitud de contribuci\u00f3n sobre la convocatoria p\u00fablica \u00abBono de Internacionalizaci\u00f3n\u00bb a la que se refiere la determinaci\u00f3n n\u00b0G10195 del 26\/07\/2019 &#8211; POR FESR LAZIO 2014-2020 marcada con el n\u00famero de protocolo A0331-2019-30172 c\u00f3digo CUP F84E20000520007. El Proyecto identificado con el Formulario GeCoWeb A0331-2019-30172 ha sido admitido y subvencionable, aplicando para el c\u00e1lculo de la aportaci\u00f3n el porcentaje del 45%, equivalente a 6.750,00 euros.<br \/>\nEn particular, RUFA ha participado de forma presencial y\/o a distancia en las siguientes iniciativas:<br \/>\n(a) \u00abStudy in Italy Days\u00bb, Estambul &#8211; Turqu\u00eda, octubre de 2020;<br \/>\nb) \u00abEstudios y carreras\u00bb, Kazajist\u00e1n &#8211; Rusia, octubre de 2021;<br \/>\nc) \u00abEstudios y carreras\u00bb, Azerbaiy\u00e1n &#8211; Rusia, febrero de 2022.<\/p>\n<p>La participaci\u00f3n en la convocatoria ha permitido reforzar el deseo de \u00abintercambio\u00bb que las nuevas generaciones ponen en pr\u00e1ctica en sus respectivas trayectorias de estudio, facilitando la formaci\u00f3n de una red de encuentros, experiencias, personas y culturas. El impacto generado por la participaci\u00f3n en los eventos internacionales incluidos en la beca ha sido decididamente importante, sobre todo si se compara con el a\u00f1o anterior: en el curso anterior, las actividades de orientaci\u00f3n puestas en marcha para facilitar la presencia de estudiantes extranjeros en Italia hab\u00edan producido una proporci\u00f3n de 1 a 14: de catorce estudiantes extranjeros que hab\u00edan manifestado su inter\u00e9s en matricularse participando en las pruebas de admisi\u00f3n, s\u00f3lo uno confirm\u00f3 esta intenci\u00f3n. Tras la participaci\u00f3n en los actos de formaci\u00f3n y a pesar de las limitaciones impuestas por la pandemia de Covid-19 y otras emergencias de car\u00e1cter militar, la proporci\u00f3n pas\u00f3 de 8 a 16: de diecis\u00e9is estudiantes extranjeros que hab\u00edan manifestado su inter\u00e9s en matricularse participando en las pruebas de admisi\u00f3n, ocho confirmaron esta intenci\u00f3n. En t\u00e9rminos porcentuales, el ratio pas\u00f3 del 7,14% al 50%.","protected":false},"excerpt":{"rendered":"<p>L\u2019Italia \u00e8 da sempre sinonimo di meraviglia. Soprattutto adesso per le nuove generazioni che vivono all\u2019estero e che desiderano entrare in contatto con i tanti giacimenti culturali che il Bel Paese \u00e8 in grado di offrire. Gli studi autorevoli condotti da alcune universit\u00e0 statunitensi, come quella della Pennsylvania, e da alcune riviste specializzate lo confermano:&#8230;<\/p>\n","protected":false},"author":35,"featured_media":0,"parent":0,"menu_order":0,"comment_status":"closed","ping_status":"closed","template":"","meta":{"content-type":"","footnotes":""},"class_list":["post-64884","page","type-page","status-publish","hentry"],"yoast_head":"<!-- This site is optimized with the Yoast SEO plugin v24.2 - https:\/\/yoast.com\/wordpress\/plugins\/seo\/ -->\n<title>RUFA ABROAD - RUFA - Rome University of Fine Arts<\/title>\n<meta name=\"robots\" content=\"index, follow, max-snippet:-1, max-image-preview:large, max-video-preview:-1\" \/>\n<link rel=\"canonical\" href=\"https:\/\/www.unirufa.it\/rufa-abroad\/\" \/>\n<meta property=\"og:locale\" content=\"es_ES\" \/>\n<meta property=\"og:type\" content=\"article\" \/>\n<meta property=\"og:title\" content=\"RUFA ABROAD - RUFA - Rome University of Fine Arts\" \/>\n<meta property=\"og:description\" content=\"L\u2019Italia \u00e8 da sempre sinonimo di meraviglia. Soprattutto adesso per le nuove generazioni che vivono all\u2019estero e che desiderano entrare in contatto con i tanti giacimenti culturali che il Bel Paese \u00e8 in grado di offrire. Gli studi autorevoli condotti da alcune universit\u00e0 statunitensi, come quella della Pennsylvania, e da alcune riviste specializzate lo confermano:...\" \/>\n<meta property=\"og:url\" content=\"https:\/\/www.unirufa.it\/rufa-abroad\/\" \/>\n<meta property=\"og:site_name\" content=\"RUFA - Rome University of Fine Arts\" \/>\n<meta property=\"article:modified_time\" content=\"2022-03-07T11:00:13+00:00\" \/>\n<meta property=\"og:image\" content=\"https:\/\/www.unirufa.it\/wp-content\/uploads\/2022\/03\/sito_rufaaboard_1050x600.png\" \/>\n<meta name=\"twitter:label1\" content=\"Tiempo de lectura\" \/>\n\t<meta name=\"twitter:data1\" content=\"8 minutos\" \/>\n<script type=\"application\/ld+json\" class=\"yoast-schema-graph\">{\"@context\":\"https:\/\/schema.org\",\"@graph\":[{\"@type\":\"WebPage\",\"@id\":\"https:\/\/www.unirufa.it\/rufa-abroad\/\",\"url\":\"https:\/\/www.unirufa.it\/rufa-abroad\/\",\"name\":\"RUFA ABROAD - RUFA - Rome University of Fine Arts\",\"isPartOf\":{\"@id\":\"https:\/\/www.unirufa.it\/#website\"},\"primaryImageOfPage\":{\"@id\":\"https:\/\/www.unirufa.it\/rufa-abroad\/#primaryimage\"},\"image\":{\"@id\":\"https:\/\/www.unirufa.it\/rufa-abroad\/#primaryimage\"},\"thumbnailUrl\":\"https:\/\/www.unirufa.it\/wp-content\/uploads\/2022\/03\/sito_rufaaboard_1050x600.png\",\"datePublished\":\"2020-10-01T09:31:13+00:00\",\"dateModified\":\"2022-03-07T11:00:13+00:00\",\"breadcrumb\":{\"@id\":\"https:\/\/www.unirufa.it\/rufa-abroad\/#breadcrumb\"},\"inLanguage\":\"es\",\"potentialAction\":[{\"@type\":\"ReadAction\",\"target\":[\"https:\/\/www.unirufa.it\/rufa-abroad\/\"]}]},{\"@type\":\"ImageObject\",\"inLanguage\":\"es\",\"@id\":\"https:\/\/www.unirufa.it\/rufa-abroad\/#primaryimage\",\"url\":\"https:\/\/www.unirufa.it\/wp-content\/uploads\/2022\/03\/sito_rufaaboard_1050x600.png\",\"contentUrl\":\"https:\/\/www.unirufa.it\/wp-content\/uploads\/2022\/03\/sito_rufaaboard_1050x600.png\"},{\"@type\":\"BreadcrumbList\",\"@id\":\"https:\/\/www.unirufa.it\/rufa-abroad\/#breadcrumb\",\"itemListElement\":[{\"@type\":\"ListItem\",\"position\":1,\"name\":\"Home\",\"item\":\"https:\/\/www.unirufa.it\/\"},{\"@type\":\"ListItem\",\"position\":2,\"name\":\"RUFA ABROAD\"}]},{\"@type\":\"WebSite\",\"@id\":\"https:\/\/www.unirufa.it\/#website\",\"url\":\"https:\/\/www.unirufa.it\/\",\"name\":\"RUFA - Rome University of Fine Arts\",\"description\":\"\",\"potentialAction\":[{\"@type\":\"SearchAction\",\"target\":{\"@type\":\"EntryPoint\",\"urlTemplate\":\"https:\/\/www.unirufa.it\/?s={search_term_string}\"},\"query-input\":{\"@type\":\"PropertyValueSpecification\",\"valueRequired\":true,\"valueName\":\"search_term_string\"}}],\"inLanguage\":\"es\"}]}<\/script>\n<!-- \/ Yoast SEO plugin. -->","yoast_head_json":{"title":"RUFA ABROAD - RUFA - Rome University of Fine Arts","robots":{"index":"index","follow":"follow","max-snippet":"max-snippet:-1","max-image-preview":"max-image-preview:large","max-video-preview":"max-video-preview:-1"},"canonical":"https:\/\/www.unirufa.it\/rufa-abroad\/","og_locale":"es_ES","og_type":"article","og_title":"RUFA ABROAD - RUFA - Rome University of Fine Arts","og_description":"L\u2019Italia \u00e8 da sempre sinonimo di meraviglia. Soprattutto adesso per le nuove generazioni che vivono all\u2019estero e che desiderano entrare in contatto con i tanti giacimenti culturali che il Bel Paese \u00e8 in grado di offrire. Gli studi autorevoli condotti da alcune universit\u00e0 statunitensi, come quella della Pennsylvania, e da alcune riviste specializzate lo confermano:...","og_url":"https:\/\/www.unirufa.it\/rufa-abroad\/","og_site_name":"RUFA - Rome University of Fine Arts","article_modified_time":"2022-03-07T11:00:13+00:00","og_image":[{"url":"https:\/\/www.unirufa.it\/wp-content\/uploads\/2022\/03\/sito_rufaaboard_1050x600.png","type":"","width":"","height":""}],"twitter_misc":{"Tiempo de lectura":"8 minutos"},"schema":{"@context":"https:\/\/schema.org","@graph":[{"@type":"WebPage","@id":"https:\/\/www.unirufa.it\/rufa-abroad\/","url":"https:\/\/www.unirufa.it\/rufa-abroad\/","name":"RUFA ABROAD - RUFA - Rome University of Fine Arts","isPartOf":{"@id":"https:\/\/www.unirufa.it\/#website"},"primaryImageOfPage":{"@id":"https:\/\/www.unirufa.it\/rufa-abroad\/#primaryimage"},"image":{"@id":"https:\/\/www.unirufa.it\/rufa-abroad\/#primaryimage"},"thumbnailUrl":"https:\/\/www.unirufa.it\/wp-content\/uploads\/2022\/03\/sito_rufaaboard_1050x600.png","datePublished":"2020-10-01T09:31:13+00:00","dateModified":"2022-03-07T11:00:13+00:00","breadcrumb":{"@id":"https:\/\/www.unirufa.it\/rufa-abroad\/#breadcrumb"},"inLanguage":"es","potentialAction":[{"@type":"ReadAction","target":["https:\/\/www.unirufa.it\/rufa-abroad\/"]}]},{"@type":"ImageObject","inLanguage":"es","@id":"https:\/\/www.unirufa.it\/rufa-abroad\/#primaryimage","url":"https:\/\/www.unirufa.it\/wp-content\/uploads\/2022\/03\/sito_rufaaboard_1050x600.png","contentUrl":"https:\/\/www.unirufa.it\/wp-content\/uploads\/2022\/03\/sito_rufaaboard_1050x600.png"},{"@type":"BreadcrumbList","@id":"https:\/\/www.unirufa.it\/rufa-abroad\/#breadcrumb","itemListElement":[{"@type":"ListItem","position":1,"name":"Home","item":"https:\/\/www.unirufa.it\/"},{"@type":"ListItem","position":2,"name":"RUFA ABROAD"}]},{"@type":"WebSite","@id":"https:\/\/www.unirufa.it\/#website","url":"https:\/\/www.unirufa.it\/","name":"RUFA - Rome University of Fine Arts","description":"","potentialAction":[{"@type":"SearchAction","target":{"@type":"EntryPoint","urlTemplate":"https:\/\/www.unirufa.it\/?s={search_term_string}"},"query-input":{"@type":"PropertyValueSpecification","valueRequired":true,"valueName":"search_term_string"}}],"inLanguage":"es"}]}},"_links":{"self":[{"href":"https:\/\/www.unirufa.it\/es\/wp-json\/wp\/v2\/pages\/64884","targetHints":{"allow":["GET"]}}],"collection":[{"href":"https:\/\/www.unirufa.it\/es\/wp-json\/wp\/v2\/pages"}],"about":[{"href":"https:\/\/www.unirufa.it\/es\/wp-json\/wp\/v2\/types\/page"}],"author":[{"embeddable":true,"href":"https:\/\/www.unirufa.it\/es\/wp-json\/wp\/v2\/users\/35"}],"replies":[{"embeddable":true,"href":"https:\/\/www.unirufa.it\/es\/wp-json\/wp\/v2\/comments?post=64884"}],"version-history":[{"count":11,"href":"https:\/\/www.unirufa.it\/es\/wp-json\/wp\/v2\/pages\/64884\/revisions"}],"predecessor-version":[{"id":64907,"href":"https:\/\/www.unirufa.it\/es\/wp-json\/wp\/v2\/pages\/64884\/revisions\/64907"}],"wp:attachment":[{"href":"https:\/\/www.unirufa.it\/es\/wp-json\/wp\/v2\/media?parent=64884"}],"curies":[{"name":"wp","href":"https:\/\/api.w.org\/{rel}","templated":true}]}}