


{"id":66491,"date":"2022-03-23T13:56:06","date_gmt":"2022-03-23T12:56:06","guid":{"rendered":"https:\/\/www.unirufa.it\/?page_id=66491"},"modified":"2022-03-23T13:56:06","modified_gmt":"2022-03-23T12:56:06","slug":"avanguardie-rivisitate","status":"publish","type":"page","link":"https:\/\/www.unirufa.it\/es\/avanguardie-rivisitate\/","title":{"rendered":"Vanguardias revisitadas"},"content":{"rendered":"El conocimiento de la historia permite a la persona creativa reflexionar sobre el pasado, comprender el presente y trazar un camino futuro. En particular, el estudio de las Artes se convierte en una linfa preciosa para imaginar y crear obras no triviales de impacto est\u00e9tico y valor conceptual.<\/p>\n<p>En el curso de \u00abHistoria del Arte Contempor\u00e1neo\u00bb del segundo a\u00f1o de dise\u00f1o gr\u00e1fico, impartido por la profesora Genny Di Bert, tras los estudios te\u00f3ricos y los ensayos de los alumnos sobre el tema, se pas\u00f3 de lo mental a lo f\u00e1ctico, pidiendo a los j\u00f3venes dise\u00f1adores gr\u00e1ficos que reinterpretaran algunas vanguardias hist\u00f3ricas como punto de partida para dise\u00f1ar carteles sobre dos temas de actualidad: el estado emocional creado en los j\u00f3venes, y no s\u00f3lo en ellos, por Covid19 y el problema medioambiental, que a menudo se sigue subestimando.<\/p>\n<p>Se eligi\u00f3 el cartel como medio de comunicaci\u00f3n preferido para expresar y difundir mensajes directos y concisos: s\u00edntesis visuales enriquecidas por la alternancia de idiomas e im\u00e1genes. Un m\u00e9todo siempre actual, en el que los gr\u00e1ficos y el arte se mezclan admirablemente.<\/p>\n<div id=\"su_slider_69db2541c5b56\" class=\"su-slider su-slider-centered su-slider-pages-yes su-slider-responsive-yes\" style=\"width:100%\" data-autoplay=\"3000\" data-speed=\"600\" data-mousewheel=\"true\"><div class=\"su-slider-slides\"><div class=\"su-slider-slide\"><a href=\"https:\/\/www.unirufa.it\/wp-content\/uploads\/2022\/03\/progetti_collettivi_studenti_graphic_design_gianmario_palombo.jpg\"  title=\"progetti_collettivi_studenti_graphic_design_gianmario_palombo\"><img decoding=\"async\" src=\"https:\/\/www.unirufa.it\/wp-content\/uploads\/2022\/03\/progetti_collettivi_studenti_graphic_design_gianmario_palombo-1050x600.jpg\" alt=\"progetti_collettivi_studenti_graphic_design_gianmario_palombo\" \/><span class=\"su-slider-slide-title\">progetti_collettivi_studenti_graphic_design_gianmario_palombo<\/span><\/a><\/div><div class=\"su-slider-slide\"><a href=\"https:\/\/www.unirufa.it\/wp-content\/uploads\/2022\/03\/progetti_collettivi_studenti_graphic_design_claudia_fracassi.jpg\"  title=\"progetti_collettivi_studenti_graphic_design_claudia_fracassi\"><img decoding=\"async\" src=\"https:\/\/www.unirufa.it\/wp-content\/uploads\/2022\/03\/progetti_collettivi_studenti_graphic_design_claudia_fracassi-1050x600.jpg\" alt=\"progetti_collettivi_studenti_graphic_design_claudia_fracassi\" \/><span class=\"su-slider-slide-title\">progetti_collettivi_studenti_graphic_design_claudia_fracassi<\/span><\/a><\/div><div class=\"su-slider-slide\"><a href=\"https:\/\/www.unirufa.it\/wp-content\/uploads\/2022\/03\/progetti_collettivi_studenti_graphic_design_carolina_autili.jpg\"  title=\"progetti_collettivi_studenti_graphic_design_carolina_autili\"><img decoding=\"async\" src=\"https:\/\/www.unirufa.it\/wp-content\/uploads\/2022\/03\/progetti_collettivi_studenti_graphic_design_carolina_autili-1050x600.jpg\" alt=\"progetti_collettivi_studenti_graphic_design_carolina_autili\" \/><span class=\"su-slider-slide-title\">progetti_collettivi_studenti_graphic_design_carolina_autili<\/span><\/a><\/div><div class=\"su-slider-slide\"><a href=\"https:\/\/www.unirufa.it\/wp-content\/uploads\/2022\/03\/progetti_collettivi_studenti_graphic_design_alice_attanasio.jpg\"  title=\"progetti_collettivi_studenti_graphic_design_alice_attanasio\"><img decoding=\"async\" src=\"https:\/\/www.unirufa.it\/wp-content\/uploads\/2022\/03\/progetti_collettivi_studenti_graphic_design_alice_attanasio-1050x600.jpg\" alt=\"progetti_collettivi_studenti_graphic_design_alice_attanasio\" \/><span class=\"su-slider-slide-title\">progetti_collettivi_studenti_graphic_design_alice_attanasio<\/span><\/a><\/div><div class=\"su-slider-slide\"><a href=\"https:\/\/www.unirufa.it\/wp-content\/uploads\/2022\/03\/progetti_collettivi_studenti_graphic_design_alex_dan_zaharia.jpg\"  title=\"progetti_collettivi_studenti_graphic_design_alex_dan_zaharia\"><img decoding=\"async\" src=\"https:\/\/www.unirufa.it\/wp-content\/uploads\/2022\/03\/progetti_collettivi_studenti_graphic_design_alex_dan_zaharia-1050x600.jpg\" alt=\"progetti_collettivi_studenti_graphic_design_alex_dan_zaharia\" \/><span class=\"su-slider-slide-title\">progetti_collettivi_studenti_graphic_design_alex_dan_zaharia<\/span><\/a><\/div><div class=\"su-slider-slide\"><a href=\"https:\/\/www.unirufa.it\/wp-content\/uploads\/2022\/03\/progetti_collettivi_studenti_graphic_design_agnese_troncone.jpg\"  title=\"progetti_collettivi_studenti_graphic_design_agnese_troncone\"><img decoding=\"async\" src=\"https:\/\/www.unirufa.it\/wp-content\/uploads\/2022\/03\/progetti_collettivi_studenti_graphic_design_agnese_troncone-1050x600.jpg\" alt=\"progetti_collettivi_studenti_graphic_design_agnese_troncone\" \/><span class=\"su-slider-slide-title\">progetti_collettivi_studenti_graphic_design_agnese_troncone<\/span><\/a><\/div><div class=\"su-slider-slide\"><a href=\"https:\/\/www.unirufa.it\/wp-content\/uploads\/2022\/03\/progetti_collettivi_studenti_graphic_design_afik_shitrit.jpg\"  title=\"progetti_collettivi_studenti_graphic_design_afik_shitrit\"><img decoding=\"async\" src=\"https:\/\/www.unirufa.it\/wp-content\/uploads\/2022\/03\/progetti_collettivi_studenti_graphic_design_afik_shitrit-1050x600.jpg\" alt=\"progetti_collettivi_studenti_graphic_design_afik_shitrit\" \/><span class=\"su-slider-slide-title\">progetti_collettivi_studenti_graphic_design_afik_shitrit<\/span><\/a><\/div><div class=\"su-slider-slide\"><a href=\"https:\/\/www.unirufa.it\/wp-content\/uploads\/2022\/03\/progetti_collettivi_studenti_graphic_design_cristina_tomassi.jpg\"  title=\"progetti_collettivi_studenti_graphic_design_cristina_tomassi\"><img decoding=\"async\" src=\"https:\/\/www.unirufa.it\/wp-content\/uploads\/2022\/03\/progetti_collettivi_studenti_graphic_design_cristina_tomassi-1050x600.jpg\" alt=\"progetti_collettivi_studenti_graphic_design_cristina_tomassi\" \/><span class=\"su-slider-slide-title\">progetti_collettivi_studenti_graphic_design_cristina_tomassi<\/span><\/a><\/div><div class=\"su-slider-slide\"><a href=\"https:\/\/www.unirufa.it\/wp-content\/uploads\/2022\/03\/progetti_collettivi_studenti_graphic_design_sofia_paciotti.jpg\"  title=\"progetti_collettivi_studenti_graphic_design_sofia_paciotti\"><img decoding=\"async\" src=\"https:\/\/www.unirufa.it\/wp-content\/uploads\/2022\/03\/progetti_collettivi_studenti_graphic_design_sofia_paciotti-1050x600.jpg\" alt=\"progetti_collettivi_studenti_graphic_design_sofia_paciotti\" \/><span class=\"su-slider-slide-title\">progetti_collettivi_studenti_graphic_design_sofia_paciotti<\/span><\/a><\/div><div class=\"su-slider-slide\"><a href=\"https:\/\/www.unirufa.it\/wp-content\/uploads\/2022\/03\/progetti_collettivi_studenti_graphic_design_silvia_giannetti.jpg\"  title=\"progetti_collettivi_studenti_graphic_design_silvia_giannetti\"><img decoding=\"async\" src=\"https:\/\/www.unirufa.it\/wp-content\/uploads\/2022\/03\/progetti_collettivi_studenti_graphic_design_silvia_giannetti-1050x600.jpg\" alt=\"progetti_collettivi_studenti_graphic_design_silvia_giannetti\" \/><span class=\"su-slider-slide-title\">progetti_collettivi_studenti_graphic_design_silvia_giannetti<\/span><\/a><\/div><div class=\"su-slider-slide\"><a href=\"https:\/\/www.unirufa.it\/wp-content\/uploads\/2022\/03\/progetti_collettivi_studenti_graphic_design_saverio_tozzi.jpg\"  title=\"progetti_collettivi_studenti_graphic_design_saverio_tozzi\"><img decoding=\"async\" src=\"https:\/\/www.unirufa.it\/wp-content\/uploads\/2022\/03\/progetti_collettivi_studenti_graphic_design_saverio_tozzi-1050x600.jpg\" alt=\"progetti_collettivi_studenti_graphic_design_saverio_tozzi\" \/><span class=\"su-slider-slide-title\">progetti_collettivi_studenti_graphic_design_saverio_tozzi<\/span><\/a><\/div><div class=\"su-slider-slide\"><a href=\"https:\/\/www.unirufa.it\/wp-content\/uploads\/2022\/03\/progetti_collettivi_studenti_graphic_design_saadat_sher_niiaz2.jpg\"  title=\"progetti_collettivi_studenti_graphic_design_saadat_sher_niiaz2\"><img decoding=\"async\" src=\"https:\/\/www.unirufa.it\/wp-content\/uploads\/2022\/03\/progetti_collettivi_studenti_graphic_design_saadat_sher_niiaz2-1050x600.jpg\" alt=\"progetti_collettivi_studenti_graphic_design_saadat_sher_niiaz2\" \/><span class=\"su-slider-slide-title\">progetti_collettivi_studenti_graphic_design_saadat_sher_niiaz2<\/span><\/a><\/div><div class=\"su-slider-slide\"><a href=\"https:\/\/www.unirufa.it\/wp-content\/uploads\/2022\/03\/progetti_collettivi_studenti_graphic_design_raffaele_iannone.jpg\"  title=\"progetti_collettivi_studenti_graphic_design_raffaele_iannone\"><img decoding=\"async\" src=\"https:\/\/www.unirufa.it\/wp-content\/uploads\/2022\/03\/progetti_collettivi_studenti_graphic_design_raffaele_iannone-1050x600.jpg\" alt=\"progetti_collettivi_studenti_graphic_design_raffaele_iannone\" \/><span class=\"su-slider-slide-title\">progetti_collettivi_studenti_graphic_design_raffaele_iannone<\/span><\/a><\/div><div class=\"su-slider-slide\"><a href=\"https:\/\/www.unirufa.it\/wp-content\/uploads\/2022\/03\/progetti_collettivi_studenti_graphic_design_paolo_berardicurti.jpg\"  title=\"progetti_collettivi_studenti_graphic_design_paolo_berardicurti\"><img decoding=\"async\" src=\"https:\/\/www.unirufa.it\/wp-content\/uploads\/2022\/03\/progetti_collettivi_studenti_graphic_design_paolo_berardicurti-1050x600.jpg\" alt=\"progetti_collettivi_studenti_graphic_design_paolo_berardicurti\" \/><span class=\"su-slider-slide-title\">progetti_collettivi_studenti_graphic_design_paolo_berardicurti<\/span><\/a><\/div><div class=\"su-slider-slide\"><a href=\"https:\/\/www.unirufa.it\/wp-content\/uploads\/2022\/03\/progetti_collettivi_studenti_graphic_design_niccolo_di_ferdinando.jpg\"  title=\"progetti_collettivi_studenti_graphic_design_niccolo_di_ferdinando\"><img decoding=\"async\" src=\"https:\/\/www.unirufa.it\/wp-content\/uploads\/2022\/03\/progetti_collettivi_studenti_graphic_design_niccolo_di_ferdinando-1050x600.jpg\" alt=\"progetti_collettivi_studenti_graphic_design_niccolo_di_ferdinando\" \/><span class=\"su-slider-slide-title\">progetti_collettivi_studenti_graphic_design_niccolo_di_ferdinando<\/span><\/a><\/div><div class=\"su-slider-slide\"><a href=\"https:\/\/www.unirufa.it\/wp-content\/uploads\/2022\/03\/progetti_collettivi_studenti_graphic_design_livia_rosati.jpg\"  title=\"progetti_collettivi_studenti_graphic_design_livia_rosati\"><img decoding=\"async\" src=\"https:\/\/www.unirufa.it\/wp-content\/uploads\/2022\/03\/progetti_collettivi_studenti_graphic_design_livia_rosati-1050x600.jpg\" alt=\"progetti_collettivi_studenti_graphic_design_livia_rosati\" \/><span class=\"su-slider-slide-title\">progetti_collettivi_studenti_graphic_design_livia_rosati<\/span><\/a><\/div><div class=\"su-slider-slide\"><a href=\"https:\/\/www.unirufa.it\/wp-content\/uploads\/2022\/03\/progetti_collettivi_studenti_graphic_design_lisa_romanato.jpg\"  title=\"progetti_collettivi_studenti_graphic_design_lisa_romanato\"><img decoding=\"async\" src=\"https:\/\/www.unirufa.it\/wp-content\/uploads\/2022\/03\/progetti_collettivi_studenti_graphic_design_lisa_romanato-1050x600.jpg\" alt=\"progetti_collettivi_studenti_graphic_design_lisa_romanato\" \/><span class=\"su-slider-slide-title\">progetti_collettivi_studenti_graphic_design_lisa_romanato<\/span><\/a><\/div><div class=\"su-slider-slide\"><a href=\"https:\/\/www.unirufa.it\/wp-content\/uploads\/2022\/03\/progetti_collettivi_studenti_graphic_design_ilaria_sanguinetti.jpg\"  title=\"progetti_collettivi_studenti_graphic_design_ilaria_sanguinetti\"><img decoding=\"async\" src=\"https:\/\/www.unirufa.it\/wp-content\/uploads\/2022\/03\/progetti_collettivi_studenti_graphic_design_ilaria_sanguinetti-1050x600.jpg\" alt=\"progetti_collettivi_studenti_graphic_design_ilaria_sanguinetti\" \/><span class=\"su-slider-slide-title\">progetti_collettivi_studenti_graphic_design_ilaria_sanguinetti<\/span><\/a><\/div><div class=\"su-slider-slide\"><a href=\"https:\/\/www.unirufa.it\/wp-content\/uploads\/2022\/03\/progetti_collettivi_studenti_graphic_design_hafsa_islam.jpg\"  title=\"progetti_collettivi_studenti_graphic_design_hafsa_islam\"><img decoding=\"async\" src=\"https:\/\/www.unirufa.it\/wp-content\/uploads\/2022\/03\/progetti_collettivi_studenti_graphic_design_hafsa_islam-1050x600.jpg\" alt=\"progetti_collettivi_studenti_graphic_design_hafsa_islam\" \/><span class=\"su-slider-slide-title\">progetti_collettivi_studenti_graphic_design_hafsa_islam<\/span><\/a><\/div><div class=\"su-slider-slide\"><a href=\"https:\/\/www.unirufa.it\/wp-content\/uploads\/2022\/03\/progetti_collettivi_studenti_graphic_design_giulia_massoni.jpg\"  title=\"progetti_collettivi_studenti_graphic_design_giulia_massoni\"><img decoding=\"async\" src=\"https:\/\/www.unirufa.it\/wp-content\/uploads\/2022\/03\/progetti_collettivi_studenti_graphic_design_giulia_massoni-1050x600.jpg\" alt=\"progetti_collettivi_studenti_graphic_design_giulia_massoni\" \/><span class=\"su-slider-slide-title\">progetti_collettivi_studenti_graphic_design_giulia_massoni<\/span><\/a><\/div><div class=\"su-slider-slide\"><a href=\"https:\/\/www.unirufa.it\/wp-content\/uploads\/2022\/03\/progetti_collettivi_studenti_graphic_design_giulia_iosa.jpg\"  title=\"progetti_collettivi_studenti_graphic_design_giulia_iosa\"><img decoding=\"async\" src=\"https:\/\/www.unirufa.it\/wp-content\/uploads\/2022\/03\/progetti_collettivi_studenti_graphic_design_giulia_iosa-1050x600.jpg\" alt=\"progetti_collettivi_studenti_graphic_design_giulia_iosa\" \/><span class=\"su-slider-slide-title\">progetti_collettivi_studenti_graphic_design_giulia_iosa<\/span><\/a><\/div><div class=\"su-slider-slide\"><a href=\"https:\/\/www.unirufa.it\/wp-content\/uploads\/2022\/03\/progetti_collettivi_studenti_graphic_design_gioia_dinnocenti.jpg\"  title=\"progetti_collettivi_studenti_graphic_design_gioia_d&#8217;innocenti\"><img decoding=\"async\" src=\"https:\/\/www.unirufa.it\/wp-content\/uploads\/2022\/03\/progetti_collettivi_studenti_graphic_design_gioia_dinnocenti-1050x600.jpg\" alt=\"progetti_collettivi_studenti_graphic_design_gioia_d&#8217;innocenti\" \/><span class=\"su-slider-slide-title\">progetti_collettivi_studenti_graphic_design_gioia_d&#8217;innocenti<\/span><\/a><\/div><div class=\"su-slider-slide\"><a href=\"https:\/\/www.unirufa.it\/wp-content\/uploads\/2022\/03\/progetti_collettivi_studenti_graphic_design_gabriele_boccini.jpg\"  title=\"progetti_collettivi_studenti_graphic_design_gabriele_boccini\"><img decoding=\"async\" src=\"https:\/\/www.unirufa.it\/wp-content\/uploads\/2022\/03\/progetti_collettivi_studenti_graphic_design_gabriele_boccini-1050x600.jpg\" alt=\"progetti_collettivi_studenti_graphic_design_gabriele_boccini\" \/><span class=\"su-slider-slide-title\">progetti_collettivi_studenti_graphic_design_gabriele_boccini<\/span><\/a><\/div><div class=\"su-slider-slide\"><a href=\"https:\/\/www.unirufa.it\/wp-content\/uploads\/2022\/03\/progetti_collettivi_studenti_graphic_design_francesca_panetta.jpg\"  title=\"progetti_collettivi_studenti_graphic_design_francesca_panetta\"><img decoding=\"async\" src=\"https:\/\/www.unirufa.it\/wp-content\/uploads\/2022\/03\/progetti_collettivi_studenti_graphic_design_francesca_panetta-1050x600.jpg\" alt=\"progetti_collettivi_studenti_graphic_design_francesca_panetta\" \/><span class=\"su-slider-slide-title\">progetti_collettivi_studenti_graphic_design_francesca_panetta<\/span><\/a><\/div><div class=\"su-slider-slide\"><a href=\"https:\/\/www.unirufa.it\/wp-content\/uploads\/2022\/03\/progetti_collettivi_studenti_graphic_design_flavia_chiappini.jpg\"  title=\"progetti_collettivi_studenti_graphic_design_flavia_chiappini\"><img decoding=\"async\" src=\"https:\/\/www.unirufa.it\/wp-content\/uploads\/2022\/03\/progetti_collettivi_studenti_graphic_design_flavia_chiappini-1050x600.jpg\" alt=\"progetti_collettivi_studenti_graphic_design_flavia_chiappini\" \/><span class=\"su-slider-slide-title\">progetti_collettivi_studenti_graphic_design_flavia_chiappini<\/span><\/a><\/div><div class=\"su-slider-slide\"><a href=\"https:\/\/www.unirufa.it\/wp-content\/uploads\/2022\/03\/progetti_collettivi_studenti_graphic_design_eugenio_poli.jpg\"  title=\"progetti_collettivi_studenti_graphic_design_eugenio_poli\"><img decoding=\"async\" src=\"https:\/\/www.unirufa.it\/wp-content\/uploads\/2022\/03\/progetti_collettivi_studenti_graphic_design_eugenio_poli-1050x600.jpg\" alt=\"progetti_collettivi_studenti_graphic_design_eugenio_poli\" \/><span class=\"su-slider-slide-title\">progetti_collettivi_studenti_graphic_design_eugenio_poli<\/span><\/a><\/div><div class=\"su-slider-slide\"><a href=\"https:\/\/www.unirufa.it\/wp-content\/uploads\/2022\/03\/progetti_collettivi_studenti_graphic_design_elisa_drosi.jpg\"  title=\"progetti_collettivi_studenti_graphic_design_elisa_drosi\"><img decoding=\"async\" src=\"https:\/\/www.unirufa.it\/wp-content\/uploads\/2022\/03\/progetti_collettivi_studenti_graphic_design_elisa_drosi-1050x600.jpg\" alt=\"progetti_collettivi_studenti_graphic_design_elisa_drosi\" \/><span class=\"su-slider-slide-title\">progetti_collettivi_studenti_graphic_design_elisa_drosi<\/span><\/a><\/div><div class=\"su-slider-slide\"><a href=\"https:\/\/www.unirufa.it\/wp-content\/uploads\/2022\/03\/progetti_collettivi_studenti_graphic_design_ilaria_bucci.jpg\"  title=\"progetti_collettivi_studenti_graphic_design_ilaria_bucci\"><img decoding=\"async\" src=\"https:\/\/www.unirufa.it\/wp-content\/uploads\/2022\/03\/progetti_collettivi_studenti_graphic_design_ilaria_bucci-1050x600.jpg\" alt=\"progetti_collettivi_studenti_graphic_design_ilaria_bucci\" \/><span class=\"su-slider-slide-title\">progetti_collettivi_studenti_graphic_design_ilaria_bucci<\/span><\/a><\/div><\/div><div class=\"su-slider-nav\"><div class=\"su-slider-direction\"><span class=\"su-slider-prev\"><\/span><span class=\"su-slider-next\"><\/span><\/div><div class=\"su-slider-pagination\"><\/div><\/div><\/div>\n&nbsp;","protected":false},"excerpt":{"rendered":"<p>El conocimiento de la historia permite a la persona creativa reflexionar sobre el pasado, comprender el presente y trazar un camino futuro. En particular, el estudio de las Artes se convierte en una linfa preciosa para imaginar y crear obras no triviales de impacto est\u00e9tico y valor conceptual. En el curso de \u00abHistoria del Arte&#8230;<\/p>\n","protected":false},"author":47,"featured_media":0,"parent":0,"menu_order":0,"comment_status":"closed","ping_status":"closed","template":"","meta":{"content-type":"","footnotes":""},"class_list":["post-66491","page","type-page","status-publish","hentry"],"yoast_head":"<!-- This site is optimized with the Yoast SEO plugin v24.2 - https:\/\/yoast.com\/wordpress\/plugins\/seo\/ -->\n<title>Vanguardias revisitadas - RUFA - Rome University of Fine Arts<\/title>\n<meta name=\"robots\" content=\"index, follow, max-snippet:-1, max-image-preview:large, max-video-preview:-1\" \/>\n<link rel=\"canonical\" href=\"https:\/\/www.unirufa.it\/avanguardie-rivisitate\/\" \/>\n<meta property=\"og:locale\" content=\"es_ES\" \/>\n<meta property=\"og:type\" content=\"article\" \/>\n<meta property=\"og:title\" content=\"Vanguardias revisitadas - RUFA - Rome University of Fine Arts\" \/>\n<meta property=\"og:description\" content=\"El conocimiento de la historia permite a la persona creativa reflexionar sobre el pasado, comprender el presente y trazar un camino futuro. En particular, el estudio de las Artes se convierte en una linfa preciosa para imaginar y crear obras no triviales de impacto est\u00e9tico y valor conceptual. En el curso de \u00abHistoria del Arte...\" \/>\n<meta property=\"og:url\" content=\"https:\/\/www.unirufa.it\/avanguardie-rivisitate\/\" \/>\n<meta property=\"og:site_name\" content=\"RUFA - Rome University of Fine Arts\" \/>\n<meta property=\"og:image\" content=\"https:\/\/www.unirufa.it\/wp-content\/uploads\/2017\/11\/logo-rufa-2016.png\" \/>\n\t<meta property=\"og:image:width\" content=\"230\" \/>\n\t<meta property=\"og:image:height\" content=\"149\" \/>\n\t<meta property=\"og:image:type\" content=\"image\/png\" \/>\n<meta name=\"twitter:label1\" content=\"Tiempo de lectura\" \/>\n\t<meta name=\"twitter:data1\" content=\"3 minutos\" \/>\n<script type=\"application\/ld+json\" class=\"yoast-schema-graph\">{\"@context\":\"https:\/\/schema.org\",\"@graph\":[{\"@type\":\"WebPage\",\"@id\":\"https:\/\/www.unirufa.it\/avanguardie-rivisitate\/\",\"url\":\"https:\/\/www.unirufa.it\/avanguardie-rivisitate\/\",\"name\":\"Vanguardias revisitadas - RUFA - Rome University of Fine Arts\",\"isPartOf\":{\"@id\":\"https:\/\/www.unirufa.it\/#website\"},\"datePublished\":\"2022-03-23T12:56:06+00:00\",\"dateModified\":\"2022-03-23T12:56:06+00:00\",\"breadcrumb\":{\"@id\":\"https:\/\/www.unirufa.it\/avanguardie-rivisitate\/#breadcrumb\"},\"inLanguage\":\"es\",\"potentialAction\":[{\"@type\":\"ReadAction\",\"target\":[\"https:\/\/www.unirufa.it\/avanguardie-rivisitate\/\"]}]},{\"@type\":\"BreadcrumbList\",\"@id\":\"https:\/\/www.unirufa.it\/avanguardie-rivisitate\/#breadcrumb\",\"itemListElement\":[{\"@type\":\"ListItem\",\"position\":1,\"name\":\"Home\",\"item\":\"https:\/\/www.unirufa.it\/\"},{\"@type\":\"ListItem\",\"position\":2,\"name\":\"Avanguardie rivisitate\"}]},{\"@type\":\"WebSite\",\"@id\":\"https:\/\/www.unirufa.it\/#website\",\"url\":\"https:\/\/www.unirufa.it\/\",\"name\":\"RUFA - Rome University of Fine Arts\",\"description\":\"\",\"potentialAction\":[{\"@type\":\"SearchAction\",\"target\":{\"@type\":\"EntryPoint\",\"urlTemplate\":\"https:\/\/www.unirufa.it\/?s={search_term_string}\"},\"query-input\":{\"@type\":\"PropertyValueSpecification\",\"valueRequired\":true,\"valueName\":\"search_term_string\"}}],\"inLanguage\":\"es\"}]}<\/script>\n<!-- \/ Yoast SEO plugin. -->","yoast_head_json":{"title":"Vanguardias revisitadas - RUFA - Rome University of Fine Arts","robots":{"index":"index","follow":"follow","max-snippet":"max-snippet:-1","max-image-preview":"max-image-preview:large","max-video-preview":"max-video-preview:-1"},"canonical":"https:\/\/www.unirufa.it\/avanguardie-rivisitate\/","og_locale":"es_ES","og_type":"article","og_title":"Vanguardias revisitadas - RUFA - Rome University of Fine Arts","og_description":"El conocimiento de la historia permite a la persona creativa reflexionar sobre el pasado, comprender el presente y trazar un camino futuro. En particular, el estudio de las Artes se convierte en una linfa preciosa para imaginar y crear obras no triviales de impacto est\u00e9tico y valor conceptual. En el curso de \u00abHistoria del Arte...","og_url":"https:\/\/www.unirufa.it\/avanguardie-rivisitate\/","og_site_name":"RUFA - Rome University of Fine Arts","og_image":[{"width":230,"height":149,"url":"https:\/\/www.unirufa.it\/wp-content\/uploads\/2017\/11\/logo-rufa-2016.png","type":"image\/png"}],"twitter_misc":{"Tiempo de lectura":"3 minutos"},"schema":{"@context":"https:\/\/schema.org","@graph":[{"@type":"WebPage","@id":"https:\/\/www.unirufa.it\/avanguardie-rivisitate\/","url":"https:\/\/www.unirufa.it\/avanguardie-rivisitate\/","name":"Vanguardias revisitadas - RUFA - Rome University of Fine Arts","isPartOf":{"@id":"https:\/\/www.unirufa.it\/#website"},"datePublished":"2022-03-23T12:56:06+00:00","dateModified":"2022-03-23T12:56:06+00:00","breadcrumb":{"@id":"https:\/\/www.unirufa.it\/avanguardie-rivisitate\/#breadcrumb"},"inLanguage":"es","potentialAction":[{"@type":"ReadAction","target":["https:\/\/www.unirufa.it\/avanguardie-rivisitate\/"]}]},{"@type":"BreadcrumbList","@id":"https:\/\/www.unirufa.it\/avanguardie-rivisitate\/#breadcrumb","itemListElement":[{"@type":"ListItem","position":1,"name":"Home","item":"https:\/\/www.unirufa.it\/"},{"@type":"ListItem","position":2,"name":"Avanguardie rivisitate"}]},{"@type":"WebSite","@id":"https:\/\/www.unirufa.it\/#website","url":"https:\/\/www.unirufa.it\/","name":"RUFA - Rome University of Fine Arts","description":"","potentialAction":[{"@type":"SearchAction","target":{"@type":"EntryPoint","urlTemplate":"https:\/\/www.unirufa.it\/?s={search_term_string}"},"query-input":{"@type":"PropertyValueSpecification","valueRequired":true,"valueName":"search_term_string"}}],"inLanguage":"es"}]}},"_links":{"self":[{"href":"https:\/\/www.unirufa.it\/es\/wp-json\/wp\/v2\/pages\/66491","targetHints":{"allow":["GET"]}}],"collection":[{"href":"https:\/\/www.unirufa.it\/es\/wp-json\/wp\/v2\/pages"}],"about":[{"href":"https:\/\/www.unirufa.it\/es\/wp-json\/wp\/v2\/types\/page"}],"author":[{"embeddable":true,"href":"https:\/\/www.unirufa.it\/es\/wp-json\/wp\/v2\/users\/47"}],"replies":[{"embeddable":true,"href":"https:\/\/www.unirufa.it\/es\/wp-json\/wp\/v2\/comments?post=66491"}],"version-history":[{"count":15,"href":"https:\/\/www.unirufa.it\/es\/wp-json\/wp\/v2\/pages\/66491\/revisions"}],"predecessor-version":[{"id":66679,"href":"https:\/\/www.unirufa.it\/es\/wp-json\/wp\/v2\/pages\/66491\/revisions\/66679"}],"wp:attachment":[{"href":"https:\/\/www.unirufa.it\/es\/wp-json\/wp\/v2\/media?parent=66491"}],"curies":[{"name":"wp","href":"https:\/\/api.w.org\/{rel}","templated":true}]}}