


{"id":66559,"date":"2022-03-28T15:29:33","date_gmt":"2022-03-28T13:29:33","guid":{"rendered":"https:\/\/www.unirufa.it\/?page_id=66559"},"modified":"2023-04-12T12:47:33","modified_gmt":"2023-04-12T10:47:33","slug":"mezzo-magazine","status":"publish","type":"page","link":"https:\/\/www.unirufa.it\/es\/mezzo-magazine\/","title":{"rendered":"MEZZO Magazine"},"content":{"rendered":"<p class=\"qtranxs-available-languages-message qtranxs-available-languages-message-es\">Disculpa, pero esta entrada est\u00e1 disponible s\u00f3lo en <a href=\"https:\/\/www.unirufa.it\/it\/wp-json\/wp\/v2\/pages\/66559\" class=\"qtranxs-available-language-link qtranxs-available-language-link-it\" title=\"IT\">IT<\/a> y <a href=\"https:\/\/www.unirufa.it\/en\/wp-json\/wp\/v2\/pages\/66559\" class=\"qtranxs-available-language-link qtranxs-available-language-link-en\" title=\"EN\">EN<\/a>.<\/p><div class=\"su-image-carousel  su-image-carousel-has-spacing su-image-carousel-adaptive su-image-carousel-slides-style-minimal su-image-carousel-controls-style-light su-image-carousel-align-center\" style=\"\" data-flickity-options='{\"groupCells\":true,\"cellSelector\":\".su-image-carousel-item\",\"adaptiveHeight\":true,\"cellAlign\":\"left\",\"prevNextButtons\":true,\"pageDots\":false,\"autoPlay\":5000,\"imagesLoaded\":true,\"contain\":false,\"selectedAttraction\":0.025,\"friction\":0.28}' id=\"su_image_carousel_69dd40da6c57a\"><div class=\"su-image-carousel-item\"><div class=\"su-image-carousel-item-content\"><a href=\"https:\/\/www.unirufa.it\/wp-content\/uploads\/2023\/04\/MEZZO_01_photoshoot_13.jpg\" target=\"_blank\" rel=\"noopener noreferrer\" data-caption=\"\"><img loading=\"lazy\" decoding=\"async\" width=\"1050\" height=\"600\" src=\"https:\/\/www.unirufa.it\/wp-content\/uploads\/2023\/04\/MEZZO_01_photoshoot_13.jpg\" class=\"\" alt=\"\" srcset=\"https:\/\/www.unirufa.it\/wp-content\/uploads\/2023\/04\/MEZZO_01_photoshoot_13.jpg 1050w, https:\/\/www.unirufa.it\/wp-content\/uploads\/2023\/04\/MEZZO_01_photoshoot_13-300x171.jpg 300w, https:\/\/www.unirufa.it\/wp-content\/uploads\/2023\/04\/MEZZO_01_photoshoot_13-1024x585.jpg 1024w, https:\/\/www.unirufa.it\/wp-content\/uploads\/2023\/04\/MEZZO_01_photoshoot_13-768x439.jpg 768w\" sizes=\"auto, (max-width: 1050px) 100vw, 1050px\" \/><\/a><\/div><\/div><div class=\"su-image-carousel-item\"><div class=\"su-image-carousel-item-content\"><a href=\"https:\/\/www.unirufa.it\/wp-content\/uploads\/2023\/04\/MEZZO_01_photoshoot_11.jpg\" target=\"_blank\" rel=\"noopener noreferrer\" data-caption=\"\"><img loading=\"lazy\" decoding=\"async\" width=\"1050\" height=\"600\" src=\"https:\/\/www.unirufa.it\/wp-content\/uploads\/2023\/04\/MEZZO_01_photoshoot_11.jpg\" class=\"\" alt=\"\" srcset=\"https:\/\/www.unirufa.it\/wp-content\/uploads\/2023\/04\/MEZZO_01_photoshoot_11.jpg 1050w, https:\/\/www.unirufa.it\/wp-content\/uploads\/2023\/04\/MEZZO_01_photoshoot_11-300x171.jpg 300w, https:\/\/www.unirufa.it\/wp-content\/uploads\/2023\/04\/MEZZO_01_photoshoot_11-1024x585.jpg 1024w, https:\/\/www.unirufa.it\/wp-content\/uploads\/2023\/04\/MEZZO_01_photoshoot_11-768x439.jpg 768w\" sizes=\"auto, (max-width: 1050px) 100vw, 1050px\" \/><\/a><\/div><\/div><div class=\"su-image-carousel-item\"><div class=\"su-image-carousel-item-content\"><a href=\"https:\/\/www.unirufa.it\/wp-content\/uploads\/2023\/04\/MEZZO_01_photoshoot_9.jpg\" target=\"_blank\" rel=\"noopener noreferrer\" data-caption=\"\"><img loading=\"lazy\" decoding=\"async\" width=\"1050\" height=\"600\" src=\"https:\/\/www.unirufa.it\/wp-content\/uploads\/2023\/04\/MEZZO_01_photoshoot_9.jpg\" class=\"\" alt=\"\" srcset=\"https:\/\/www.unirufa.it\/wp-content\/uploads\/2023\/04\/MEZZO_01_photoshoot_9.jpg 1050w, https:\/\/www.unirufa.it\/wp-content\/uploads\/2023\/04\/MEZZO_01_photoshoot_9-300x171.jpg 300w, https:\/\/www.unirufa.it\/wp-content\/uploads\/2023\/04\/MEZZO_01_photoshoot_9-1024x585.jpg 1024w, https:\/\/www.unirufa.it\/wp-content\/uploads\/2023\/04\/MEZZO_01_photoshoot_9-768x439.jpg 768w\" sizes=\"auto, (max-width: 1050px) 100vw, 1050px\" \/><\/a><\/div><\/div><div class=\"su-image-carousel-item\"><div class=\"su-image-carousel-item-content\"><a href=\"https:\/\/www.unirufa.it\/wp-content\/uploads\/2023\/04\/MEZZO_01_photoshoot_12.jpg\" target=\"_blank\" rel=\"noopener noreferrer\" data-caption=\"\"><img loading=\"lazy\" decoding=\"async\" width=\"1050\" height=\"600\" src=\"https:\/\/www.unirufa.it\/wp-content\/uploads\/2023\/04\/MEZZO_01_photoshoot_12.jpg\" class=\"\" alt=\"\" srcset=\"https:\/\/www.unirufa.it\/wp-content\/uploads\/2023\/04\/MEZZO_01_photoshoot_12.jpg 1050w, https:\/\/www.unirufa.it\/wp-content\/uploads\/2023\/04\/MEZZO_01_photoshoot_12-300x171.jpg 300w, https:\/\/www.unirufa.it\/wp-content\/uploads\/2023\/04\/MEZZO_01_photoshoot_12-1024x585.jpg 1024w, https:\/\/www.unirufa.it\/wp-content\/uploads\/2023\/04\/MEZZO_01_photoshoot_12-768x439.jpg 768w\" sizes=\"auto, (max-width: 1050px) 100vw, 1050px\" \/><\/a><\/div><\/div><div class=\"su-image-carousel-item\"><div class=\"su-image-carousel-item-content\"><a href=\"https:\/\/www.unirufa.it\/wp-content\/uploads\/2023\/04\/MEZZO_01_photoshoot_8.jpg\" target=\"_blank\" rel=\"noopener noreferrer\" data-caption=\"\"><img loading=\"lazy\" decoding=\"async\" width=\"1050\" height=\"600\" src=\"https:\/\/www.unirufa.it\/wp-content\/uploads\/2023\/04\/MEZZO_01_photoshoot_8.jpg\" class=\"\" alt=\"\" srcset=\"https:\/\/www.unirufa.it\/wp-content\/uploads\/2023\/04\/MEZZO_01_photoshoot_8.jpg 1050w, https:\/\/www.unirufa.it\/wp-content\/uploads\/2023\/04\/MEZZO_01_photoshoot_8-300x171.jpg 300w, https:\/\/www.unirufa.it\/wp-content\/uploads\/2023\/04\/MEZZO_01_photoshoot_8-1024x585.jpg 1024w, https:\/\/www.unirufa.it\/wp-content\/uploads\/2023\/04\/MEZZO_01_photoshoot_8-768x439.jpg 768w\" sizes=\"auto, (max-width: 1050px) 100vw, 1050px\" \/><\/a><\/div><\/div><div class=\"su-image-carousel-item\"><div class=\"su-image-carousel-item-content\"><a href=\"https:\/\/www.unirufa.it\/wp-content\/uploads\/2023\/04\/MEZZO_01_photoshoot_7.jpg\" target=\"_blank\" rel=\"noopener noreferrer\" data-caption=\"\"><img loading=\"lazy\" decoding=\"async\" width=\"1050\" height=\"600\" src=\"https:\/\/www.unirufa.it\/wp-content\/uploads\/2023\/04\/MEZZO_01_photoshoot_7.jpg\" class=\"\" alt=\"\" srcset=\"https:\/\/www.unirufa.it\/wp-content\/uploads\/2023\/04\/MEZZO_01_photoshoot_7.jpg 1050w, https:\/\/www.unirufa.it\/wp-content\/uploads\/2023\/04\/MEZZO_01_photoshoot_7-300x171.jpg 300w, https:\/\/www.unirufa.it\/wp-content\/uploads\/2023\/04\/MEZZO_01_photoshoot_7-1024x585.jpg 1024w, https:\/\/www.unirufa.it\/wp-content\/uploads\/2023\/04\/MEZZO_01_photoshoot_7-768x439.jpg 768w\" sizes=\"auto, (max-width: 1050px) 100vw, 1050px\" \/><\/a><\/div><\/div><div class=\"su-image-carousel-item\"><div class=\"su-image-carousel-item-content\"><a href=\"https:\/\/www.unirufa.it\/wp-content\/uploads\/2023\/04\/MEZZO_01_photoshoot_6.jpg\" target=\"_blank\" rel=\"noopener noreferrer\" data-caption=\"\"><img loading=\"lazy\" decoding=\"async\" width=\"1050\" height=\"600\" src=\"https:\/\/www.unirufa.it\/wp-content\/uploads\/2023\/04\/MEZZO_01_photoshoot_6.jpg\" class=\"\" alt=\"\" srcset=\"https:\/\/www.unirufa.it\/wp-content\/uploads\/2023\/04\/MEZZO_01_photoshoot_6.jpg 1050w, https:\/\/www.unirufa.it\/wp-content\/uploads\/2023\/04\/MEZZO_01_photoshoot_6-300x171.jpg 300w, https:\/\/www.unirufa.it\/wp-content\/uploads\/2023\/04\/MEZZO_01_photoshoot_6-1024x585.jpg 1024w, https:\/\/www.unirufa.it\/wp-content\/uploads\/2023\/04\/MEZZO_01_photoshoot_6-768x439.jpg 768w\" sizes=\"auto, (max-width: 1050px) 100vw, 1050px\" \/><\/a><\/div><\/div><div class=\"su-image-carousel-item\"><div class=\"su-image-carousel-item-content\"><a href=\"https:\/\/www.unirufa.it\/wp-content\/uploads\/2023\/04\/MEZZO_01_photoshoot_3.jpg\" target=\"_blank\" rel=\"noopener noreferrer\" data-caption=\"\"><img loading=\"lazy\" decoding=\"async\" width=\"1050\" height=\"600\" src=\"https:\/\/www.unirufa.it\/wp-content\/uploads\/2023\/04\/MEZZO_01_photoshoot_3.jpg\" class=\"\" alt=\"\" srcset=\"https:\/\/www.unirufa.it\/wp-content\/uploads\/2023\/04\/MEZZO_01_photoshoot_3.jpg 1050w, https:\/\/www.unirufa.it\/wp-content\/uploads\/2023\/04\/MEZZO_01_photoshoot_3-300x171.jpg 300w, https:\/\/www.unirufa.it\/wp-content\/uploads\/2023\/04\/MEZZO_01_photoshoot_3-1024x585.jpg 1024w, https:\/\/www.unirufa.it\/wp-content\/uploads\/2023\/04\/MEZZO_01_photoshoot_3-768x439.jpg 768w\" sizes=\"auto, (max-width: 1050px) 100vw, 1050px\" \/><\/a><\/div><\/div><div class=\"su-image-carousel-item\"><div class=\"su-image-carousel-item-content\"><a href=\"https:\/\/www.unirufa.it\/wp-content\/uploads\/2023\/04\/MEZZO_01_photoshoot_1.jpg\" target=\"_blank\" rel=\"noopener noreferrer\" data-caption=\"\"><img loading=\"lazy\" decoding=\"async\" width=\"1050\" height=\"600\" src=\"https:\/\/www.unirufa.it\/wp-content\/uploads\/2023\/04\/MEZZO_01_photoshoot_1.jpg\" class=\"\" alt=\"\" srcset=\"https:\/\/www.unirufa.it\/wp-content\/uploads\/2023\/04\/MEZZO_01_photoshoot_1.jpg 1050w, https:\/\/www.unirufa.it\/wp-content\/uploads\/2023\/04\/MEZZO_01_photoshoot_1-300x171.jpg 300w, https:\/\/www.unirufa.it\/wp-content\/uploads\/2023\/04\/MEZZO_01_photoshoot_1-1024x585.jpg 1024w, https:\/\/www.unirufa.it\/wp-content\/uploads\/2023\/04\/MEZZO_01_photoshoot_1-768x439.jpg 768w\" sizes=\"auto, (max-width: 1050px) 100vw, 1050px\" \/><\/a><\/div><\/div><div class=\"su-image-carousel-item\"><div class=\"su-image-carousel-item-content\"><a href=\"https:\/\/www.unirufa.it\/wp-content\/uploads\/2023\/04\/MEZZO_01_photoshoot_2.jpg\" target=\"_blank\" rel=\"noopener noreferrer\" data-caption=\"\"><img loading=\"lazy\" decoding=\"async\" width=\"1050\" height=\"600\" src=\"https:\/\/www.unirufa.it\/wp-content\/uploads\/2023\/04\/MEZZO_01_photoshoot_2.jpg\" class=\"\" alt=\"\" srcset=\"https:\/\/www.unirufa.it\/wp-content\/uploads\/2023\/04\/MEZZO_01_photoshoot_2.jpg 1050w, https:\/\/www.unirufa.it\/wp-content\/uploads\/2023\/04\/MEZZO_01_photoshoot_2-300x171.jpg 300w, https:\/\/www.unirufa.it\/wp-content\/uploads\/2023\/04\/MEZZO_01_photoshoot_2-1024x585.jpg 1024w, https:\/\/www.unirufa.it\/wp-content\/uploads\/2023\/04\/MEZZO_01_photoshoot_2-768x439.jpg 768w\" sizes=\"auto, (max-width: 1050px) 100vw, 1050px\" \/><\/a><\/div><\/div><div class=\"su-image-carousel-item\"><div class=\"su-image-carousel-item-content\"><a href=\"https:\/\/www.unirufa.it\/wp-content\/uploads\/2023\/04\/MEZZO_01_photoshoot_4.jpg\" target=\"_blank\" rel=\"noopener noreferrer\" data-caption=\"\"><img loading=\"lazy\" decoding=\"async\" width=\"1050\" height=\"600\" src=\"https:\/\/www.unirufa.it\/wp-content\/uploads\/2023\/04\/MEZZO_01_photoshoot_4.jpg\" class=\"\" alt=\"\" srcset=\"https:\/\/www.unirufa.it\/wp-content\/uploads\/2023\/04\/MEZZO_01_photoshoot_4.jpg 1050w, https:\/\/www.unirufa.it\/wp-content\/uploads\/2023\/04\/MEZZO_01_photoshoot_4-300x171.jpg 300w, https:\/\/www.unirufa.it\/wp-content\/uploads\/2023\/04\/MEZZO_01_photoshoot_4-1024x585.jpg 1024w, https:\/\/www.unirufa.it\/wp-content\/uploads\/2023\/04\/MEZZO_01_photoshoot_4-768x439.jpg 768w\" sizes=\"auto, (max-width: 1050px) 100vw, 1050px\" \/><\/a><\/div><\/div><div class=\"su-image-carousel-item\"><div class=\"su-image-carousel-item-content\"><a href=\"https:\/\/www.unirufa.it\/wp-content\/uploads\/2023\/04\/MEZZO_01_photoshoot_5.jpg\" target=\"_blank\" rel=\"noopener noreferrer\" data-caption=\"\"><img loading=\"lazy\" decoding=\"async\" width=\"1050\" height=\"600\" src=\"https:\/\/www.unirufa.it\/wp-content\/uploads\/2023\/04\/MEZZO_01_photoshoot_5.jpg\" class=\"\" alt=\"\" srcset=\"https:\/\/www.unirufa.it\/wp-content\/uploads\/2023\/04\/MEZZO_01_photoshoot_5.jpg 1050w, https:\/\/www.unirufa.it\/wp-content\/uploads\/2023\/04\/MEZZO_01_photoshoot_5-300x171.jpg 300w, https:\/\/www.unirufa.it\/wp-content\/uploads\/2023\/04\/MEZZO_01_photoshoot_5-1024x585.jpg 1024w, https:\/\/www.unirufa.it\/wp-content\/uploads\/2023\/04\/MEZZO_01_photoshoot_5-768x439.jpg 768w\" sizes=\"auto, (max-width: 1050px) 100vw, 1050px\" \/><\/a><\/div><\/div><\/div><script id=\"su_image_carousel_69dd40da6c57a_script\">if(window.SUImageCarousel){setTimeout(function() {window.SUImageCarousel.initGallery(document.getElementById(\"su_image_carousel_69dd40da6c57a\"))}, 0);}var su_image_carousel_69dd40da6c57a_script=document.getElementById(\"su_image_carousel_69dd40da6c57a_script\");if(su_image_carousel_69dd40da6c57a_script){su_image_carousel_69dd40da6c57a_script.parentNode.removeChild(su_image_carousel_69dd40da6c57a_script);}<\/script>\n<p>Mezzo \u00e8 il giornale degli studenti del corso di Graphic Design. Con uscita semestrale, racconta per immagini i progetti sviluppati da studenti e docenti. Si presenta come un\u2019istantanea editoriale del work in progress delle attivit\u00e0 del triennio, con lo scopo di favorire la curiosit\u00e0 e la conoscenza delle attivit\u00e0 delle varie discipline e di contribuire alla contaminazione e alla crescita della community dei grafici RUFA negli anni.<br \/>\n&nbsp;<br \/>\n<a class=\"download-btn full\" href=\"https:\/\/www.unirufa.it\/wp-content\/uploads\/2022\/04\/MEZZO_00.pdf\" target=\"_blank\" rel=\"noopener noreferrer\">Sfoglia.00<\/a><\/p>\n<div class=\"col-12\" style=\"padding-left:0\">\n<p><a class=\"download-btn full\" href=\"https:\/\/www.unirufa.it\/wp-content\/uploads\/2023\/04\/MEZZO_01.pdf\" target=\"_blank\" rel=\"noopener noreferrer\">Sfoglia.01<\/a><\/p>\n<div class=\"col-12\" style=\"padding-left:0\">\n<div class=\"col-md-5\" style=\"padding-left:0\">\n<h4>ISSUE 00<\/h4>\n<p>Virginia Boi, Giulia Fassio, Gabriele Dario Mondini\n<\/p><\/div>\n<div class=\"col-md-5\" style=\"padding-left:0\">\n<h4>ISSUE 01<\/h4>\n<p>Claudia Fracassi, Lisa Romanato\n<\/p><\/div>\n<\/div>\n<p>&nbsp;<br \/>\n&nbsp;","protected":false},"excerpt":{"rendered":"<p>Disculpa, pero esta entrada est\u00e1 disponible s\u00f3lo en IT y EN.Mezzo \u00e8 il giornale degli studenti del corso di Graphic Design. Con uscita semestrale, racconta per immagini i progetti sviluppati da studenti e docenti. Si presenta come un\u2019istantanea editoriale del work in progress delle attivit\u00e0 del triennio, con lo scopo di favorire la curiosit\u00e0 e&#8230;<\/p>\n","protected":false},"author":47,"featured_media":0,"parent":0,"menu_order":0,"comment_status":"closed","ping_status":"closed","template":"","meta":{"content-type":"","footnotes":""},"class_list":["post-66559","page","type-page","status-publish","hentry"],"yoast_head":"<!-- This site is optimized with the Yoast SEO plugin v24.2 - https:\/\/yoast.com\/wordpress\/plugins\/seo\/ -->\n<title>MEZZO Magazine - RUFA - Rome University of Fine Arts<\/title>\n<meta name=\"robots\" content=\"index, follow, max-snippet:-1, max-image-preview:large, max-video-preview:-1\" \/>\n<link rel=\"canonical\" href=\"https:\/\/www.unirufa.it\/mezzo-magazine\/\" \/>\n<meta property=\"og:locale\" content=\"es_ES\" \/>\n<meta property=\"og:type\" content=\"article\" \/>\n<meta property=\"og:title\" content=\"MEZZO Magazine - RUFA - Rome University of Fine Arts\" \/>\n<meta property=\"og:description\" content=\"Disculpa, pero esta entrada est\u00e1 disponible s\u00f3lo en IT y EN.Mezzo \u00e8 il giornale degli studenti del corso di Graphic Design. Con uscita semestrale, racconta per immagini i progetti sviluppati da studenti e docenti. Si presenta come un\u2019istantanea editoriale del work in progress delle attivit\u00e0 del triennio, con lo scopo di favorire la curiosit\u00e0 e...\" \/>\n<meta property=\"og:url\" content=\"https:\/\/www.unirufa.it\/mezzo-magazine\/\" \/>\n<meta property=\"og:site_name\" content=\"RUFA - Rome University of Fine Arts\" \/>\n<meta property=\"article:modified_time\" content=\"2023-04-12T10:47:33+00:00\" \/>\n<meta property=\"og:image\" content=\"https:\/\/www.unirufa.it\/wp-content\/uploads\/2017\/11\/logo-rufa-2016.png\" \/>\n\t<meta property=\"og:image:width\" content=\"230\" \/>\n\t<meta property=\"og:image:height\" content=\"149\" \/>\n\t<meta property=\"og:image:type\" content=\"image\/png\" \/>\n<meta name=\"twitter:label1\" content=\"Tiempo de lectura\" \/>\n\t<meta name=\"twitter:data1\" content=\"1 minuto\" \/>\n<script type=\"application\/ld+json\" class=\"yoast-schema-graph\">{\"@context\":\"https:\/\/schema.org\",\"@graph\":[{\"@type\":\"WebPage\",\"@id\":\"https:\/\/www.unirufa.it\/mezzo-magazine\/\",\"url\":\"https:\/\/www.unirufa.it\/mezzo-magazine\/\",\"name\":\"MEZZO Magazine - RUFA - Rome University of Fine Arts\",\"isPartOf\":{\"@id\":\"https:\/\/www.unirufa.it\/#website\"},\"datePublished\":\"2022-03-28T13:29:33+00:00\",\"dateModified\":\"2023-04-12T10:47:33+00:00\",\"breadcrumb\":{\"@id\":\"https:\/\/www.unirufa.it\/mezzo-magazine\/#breadcrumb\"},\"inLanguage\":\"es\",\"potentialAction\":[{\"@type\":\"ReadAction\",\"target\":[\"https:\/\/www.unirufa.it\/mezzo-magazine\/\"]}]},{\"@type\":\"BreadcrumbList\",\"@id\":\"https:\/\/www.unirufa.it\/mezzo-magazine\/#breadcrumb\",\"itemListElement\":[{\"@type\":\"ListItem\",\"position\":1,\"name\":\"Home\",\"item\":\"https:\/\/www.unirufa.it\/\"},{\"@type\":\"ListItem\",\"position\":2,\"name\":\"MEZZO Magazine\"}]},{\"@type\":\"WebSite\",\"@id\":\"https:\/\/www.unirufa.it\/#website\",\"url\":\"https:\/\/www.unirufa.it\/\",\"name\":\"RUFA - Rome University of Fine Arts\",\"description\":\"\",\"potentialAction\":[{\"@type\":\"SearchAction\",\"target\":{\"@type\":\"EntryPoint\",\"urlTemplate\":\"https:\/\/www.unirufa.it\/?s={search_term_string}\"},\"query-input\":{\"@type\":\"PropertyValueSpecification\",\"valueRequired\":true,\"valueName\":\"search_term_string\"}}],\"inLanguage\":\"es\"}]}<\/script>\n<!-- \/ Yoast SEO plugin. -->","yoast_head_json":{"title":"MEZZO Magazine - RUFA - Rome University of Fine Arts","robots":{"index":"index","follow":"follow","max-snippet":"max-snippet:-1","max-image-preview":"max-image-preview:large","max-video-preview":"max-video-preview:-1"},"canonical":"https:\/\/www.unirufa.it\/mezzo-magazine\/","og_locale":"es_ES","og_type":"article","og_title":"MEZZO Magazine - RUFA - Rome University of Fine Arts","og_description":"Disculpa, pero esta entrada est\u00e1 disponible s\u00f3lo en IT y EN.Mezzo \u00e8 il giornale degli studenti del corso di Graphic Design. Con uscita semestrale, racconta per immagini i progetti sviluppati da studenti e docenti. Si presenta come un\u2019istantanea editoriale del work in progress delle attivit\u00e0 del triennio, con lo scopo di favorire la curiosit\u00e0 e...","og_url":"https:\/\/www.unirufa.it\/mezzo-magazine\/","og_site_name":"RUFA - Rome University of Fine Arts","article_modified_time":"2023-04-12T10:47:33+00:00","og_image":[{"width":230,"height":149,"url":"https:\/\/www.unirufa.it\/wp-content\/uploads\/2017\/11\/logo-rufa-2016.png","type":"image\/png"}],"twitter_misc":{"Tiempo de lectura":"1 minuto"},"schema":{"@context":"https:\/\/schema.org","@graph":[{"@type":"WebPage","@id":"https:\/\/www.unirufa.it\/mezzo-magazine\/","url":"https:\/\/www.unirufa.it\/mezzo-magazine\/","name":"MEZZO Magazine - RUFA - Rome University of Fine Arts","isPartOf":{"@id":"https:\/\/www.unirufa.it\/#website"},"datePublished":"2022-03-28T13:29:33+00:00","dateModified":"2023-04-12T10:47:33+00:00","breadcrumb":{"@id":"https:\/\/www.unirufa.it\/mezzo-magazine\/#breadcrumb"},"inLanguage":"es","potentialAction":[{"@type":"ReadAction","target":["https:\/\/www.unirufa.it\/mezzo-magazine\/"]}]},{"@type":"BreadcrumbList","@id":"https:\/\/www.unirufa.it\/mezzo-magazine\/#breadcrumb","itemListElement":[{"@type":"ListItem","position":1,"name":"Home","item":"https:\/\/www.unirufa.it\/"},{"@type":"ListItem","position":2,"name":"MEZZO Magazine"}]},{"@type":"WebSite","@id":"https:\/\/www.unirufa.it\/#website","url":"https:\/\/www.unirufa.it\/","name":"RUFA - Rome University of Fine Arts","description":"","potentialAction":[{"@type":"SearchAction","target":{"@type":"EntryPoint","urlTemplate":"https:\/\/www.unirufa.it\/?s={search_term_string}"},"query-input":{"@type":"PropertyValueSpecification","valueRequired":true,"valueName":"search_term_string"}}],"inLanguage":"es"}]}},"_links":{"self":[{"href":"https:\/\/www.unirufa.it\/es\/wp-json\/wp\/v2\/pages\/66559","targetHints":{"allow":["GET"]}}],"collection":[{"href":"https:\/\/www.unirufa.it\/es\/wp-json\/wp\/v2\/pages"}],"about":[{"href":"https:\/\/www.unirufa.it\/es\/wp-json\/wp\/v2\/types\/page"}],"author":[{"embeddable":true,"href":"https:\/\/www.unirufa.it\/es\/wp-json\/wp\/v2\/users\/47"}],"replies":[{"embeddable":true,"href":"https:\/\/www.unirufa.it\/es\/wp-json\/wp\/v2\/comments?post=66559"}],"version-history":[{"count":49,"href":"https:\/\/www.unirufa.it\/es\/wp-json\/wp\/v2\/pages\/66559\/revisions"}],"predecessor-version":[{"id":99180,"href":"https:\/\/www.unirufa.it\/es\/wp-json\/wp\/v2\/pages\/66559\/revisions\/99180"}],"wp:attachment":[{"href":"https:\/\/www.unirufa.it\/es\/wp-json\/wp\/v2\/media?parent=66559"}],"curies":[{"name":"wp","href":"https:\/\/api.w.org\/{rel}","templated":true}]}}