


{"id":66988,"date":"2022-03-25T14:14:55","date_gmt":"2022-03-25T13:14:55","guid":{"rendered":"https:\/\/www.unirufa.it\/?page_id=66988"},"modified":"2026-03-25T22:15:21","modified_gmt":"2026-03-25T21:15:21","slug":"creative-summer-camp","status":"publish","type":"page","link":"https:\/\/www.unirufa.it\/es\/offerta-formativa\/summer-academy\/creative-summer-camp\/","title":{"rendered":"Creative Summer camp"},"content":{"rendered":"&nbsp;<\/p>\n<div class=\"row\">\n<div class=\"col-md-10\" style=\"background-color:#eeeeee; padding: 30px;\">\n<h3><strong>IMPARTIDO EN INGL\u00c9S \/ 2 SEMANAS \/ 22 JUNIO-3 JULIO o 6-17 JULIO 2026 \/ PRESENCIAL<\/strong><\/h3>\n<\/div>\n<\/div>\n<h2>Vive la experiencia \u00fanica del Creative Summer Camp.<\/h2>\n<p>El Creative Summer Camp est\u00e1 dirigido a <strong>j\u00f3venes estudiantes internacionales e italianos<\/strong> que deseen vivir una experiencia \u00fanica en la Ciudad Eterna y estudiar <strong>pintura, dise\u00f1o, fotograf\u00eda e historia del arte<\/strong>, asistiendo al programa de estudios de una de las Academias de Bellas Artes y Comunicaci\u00f3n m\u00e1s prestigiosas de Roma, enriqueciendo su formaci\u00f3n y curr\u00edculo.<\/p>\n<p>El programa incluye una combinaci\u00f3n de clases de dibujo, que prev\u00e9n una introducci\u00f3n al arte, el dibujo gestual y la composici\u00f3n de la figura humana; clases de pintura, centradas en el uso de materiales y t\u00e9cnicas pict\u00f3ricas, la simplificaci\u00f3n de la imagen y la s\u00edntesis abstracta; clases de dise\u00f1o donde se aborda el tema de la sostenibilidad y se dise\u00f1an ciudades futuristas a trav\u00e9s de actividades de laboratorio; clases de fotograf\u00eda que introducir\u00e1n a los estudiantes en el lenguaje fotogr\u00e1fico y sus t\u00e9cnicas, para crear proyectos visuales mediante experiencias al aire libre.<\/p>\n<p>Durante el programa se organizar\u00e1n visitas guiadas para mostrar a los estudiantes algunos de los lugares m\u00e1s significativos de la ciudad de Roma: museos, monumentos antiguos y modernos, talleres artesanales y experiencias de comida callejera.<\/p>\n<p><strong>RUFA ha programado dos sesiones del campamento de verano para el verano de 2026: del 22 de junio al 3 de julio; del 6 al 17 de julio.<\/strong><\/p>\n<p>Al final del curso se entregar\u00e1 un certificado de asistencia a quienes hayan asistido al menos al 80% de las clases, con posibilidad de reconocimiento de 2 ECTS. Todas las sesiones seguir\u00e1n el mismo programa.<\/p>\n\n<p>&nbsp;<\/p>\n\n    <div class=\"panel-group\" id=\"accordion\" role=\"tablist\" aria-multiselectable=\"true\">\n        \n\n<article class=\"panel panel-default\" role=\"article\" itemscope itemtype=\"http:\/\/schema.org\/BlogPosting\">\n    <div class=\"panel-heading\" role=\"tab\" id=\"heading1\">\n\t    <h4 class=\"panel-title\">\n\t        <a class=\"collapsed\" role=\"button\" data-toggle=\"collapse\" data-parent=\"#accordion\" href=\"#collapse1\" aria-expanded=\"false\" aria-controls=\"collapse1\" itemprop=\"headline\"><strong>INFORMACI\u00d3N GENERAL<\/strong>\t        \t<span class=\"courses\">\n                 \n\t        \t<\/span>\n\t        <\/a>\n\t    <\/h4>\n\t<\/div>\n<\/article>\n\n\n    <div id=\"collapse1\" class=\"panel-collapse collapse \" role=\"tabpanel\" aria-labelledby=\"heading1\">\n        <div class=\"panel-body\" itemprop=\"articleBody\">\n            <div class=\"item-description\">\n                \n<p><strong>Tipo de curso:<\/strong> grupal \u2013 presencial<br \/>\n<strong>Participantes:<\/strong> M\u00e1ximo 20<br \/>\n<strong>Frecuencia:<\/strong> de lunes a viernes, de 9 a 16h y de 9 a 15h<br \/>\n<strong>Duraci\u00f3n:<\/strong> 60 horas<br \/>\n<strong>Coste:<\/strong> 1.250,00 \u20ac<br \/>\n<strong>Materiales:<\/strong> incluidos en el coste del curso<br \/>\n<strong>Requisitos\/materiales necesarios:<\/strong> para el curso de fotograf\u00eda se solicita a los estudiantes traer su smartphone; para el curso de dibujo\/pintura se solicita llevar cuadernos, l\u00e1pices, pinceles y un set b\u00e1sico de colores acr\u00edlicos.<br \/>\n<strong>Idioma:<\/strong> ingl\u00e9s. Se requiere un nivel B1\/B2 de ingl\u00e9s.<br \/>\n<strong>Docentes:<\/strong> Fabrizio Dell&#8217;Arno, Agnese Angelini, Meltem Eti Proto, Alessandro Carpentieri<br \/>\n<strong>Ubicaci\u00f3n:<\/strong> RUFA &#8211; Via Benaco 2 \u2013 Roma y Via Degli Ausoni 7\/A \u2013 Roma  <\/p>\n            <\/div>\n        <\/div>\n    <\/div>\n    \n\n<article class=\"panel panel-default\" role=\"article\" itemscope itemtype=\"http:\/\/schema.org\/BlogPosting\">\n    <div class=\"panel-heading\" role=\"tab\" id=\"heading2\">\n\t    <h4 class=\"panel-title\">\n\t        <a class=\"collapsed\" role=\"button\" data-toggle=\"collapse\" data-parent=\"#accordion\" href=\"#collapse2\" aria-expanded=\"false\" aria-controls=\"collapse2\" itemprop=\"headline\"><strong>SESIONES<\/strong>\t        \t<span class=\"courses\">\n                 \n\t        \t<\/span>\n\t        <\/a>\n\t    <\/h4>\n\t<\/div>\n<\/article>\n\n\n    <div id=\"collapse2\" class=\"panel-collapse collapse \" role=\"tabpanel\" aria-labelledby=\"heading2\">\n        <div class=\"panel-body\" itemprop=\"articleBody\">\n            <div class=\"item-description\">\n                \n<h5>PRIMERA SESI\u00d3N<\/h5>\n<p>22 de junio &#8211; 3 de julio 2026<\/p>\n<h5>SEGUNDA SESI\u00d3N<\/h5>\n<p>6 &#8211; 17 de julio 2026<\/p>\n            <\/div>\n        <\/div>\n    <\/div>\n    \n\n<article class=\"panel panel-default\" role=\"article\" itemscope itemtype=\"http:\/\/schema.org\/BlogPosting\">\n    <div class=\"panel-heading\" role=\"tab\" id=\"heading3\">\n\t    <h4 class=\"panel-title\">\n\t        <a class=\"collapsed\" role=\"button\" data-toggle=\"collapse\" data-parent=\"#accordion\" href=\"#collapse3\" aria-expanded=\"false\" aria-controls=\"collapse3\" itemprop=\"headline\"><strong>PROGRAMA DEL CURSO<\/strong>\t        \t<span class=\"courses\">\n                 \n\t        \t<\/span>\n\t        <\/a>\n\t    <\/h4>\n\t<\/div>\n<\/article>\n\n\n    <div id=\"collapse3\" class=\"panel-collapse collapse \" role=\"tabpanel\" aria-labelledby=\"heading3\">\n        <div class=\"panel-body\" itemprop=\"articleBody\">\n            <div class=\"item-description\">\n                \n<p><strong>ARTE &#8211; DEL BARROCO ITALIANO AL ARTE INFORMAL<\/strong><br \/>\nEl programa de tres d\u00edas ofrece una inmersi\u00f3n completa en las t\u00e9cnicas fundamentales y avanzadas del dibujo y la pintura. Se desarrollar\u00e1n habilidades pr\u00e1cticas mediante el estudio de la figura humana, con una exploraci\u00f3n del arte barroco y un enfoque experimental de la pintura inspirado en la teor\u00eda del arte informal. Cada jornada se caracterizar\u00e1 por clases te\u00f3ricas y talleres pr\u00e1cticos, al final de los cuales se pondr\u00e1n a prueba los trabajos y se compartir\u00e1n <em>peer to peer<\/em> entre los alumnos.<\/p>\n<p><strong>DISE\u00d1O &#8211; DISE\u00d1A TU CIUDAD<\/strong><br \/>\nEl programa tiene como objetivo fusionar el concepto de ciudad con la identidad individual de los participantes. El curso brinda la oportunidad de crear ideas urbanas personales discutiendo c\u00f3mo se perciben las ciudades, c\u00f3mo se han desarrollado y qu\u00e9 define a una ciudad sostenible. Durante este m\u00f3dulo, los participantes colaborar\u00e1n para construir su propia ciudad futurista en tres dimensiones.<\/p>\n<p><strong>FOTOGRAF\u00cdA &#8211; UN PORTAFOLIO DIGITAL DE TU ROMA<\/strong><br \/>\nEl taller est\u00e1 dise\u00f1ado para introducir a los estudiantes en el lenguaje de la fotograf\u00eda y la narraci\u00f3n audiovisual, centr\u00e1ndose en sus elementos esenciales. Los temas clave incluyen la gesti\u00f3n de la luz, la composici\u00f3n de formas, el significado del contenido y t\u00e9cnicas narrativas mediante im\u00e1genes. El curso combina clases te\u00f3ricas en el aula con actividades pr\u00e1cticas al aire libre. Al final del programa, los participantes tendr\u00e1n la oportunidad de crear un portafolio digital con las fotograf\u00edas realizadas durante el taller.<\/p>\n<p><strong>HISTORIA DEL ARTE, DISE\u00d1O Y ESTILO ITALIANO<\/strong><br \/>\nA trav\u00e9s de una serie de visitas experienciales por la ciudad de Roma, los estudiantes explorar\u00e1n los tesoros de la Ciudad Eterna, centr\u00e1ndose en la historia del arte, talleres artesanales y ateliers, la gastronom\u00eda italiana y el arte moderno.<br \/>\nMateriales: RUFA cubrir\u00e1 los costes de las entradas de los museos seleccionados para el curso de historia del arte, dise\u00f1o y estilo italiano.<\/p>\n            <\/div>\n        <\/div>\n    <\/div>\n    \n\n<article class=\"panel panel-default\" role=\"article\" itemscope itemtype=\"http:\/\/schema.org\/BlogPosting\">\n    <div class=\"panel-heading\" role=\"tab\" id=\"heading4\">\n\t    <h4 class=\"panel-title\">\n\t        <a class=\"collapsed\" role=\"button\" data-toggle=\"collapse\" data-parent=\"#accordion\" href=\"#collapse4\" aria-expanded=\"false\" aria-controls=\"collapse4\" itemprop=\"headline\"><strong>DOCENTES<\/strong>\t        \t<span class=\"courses\">\n                 \n\t        \t<\/span>\n\t        <\/a>\n\t    <\/h4>\n\t<\/div>\n<\/article>\n\n\n    <div id=\"collapse4\" class=\"panel-collapse collapse \" role=\"tabpanel\" aria-labelledby=\"heading4\">\n        <div class=\"panel-body\" itemprop=\"articleBody\">\n            <div class=\"item-description\">\n                \n<p>ARTE<br \/>\n<strong>Fabrizio dell&#8217;Arno <\/strong><br \/>\n<a href=\"https:\/\/www.unirufa.it\/docenti\/fabrizio-dellarno\/\">Descubre m\u00e1s sobre el docente<\/a><\/p>\n<p>DISE\u00d1O<br \/>\n<strong>Meltem Eti Proto<\/strong><br \/>\n<a href=\"https:\/\/www.unirufa.it\/docenti\/meltem-eti-proto\/\">Descubre m\u00e1s sobre el docente<\/a><\/p>\n<p>FOTOGRAF\u00cdA Y CINE<br \/>\n<strong>Alessandro Carpentieri<\/strong><br \/>\n<a href=\"https:\/\/www.unirufa.it\/docenti\/alessandro-carpentieri\/\">Descubre m\u00e1s sobre el docente<\/a><\/p>\n<p>HISTORIA DEL ARTE, DISE\u00d1O Y ESTILO ITALIANO<br \/>\n<strong>Agnese Angelini <\/strong><br \/>\n<a href=\"https:\/\/www.unirufa.it\/docenti\/agnese-angelini\/\">Descubre m\u00e1s sobre el docente<\/a><\/p>\n            <\/div>\n        <\/div>\n    <\/div>\n    \n\n<article class=\"panel panel-default\" role=\"article\" itemscope itemtype=\"http:\/\/schema.org\/BlogPosting\">\n    <div class=\"panel-heading\" role=\"tab\" id=\"heading5\">\n\t    <h4 class=\"panel-title\">\n\t        <a class=\"collapsed\" role=\"button\" data-toggle=\"collapse\" data-parent=\"#accordion\" href=\"#collapse5\" aria-expanded=\"false\" aria-controls=\"collapse5\" itemprop=\"headline\"><strong>DESCUENTOS<\/strong>\t        \t<span class=\"courses\">\n                 \n\t        \t<\/span>\n\t        <\/a>\n\t    <\/h4>\n\t<\/div>\n<\/article>\n\n\n    <div id=\"collapse5\" class=\"panel-collapse collapse \" role=\"tabpanel\" aria-labelledby=\"heading5\">\n        <div class=\"panel-body\" itemprop=\"articleBody\">\n            <div class=\"item-description\">\n                \n<p>Estudiantes y Alumni de los Cursos Winter\u2013Summer de RUFA: <strong>-10%<\/strong><br \/>\nVery early bird: hasta el 31 de diciembre <strong>-15%<\/strong><br \/>\nEarly bird: hasta el 28 de febrero <strong>-10%<\/strong><br \/>\nSi el estudiante, tras asistir al taller, se matricula en un programa de Grado o M\u00e1ster en RUFA, se aplicar\u00e1 un descuento del 10% sobre la matr\u00edcula anual del primer a\u00f1o.<\/p>\n            <\/div>\n        <\/div>\n    <\/div>\n    \n\n<article class=\"panel panel-default\" role=\"article\" itemscope itemtype=\"http:\/\/schema.org\/BlogPosting\">\n    <div class=\"panel-heading\" role=\"tab\" id=\"heading6\">\n\t    <h4 class=\"panel-title\">\n\t        <a class=\"collapsed\" role=\"button\" data-toggle=\"collapse\" data-parent=\"#accordion\" href=\"#collapse6\" aria-expanded=\"false\" aria-controls=\"collapse6\" itemprop=\"headline\"><strong>ALOJAMIENTO<\/strong>\t        \t<span class=\"courses\">\n                 \n\t        \t<\/span>\n\t        <\/a>\n\t    <\/h4>\n\t<\/div>\n<\/article>\n\n\n    <div id=\"collapse6\" class=\"panel-collapse collapse \" role=\"tabpanel\" aria-labelledby=\"heading6\">\n        <div class=\"panel-body\" itemprop=\"articleBody\">\n            <div class=\"item-description\">\n                \n<p>RUFA tiene varios convenios con empresas que ofrecen servicios de alojamiento. Para m\u00e1s informaci\u00f3n, contacta con <a href=\"mailto:corsibrevi@unirufa.it\">corsibrevi@unirufa.it<\/a><\/p>\n            <\/div>\n        <\/div>\n    <\/div>\n    \n    <\/div>\n    \n<p>&nbsp;<\/p>\n<h3>Escucha a los protagonistas del Creative Summer Camp<\/h3>\n<div class=\"embed-responsive embed-responsive-16by9\"><iframe loading=\"lazy\" width=\"560\" height=\"315\" src=\"https:\/\/www.youtube-nocookie.com\/embed\/F4IiPm3pc9k?si=eddmZf8iL6nbBQCT\" frameborder=\"0\" gesture=\"media\" allow=\"encrypted-media\" allowfullscreen><\/iframe><\/div>\n<p>&nbsp;<\/p>\n<div class=\"row\" style=\"background-color:#eeeeee; padding: 30px;\">\n<h3>Para obtener informaci\u00f3n sobre el curso, completa el formulario y nos pondremos en contacto contigo.<\/h3>\n\n\t\t\t\t\t<script>\n\t\t\t\t\t\twindow.hsFormsOnReady = window.hsFormsOnReady || [];\n\t\t\t\t\t\twindow.hsFormsOnReady.push(()=>{\n\t\t\t\t\t\t\thbspt.forms.create({\n\t\t\t\t\t\t\t\tportalId: 147413364,\n\t\t\t\t\t\t\t\tformId: \"a37e698c-27cf-4966-b29c-27094a8c21d0\",\n\t\t\t\t\t\t\t\ttarget: \"#hbspt-form-1775691400000-8103977389\",\n\t\t\t\t\t\t\t\tregion: \"eu1\",\n\t\t\t\t\t\t\t\t\n\t\t\t\t\t\t})});\n\t\t\t\t\t<\/script>\n\t\t\t\t\t<div class=\"hbspt-form\" id=\"hbspt-form-1775691400000-8103977389\"><\/div>\n<\/div>\n<p>&nbsp;<\/p>\n<div class=\"hidden-xs hidden-sm hidden-md hidden-lg hidden-xl\">\n<a class=\"download-btn full\" href=\"https:\/\/www.unirufa.it\/wp-content\/uploads\/2023\/04\/BROCH_Creative-Summer-camp.pdf\" >DESCARGAR FOLLETO<\/a>\n<\/div>","protected":false},"excerpt":{"rendered":"<p>&nbsp; IMPARTIDO EN INGL\u00c9S \/ 2 SEMANAS \/ 22 JUNIO-3 JULIO o 6-17 JULIO 2026 \/ PRESENCIAL Vive la experiencia \u00fanica del Creative Summer Camp. El Creative Summer Camp est\u00e1 dirigido a j\u00f3venes estudiantes internacionales e italianos que deseen vivir una experiencia \u00fanica en la Ciudad Eterna y estudiar pintura, dise\u00f1o, fotograf\u00eda e historia del&#8230;<\/p>\n","protected":false},"author":35,"featured_media":0,"parent":1263,"menu_order":0,"comment_status":"closed","ping_status":"closed","template":"page_short_course.php","meta":{"content-type":"","footnotes":""},"class_list":["post-66988","page","type-page","status-publish","hentry"],"yoast_head":"<!-- This site is optimized with the Yoast SEO plugin v24.2 - https:\/\/yoast.com\/wordpress\/plugins\/seo\/ -->\n<title>Creative Summer camp - RUFA - Rome University of Fine Arts<\/title>\n<meta name=\"description\" content=\"Vivi l&#039;esperienza unica del Creative Summer camp, rivolto a giovani studenti internazionali e italiani che vogliono vivere un\u2019esperienza irripetibile di un soggiorno nella citt\u00e0 eterna.\" \/>\n<meta name=\"robots\" content=\"index, follow, max-snippet:-1, max-image-preview:large, max-video-preview:-1\" \/>\n<link rel=\"canonical\" href=\"https:\/\/www.unirufa.it\/offerta-formativa\/summer-academy\/creative-summer-camp\/\" \/>\n<meta property=\"og:locale\" content=\"es_ES\" \/>\n<meta property=\"og:type\" content=\"article\" \/>\n<meta property=\"og:title\" content=\"Creative Summer camp - RUFA - Rome University of Fine Arts\" \/>\n<meta property=\"og:description\" content=\"{:it}Vivi l&#039;esperienza unica del Creative Summer camp, rivolto a giovani studenti internazionali e italiani che vogliono vivere un\u2019esperienza irripetibile di un soggiorno nella citt\u00e0 eterna.{:es}Vivi l&#039;esperienza unica del Creative Summer camp, rivolto a giovani studenti internazionali e italiani che vogliono vivere un\u2019esperienza irripetibile di un soggiorno nella citt\u00e0 eterna.{:}\" \/>\n<meta property=\"og:url\" content=\"https:\/\/www.unirufa.it\/offerta-formativa\/summer-academy\/creative-summer-camp\/\" \/>\n<meta property=\"og:site_name\" content=\"RUFA - Rome University of Fine Arts\" \/>\n<meta property=\"article:modified_time\" content=\"2026-03-25T21:15:21+00:00\" \/>\n<meta property=\"og:image\" content=\"https:\/\/www.unirufa.it\/wp-content\/uploads\/2017\/11\/logo-rufa-2016.png\" \/>\n\t<meta property=\"og:image:width\" content=\"230\" \/>\n\t<meta property=\"og:image:height\" content=\"149\" \/>\n\t<meta property=\"og:image:type\" content=\"image\/png\" \/>\n<meta name=\"twitter:label1\" content=\"Tiempo de lectura\" \/>\n\t<meta name=\"twitter:data1\" content=\"14 minutos\" \/>\n<script type=\"application\/ld+json\" class=\"yoast-schema-graph\">{\"@context\":\"https:\/\/schema.org\",\"@graph\":[{\"@type\":\"WebPage\",\"@id\":\"https:\/\/www.unirufa.it\/offerta-formativa\/summer-academy\/creative-summer-camp\/\",\"url\":\"https:\/\/www.unirufa.it\/offerta-formativa\/summer-academy\/creative-summer-camp\/\",\"name\":\"Creative Summer camp - RUFA - Rome University of Fine Arts\",\"isPartOf\":{\"@id\":\"https:\/\/www.unirufa.it\/#website\"},\"datePublished\":\"2022-03-25T13:14:55+00:00\",\"dateModified\":\"2026-03-25T21:15:21+00:00\",\"description\":\"{:it}Vivi l'esperienza unica del Creative Summer camp, rivolto a giovani studenti internazionali e italiani che vogliono vivere un\u2019esperienza irripetibile di un soggiorno nella citt\u00e0 eterna.{:es}Vivi l'esperienza unica del Creative Summer camp, rivolto a giovani studenti internazionali e italiani che vogliono vivere un\u2019esperienza irripetibile di un soggiorno nella citt\u00e0 eterna.{:}\",\"breadcrumb\":{\"@id\":\"https:\/\/www.unirufa.it\/offerta-formativa\/summer-academy\/creative-summer-camp\/#breadcrumb\"},\"inLanguage\":\"es\",\"potentialAction\":[{\"@type\":\"ReadAction\",\"target\":[\"https:\/\/www.unirufa.it\/offerta-formativa\/summer-academy\/creative-summer-camp\/\"]}]},{\"@type\":\"BreadcrumbList\",\"@id\":\"https:\/\/www.unirufa.it\/offerta-formativa\/summer-academy\/creative-summer-camp\/#breadcrumb\",\"itemListElement\":[{\"@type\":\"ListItem\",\"position\":1,\"name\":\"Home\",\"item\":\"https:\/\/www.unirufa.it\/\"},{\"@type\":\"ListItem\",\"position\":2,\"name\":\"Offerta formativa\",\"item\":\"https:\/\/www.unirufa.it\/offerta-formativa\/\"},{\"@type\":\"ListItem\",\"position\":3,\"name\":\"Corsi Summer Academy\",\"item\":\"https:\/\/www.unirufa.it\/offerta-formativa\/summer-academy\/\"},{\"@type\":\"ListItem\",\"position\":4,\"name\":\"Creative Summer Camp\"}]},{\"@type\":\"WebSite\",\"@id\":\"https:\/\/www.unirufa.it\/#website\",\"url\":\"https:\/\/www.unirufa.it\/\",\"name\":\"RUFA - Rome University of Fine Arts\",\"description\":\"\",\"potentialAction\":[{\"@type\":\"SearchAction\",\"target\":{\"@type\":\"EntryPoint\",\"urlTemplate\":\"https:\/\/www.unirufa.it\/?s={search_term_string}\"},\"query-input\":{\"@type\":\"PropertyValueSpecification\",\"valueRequired\":true,\"valueName\":\"search_term_string\"}}],\"inLanguage\":\"es\"}]}<\/script>\n<!-- \/ Yoast SEO plugin. -->","yoast_head_json":{"title":"Creative Summer camp - RUFA - Rome University of Fine Arts","description":"Vivi l'esperienza unica del Creative Summer camp, rivolto a giovani studenti internazionali e italiani che vogliono vivere un\u2019esperienza irripetibile di un soggiorno nella citt\u00e0 eterna.","robots":{"index":"index","follow":"follow","max-snippet":"max-snippet:-1","max-image-preview":"max-image-preview:large","max-video-preview":"max-video-preview:-1"},"canonical":"https:\/\/www.unirufa.it\/offerta-formativa\/summer-academy\/creative-summer-camp\/","og_locale":"es_ES","og_type":"article","og_title":"Creative Summer camp - RUFA - Rome University of Fine Arts","og_description":"{:it}Vivi l'esperienza unica del Creative Summer camp, rivolto a giovani studenti internazionali e italiani che vogliono vivere un\u2019esperienza irripetibile di un soggiorno nella citt\u00e0 eterna.{:es}Vivi l'esperienza unica del Creative Summer camp, rivolto a giovani studenti internazionali e italiani che vogliono vivere un\u2019esperienza irripetibile di un soggiorno nella citt\u00e0 eterna.{:}","og_url":"https:\/\/www.unirufa.it\/offerta-formativa\/summer-academy\/creative-summer-camp\/","og_site_name":"RUFA - Rome University of Fine Arts","article_modified_time":"2026-03-25T21:15:21+00:00","og_image":[{"width":230,"height":149,"url":"https:\/\/www.unirufa.it\/wp-content\/uploads\/2017\/11\/logo-rufa-2016.png","type":"image\/png"}],"twitter_misc":{"Tiempo de lectura":"14 minutos"},"schema":{"@context":"https:\/\/schema.org","@graph":[{"@type":"WebPage","@id":"https:\/\/www.unirufa.it\/offerta-formativa\/summer-academy\/creative-summer-camp\/","url":"https:\/\/www.unirufa.it\/offerta-formativa\/summer-academy\/creative-summer-camp\/","name":"Creative Summer camp - RUFA - Rome University of Fine Arts","isPartOf":{"@id":"https:\/\/www.unirufa.it\/#website"},"datePublished":"2022-03-25T13:14:55+00:00","dateModified":"2026-03-25T21:15:21+00:00","description":"{:it}Vivi l'esperienza unica del Creative Summer camp, rivolto a giovani studenti internazionali e italiani che vogliono vivere un\u2019esperienza irripetibile di un soggiorno nella citt\u00e0 eterna.{:es}Vivi l'esperienza unica del Creative Summer camp, rivolto a giovani studenti internazionali e italiani che vogliono vivere un\u2019esperienza irripetibile di un soggiorno nella citt\u00e0 eterna.{:}","breadcrumb":{"@id":"https:\/\/www.unirufa.it\/offerta-formativa\/summer-academy\/creative-summer-camp\/#breadcrumb"},"inLanguage":"es","potentialAction":[{"@type":"ReadAction","target":["https:\/\/www.unirufa.it\/offerta-formativa\/summer-academy\/creative-summer-camp\/"]}]},{"@type":"BreadcrumbList","@id":"https:\/\/www.unirufa.it\/offerta-formativa\/summer-academy\/creative-summer-camp\/#breadcrumb","itemListElement":[{"@type":"ListItem","position":1,"name":"Home","item":"https:\/\/www.unirufa.it\/"},{"@type":"ListItem","position":2,"name":"Offerta formativa","item":"https:\/\/www.unirufa.it\/offerta-formativa\/"},{"@type":"ListItem","position":3,"name":"Corsi Summer Academy","item":"https:\/\/www.unirufa.it\/offerta-formativa\/summer-academy\/"},{"@type":"ListItem","position":4,"name":"Creative Summer Camp"}]},{"@type":"WebSite","@id":"https:\/\/www.unirufa.it\/#website","url":"https:\/\/www.unirufa.it\/","name":"RUFA - Rome University of Fine Arts","description":"","potentialAction":[{"@type":"SearchAction","target":{"@type":"EntryPoint","urlTemplate":"https:\/\/www.unirufa.it\/?s={search_term_string}"},"query-input":{"@type":"PropertyValueSpecification","valueRequired":true,"valueName":"search_term_string"}}],"inLanguage":"es"}]}},"_links":{"self":[{"href":"https:\/\/www.unirufa.it\/es\/wp-json\/wp\/v2\/pages\/66988","targetHints":{"allow":["GET"]}}],"collection":[{"href":"https:\/\/www.unirufa.it\/es\/wp-json\/wp\/v2\/pages"}],"about":[{"href":"https:\/\/www.unirufa.it\/es\/wp-json\/wp\/v2\/types\/page"}],"author":[{"embeddable":true,"href":"https:\/\/www.unirufa.it\/es\/wp-json\/wp\/v2\/users\/35"}],"replies":[{"embeddable":true,"href":"https:\/\/www.unirufa.it\/es\/wp-json\/wp\/v2\/comments?post=66988"}],"version-history":[{"count":121,"href":"https:\/\/www.unirufa.it\/es\/wp-json\/wp\/v2\/pages\/66988\/revisions"}],"predecessor-version":[{"id":152317,"href":"https:\/\/www.unirufa.it\/es\/wp-json\/wp\/v2\/pages\/66988\/revisions\/152317"}],"up":[{"embeddable":true,"href":"https:\/\/www.unirufa.it\/es\/wp-json\/wp\/v2\/pages\/1263"}],"wp:attachment":[{"href":"https:\/\/www.unirufa.it\/es\/wp-json\/wp\/v2\/media?parent=66988"}],"curies":[{"name":"wp","href":"https:\/\/api.w.org\/{rel}","templated":true}]}}