


{"id":67474,"date":"2022-03-31T14:13:19","date_gmt":"2022-03-31T12:13:19","guid":{"rendered":"https:\/\/www.unirufa.it\/?page_id=67474"},"modified":"2026-03-25T22:25:35","modified_gmt":"2026-03-25T21:25:35","slug":"interior-design-timeless-spaces","status":"publish","type":"page","link":"https:\/\/www.unirufa.it\/es\/offerta-formativa\/summer-academy\/interior-design-timeless-spaces\/","title":{"rendered":"Interior design \u2013 Timeless spaces"},"content":{"rendered":"<p class=\"qtranxs-available-languages-message qtranxs-available-languages-message-es\">Disculpa, pero esta entrada est\u00e1 disponible s\u00f3lo en <a href=\"https:\/\/www.unirufa.it\/it\/wp-json\/wp\/v2\/pages\/67474\" class=\"qtranxs-available-language-link qtranxs-available-language-link-it\" title=\"IT\">IT<\/a> y <a href=\"https:\/\/www.unirufa.it\/en\/wp-json\/wp\/v2\/pages\/67474\" class=\"qtranxs-available-language-link qtranxs-available-language-link-en\" title=\"EN\">EN<\/a>.<\/p>&nbsp;<\/p>\n<div class=\"row\">\n<div class=\"col-md-7\" style=\"background-color:#eeeeee; padding: 30px;\">\n<h3><strong>DIDATTICA IN INGLESE \/ 1 SETTIMANA \/ 6-10 LUGLIO 2026 \/ IN SEDE<\/strong><\/h3>\n<\/div>\n<\/div>\n<p>&nbsp;<\/p>\n<h3>Esplora il mondo dell&#8217;Interior Design, in collaborazione con FMA Architects<\/h3>\n<p>&nbsp;<br \/>\nRoma \u00e8 la citt\u00e0 della storia, dei monumenti, dei riti, del succedersi di epoche che si distinguono per forme, spazialit\u00e0, materiali e colori.<br \/>\nIl workshop ti permetter\u00e0 di entrare in una dimensione atemporale, nel quale il progetto di interni \u00e8 realizzato attraverso tecniche pre-digitali e utilizzo di giustapposizioni materiche, cromatiche e formali.<\/p>\n<p>Sarai immerso in un luogo unico, lavorerai in una vera e propria materioteca all\u2019interno del piano nobile di un palazzo del 1570 nel pieno centro della citt\u00e0 eterna. Acquisirai competenze manuali &#8211; e come mescolarle &#8211; per progettare e rappresentare spazi abitativi senza tempo, attraverso un intenso percorso di casi di studio, immagini, esercizi, schizzi, brainstorming e visite esterne.<\/p>\n<p>Partendo dall&#8217;analisi dell&#8217;antica <em>Domus<\/em> romana (la parola latina per indicare la casa), progetterai uno spazio unico sfruttando diverse tecniche: disegno rapido a matita, pittura ad acquerello, collage, <em>mood board<\/em> con materiali e schema di colori.<\/p>\n<p>Al termine del corso, viene rilasciato un attestato di frequenza, a fronte della presenza ad almeno 4 delle 5 lezioni previste, per un eventuale riconoscimento di 2 CFA<\/p>\n\n<p>&nbsp;<\/p>\n\n    <div class=\"panel-group\" id=\"accordion\" role=\"tablist\" aria-multiselectable=\"true\">\n        \n\n<article class=\"panel panel-default\" role=\"article\" itemscope itemtype=\"http:\/\/schema.org\/BlogPosting\">\n    <div class=\"panel-heading\" role=\"tab\" id=\"heading1\">\n\t    <h4 class=\"panel-title\">\n\t        <a class=\"collapsed\" role=\"button\" data-toggle=\"collapse\" data-parent=\"#accordion\" href=\"#collapse1\" aria-expanded=\"false\" aria-controls=\"collapse1\" itemprop=\"headline\"><strong>INFORMAZIONI GENERALI<\/strong>\t        \t<span class=\"courses\">\n                 \n\t        \t<\/span>\n\t        <\/a>\n\t    <\/h4>\n\t<\/div>\n<\/article>\n\n\n    <div id=\"collapse1\" class=\"panel-collapse collapse \" role=\"tabpanel\" aria-labelledby=\"heading1\">\n        <div class=\"panel-body\" itemprop=\"articleBody\">\n            <div class=\"item-description\">\n                \n<p><strong>Tipologia corso:<\/strong> gruppo \u2013 in presenza<br \/>\n<strong>Partecipanti:<\/strong> Min. 8, Max. 15 | Il programma \u00e8 aperto a studenti di universit\u00e0, belle arti e adulti appassionati di interior design e styling.<br \/>\n<strong>Frequenza:<\/strong> dal luned\u00ec al venerd\u00ec, dalle 09.00 alle 13.00 o dalle 10.00 alle 14.00 + self-study time (anche in campus)<br \/>\n<strong>Durata:<\/strong> 6 \u2013 10 luglio 2026<br \/>\n<strong>Costo:<\/strong> \u20ac 850,00 \u2013 I biglietti di ingresso sono inclusi nel costo del corso.<br \/>\n<strong>Requisiti\/supporti:<\/strong> Nessun requisito di ingresso. Gli studenti dovranno avere il proprio set di pennelli, colori e blocchi di carta A4 per acquerello.<br \/>\n<strong>Lingua:<\/strong> Inglese | Ai partecipanti \u00e8 richiesta una buona conoscenza della lingua inglese.<br \/>\n<strong>Docente:<\/strong> Fabio Mazzeo, Alessia Vitali e i designer di FMA.<br \/>\n<strong>Sede:<\/strong> FMA, Via Giulia 167, Roma + Pastificio Cerere, Via Degli Ausoni 7\/A, Roma<br \/>\n<strong>Attestato:<\/strong> Al termine del corso, viene rilasciato un attestato di frequenza, a fronte della presenza ad almeno 4 delle 5 lezioni previste, per un eventuale riconoscimento di 2 CFU<\/p>\n            <\/div>\n        <\/div>\n    <\/div>\n    \n\n<article class=\"panel panel-default\" role=\"article\" itemscope itemtype=\"http:\/\/schema.org\/BlogPosting\">\n    <div class=\"panel-heading\" role=\"tab\" id=\"heading3\">\n\t    <h4 class=\"panel-title\">\n\t        <a class=\"collapsed\" role=\"button\" data-toggle=\"collapse\" data-parent=\"#accordion\" href=\"#collapse3\" aria-expanded=\"false\" aria-controls=\"collapse3\" itemprop=\"headline\"><strong>PROGRAMMA DEL CORSO<\/strong>\t        \t<span class=\"courses\">\n                 \n\t        \t<\/span>\n\t        <\/a>\n\t    <\/h4>\n\t<\/div>\n<\/article>\n\n\n    <div id=\"collapse3\" class=\"panel-collapse collapse \" role=\"tabpanel\" aria-labelledby=\"heading3\">\n        <div class=\"panel-body\" itemprop=\"articleBody\">\n            <div class=\"item-description\">\n                \n<p><strong>1\u00b0 Giorno <\/strong><br \/>\nPresentazione e programma del corso.<br \/>\nLezione sull&#8217;interior design, l&#8217;eredit\u00e0 dei maestri italiani del XX secolo e il rapporto con i committenti mostrando progetti di interior design riconosciuti a livello mondiale.<br \/>\nEsercitazioni pratiche su come progettare con i materiali (nella materioteca) e visualizzare progetti di interior design con tecniche pre-digitali.<\/p>\n<p><strong>2\u00b0 Giorno<\/strong><br \/>\nIntroduzione alla Domus romana e ai suoi spazi: Triclinium (sala da pranzo), Cubicula (camera da letto), Tablinum (soggiorno), Balneum (sala da bagno e SPA), e come si sono evoluti fino ad oggi.<br \/>\nBrief e selezione personale dello spazio preferito. Lancio della fase di sviluppo concept.<br \/>\nEsercitazioni pratiche su mood board e tecniche di collage.<\/p>\n<p><strong>3\u00b0 Giorno<\/strong><br \/>\nSviluppo e avanzamento del progetto.<br \/>\nEsercitazioni pratiche di schizzo veloce e pittura ad acquerello.<\/p>\n<p><strong>4\u00b0 Giorno<\/strong><br \/>\nVisita esterna.<br \/>\nSviluppo e avanzamento del progetto.<br \/>\nEsercitazioni pratiche sulle tecniche di presentazione.<\/p>\n<p><strong>5\u00b0 Giorno<\/strong><br \/>\nFinalizzazione dei progetti<br \/>\nPresentazione e sessione di feedback con Fabio Mazzeo.<\/p>\n            <\/div>\n        <\/div>\n    <\/div>\n    \n\n<article class=\"panel panel-default\" role=\"article\" itemscope itemtype=\"http:\/\/schema.org\/BlogPosting\">\n    <div class=\"panel-heading\" role=\"tab\" id=\"heading4\">\n\t    <h4 class=\"panel-title\">\n\t        <a class=\"collapsed\" role=\"button\" data-toggle=\"collapse\" data-parent=\"#accordion\" href=\"#collapse4\" aria-expanded=\"false\" aria-controls=\"collapse4\" itemprop=\"headline\"><strong>DOCENTI<\/strong>\t        \t<span class=\"courses\">\n                 \n\t        \t<\/span>\n\t        <\/a>\n\t    <\/h4>\n\t<\/div>\n<\/article>\n\n\n    <div id=\"collapse4\" class=\"panel-collapse collapse \" role=\"tabpanel\" aria-labelledby=\"heading4\">\n        <div class=\"panel-body\" itemprop=\"articleBody\">\n            <div class=\"item-description\">\n                \n<p><strong>Alessia Vitali<\/strong><br \/>\nAlessia Vitali \u00e8 Brand Development Director di Fabio Mazzeo Architects.<br \/>\nArchitetta laureata all&#8217;Universit\u00e0 di Roma La Sapienza dove ha conseguito il dottorato di ricerca in Architettura con un periodo di visiting alla Columbia University.<br \/>\nAlessia ha svolto attivit\u00e0 di critica progettuale presso il New Jersey Institute of Technology, la Parsons The New School e la Columbia University; \u00e8 stata docente di Exhibit Design presso BAU Global e ha collaborato con La Galleria Nazionale di Roma. \u00c8 stata Direttrice accademica del Quasar Institute for Advanced Design.<br \/>\nAlessia ha co-fondato Open House Roma, dove ha ricoperto il ruolo di Managing Director, ha lavorato come Program Coordinator presso la Fondazione Exclusiva e ha curato eventi pubblici e progetti culturali presso il MAXXI, il MACRO, il Museo dei Mercati di Traiano, Expo 2015, e Maker Faire.<\/p>\n<p><strong>Fabio Mazzeo Architects FMA<\/strong><br \/>\nFabio Mazzeo Architects \u00e8 uno studio professionale italiano che opera nel campo dell&#8217;architettura e dell&#8217;interior design di alto livello, con una vasta esperienza internazionale nel settore.<br \/>\nFMA ha sede in uno degli edifici pi\u00f9 prestigiosi e sontuosi del centro storico di Roma, Palazzo Baldoca Muccioli in Via Giulia.<\/p>\n            <\/div>\n        <\/div>\n    <\/div>\n    \n\n<article class=\"panel panel-default\" role=\"article\" itemscope itemtype=\"http:\/\/schema.org\/BlogPosting\">\n    <div class=\"panel-heading\" role=\"tab\" id=\"heading5\">\n\t    <h4 class=\"panel-title\">\n\t        <a class=\"collapsed\" role=\"button\" data-toggle=\"collapse\" data-parent=\"#accordion\" href=\"#collapse5\" aria-expanded=\"false\" aria-controls=\"collapse5\" itemprop=\"headline\"><strong>AGEVOLAZIONI<\/strong>\t        \t<span class=\"courses\">\n                 \n\t        \t<\/span>\n\t        <\/a>\n\t    <\/h4>\n\t<\/div>\n<\/article>\n\n\n    <div id=\"collapse5\" class=\"panel-collapse collapse \" role=\"tabpanel\" aria-labelledby=\"heading5\">\n        <div class=\"panel-body\" itemprop=\"articleBody\">\n            <div class=\"item-description\">\n                \n<p>Studenti e Alumni Corsi Winter-Summer RUFA: 10%<br \/>\nStudenti e Alumni RUFA: 50%<br \/>\nVery early bird: entro il 31 dicembre 2025 \u2013 15%<br \/>\nEarly bird: entro 31 marzo 2026 \u2013 10%<br \/>\n<strong>ULTIMA PROROGA DEI TERMINI DI SCONTO: Sconto Early bird entro il 15 aprile 2025 -10%<\/strong><br \/>\nPacchetto corsi\/gruppi\/famiglia: contatta <a href=\"mailto:corsibrevi@unirufa.it\" rel=\"noopener\" target=\"_blank\">corsibrevi@unirufa.it<\/a><br \/>\nAi partecipanti che, dopo aver frequentato il corso, si iscriveranno a un corso accademico di Laurea di primo o secondo livello, RUFA applicher\u00e0 un 10% di riduzione sulla retta annuale di frequenza del primo anno. <\/p>\n            <\/div>\n        <\/div>\n    <\/div>\n    \n\n<article class=\"panel panel-default\" role=\"article\" itemscope itemtype=\"http:\/\/schema.org\/BlogPosting\">\n    <div class=\"panel-heading\" role=\"tab\" id=\"heading6\">\n\t    <h4 class=\"panel-title\">\n\t        <a class=\"collapsed\" role=\"button\" data-toggle=\"collapse\" data-parent=\"#accordion\" href=\"#collapse6\" aria-expanded=\"false\" aria-controls=\"collapse6\" itemprop=\"headline\"><strong>ALLOGGIO<\/strong>\t        \t<span class=\"courses\">\n                 \n\t        \t<\/span>\n\t        <\/a>\n\t    <\/h4>\n\t<\/div>\n<\/article>\n\n\n    <div id=\"collapse6\" class=\"panel-collapse collapse \" role=\"tabpanel\" aria-labelledby=\"heading6\">\n        <div class=\"panel-body\" itemprop=\"articleBody\">\n            <div class=\"item-description\">\n                \n<p>RUFA ha stipulato diversi accordi con strutture che forniscono servizi di housing. Per maggiori informazioni si prega di contattare <a href=\"mailto:corsibrevi@unirufa.it\" rel=\"noopener\" target=\"_blank\">corsibrevi@unirufa.it  <\/a><br \/>\n            <\/div>\n        <\/div>\n    <\/div>\n    \n    <\/div>\n    \n&nbsp;<\/p>\n<h3>Ascolta i professionisti di FMA Architects<\/h3>\n<div class=\"embed-responsive embed-responsive-16by9\"><iframe loading=\"lazy\" width=\"560\" height=\"315\" src=\"https:\/\/www.youtube-nocookie.com\/embed\/_5abY2J_RNo?si=DTfIAnXvLTgE3sAz\" frameborder=\"0\" gesture=\"media\" allow=\"encrypted-media\" allowfullscreen><\/iframe><\/div>\n<p>&nbsp;<\/p>\n<div class=\"row\" style=\"background-color:#eeeeee; padding: 30px;\">\n<h3>Per informazioni sul corso compila il form e verrai ricontattato.<\/h3>\n\n\t\t\t\t\t<script>\n\t\t\t\t\t\twindow.hsFormsOnReady = window.hsFormsOnReady || [];\n\t\t\t\t\t\twindow.hsFormsOnReady.push(()=>{\n\t\t\t\t\t\t\thbspt.forms.create({\n\t\t\t\t\t\t\t\tportalId: 147413364,\n\t\t\t\t\t\t\t\tformId: \"5e4a4620-79b0-40df-9e78-0ca45b6d4b14\",\n\t\t\t\t\t\t\t\ttarget: \"#hbspt-form-1775250360000-9179230390\",\n\t\t\t\t\t\t\t\tregion: \"eu1\",\n\t\t\t\t\t\t\t\t\n\t\t\t\t\t\t})});\n\t\t\t\t\t<\/script>\n\t\t\t\t\t<div class=\"hbspt-form\" id=\"hbspt-form-1775250360000-9179230390\"><\/div><\/div>\n<p>&nbsp;<\/p>\n<div class=\"hidden-xs hidden-sm hidden-md hidden-lg hidden-xl\">\n<a class=\"download-btn full\" href=\"https:\/\/www.unirufa.it\/wp-content\/uploads\/2023\/04\/BROCH_Interior-design.pdf\" >SCARICA LA BROCHURE<\/a>\n<\/div>","protected":false},"excerpt":{"rendered":"<p>Disculpa, pero esta entrada est\u00e1 disponible s\u00f3lo en IT y EN.&nbsp; DIDATTICA IN INGLESE \/ 1 SETTIMANA \/ 6-10 LUGLIO 2026 \/ IN SEDE &nbsp; Esplora il mondo dell&#8217;Interior Design, in collaborazione con FMA Architects &nbsp; Roma \u00e8 la citt\u00e0 della storia, dei monumenti, dei riti, del succedersi di epoche che si distinguono per forme,&#8230;<\/p>\n","protected":false},"author":35,"featured_media":0,"parent":1263,"menu_order":2,"comment_status":"closed","ping_status":"closed","template":"page_short_course.php","meta":{"content-type":"","footnotes":""},"class_list":["post-67474","page","type-page","status-publish","hentry"],"yoast_head":"<!-- This site is optimized with the Yoast SEO plugin v24.2 - https:\/\/yoast.com\/wordpress\/plugins\/seo\/ -->\n<title>Interior design \u2013 Timeless spaces - RUFA - Rome University of Fine Arts<\/title>\n<meta name=\"description\" content=\"Esplora il mondo dell&#039;Interior Design, il workshop ti permetter\u00e0 di vivere un&#039;esperienza unica nel cuore di Roma\" \/>\n<meta name=\"robots\" content=\"index, follow, max-snippet:-1, max-image-preview:large, max-video-preview:-1\" \/>\n<link rel=\"canonical\" href=\"https:\/\/www.unirufa.it\/offerta-formativa\/summer-academy\/interior-design-timeless-spaces\/\" \/>\n<meta property=\"og:locale\" content=\"es_ES\" \/>\n<meta property=\"og:type\" content=\"article\" \/>\n<meta property=\"og:title\" content=\"Interior design \u2013 Timeless spaces - RUFA - Rome University of Fine Arts\" \/>\n<meta property=\"og:description\" content=\"{:it}Esplora il mondo dell&#039;Interior Design, il workshop ti permetter\u00e0 di vivere un&#039;esperienza unica nel cuore di Roma{:}\" \/>\n<meta property=\"og:url\" content=\"https:\/\/www.unirufa.it\/offerta-formativa\/summer-academy\/interior-design-timeless-spaces\/\" \/>\n<meta property=\"og:site_name\" content=\"RUFA - Rome University of Fine Arts\" \/>\n<meta property=\"article:modified_time\" content=\"2026-03-25T21:25:35+00:00\" \/>\n<meta property=\"og:image\" content=\"https:\/\/www.unirufa.it\/wp-content\/uploads\/2017\/11\/logo-rufa-2016.png\" \/>\n\t<meta property=\"og:image:width\" content=\"230\" \/>\n\t<meta property=\"og:image:height\" content=\"149\" \/>\n\t<meta property=\"og:image:type\" content=\"image\/png\" \/>\n<meta name=\"twitter:label1\" content=\"Tiempo de lectura\" \/>\n\t<meta name=\"twitter:data1\" content=\"10 minutos\" \/>\n<script type=\"application\/ld+json\" class=\"yoast-schema-graph\">{\"@context\":\"https:\/\/schema.org\",\"@graph\":[{\"@type\":\"WebPage\",\"@id\":\"https:\/\/www.unirufa.it\/offerta-formativa\/summer-academy\/interior-design-timeless-spaces\/\",\"url\":\"https:\/\/www.unirufa.it\/offerta-formativa\/summer-academy\/interior-design-timeless-spaces\/\",\"name\":\"Interior design \u2013 Timeless spaces - RUFA - Rome University of Fine Arts\",\"isPartOf\":{\"@id\":\"https:\/\/www.unirufa.it\/#website\"},\"datePublished\":\"2022-03-31T12:13:19+00:00\",\"dateModified\":\"2026-03-25T21:25:35+00:00\",\"description\":\"{:it}Esplora il mondo dell'Interior Design, il workshop ti permetter\u00e0 di vivere un'esperienza unica nel cuore di Roma{:}\",\"breadcrumb\":{\"@id\":\"https:\/\/www.unirufa.it\/offerta-formativa\/summer-academy\/interior-design-timeless-spaces\/#breadcrumb\"},\"inLanguage\":\"es\",\"potentialAction\":[{\"@type\":\"ReadAction\",\"target\":[\"https:\/\/www.unirufa.it\/offerta-formativa\/summer-academy\/interior-design-timeless-spaces\/\"]}]},{\"@type\":\"BreadcrumbList\",\"@id\":\"https:\/\/www.unirufa.it\/offerta-formativa\/summer-academy\/interior-design-timeless-spaces\/#breadcrumb\",\"itemListElement\":[{\"@type\":\"ListItem\",\"position\":1,\"name\":\"Home\",\"item\":\"https:\/\/www.unirufa.it\/\"},{\"@type\":\"ListItem\",\"position\":2,\"name\":\"Offerta formativa\",\"item\":\"https:\/\/www.unirufa.it\/offerta-formativa\/\"},{\"@type\":\"ListItem\",\"position\":3,\"name\":\"Corsi Summer Academy\",\"item\":\"https:\/\/www.unirufa.it\/offerta-formativa\/summer-academy\/\"},{\"@type\":\"ListItem\",\"position\":4,\"name\":\"Interior design \u2013 Timeless spaces\"}]},{\"@type\":\"WebSite\",\"@id\":\"https:\/\/www.unirufa.it\/#website\",\"url\":\"https:\/\/www.unirufa.it\/\",\"name\":\"RUFA - Rome University of Fine Arts\",\"description\":\"\",\"potentialAction\":[{\"@type\":\"SearchAction\",\"target\":{\"@type\":\"EntryPoint\",\"urlTemplate\":\"https:\/\/www.unirufa.it\/?s={search_term_string}\"},\"query-input\":{\"@type\":\"PropertyValueSpecification\",\"valueRequired\":true,\"valueName\":\"search_term_string\"}}],\"inLanguage\":\"es\"}]}<\/script>\n<!-- \/ Yoast SEO plugin. -->","yoast_head_json":{"title":"Interior design \u2013 Timeless spaces - RUFA - Rome University of Fine Arts","description":"Esplora il mondo dell'Interior Design, il workshop ti permetter\u00e0 di vivere un'esperienza unica nel cuore di Roma","robots":{"index":"index","follow":"follow","max-snippet":"max-snippet:-1","max-image-preview":"max-image-preview:large","max-video-preview":"max-video-preview:-1"},"canonical":"https:\/\/www.unirufa.it\/offerta-formativa\/summer-academy\/interior-design-timeless-spaces\/","og_locale":"es_ES","og_type":"article","og_title":"Interior design \u2013 Timeless spaces - RUFA - Rome University of Fine Arts","og_description":"{:it}Esplora il mondo dell'Interior Design, il workshop ti permetter\u00e0 di vivere un'esperienza unica nel cuore di Roma{:}","og_url":"https:\/\/www.unirufa.it\/offerta-formativa\/summer-academy\/interior-design-timeless-spaces\/","og_site_name":"RUFA - Rome University of Fine Arts","article_modified_time":"2026-03-25T21:25:35+00:00","og_image":[{"width":230,"height":149,"url":"https:\/\/www.unirufa.it\/wp-content\/uploads\/2017\/11\/logo-rufa-2016.png","type":"image\/png"}],"twitter_misc":{"Tiempo de lectura":"10 minutos"},"schema":{"@context":"https:\/\/schema.org","@graph":[{"@type":"WebPage","@id":"https:\/\/www.unirufa.it\/offerta-formativa\/summer-academy\/interior-design-timeless-spaces\/","url":"https:\/\/www.unirufa.it\/offerta-formativa\/summer-academy\/interior-design-timeless-spaces\/","name":"Interior design \u2013 Timeless spaces - RUFA - Rome University of Fine Arts","isPartOf":{"@id":"https:\/\/www.unirufa.it\/#website"},"datePublished":"2022-03-31T12:13:19+00:00","dateModified":"2026-03-25T21:25:35+00:00","description":"{:it}Esplora il mondo dell'Interior Design, il workshop ti permetter\u00e0 di vivere un'esperienza unica nel cuore di Roma{:}","breadcrumb":{"@id":"https:\/\/www.unirufa.it\/offerta-formativa\/summer-academy\/interior-design-timeless-spaces\/#breadcrumb"},"inLanguage":"es","potentialAction":[{"@type":"ReadAction","target":["https:\/\/www.unirufa.it\/offerta-formativa\/summer-academy\/interior-design-timeless-spaces\/"]}]},{"@type":"BreadcrumbList","@id":"https:\/\/www.unirufa.it\/offerta-formativa\/summer-academy\/interior-design-timeless-spaces\/#breadcrumb","itemListElement":[{"@type":"ListItem","position":1,"name":"Home","item":"https:\/\/www.unirufa.it\/"},{"@type":"ListItem","position":2,"name":"Offerta formativa","item":"https:\/\/www.unirufa.it\/offerta-formativa\/"},{"@type":"ListItem","position":3,"name":"Corsi Summer Academy","item":"https:\/\/www.unirufa.it\/offerta-formativa\/summer-academy\/"},{"@type":"ListItem","position":4,"name":"Interior design \u2013 Timeless spaces"}]},{"@type":"WebSite","@id":"https:\/\/www.unirufa.it\/#website","url":"https:\/\/www.unirufa.it\/","name":"RUFA - Rome University of Fine Arts","description":"","potentialAction":[{"@type":"SearchAction","target":{"@type":"EntryPoint","urlTemplate":"https:\/\/www.unirufa.it\/?s={search_term_string}"},"query-input":{"@type":"PropertyValueSpecification","valueRequired":true,"valueName":"search_term_string"}}],"inLanguage":"es"}]}},"_links":{"self":[{"href":"https:\/\/www.unirufa.it\/es\/wp-json\/wp\/v2\/pages\/67474","targetHints":{"allow":["GET"]}}],"collection":[{"href":"https:\/\/www.unirufa.it\/es\/wp-json\/wp\/v2\/pages"}],"about":[{"href":"https:\/\/www.unirufa.it\/es\/wp-json\/wp\/v2\/types\/page"}],"author":[{"embeddable":true,"href":"https:\/\/www.unirufa.it\/es\/wp-json\/wp\/v2\/users\/35"}],"replies":[{"embeddable":true,"href":"https:\/\/www.unirufa.it\/es\/wp-json\/wp\/v2\/comments?post=67474"}],"version-history":[{"count":81,"href":"https:\/\/www.unirufa.it\/es\/wp-json\/wp\/v2\/pages\/67474\/revisions"}],"predecessor-version":[{"id":152326,"href":"https:\/\/www.unirufa.it\/es\/wp-json\/wp\/v2\/pages\/67474\/revisions\/152326"}],"up":[{"embeddable":true,"href":"https:\/\/www.unirufa.it\/es\/wp-json\/wp\/v2\/pages\/1263"}],"wp:attachment":[{"href":"https:\/\/www.unirufa.it\/es\/wp-json\/wp\/v2\/media?parent=67474"}],"curies":[{"name":"wp","href":"https:\/\/api.w.org\/{rel}","templated":true}]}}