


{"id":67895,"date":"2022-04-04T16:55:34","date_gmt":"2022-04-04T14:55:34","guid":{"rendered":"https:\/\/www.unirufa.it\/?page_id=67895"},"modified":"2025-01-27T13:03:33","modified_gmt":"2025-01-27T12:03:33","slug":"typ-rufalumni","status":"publish","type":"page","link":"https:\/\/www.unirufa.it\/es\/typ-rufalumni\/","title":{"rendered":"Gracias por registrarte en RUFAlumni"},"content":{"rendered":"<h4>You might be interested in<\/h4>\n<p>RUFA tambi\u00e9n ha activado una plataforma de b\u00fasqueda de empleo, <a href=\"https:\/\/www.unirufa.it\/en\/stage-placement\/\">RUFA Career System<\/a>, en la que est\u00e1n inscritos todos los estudiantes de RUFA, desde el primer d\u00eda de sus estudios en la Academia e incluso despu\u00e9s de graduarse. En la plataforma, los socios de la Academia publican ofertas de pr\u00e1cticas, empleo y colaboraci\u00f3n \u00fatiles para acelerar la entrada y el crecimiento de los estudiantes y Alumni de RUFA en el mundo laboral.<\/p>\n<p>Contacte <a href=\"mailto:careers.alumni@unirufa.it\">con careers.alumni@unirufa.it<\/a> para inscribirse.","protected":false},"excerpt":{"rendered":"<p>You might be interested in RUFA tambi\u00e9n ha activado una plataforma de b\u00fasqueda de empleo, RUFA Career System, en la que est\u00e1n inscritos todos los estudiantes de RUFA, desde el primer d\u00eda de sus estudios en la Academia e incluso despu\u00e9s de graduarse. En la plataforma, los socios de la Academia publican ofertas de pr\u00e1cticas,&#8230;<\/p>\n","protected":false},"author":35,"featured_media":0,"parent":0,"menu_order":0,"comment_status":"closed","ping_status":"closed","template":"","meta":{"content-type":"","footnotes":""},"class_list":["post-67895","page","type-page","status-publish","hentry"],"yoast_head":"<!-- This site is optimized with the Yoast SEO plugin v24.2 - https:\/\/yoast.com\/wordpress\/plugins\/seo\/ -->\n<title>Gracias por registrarte en RUFAlumni - RUFA - Rome University of Fine Arts<\/title>\n<meta name=\"robots\" content=\"noindex, follow\" \/>\n<meta property=\"og:locale\" content=\"es_ES\" \/>\n<meta property=\"og:type\" content=\"article\" \/>\n<meta property=\"og:title\" content=\"Gracias por registrarte en RUFAlumni - RUFA - Rome University of Fine Arts\" \/>\n<meta property=\"og:description\" content=\"You might be interested in RUFA tambi\u00e9n ha activado una plataforma de b\u00fasqueda de empleo, RUFA Career System, en la que est\u00e1n inscritos todos los estudiantes de RUFA, desde el primer d\u00eda de sus estudios en la Academia e incluso despu\u00e9s de graduarse. En la plataforma, los socios de la Academia publican ofertas de pr\u00e1cticas,...\" \/>\n<meta property=\"og:url\" content=\"https:\/\/www.unirufa.it\/typ-rufalumni\/\" \/>\n<meta property=\"og:site_name\" content=\"RUFA - Rome University of Fine Arts\" \/>\n<meta property=\"article:modified_time\" content=\"2025-01-27T12:03:33+00:00\" \/>\n<meta property=\"og:image\" content=\"https:\/\/www.unirufa.it\/wp-content\/uploads\/2017\/11\/logo-rufa-2016.png\" \/>\n\t<meta property=\"og:image:width\" content=\"230\" \/>\n\t<meta property=\"og:image:height\" content=\"149\" \/>\n\t<meta property=\"og:image:type\" content=\"image\/png\" \/>\n<meta name=\"twitter:label1\" content=\"Tiempo de lectura\" \/>\n\t<meta name=\"twitter:data1\" content=\"1 minuto\" \/>\n<script type=\"application\/ld+json\" class=\"yoast-schema-graph\">{\"@context\":\"https:\/\/schema.org\",\"@graph\":[{\"@type\":\"WebPage\",\"@id\":\"https:\/\/www.unirufa.it\/typ-rufalumni\/\",\"url\":\"https:\/\/www.unirufa.it\/typ-rufalumni\/\",\"name\":\"Gracias por registrarte en RUFAlumni - RUFA - Rome University of Fine Arts\",\"isPartOf\":{\"@id\":\"https:\/\/www.unirufa.it\/#website\"},\"datePublished\":\"2022-04-04T14:55:34+00:00\",\"dateModified\":\"2025-01-27T12:03:33+00:00\",\"breadcrumb\":{\"@id\":\"https:\/\/www.unirufa.it\/typ-rufalumni\/#breadcrumb\"},\"inLanguage\":\"es\",\"potentialAction\":[{\"@type\":\"ReadAction\",\"target\":[\"https:\/\/www.unirufa.it\/typ-rufalumni\/\"]}]},{\"@type\":\"BreadcrumbList\",\"@id\":\"https:\/\/www.unirufa.it\/typ-rufalumni\/#breadcrumb\",\"itemListElement\":[{\"@type\":\"ListItem\",\"position\":1,\"name\":\"Home\",\"item\":\"https:\/\/www.unirufa.it\/\"},{\"@type\":\"ListItem\",\"position\":2,\"name\":\"Grazie per esserti registrato a RUFAlumni\"}]},{\"@type\":\"WebSite\",\"@id\":\"https:\/\/www.unirufa.it\/#website\",\"url\":\"https:\/\/www.unirufa.it\/\",\"name\":\"RUFA - Rome University of Fine Arts\",\"description\":\"\",\"potentialAction\":[{\"@type\":\"SearchAction\",\"target\":{\"@type\":\"EntryPoint\",\"urlTemplate\":\"https:\/\/www.unirufa.it\/?s={search_term_string}\"},\"query-input\":{\"@type\":\"PropertyValueSpecification\",\"valueRequired\":true,\"valueName\":\"search_term_string\"}}],\"inLanguage\":\"es\"}]}<\/script>\n<!-- \/ Yoast SEO plugin. -->","yoast_head_json":{"title":"Gracias por registrarte en RUFAlumni - RUFA - Rome University of Fine Arts","robots":{"index":"noindex","follow":"follow"},"og_locale":"es_ES","og_type":"article","og_title":"Gracias por registrarte en RUFAlumni - RUFA - Rome University of Fine Arts","og_description":"You might be interested in RUFA tambi\u00e9n ha activado una plataforma de b\u00fasqueda de empleo, RUFA Career System, en la que est\u00e1n inscritos todos los estudiantes de RUFA, desde el primer d\u00eda de sus estudios en la Academia e incluso despu\u00e9s de graduarse. En la plataforma, los socios de la Academia publican ofertas de pr\u00e1cticas,...","og_url":"https:\/\/www.unirufa.it\/typ-rufalumni\/","og_site_name":"RUFA - Rome University of Fine Arts","article_modified_time":"2025-01-27T12:03:33+00:00","og_image":[{"width":230,"height":149,"url":"https:\/\/www.unirufa.it\/wp-content\/uploads\/2017\/11\/logo-rufa-2016.png","type":"image\/png"}],"twitter_misc":{"Tiempo de lectura":"1 minuto"},"schema":{"@context":"https:\/\/schema.org","@graph":[{"@type":"WebPage","@id":"https:\/\/www.unirufa.it\/typ-rufalumni\/","url":"https:\/\/www.unirufa.it\/typ-rufalumni\/","name":"Gracias por registrarte en RUFAlumni - RUFA - Rome University of Fine Arts","isPartOf":{"@id":"https:\/\/www.unirufa.it\/#website"},"datePublished":"2022-04-04T14:55:34+00:00","dateModified":"2025-01-27T12:03:33+00:00","breadcrumb":{"@id":"https:\/\/www.unirufa.it\/typ-rufalumni\/#breadcrumb"},"inLanguage":"es","potentialAction":[{"@type":"ReadAction","target":["https:\/\/www.unirufa.it\/typ-rufalumni\/"]}]},{"@type":"BreadcrumbList","@id":"https:\/\/www.unirufa.it\/typ-rufalumni\/#breadcrumb","itemListElement":[{"@type":"ListItem","position":1,"name":"Home","item":"https:\/\/www.unirufa.it\/"},{"@type":"ListItem","position":2,"name":"Grazie per esserti registrato a RUFAlumni"}]},{"@type":"WebSite","@id":"https:\/\/www.unirufa.it\/#website","url":"https:\/\/www.unirufa.it\/","name":"RUFA - Rome University of Fine Arts","description":"","potentialAction":[{"@type":"SearchAction","target":{"@type":"EntryPoint","urlTemplate":"https:\/\/www.unirufa.it\/?s={search_term_string}"},"query-input":{"@type":"PropertyValueSpecification","valueRequired":true,"valueName":"search_term_string"}}],"inLanguage":"es"}]}},"_links":{"self":[{"href":"https:\/\/www.unirufa.it\/es\/wp-json\/wp\/v2\/pages\/67895","targetHints":{"allow":["GET"]}}],"collection":[{"href":"https:\/\/www.unirufa.it\/es\/wp-json\/wp\/v2\/pages"}],"about":[{"href":"https:\/\/www.unirufa.it\/es\/wp-json\/wp\/v2\/types\/page"}],"author":[{"embeddable":true,"href":"https:\/\/www.unirufa.it\/es\/wp-json\/wp\/v2\/users\/35"}],"replies":[{"embeddable":true,"href":"https:\/\/www.unirufa.it\/es\/wp-json\/wp\/v2\/comments?post=67895"}],"version-history":[{"count":9,"href":"https:\/\/www.unirufa.it\/es\/wp-json\/wp\/v2\/pages\/67895\/revisions"}],"predecessor-version":[{"id":141916,"href":"https:\/\/www.unirufa.it\/es\/wp-json\/wp\/v2\/pages\/67895\/revisions\/141916"}],"wp:attachment":[{"href":"https:\/\/www.unirufa.it\/es\/wp-json\/wp\/v2\/media?parent=67895"}],"curies":[{"name":"wp","href":"https:\/\/api.w.org\/{rel}","templated":true}]}}