


{"id":68409,"date":"2022-04-19T15:04:07","date_gmt":"2022-04-19T13:04:07","guid":{"rendered":"https:\/\/www.unirufa.it\/?page_id=68409"},"modified":"2026-04-15T10:39:16","modified_gmt":"2026-04-15T08:39:16","slug":"ammissioni-master-accademici","status":"publish","type":"page","link":"https:\/\/www.unirufa.it\/es\/orientamento\/ammissioni\/ammissioni-master-accademici\/","title":{"rendered":"Admisiones &#8211; M\u00e1steres Acad\u00e9micos"},"content":{"rendered":"<h3>Requisitos de admisi\u00f3n<\/h3>\n<p>Para acceder a los M\u00e1steres Acad\u00e9micos de primer nivel de RUFA se requiere un t\u00edtulo acad\u00e9mico de primer nivel trienal (nuevo sistema), cuatrienal (sistema antiguo), una licenciatura, u otro t\u00edtulo obtenido en el extranjero y reconocido como id\u00f3neo por la Academia conforme a los acuerdos internacionales.<br \/>\n<em>Los candidatos deben presentar una certificaci\u00f3n ling\u00fc\u00edstica de nivel m\u00ednimo B2 de ingl\u00e9s.<\/em><\/p>\n<p>Estudiantes extranjeros<br \/>\nPara ser admitidos a los M\u00e1steres Acad\u00e9micos es necesario presentar:<br \/>\n\u2013 T\u00edtulo de grado reconocido mediante una \u201cDeclaraci\u00f3n de valor en el lugar\u201d, legalizaci\u00f3n y traducci\u00f3n del t\u00edtulo (a solicitar en la Embajada\/Consulado italiano de tu pa\u00eds), Diploma Supplement o los dos certificados de verificaci\u00f3n y comparabilidad del <a href=\"https:\/\/cimea.diplo-me.eu\/rufa\/#\/auth\/login\">CIMEA<\/a>;<br \/>\n\u2013 un certificado que acredite un nivel adecuado de conocimiento del idioma ingl\u00e9s;<br \/>\n\u2013 para estudiantes no comunitarios: visado de estudios necesario para asistir a los programas acad\u00e9micos, a solicitar a trav\u00e9s de la plataforma <a href=\"https:\/\/www.universitaly.it\/index.php\/\">Universitaly<\/a>;<br \/>\n\u2013 permiso de residencia\/solicitud de permiso de residencia, a entregar en la oficina de estudiantes internacionales dentro de los 8 d\u00edas h\u00e1biles siguientes a la llegada a Italia.<\/p>\n<p>Cada m\u00e1ster favorece conocimientos y formaci\u00f3n en las \u00e1reas del sector espec\u00edfico, adem\u00e1s de una formaci\u00f3n human\u00edstica o econ\u00f3mica, como se indica en la tabla siguiente:<\/p>\n\n<table id=\"tablepress-301-no-2\" class=\"tablepress tablepress-id-301 tablepress-responsive\">\n<thead>\n<tr class=\"row-1\">\n\t<th class=\"column-1\">Master Accademici di I livello<\/th><th class=\"column-2\">Area Arti visive, valorizzazione del patrimonio <br \/>\nartistico e culturale<\/th><th class=\"column-3\">Area Cinema, fotografia e audiovisivo<\/th><th class=\"column-4\">Area Design<\/th><th class=\"column-5\">Area umanistica e economica<\/th>\n<\/tr>\n<\/thead>\n<tbody class=\"row-striping\">\n<tr class=\"row-2\">\n\t<td class=\"column-1\">ART CURATING AND MANAGEMENT<\/td><td class=\"column-2\">\u2713<\/td><td class=\"column-3\"><\/td><td class=\"column-4\"><\/td><td class=\"column-5\">\u2713<\/td>\n<\/tr>\n<tr class=\"row-3\">\n\t<td class=\"column-1\">CINEMA AND NEW FORMAT PRODUCTION<\/td><td class=\"column-2\"><\/td><td class=\"column-3\">\u2713<\/td><td class=\"column-4\"><\/td><td class=\"column-5\">\u2713<\/td>\n<\/tr>\n<tr class=\"row-4\">\n\t<td class=\"column-1\">DESIGN MANAGEMENT<\/td><td class=\"column-2\"><\/td><td class=\"column-3\"><\/td><td class=\"column-4\">\u2713<\/td><td class=\"column-5\">\u2713<\/td>\n<\/tr>\n<tr class=\"row-5\">\n\t<td class=\"column-1\">PHOTOGRAPHY AND ITALIAN CULTURAL HERITAGE<\/td><td class=\"column-2\">\u2713<\/td><td class=\"column-3\">\u2713<\/td><td class=\"column-4\"><\/td><td class=\"column-5\">\u2713<\/td>\n<\/tr>\n<\/tbody>\n<\/table>\n\n<p>&nbsp;<\/p>\n<h3>Modalidad de admisi\u00f3n<\/h3>\n<p>La admisi\u00f3n se realiza mediante una <strong>prueba de acceso<\/strong>, destinada a comprender las motivaciones y verificar las aptitudes para emprender el curso de estudios elegido. La solicitud de admisi\u00f3n debe ir acompa\u00f1ada del <strong>Curriculum Vitae<\/strong> personal, una <strong>carta de presentaci\u00f3n<\/strong> (m\u00ednimo 500 palabras), la <strong>certificaci\u00f3n del conocimiento del idioma ingl\u00e9s<\/strong> (B2 o superior). Los candidatos tambi\u00e9n pueden presentar su portafolio, el resumen de su tesis o cualquier otro documento pertinente para demostrar sus competencias y experiencias.<\/p>\n<h4>ADMISI\u00d3N<\/h4>\n<p><i class=\"iconp-pen\"><\/i> Solicitud de admisi\u00f3n online<br \/>\n<i class=\"iconp-picture\"><\/i> Fotocopia del documento de identidad y c\u00f3digo fiscal (solo para ciudadanos italianos)<br \/>\n<i class=\"iconp-text\"><\/i> T\u00edtulo de estudio original o autocertificaci\u00f3n &#8211; <strong><a href=\"https:\/\/www.unirufa.it\/wp-content\/uploads\/2018\/05\/autocertificazione_titolo_di_studio.pdf\">Descargar Modelo<\/a><\/strong><\/p>\n<h4>MATR\u00cdCULA<\/h4>\n<p><i class=\"iconp-pen\"><\/i> Solicitud de matr\u00edcula online<br \/>\n<i class=\"iconp-picture\"><\/i> Dos fotos tama\u00f1o carn\u00e9<br \/>\n<i class=\"iconp-euro\"><\/i> Recibo de pago de la tasa de matr\u00edcula de \u20ac 1.800,00<br \/>\n<i class=\"iconp-text\"><\/i> Certificaci\u00f3n ling\u00fc\u00edstica o documentaci\u00f3n que acredite el conocimiento del idioma ingl\u00e9s, nivel B2, para todos los estudiantes<br \/>\n<i class=\"iconp-text\"><\/i> Para estudiantes no comunitarios: visado de estudios\/permiso de residencia necesario para asistir a los programas acad\u00e9micos<br \/>\n<i class=\"iconp-text\"><\/i> Para estudiantes extranjeros o italianos que hayan obtenido su t\u00edtulo en el extranjero: declaraci\u00f3n de valor, a solicitar en el pa\u00eds de origen, o certificados de verificaci\u00f3n y comparabilidad emitidos por el CIMEA<\/p>\n<div class=\"row\">\n<div class=\"col-sm-6\">\n<div class=\"item-date\">\n<h5><strong>ADMISI\u00d3N A LAS PRUEBAS DE ACCESO<\/strong><\/h5>\n<p>Las <strong>inscripciones<\/strong> para la admisi\u00f3n de enero de 2027 est\u00e1n <strong>ya abiertas<\/strong>.<\/p>\n<h5><strong>SESI\u00d3N DE ADMISI\u00d3N<\/strong><\/h5>\n<p><strong>22 y 23 de abril de 2025<\/strong><br \/>\n<em>Cierre de inscripciones <strong>17 de abril<\/strong><\/em><\/p>\n<\/div>\n<\/div>\n<div class=\"col-sm-6\">\n<div class=\"item-date\">\n<h5><strong>ASISTENCIA A CLASES <\/strong><\/h5>\n<p>El M\u00e1ster <strong>comienza en enero<\/strong> del a\u00f1o en curso, finaliza en enero del a\u00f1o siguiente e incluye <strong>250 horas de pr\u00e1cticas<\/strong>. La asistencia es obligatoria.<\/p>\n<\/div>\n<\/div>\n<\/div>\n<p>&nbsp;<\/p>\n<p>&nbsp;<br \/>\n<a id=\"btn-regolamentocorso\" class=\"download-btn full\" style=\"background-color: #000000; border-color: #000000;\" href=\"https:\/\/www.unirufa.it\/open-call\/\"><span style=\"color: #ffffff;\">RESERVA UNA ENTREVISTA DE ORIENTACI\u00d3N<\/span><\/a><br \/>\n&nbsp;<\/p>\n\n    <div class=\"panel-group\" id=\"accordion\" role=\"tablist\" aria-multiselectable=\"true\">\n        \n<article class=\"panel panel-default\" role=\"article\" itemscope itemtype=\"http:\/\/schema.org\/BlogPosting\">\n    <div class=\"panel-heading\" role=\"tab\" id=\"heading0\">\n\t    <h4 class=\"panel-title\">\n\t        <a class=\"collapsed\" role=\"button\" data-toggle=\"collapse\" data-parent=\"#accordion\" href=\"#collapse0\" aria-expanded=\"false\" aria-controls=\"collapse0\" itemprop=\"headline\">INSCR\u00cdBETE A LA PRUEBA DE ADMISI\u00d3N\t        \t<span class=\"courses\">\n                 \t        \t<\/span>\n\t        <\/a>\n\t    <\/h4>\n\t<\/div>\n<\/article>\n\n\n    <div id=\"collapse0\" class=\"panel-collapse collapse \" role=\"tabpanel\" aria-labelledby=\"heading0\">\n        <div class=\"panel-body\" itemprop=\"articleBody\">\n            <div class=\"item-description\">\n                \n\n\t\t\t\t\t<script>\n\t\t\t\t\t\twindow.hsFormsOnReady = window.hsFormsOnReady || [];\n\t\t\t\t\t\twindow.hsFormsOnReady.push(()=>{\n\t\t\t\t\t\t\thbspt.forms.create({\n\t\t\t\t\t\t\t\tportalId: 147413364,\n\t\t\t\t\t\t\t\tformId: \"0c17d566-da83-4d9b-9e8f-f8b8316b3c4d\",\n\t\t\t\t\t\t\t\ttarget: \"#hbspt-form-1776871958000-6989298712\",\n\t\t\t\t\t\t\t\tregion: \"eu1\",\n\t\t\t\t\t\t\t\t\n\t\t\t\t\t\t})});\n\t\t\t\t\t<\/script>\n\t\t\t\t\t<div class=\"hbspt-form\" id=\"hbspt-form-1776871958000-6989298712\"><\/div>\n            <\/div>\n        <\/div>\n    <\/div>\n    \n    <\/div>\n    \n<div class=\"row\">\n<div class=\"col-sm-6\">\n\n    <div class=\"panel-group\" id=\"accordion\" role=\"tablist\" aria-multiselectable=\"true\">\n        \n<article class=\"panel panel-default\" role=\"article\" itemscope itemtype=\"http:\/\/schema.org\/BlogPosting\">\n    <div class=\"panel-heading\" role=\"tab\" id=\"heading1\">\n\t    <h4 class=\"panel-title\">\n\t        <a class=\"collapsed\" role=\"button\" data-toggle=\"collapse\" data-parent=\"#accordion\" href=\"#collapse1\" aria-expanded=\"false\" aria-controls=\"collapse1\" itemprop=\"headline\">TASAS Y MODALIDADES DE PAGO \t        \t<span class=\"courses\">\n                 \n\t        \t<\/span>\n\t        <\/a>\n\t    <\/h4>\n\t<\/div>\n<\/article>\n\n    <div id=\"collapse1\" class=\"panel-collapse collapse \" role=\"tabpanel\" aria-labelledby=\"heading1\">\n        <div class=\"panel-body\" itemprop=\"articleBody\">\n            <div class=\"item-description\">\n                \n\n<table id=\"tablepress-302-no-2\" class=\"tablepress tablepress-id-302 tablepress-responsive\">\n<thead>\n<tr class=\"row-1\">\n\t<th class=\"column-1\">Studenti Italiani<\/th><th class=\"column-2\">Studenti UE<\/th><th class=\"column-3\">Studenti EXTRA UE<\/th>\n<\/tr>\n<\/thead>\n<tbody class=\"row-striping\">\n<tr class=\"row-2\">\n\t<td class=\"column-1\">\u20ac 11.800,00<\/td><td class=\"column-2\">\u20ac 11.800,00<\/td><td class=\"column-3\">\u20ac 13.800,00<\/td>\n<\/tr>\n<\/tbody>\n<\/table>\n\n<h4>MODALIDADES DE PAGO<\/h4>\n<p><strong>ESTUDIANTES ITALIANOS Y DE LA UE<\/strong><br \/>\n\u20ac1.800,00 Cuota de <strong>matr\u00edcula anual<\/strong> a abonar en el momento de la matriculaci\u00f3n cada a\u00f1o mediante transferencia bancaria a nombre de Rome University of Fine Arts S.r.l. IBAN: IT29D0306905048100000012207, BIC CODE (Swift): BCITITMM, indicando como concepto su nombre y apellidos, con cheque o directamente en efectivo en la oficina administrativa. El resto de la matr\u00edcula puede pagarse, mediante transferencia bancaria, en:<\/p>\n<p>\u2022 <strong>pago \u00fanico<\/strong> antes del 31 de enero, con un <strong>descuento del 5%<\/strong>;<br \/>\n\u2022 <strong>3 cuotas<\/strong> (31 de enero, 28 de febrero, 31 de marzo);<br \/>\n\u2022 <strong>4 cuotas<\/strong> (31 de enero, 31 de marzo, 31 de mayo, 31 de julio);<br \/>\n\u2022 <strong>6 cuotas<\/strong> (31 de enero, 28 de febrero, 31 de marzo, 30 de abril, 31 de mayo, 30 de junio);<br \/>\n\u2022 <strong>12 cuotas<\/strong> con financiaci\u00f3n sin intereses. (T\u00e9rminos y condiciones)<\/p>\n<p><strong>ESTUDIANTES FUERA DE LA UE<\/strong><br \/>\n\u20ac 1.800,00 Cuota de <strong>matr\u00edcula anual<\/strong> a pagar en el momento de la matr\u00edcula mediante transferencia bancaria a nombre de Rome University of Fine Arts S.r.l. IBAN: IT29D0306905048100000012207, BIC CODE (Swift): BCITITMM, indicando como concepto su nombre y apellidos, o con tarjeta de cr\u00e9dito en el sitio <a href=\"https:\/\/payment.flywire.com\/pay?recipient=RUE\">rufa.flywire.com<\/a>. El resto de la matr\u00edcula debe pagarse antes del <strong>12 de diciembre<\/strong> mediante transferencia bancaria.<\/p>\n\n            <\/div>\n        <\/div>\n    <\/div>\n    \n\n<article class=\"panel panel-default\" role=\"article\" itemscope itemtype=\"http:\/\/schema.org\/BlogPosting\">\n    <div class=\"panel-heading\" role=\"tab\" id=\"heading2\">\n\t    <h4 class=\"panel-title\">\n\t        <a class=\"collapsed\" role=\"button\" data-toggle=\"collapse\" data-parent=\"#accordion\" href=\"#collapse2\" aria-expanded=\"false\" aria-controls=\"collapse2\" itemprop=\"headline\">DOCUMENTOS\t        \t<span class=\"courses\">\n                 \n\t        \t<\/span>\n\t        <\/a>\n\t    <\/h4>\n\t<\/div>\n<\/article>\n\n\n    <div id=\"collapse2\" class=\"panel-collapse collapse \" role=\"tabpanel\" aria-labelledby=\"heading2\">\n        <div class=\"panel-body\" itemprop=\"articleBody\">\n            <div class=\"item-description\">\n                \n<div class=\"block-documents\">\n<h4>Documentaci\u00f3n requerida<\/h4>\n<ul>\n<li><i class=\"iconp-pen\"><\/i> Solicitud de admisi\u00f3n online<\/li>\n<li><i class=\"iconp-picture\"><\/i> Fotocopia del documento de identidad y c\u00f3digo fiscal (solo para ciudadanos italianos)<\/li>\n<li><i class=\"iconp-text\"><\/i> T\u00edtulo de estudio original o autocertificaci\u00f3n &#8211; <strong><a href=\"https:\/\/www.unirufa.it\/wp-content\/uploads\/2022\/05\/modelloautocerficazionestudio_master.pdf\">Descargar Modelo<\/a><\/strong><\/li>\n<\/ul>\n<p>Una vez superado el examen de admisi\u00f3n, es necesario presentar la solicitud de matr\u00edcula dentro del plazo, adjuntando los siguientes documentos:<\/p>\n<ul>\n<li><i class=\"iconp-pen\"><\/i> Solicitud de matr\u00edcula online<\/li>\n<li><i class=\"iconp-picture\"><\/i> Dos fotos tama\u00f1o carn\u00e9<\/li>\n<li><i class=\"iconp-euro\"><\/i> Recibo de pago de la matr\u00edcula de \u20ac 1.800,00<\/li>\n<li><i class=\"iconp-text\"><\/i> Certificaci\u00f3n ling\u00fc\u00edstica o documentaci\u00f3n que acredite el conocimiento del idioma ingl\u00e9s para todos los estudiantes;<\/li>\n<li><i class=\"iconp-text\"><\/i> Para estudiantes no comunitarios: visado de estudios\/permiso de residencia necesario para asistir a los programas acad\u00e9micos;<\/li>\n<li><i class=\"iconp-text\"><\/i> Para estudiantes extranjeros o italianos que hayan obtenido su t\u00edtulo en el extranjero: Declaraci\u00f3n de valor en el lugar o certificados de verificaci\u00f3n y comparabilidad emitidos por el CIMEA.<\/li>\n<\/div>\n<p>&nbsp;<\/p>\n            <\/div>\n        <\/div>\n    <\/div>\n    \n    <\/div>\n    \n<\/p><\/div>\n<div class=\"col-sm-6\">\n\n    <div class=\"panel-group\" id=\"accordion\" role=\"tablist\" aria-multiselectable=\"true\">\n        \n\n<article class=\"panel panel-default\" role=\"article\" itemscope itemtype=\"http:\/\/schema.org\/BlogPosting\">\n    <div class=\"panel-heading\" role=\"tab\" id=\"heading3\">\n\t    <h4 class=\"panel-title\">\n\t        <a class=\"collapsed\" role=\"button\" data-toggle=\"collapse\" data-parent=\"#accordion\" href=\"#collapse3\" aria-expanded=\"false\" aria-controls=\"collapse3\" itemprop=\"headline\">BECAS\t        \t<span class=\"courses\">\n                 \n\t        \t<\/span>\n\t        <\/a>\n\t    <\/h4>\n\t<\/div>\n<\/article>\n\n\n    <div id=\"collapse3\" class=\"panel-collapse collapse \" role=\"tabpanel\" aria-labelledby=\"heading3\">\n        <div class=\"panel-body\" itemprop=\"articleBody\">\n            <div class=\"item-description\">\n                \n<p>Para los cursos que comienzan en enero de 2027, RUFA ofrece algunas becas a estudiantes italianos e internacionales que se inscriban en los M\u00e1steres Acad\u00e9micos en Art Curating and Management, Design Management y Cinema and New Formats Production. Las becas se asignan en base al perfil acad\u00e9mico y profesional.<br \/>\nUna comisi\u00f3n compuesta por profesores de los respectivos cursos evaluar\u00e1 a los candidatos a la beca teniendo en cuenta la solidez y coherencia del perfil acad\u00e9mico, la tesis de grado, el portafolio, los proyectos compartidos por el candidato y el resultado de la eventual entrevista.<\/p>\n\n<p><a class=\"download-btn full text-uppercase\" href=\"https:\/\/www.unirufa.it\/orientamento\/borse-di-studio-e-agevolazioni-economiche\/borse-di-studio\/#master\">Convocatorias y Candidaturas<\/a>\n<\/div>\n            <\/div>\n        <\/div>\n    <\/div>\n    \n\n<article class=\"panel panel-default\" role=\"article\" itemscope itemtype=\"http:\/\/schema.org\/BlogPosting\">\n    <div class=\"panel-heading\" role=\"tab\" id=\"heading4\">\n\t    <h4 class=\"panel-title\">\n\t        <a class=\"collapsed\" role=\"button\" data-toggle=\"collapse\" data-parent=\"#accordion\" href=\"#collapse4\" aria-expanded=\"false\" aria-controls=\"collapse4\" itemprop=\"headline\">AYUDAS ECON\u00d3MICAS\t        \t<span class=\"courses\">\n                 \n\t        \t<\/span>\n\t        <\/a>\n\t    <\/h4>\n\t<\/div>\n<\/article>\n\n\n    <div id=\"collapse4\" class=\"panel-collapse collapse \" role=\"tabpanel\" aria-labelledby=\"heading4\">\n        <div class=\"panel-body\" itemprop=\"articleBody\">\n            <div class=\"item-description\">\n                \n<p>RUFA cree firmemente en los j\u00f3venes talentos y facilita el acceso a la formaci\u00f3n para sus estudiantes a trav\u00e9s de diversas becas y ayudas econ\u00f3micas:<\/p>\n<p>\u2022 \u201cfinanciaci\u00f3n sin intereses\u201d en <strong>12 mensualidades<\/strong> (T\u00e9rminos y condiciones);<br \/>\n\u2022 pr\u00e9stamo \u201c<strong>por m\u00e9rito<\/strong>\u201d de Intesa San Paolo, sin necesidad de aval para el estudiante que cumpla con el plan de estudios;<br \/>\n\u2022 exenci\u00f3n de <strong>2.000,00 \u20ac<\/strong> para estudiantes con discapacidad > 66%;<br \/>\n\u2022 reducci\u00f3n del <strong>5%<\/strong> pagando en un \u00fanico plazo <strong>antes del 31 de enero<\/strong> (solo para estudiantes con ciudadan\u00eda italiana);<br \/>\n\u2022 reducci\u00f3n del <strong>10%<\/strong> para hermanos\/as inscritos;<br \/>\n\u2022 reducci\u00f3n del <strong>20%<\/strong> para diplomados RUFA.<\/p>\n            <\/div>\n        <\/div>\n    <\/div>\n    \n    <\/div>\n    \n<\/p><\/div>\n<\/div>","protected":false},"excerpt":{"rendered":"<p>Requisitos de admisi\u00f3n Para acceder a los M\u00e1steres Acad\u00e9micos de primer nivel de RUFA se requiere un t\u00edtulo acad\u00e9mico de primer nivel trienal (nuevo sistema), cuatrienal (sistema antiguo), una licenciatura, u otro t\u00edtulo obtenido en el extranjero y reconocido como id\u00f3neo por la Academia conforme a los acuerdos internacionales. Los candidatos deben presentar una certificaci\u00f3n&#8230;<\/p>\n","protected":false},"author":22,"featured_media":0,"parent":22901,"menu_order":0,"comment_status":"closed","ping_status":"closed","template":"page_blank.php","meta":{"content-type":"","footnotes":""},"class_list":["post-68409","page","type-page","status-publish","hentry"],"yoast_head":"<!-- This site is optimized with the Yoast SEO plugin v24.2 - https:\/\/yoast.com\/wordpress\/plugins\/seo\/ -->\n<title>Admisiones - M\u00e1steres Acad\u00e9micos - RUFA - Rome University of Fine Arts<\/title>\n<meta name=\"robots\" content=\"index, follow, max-snippet:-1, max-image-preview:large, max-video-preview:-1\" \/>\n<link rel=\"canonical\" href=\"https:\/\/www.unirufa.it\/orientamento\/ammissioni\/ammissioni-master-accademici\/\" \/>\n<meta property=\"og:locale\" content=\"es_ES\" \/>\n<meta property=\"og:type\" content=\"article\" \/>\n<meta property=\"og:title\" content=\"Admisiones - M\u00e1steres Acad\u00e9micos - RUFA - Rome University of Fine Arts\" \/>\n<meta property=\"og:description\" content=\"Requisitos de admisi\u00f3n Para acceder a los M\u00e1steres Acad\u00e9micos de primer nivel de RUFA se requiere un t\u00edtulo acad\u00e9mico de primer nivel trienal (nuevo sistema), cuatrienal (sistema antiguo), una licenciatura, u otro t\u00edtulo obtenido en el extranjero y reconocido como id\u00f3neo por la Academia conforme a los acuerdos internacionales. Los candidatos deben presentar una certificaci\u00f3n...\" \/>\n<meta property=\"og:url\" content=\"https:\/\/www.unirufa.it\/orientamento\/ammissioni\/ammissioni-master-accademici\/\" \/>\n<meta property=\"og:site_name\" content=\"RUFA - Rome University of Fine Arts\" \/>\n<meta property=\"article:modified_time\" content=\"2026-04-15T08:39:16+00:00\" \/>\n<meta property=\"og:image\" content=\"https:\/\/www.unirufa.it\/wp-content\/uploads\/2017\/11\/logo-rufa-2016.png\" \/>\n\t<meta property=\"og:image:width\" content=\"230\" \/>\n\t<meta property=\"og:image:height\" content=\"149\" \/>\n\t<meta property=\"og:image:type\" content=\"image\/png\" \/>\n<meta name=\"twitter:label1\" content=\"Tiempo de lectura\" \/>\n\t<meta name=\"twitter:data1\" content=\"17 minutos\" \/>\n<script type=\"application\/ld+json\" class=\"yoast-schema-graph\">{\"@context\":\"https:\/\/schema.org\",\"@graph\":[{\"@type\":\"WebPage\",\"@id\":\"https:\/\/www.unirufa.it\/orientamento\/ammissioni\/ammissioni-master-accademici\/\",\"url\":\"https:\/\/www.unirufa.it\/orientamento\/ammissioni\/ammissioni-master-accademici\/\",\"name\":\"Admisiones - M\u00e1steres Acad\u00e9micos - RUFA - Rome University of Fine Arts\",\"isPartOf\":{\"@id\":\"https:\/\/www.unirufa.it\/#website\"},\"datePublished\":\"2022-04-19T13:04:07+00:00\",\"dateModified\":\"2026-04-15T08:39:16+00:00\",\"breadcrumb\":{\"@id\":\"https:\/\/www.unirufa.it\/orientamento\/ammissioni\/ammissioni-master-accademici\/#breadcrumb\"},\"inLanguage\":\"es\",\"potentialAction\":[{\"@type\":\"ReadAction\",\"target\":[\"https:\/\/www.unirufa.it\/orientamento\/ammissioni\/ammissioni-master-accademici\/\"]}]},{\"@type\":\"BreadcrumbList\",\"@id\":\"https:\/\/www.unirufa.it\/orientamento\/ammissioni\/ammissioni-master-accademici\/#breadcrumb\",\"itemListElement\":[{\"@type\":\"ListItem\",\"position\":1,\"name\":\"Home\",\"item\":\"https:\/\/www.unirufa.it\/\"},{\"@type\":\"ListItem\",\"position\":2,\"name\":\"Orientamento\",\"item\":\"https:\/\/www.unirufa.it\/orientamento\/\"},{\"@type\":\"ListItem\",\"position\":3,\"name\":\"Ammissioni\",\"item\":\"https:\/\/www.unirufa.it\/orientamento\/ammissioni\/\"},{\"@type\":\"ListItem\",\"position\":4,\"name\":\"Ammissioni &#8211; Master Accademici\"}]},{\"@type\":\"WebSite\",\"@id\":\"https:\/\/www.unirufa.it\/#website\",\"url\":\"https:\/\/www.unirufa.it\/\",\"name\":\"RUFA - Rome University of Fine Arts\",\"description\":\"\",\"potentialAction\":[{\"@type\":\"SearchAction\",\"target\":{\"@type\":\"EntryPoint\",\"urlTemplate\":\"https:\/\/www.unirufa.it\/?s={search_term_string}\"},\"query-input\":{\"@type\":\"PropertyValueSpecification\",\"valueRequired\":true,\"valueName\":\"search_term_string\"}}],\"inLanguage\":\"es\"}]}<\/script>\n<!-- \/ Yoast SEO plugin. -->","yoast_head_json":{"title":"Admisiones - M\u00e1steres Acad\u00e9micos - RUFA - Rome University of Fine Arts","robots":{"index":"index","follow":"follow","max-snippet":"max-snippet:-1","max-image-preview":"max-image-preview:large","max-video-preview":"max-video-preview:-1"},"canonical":"https:\/\/www.unirufa.it\/orientamento\/ammissioni\/ammissioni-master-accademici\/","og_locale":"es_ES","og_type":"article","og_title":"Admisiones - M\u00e1steres Acad\u00e9micos - RUFA - Rome University of Fine Arts","og_description":"Requisitos de admisi\u00f3n Para acceder a los M\u00e1steres Acad\u00e9micos de primer nivel de RUFA se requiere un t\u00edtulo acad\u00e9mico de primer nivel trienal (nuevo sistema), cuatrienal (sistema antiguo), una licenciatura, u otro t\u00edtulo obtenido en el extranjero y reconocido como id\u00f3neo por la Academia conforme a los acuerdos internacionales. Los candidatos deben presentar una certificaci\u00f3n...","og_url":"https:\/\/www.unirufa.it\/orientamento\/ammissioni\/ammissioni-master-accademici\/","og_site_name":"RUFA - Rome University of Fine Arts","article_modified_time":"2026-04-15T08:39:16+00:00","og_image":[{"width":230,"height":149,"url":"https:\/\/www.unirufa.it\/wp-content\/uploads\/2017\/11\/logo-rufa-2016.png","type":"image\/png"}],"twitter_misc":{"Tiempo de lectura":"17 minutos"},"schema":{"@context":"https:\/\/schema.org","@graph":[{"@type":"WebPage","@id":"https:\/\/www.unirufa.it\/orientamento\/ammissioni\/ammissioni-master-accademici\/","url":"https:\/\/www.unirufa.it\/orientamento\/ammissioni\/ammissioni-master-accademici\/","name":"Admisiones - M\u00e1steres Acad\u00e9micos - RUFA - Rome University of Fine Arts","isPartOf":{"@id":"https:\/\/www.unirufa.it\/#website"},"datePublished":"2022-04-19T13:04:07+00:00","dateModified":"2026-04-15T08:39:16+00:00","breadcrumb":{"@id":"https:\/\/www.unirufa.it\/orientamento\/ammissioni\/ammissioni-master-accademici\/#breadcrumb"},"inLanguage":"es","potentialAction":[{"@type":"ReadAction","target":["https:\/\/www.unirufa.it\/orientamento\/ammissioni\/ammissioni-master-accademici\/"]}]},{"@type":"BreadcrumbList","@id":"https:\/\/www.unirufa.it\/orientamento\/ammissioni\/ammissioni-master-accademici\/#breadcrumb","itemListElement":[{"@type":"ListItem","position":1,"name":"Home","item":"https:\/\/www.unirufa.it\/"},{"@type":"ListItem","position":2,"name":"Orientamento","item":"https:\/\/www.unirufa.it\/orientamento\/"},{"@type":"ListItem","position":3,"name":"Ammissioni","item":"https:\/\/www.unirufa.it\/orientamento\/ammissioni\/"},{"@type":"ListItem","position":4,"name":"Ammissioni &#8211; Master Accademici"}]},{"@type":"WebSite","@id":"https:\/\/www.unirufa.it\/#website","url":"https:\/\/www.unirufa.it\/","name":"RUFA - Rome University of Fine Arts","description":"","potentialAction":[{"@type":"SearchAction","target":{"@type":"EntryPoint","urlTemplate":"https:\/\/www.unirufa.it\/?s={search_term_string}"},"query-input":{"@type":"PropertyValueSpecification","valueRequired":true,"valueName":"search_term_string"}}],"inLanguage":"es"}]}},"_links":{"self":[{"href":"https:\/\/www.unirufa.it\/es\/wp-json\/wp\/v2\/pages\/68409","targetHints":{"allow":["GET"]}}],"collection":[{"href":"https:\/\/www.unirufa.it\/es\/wp-json\/wp\/v2\/pages"}],"about":[{"href":"https:\/\/www.unirufa.it\/es\/wp-json\/wp\/v2\/types\/page"}],"author":[{"embeddable":true,"href":"https:\/\/www.unirufa.it\/es\/wp-json\/wp\/v2\/users\/22"}],"replies":[{"embeddable":true,"href":"https:\/\/www.unirufa.it\/es\/wp-json\/wp\/v2\/comments?post=68409"}],"version-history":[{"count":158,"href":"https:\/\/www.unirufa.it\/es\/wp-json\/wp\/v2\/pages\/68409\/revisions"}],"predecessor-version":[{"id":152897,"href":"https:\/\/www.unirufa.it\/es\/wp-json\/wp\/v2\/pages\/68409\/revisions\/152897"}],"up":[{"embeddable":true,"href":"https:\/\/www.unirufa.it\/es\/wp-json\/wp\/v2\/pages\/22901"}],"wp:attachment":[{"href":"https:\/\/www.unirufa.it\/es\/wp-json\/wp\/v2\/media?parent=68409"}],"curies":[{"name":"wp","href":"https:\/\/api.w.org\/{rel}","templated":true}]}}