


{"id":69384,"date":"2022-04-19T10:24:26","date_gmt":"2022-04-19T08:24:26","guid":{"rendered":"https:\/\/www.unirufa.it\/?page_id=69384"},"modified":"2024-03-27T17:16:24","modified_gmt":"2024-03-27T16:16:24","slug":"typ-master-admission-test","status":"publish","type":"page","link":"https:\/\/www.unirufa.it\/es\/typ-master-admission-test\/","title":{"rendered":"Inscripci\u00f3n para la prueba de admisi\u00f3n &#8211; M\u00e1steres acad\u00e9micos"},"content":{"rendered":"<div class=\"row\">\n<h3>\nHemos recibido su solicitud para la prueba de admisi\u00f3n al M\u00e1ster Acad\u00e9mico RUFA.<br \/>\nLa oficina encargada se pondr\u00e1 en contacto con usted en breve para fijar la fecha y las modalidades de la prueba de admisi\u00f3n. <\/h3>\n<\/div>","protected":false},"excerpt":{"rendered":"<p>Hemos recibido su solicitud para la prueba de admisi\u00f3n al M\u00e1ster Acad\u00e9mico RUFA. La oficina encargada se pondr\u00e1 en contacto con usted en breve para fijar la fecha y las modalidades de la prueba de admisi\u00f3n.<\/p>\n","protected":false},"author":35,"featured_media":0,"parent":0,"menu_order":0,"comment_status":"closed","ping_status":"closed","template":"","meta":{"content-type":"","footnotes":""},"class_list":["post-69384","page","type-page","status-publish","hentry"],"yoast_head":"<!-- This site is optimized with the Yoast SEO plugin v24.2 - https:\/\/yoast.com\/wordpress\/plugins\/seo\/ -->\n<title>Inscripci\u00f3n para la prueba de admisi\u00f3n - M\u00e1steres acad\u00e9micos - RUFA - Rome University of Fine Arts<\/title>\n<meta name=\"robots\" content=\"noindex, nofollow\" \/>\n<meta property=\"og:locale\" content=\"es_ES\" \/>\n<meta property=\"og:type\" content=\"article\" \/>\n<meta property=\"og:title\" content=\"Inscripci\u00f3n para la prueba de admisi\u00f3n - M\u00e1steres acad\u00e9micos - RUFA - Rome University of Fine Arts\" \/>\n<meta property=\"og:description\" content=\"Hemos recibido su solicitud para la prueba de admisi\u00f3n al M\u00e1ster Acad\u00e9mico RUFA. La oficina encargada se pondr\u00e1 en contacto con usted en breve para fijar la fecha y las modalidades de la prueba de admisi\u00f3n.\" \/>\n<meta property=\"og:url\" content=\"https:\/\/www.unirufa.it\/typ-master-admission-test\/\" \/>\n<meta property=\"og:site_name\" content=\"RUFA - Rome University of Fine Arts\" \/>\n<meta property=\"article:modified_time\" content=\"2024-03-27T16:16:24+00:00\" \/>\n<meta property=\"og:image\" content=\"https:\/\/www.unirufa.it\/wp-content\/uploads\/2017\/11\/logo-rufa-2016.png\" \/>\n\t<meta property=\"og:image:width\" content=\"230\" \/>\n\t<meta property=\"og:image:height\" content=\"149\" \/>\n\t<meta property=\"og:image:type\" content=\"image\/png\" \/>\n<meta name=\"twitter:label1\" content=\"Tiempo de lectura\" \/>\n\t<meta name=\"twitter:data1\" content=\"1 minuto\" \/>\n<script type=\"application\/ld+json\" class=\"yoast-schema-graph\">{\"@context\":\"https:\/\/schema.org\",\"@graph\":[{\"@type\":\"WebPage\",\"@id\":\"https:\/\/www.unirufa.it\/typ-master-admission-test\/\",\"url\":\"https:\/\/www.unirufa.it\/typ-master-admission-test\/\",\"name\":\"Inscripci\u00f3n para la prueba de admisi\u00f3n - M\u00e1steres acad\u00e9micos - RUFA - Rome University of Fine Arts\",\"isPartOf\":{\"@id\":\"https:\/\/www.unirufa.it\/#website\"},\"datePublished\":\"2022-04-19T08:24:26+00:00\",\"dateModified\":\"2024-03-27T16:16:24+00:00\",\"breadcrumb\":{\"@id\":\"https:\/\/www.unirufa.it\/typ-master-admission-test\/#breadcrumb\"},\"inLanguage\":\"es\",\"potentialAction\":[{\"@type\":\"ReadAction\",\"target\":[\"https:\/\/www.unirufa.it\/typ-master-admission-test\/\"]}]},{\"@type\":\"BreadcrumbList\",\"@id\":\"https:\/\/www.unirufa.it\/typ-master-admission-test\/#breadcrumb\",\"itemListElement\":[{\"@type\":\"ListItem\",\"position\":1,\"name\":\"Home\",\"item\":\"https:\/\/www.unirufa.it\/\"},{\"@type\":\"ListItem\",\"position\":2,\"name\":\"Iscrizione test di ammissione &#8211; Master Accademici\"}]},{\"@type\":\"WebSite\",\"@id\":\"https:\/\/www.unirufa.it\/#website\",\"url\":\"https:\/\/www.unirufa.it\/\",\"name\":\"RUFA - Rome University of Fine Arts\",\"description\":\"\",\"potentialAction\":[{\"@type\":\"SearchAction\",\"target\":{\"@type\":\"EntryPoint\",\"urlTemplate\":\"https:\/\/www.unirufa.it\/?s={search_term_string}\"},\"query-input\":{\"@type\":\"PropertyValueSpecification\",\"valueRequired\":true,\"valueName\":\"search_term_string\"}}],\"inLanguage\":\"es\"}]}<\/script>\n<!-- \/ Yoast SEO plugin. -->","yoast_head_json":{"title":"Inscripci\u00f3n para la prueba de admisi\u00f3n - M\u00e1steres acad\u00e9micos - RUFA - Rome University of Fine Arts","robots":{"index":"noindex","follow":"nofollow"},"og_locale":"es_ES","og_type":"article","og_title":"Inscripci\u00f3n para la prueba de admisi\u00f3n - M\u00e1steres acad\u00e9micos - RUFA - Rome University of Fine Arts","og_description":"Hemos recibido su solicitud para la prueba de admisi\u00f3n al M\u00e1ster Acad\u00e9mico RUFA. La oficina encargada se pondr\u00e1 en contacto con usted en breve para fijar la fecha y las modalidades de la prueba de admisi\u00f3n.","og_url":"https:\/\/www.unirufa.it\/typ-master-admission-test\/","og_site_name":"RUFA - Rome University of Fine Arts","article_modified_time":"2024-03-27T16:16:24+00:00","og_image":[{"width":230,"height":149,"url":"https:\/\/www.unirufa.it\/wp-content\/uploads\/2017\/11\/logo-rufa-2016.png","type":"image\/png"}],"twitter_misc":{"Tiempo de lectura":"1 minuto"},"schema":{"@context":"https:\/\/schema.org","@graph":[{"@type":"WebPage","@id":"https:\/\/www.unirufa.it\/typ-master-admission-test\/","url":"https:\/\/www.unirufa.it\/typ-master-admission-test\/","name":"Inscripci\u00f3n para la prueba de admisi\u00f3n - M\u00e1steres acad\u00e9micos - RUFA - Rome University of Fine Arts","isPartOf":{"@id":"https:\/\/www.unirufa.it\/#website"},"datePublished":"2022-04-19T08:24:26+00:00","dateModified":"2024-03-27T16:16:24+00:00","breadcrumb":{"@id":"https:\/\/www.unirufa.it\/typ-master-admission-test\/#breadcrumb"},"inLanguage":"es","potentialAction":[{"@type":"ReadAction","target":["https:\/\/www.unirufa.it\/typ-master-admission-test\/"]}]},{"@type":"BreadcrumbList","@id":"https:\/\/www.unirufa.it\/typ-master-admission-test\/#breadcrumb","itemListElement":[{"@type":"ListItem","position":1,"name":"Home","item":"https:\/\/www.unirufa.it\/"},{"@type":"ListItem","position":2,"name":"Iscrizione test di ammissione &#8211; Master Accademici"}]},{"@type":"WebSite","@id":"https:\/\/www.unirufa.it\/#website","url":"https:\/\/www.unirufa.it\/","name":"RUFA - Rome University of Fine Arts","description":"","potentialAction":[{"@type":"SearchAction","target":{"@type":"EntryPoint","urlTemplate":"https:\/\/www.unirufa.it\/?s={search_term_string}"},"query-input":{"@type":"PropertyValueSpecification","valueRequired":true,"valueName":"search_term_string"}}],"inLanguage":"es"}]}},"_links":{"self":[{"href":"https:\/\/www.unirufa.it\/es\/wp-json\/wp\/v2\/pages\/69384","targetHints":{"allow":["GET"]}}],"collection":[{"href":"https:\/\/www.unirufa.it\/es\/wp-json\/wp\/v2\/pages"}],"about":[{"href":"https:\/\/www.unirufa.it\/es\/wp-json\/wp\/v2\/types\/page"}],"author":[{"embeddable":true,"href":"https:\/\/www.unirufa.it\/es\/wp-json\/wp\/v2\/users\/35"}],"replies":[{"embeddable":true,"href":"https:\/\/www.unirufa.it\/es\/wp-json\/wp\/v2\/comments?post=69384"}],"version-history":[{"count":5,"href":"https:\/\/www.unirufa.it\/es\/wp-json\/wp\/v2\/pages\/69384\/revisions"}],"predecessor-version":[{"id":127832,"href":"https:\/\/www.unirufa.it\/es\/wp-json\/wp\/v2\/pages\/69384\/revisions\/127832"}],"wp:attachment":[{"href":"https:\/\/www.unirufa.it\/es\/wp-json\/wp\/v2\/media?parent=69384"}],"curies":[{"name":"wp","href":"https:\/\/api.w.org\/{rel}","templated":true}]}}