


{"id":69502,"date":"2022-04-19T14:17:20","date_gmt":"2022-04-19T12:17:20","guid":{"rendered":"https:\/\/www.unirufa.it\/?page_id=69502"},"modified":"2026-03-20T11:10:31","modified_gmt":"2026-03-20T10:10:31","slug":"form-ammissione-master-accademici","status":"publish","type":"page","link":"https:\/\/www.unirufa.it\/es\/form-ammissione-master-accademici\/","title":{"rendered":"Solicitar el M\u00e1ster Acad\u00e9mico"},"content":{"rendered":"<h5><span style=\"background-color: black; color: white;\">Admisi\u00f3n enero 2027<\/h5>\n<p>Por favor, rellene el siguiente formulario, recibir\u00e1 una confirmaci\u00f3n por correo electr\u00f3nico y ser\u00e1 contactado por nuestras oficinas. <\/p>\n\n\t\t\t\t\t<script>\n\t\t\t\t\t\twindow.hsFormsOnReady = window.hsFormsOnReady || [];\n\t\t\t\t\t\twindow.hsFormsOnReady.push(()=>{\n\t\t\t\t\t\t\thbspt.forms.create({\n\t\t\t\t\t\t\t\tportalId: 143693635,\n\t\t\t\t\t\t\t\tformId: \"fb69bd22-e75a-4177-ac80-3d0eebea5dfa\",\n\t\t\t\t\t\t\t\ttarget: \"#hbspt-form-1775491020000-8962135945\",\n\t\t\t\t\t\t\t\tregion: \"eu1\",\n\t\t\t\t\t\t\t\t\n\t\t\t\t\t\t})});\n\t\t\t\t\t<\/script>\n\t\t\t\t\t<div class=\"hbspt-form\" id=\"hbspt-form-1775491020000-8962135945\"><\/div>","protected":false},"excerpt":{"rendered":"<p>Admisi\u00f3n enero 2027 Por favor, rellene el siguiente formulario, recibir\u00e1 una confirmaci\u00f3n por correo electr\u00f3nico y ser\u00e1 contactado por nuestras oficinas.<\/p>\n","protected":false},"author":35,"featured_media":0,"parent":0,"menu_order":0,"comment_status":"closed","ping_status":"closed","template":"","meta":{"content-type":"","footnotes":""},"class_list":["post-69502","page","type-page","status-publish","hentry"],"yoast_head":"<!-- This site is optimized with the Yoast SEO plugin v24.2 - https:\/\/yoast.com\/wordpress\/plugins\/seo\/ -->\n<title>Solicitar el M\u00e1ster Acad\u00e9mico - RUFA - Rome University of Fine Arts<\/title>\n<meta name=\"robots\" content=\"index, follow, max-snippet:-1, max-image-preview:large, max-video-preview:-1\" \/>\n<link rel=\"canonical\" href=\"https:\/\/www.unirufa.it\/form-ammissione-master-accademici\/\" \/>\n<meta property=\"og:locale\" content=\"es_ES\" \/>\n<meta property=\"og:type\" content=\"article\" \/>\n<meta property=\"og:title\" content=\"Solicitar el M\u00e1ster Acad\u00e9mico - RUFA - Rome University of Fine Arts\" \/>\n<meta property=\"og:description\" content=\"Admisi\u00f3n enero 2027 Por favor, rellene el siguiente formulario, recibir\u00e1 una confirmaci\u00f3n por correo electr\u00f3nico y ser\u00e1 contactado por nuestras oficinas.\" \/>\n<meta property=\"og:url\" content=\"https:\/\/www.unirufa.it\/form-ammissione-master-accademici\/\" \/>\n<meta property=\"og:site_name\" content=\"RUFA - Rome University of Fine Arts\" \/>\n<meta property=\"article:modified_time\" content=\"2026-03-20T10:10:31+00:00\" \/>\n<meta property=\"og:image\" content=\"https:\/\/www.unirufa.it\/wp-content\/uploads\/2017\/11\/logo-rufa-2016.png\" \/>\n\t<meta property=\"og:image:width\" content=\"230\" \/>\n\t<meta property=\"og:image:height\" content=\"149\" \/>\n\t<meta property=\"og:image:type\" content=\"image\/png\" \/>\n<meta name=\"twitter:label1\" content=\"Tiempo de lectura\" \/>\n\t<meta name=\"twitter:data1\" content=\"1 minuto\" \/>\n<script type=\"application\/ld+json\" class=\"yoast-schema-graph\">{\"@context\":\"https:\/\/schema.org\",\"@graph\":[{\"@type\":\"WebPage\",\"@id\":\"https:\/\/www.unirufa.it\/form-ammissione-master-accademici\/\",\"url\":\"https:\/\/www.unirufa.it\/form-ammissione-master-accademici\/\",\"name\":\"Solicitar el M\u00e1ster Acad\u00e9mico - RUFA - Rome University of Fine Arts\",\"isPartOf\":{\"@id\":\"https:\/\/www.unirufa.it\/#website\"},\"datePublished\":\"2022-04-19T12:17:20+00:00\",\"dateModified\":\"2026-03-20T10:10:31+00:00\",\"breadcrumb\":{\"@id\":\"https:\/\/www.unirufa.it\/form-ammissione-master-accademici\/#breadcrumb\"},\"inLanguage\":\"es\",\"potentialAction\":[{\"@type\":\"ReadAction\",\"target\":[\"https:\/\/www.unirufa.it\/form-ammissione-master-accademici\/\"]}]},{\"@type\":\"BreadcrumbList\",\"@id\":\"https:\/\/www.unirufa.it\/form-ammissione-master-accademici\/#breadcrumb\",\"itemListElement\":[{\"@type\":\"ListItem\",\"position\":1,\"name\":\"Home\",\"item\":\"https:\/\/www.unirufa.it\/\"},{\"@type\":\"ListItem\",\"position\":2,\"name\":\"Iscriviti ai Master Accademici\"}]},{\"@type\":\"WebSite\",\"@id\":\"https:\/\/www.unirufa.it\/#website\",\"url\":\"https:\/\/www.unirufa.it\/\",\"name\":\"RUFA - Rome University of Fine Arts\",\"description\":\"\",\"potentialAction\":[{\"@type\":\"SearchAction\",\"target\":{\"@type\":\"EntryPoint\",\"urlTemplate\":\"https:\/\/www.unirufa.it\/?s={search_term_string}\"},\"query-input\":{\"@type\":\"PropertyValueSpecification\",\"valueRequired\":true,\"valueName\":\"search_term_string\"}}],\"inLanguage\":\"es\"}]}<\/script>\n<!-- \/ Yoast SEO plugin. -->","yoast_head_json":{"title":"Solicitar el M\u00e1ster Acad\u00e9mico - RUFA - Rome University of Fine Arts","robots":{"index":"index","follow":"follow","max-snippet":"max-snippet:-1","max-image-preview":"max-image-preview:large","max-video-preview":"max-video-preview:-1"},"canonical":"https:\/\/www.unirufa.it\/form-ammissione-master-accademici\/","og_locale":"es_ES","og_type":"article","og_title":"Solicitar el M\u00e1ster Acad\u00e9mico - RUFA - Rome University of Fine Arts","og_description":"Admisi\u00f3n enero 2027 Por favor, rellene el siguiente formulario, recibir\u00e1 una confirmaci\u00f3n por correo electr\u00f3nico y ser\u00e1 contactado por nuestras oficinas.","og_url":"https:\/\/www.unirufa.it\/form-ammissione-master-accademici\/","og_site_name":"RUFA - Rome University of Fine Arts","article_modified_time":"2026-03-20T10:10:31+00:00","og_image":[{"width":230,"height":149,"url":"https:\/\/www.unirufa.it\/wp-content\/uploads\/2017\/11\/logo-rufa-2016.png","type":"image\/png"}],"twitter_misc":{"Tiempo de lectura":"1 minuto"},"schema":{"@context":"https:\/\/schema.org","@graph":[{"@type":"WebPage","@id":"https:\/\/www.unirufa.it\/form-ammissione-master-accademici\/","url":"https:\/\/www.unirufa.it\/form-ammissione-master-accademici\/","name":"Solicitar el M\u00e1ster Acad\u00e9mico - RUFA - Rome University of Fine Arts","isPartOf":{"@id":"https:\/\/www.unirufa.it\/#website"},"datePublished":"2022-04-19T12:17:20+00:00","dateModified":"2026-03-20T10:10:31+00:00","breadcrumb":{"@id":"https:\/\/www.unirufa.it\/form-ammissione-master-accademici\/#breadcrumb"},"inLanguage":"es","potentialAction":[{"@type":"ReadAction","target":["https:\/\/www.unirufa.it\/form-ammissione-master-accademici\/"]}]},{"@type":"BreadcrumbList","@id":"https:\/\/www.unirufa.it\/form-ammissione-master-accademici\/#breadcrumb","itemListElement":[{"@type":"ListItem","position":1,"name":"Home","item":"https:\/\/www.unirufa.it\/"},{"@type":"ListItem","position":2,"name":"Iscriviti ai Master Accademici"}]},{"@type":"WebSite","@id":"https:\/\/www.unirufa.it\/#website","url":"https:\/\/www.unirufa.it\/","name":"RUFA - Rome University of Fine Arts","description":"","potentialAction":[{"@type":"SearchAction","target":{"@type":"EntryPoint","urlTemplate":"https:\/\/www.unirufa.it\/?s={search_term_string}"},"query-input":{"@type":"PropertyValueSpecification","valueRequired":true,"valueName":"search_term_string"}}],"inLanguage":"es"}]}},"_links":{"self":[{"href":"https:\/\/www.unirufa.it\/es\/wp-json\/wp\/v2\/pages\/69502","targetHints":{"allow":["GET"]}}],"collection":[{"href":"https:\/\/www.unirufa.it\/es\/wp-json\/wp\/v2\/pages"}],"about":[{"href":"https:\/\/www.unirufa.it\/es\/wp-json\/wp\/v2\/types\/page"}],"author":[{"embeddable":true,"href":"https:\/\/www.unirufa.it\/es\/wp-json\/wp\/v2\/users\/35"}],"replies":[{"embeddable":true,"href":"https:\/\/www.unirufa.it\/es\/wp-json\/wp\/v2\/comments?post=69502"}],"version-history":[{"count":18,"href":"https:\/\/www.unirufa.it\/es\/wp-json\/wp\/v2\/pages\/69502\/revisions"}],"predecessor-version":[{"id":152146,"href":"https:\/\/www.unirufa.it\/es\/wp-json\/wp\/v2\/pages\/69502\/revisions\/152146"}],"wp:attachment":[{"href":"https:\/\/www.unirufa.it\/es\/wp-json\/wp\/v2\/media?parent=69502"}],"curies":[{"name":"wp","href":"https:\/\/api.w.org\/{rel}","templated":true}]}}