


{"id":71715,"date":"2022-05-23T14:45:35","date_gmt":"2022-05-23T12:45:35","guid":{"rendered":"https:\/\/www.unirufa.it\/?page_id=71715"},"modified":"2024-04-30T11:30:13","modified_gmt":"2024-04-30T09:30:13","slug":"design-week-freshly-brewed-seat","status":"publish","type":"page","link":"https:\/\/www.unirufa.it\/es\/design-week-freshly-brewed-seat\/","title":{"rendered":"Freshly Brewed Seat"},"content":{"rendered":"<p class=\"qtranxs-available-languages-message qtranxs-available-languages-message-es\">Disculpa, pero esta entrada est\u00e1 disponible s\u00f3lo en <a href=\"https:\/\/www.unirufa.it\/it\/wp-json\/wp\/v2\/pages\/71715\" class=\"qtranxs-available-language-link qtranxs-available-language-link-it\" title=\"IT\">IT<\/a> y <a href=\"https:\/\/www.unirufa.it\/en\/wp-json\/wp\/v2\/pages\/71715\" class=\"qtranxs-available-language-link qtranxs-available-language-link-en\" title=\"EN\">EN<\/a>.<\/p><h3><span style=\"color: #00b450;\">DESIGNER: Ana Morais \/ Ines Fialho \/ Audrey De Vleeschauwer<\/span><\/h3>\n<p>Freshly brewed seat \u00e8 un progetto nato dalla collaborazione di 3 studentesse non italiane, che vivono e studiano insieme in Italia, estranee l&#8217;una all&#8217;altra fino a quando, con l&#8217;aiuto di una buona tazza di caff\u00e8, hanno presto scoperto di essere complementari.<br \/>\nUno dei tratti comuni \u00e8 la principale difficolt\u00e0 che i nomadi digitali affrontano durante il loro periodo all&#8217;estero: la difficolt\u00e0 di <strong>costruire connessioni e relazioni<\/strong>. Ed \u00e8 qui che il caff\u00e8 pu\u00f2 essere pi\u00f9 di una semplice bevanda, pu\u00f2 letteralmente e figurativamente unire le persone. Il caff\u00e8 \u00e8 infatti una delle bevande pi\u00f9 popolari al mondo, ma purtroppo anche molto insostenibile. La sola industria del caff\u00e8 produce 23 milioni di tonnellate di rifiuti all&#8217;anno. L&#8217;obiettivo di questo progetto \u00e8 <strong>utilizzare il materiale di scarto del caff\u00e8 come componente principale<\/strong>.<br \/>\nIn linea con la mentalit\u00e0 del design circolare, gli scarti del caff\u00e8 combinati con il polipropilene riciclato permettono di riutilizzare, riciclare o ristampare il mobile, pi\u00f9 e pi\u00f9 volte, in un <strong>ciclo continuo<\/strong>. Freshly Brewed Seat si compone di 3 moduli multifunzionali e versatili, che possono essere combinati in diverse posizioni e ambientazioni: per lavorare, interagire e chiacchierare allo stesso tempo.<br \/>\n\u00c8 stata progettata per spazi pubblici e aziende che desiderano conferire a interni ed esterni un&#8217;identit\u00e0 scultorea, organica e femminile. <\/p>\n<p><em><strong>Cosa c&#8217;\u00e8 di pi\u00f9 sociale del caff\u00e8?<\/strong><\/em><br \/>\n&nbsp;<\/p>\n<div class=\"embed-responsive embed-responsive-16by9\"><iframe loading=\"lazy\" src=\"https:\/\/www.youtube-nocookie.com\/embed\/seWb7STxSeE\" width=\"560\" height=\"315\" frameborder=\"0\" allowfullscreen=\"allowfullscreen\"><\/iframe><\/div>\n<p>&nbsp;<\/p>\n<div class=\"su-image-carousel  su-image-carousel-has-spacing su-image-carousel-adaptive su-image-carousel-slides-style-minimal su-image-carousel-controls-style-light su-image-carousel-align-left\" style=\"\" data-flickity-options='{\"groupCells\":true,\"cellSelector\":\".su-image-carousel-item\",\"adaptiveHeight\":true,\"cellAlign\":\"left\",\"prevNextButtons\":true,\"pageDots\":false,\"autoPlay\":3000,\"imagesLoaded\":true,\"contain\":false,\"selectedAttraction\":0.025,\"friction\":0.28}' id=\"su_image_carousel_69f1cff3dc10b\"><div class=\"su-image-carousel-item\"><div class=\"su-image-carousel-item-content\"><img loading=\"lazy\" decoding=\"async\" width=\"1050\" height=\"600\" src=\"https:\/\/www.unirufa.it\/wp-content\/uploads\/2022\/05\/rufa_design_week_social_furniture_Freshly_Brewed_Seat_Morais_Fialho_Vleeschauwer_4.jpg\" class=\"\" alt=\"\" srcset=\"https:\/\/www.unirufa.it\/wp-content\/uploads\/2022\/05\/rufa_design_week_social_furniture_Freshly_Brewed_Seat_Morais_Fialho_Vleeschauwer_4.jpg 1050w, https:\/\/www.unirufa.it\/wp-content\/uploads\/2022\/05\/rufa_design_week_social_furniture_Freshly_Brewed_Seat_Morais_Fialho_Vleeschauwer_4-300x171.jpg 300w, https:\/\/www.unirufa.it\/wp-content\/uploads\/2022\/05\/rufa_design_week_social_furniture_Freshly_Brewed_Seat_Morais_Fialho_Vleeschauwer_4-1024x585.jpg 1024w, https:\/\/www.unirufa.it\/wp-content\/uploads\/2022\/05\/rufa_design_week_social_furniture_Freshly_Brewed_Seat_Morais_Fialho_Vleeschauwer_4-768x439.jpg 768w\" sizes=\"auto, (max-width: 1050px) 100vw, 1050px\" \/><\/div><\/div><div class=\"su-image-carousel-item\"><div class=\"su-image-carousel-item-content\"><img loading=\"lazy\" decoding=\"async\" width=\"1050\" height=\"600\" src=\"https:\/\/www.unirufa.it\/wp-content\/uploads\/2022\/05\/rufa_design_week_social_furniture_Freshly_Brewed_Seat_Morais_Fialho_Vleeschauwer_3.jpg\" class=\"\" alt=\"\" srcset=\"https:\/\/www.unirufa.it\/wp-content\/uploads\/2022\/05\/rufa_design_week_social_furniture_Freshly_Brewed_Seat_Morais_Fialho_Vleeschauwer_3.jpg 1050w, https:\/\/www.unirufa.it\/wp-content\/uploads\/2022\/05\/rufa_design_week_social_furniture_Freshly_Brewed_Seat_Morais_Fialho_Vleeschauwer_3-300x171.jpg 300w, https:\/\/www.unirufa.it\/wp-content\/uploads\/2022\/05\/rufa_design_week_social_furniture_Freshly_Brewed_Seat_Morais_Fialho_Vleeschauwer_3-1024x585.jpg 1024w, https:\/\/www.unirufa.it\/wp-content\/uploads\/2022\/05\/rufa_design_week_social_furniture_Freshly_Brewed_Seat_Morais_Fialho_Vleeschauwer_3-768x439.jpg 768w\" sizes=\"auto, (max-width: 1050px) 100vw, 1050px\" \/><\/div><\/div><div class=\"su-image-carousel-item\"><div class=\"su-image-carousel-item-content\"><img loading=\"lazy\" decoding=\"async\" width=\"1050\" height=\"600\" src=\"https:\/\/www.unirufa.it\/wp-content\/uploads\/2022\/05\/rufa_design_week_social_furniture_Freshly_Brewed_Seat_Morais_Fialho_Vleeschauwer_2.jpg\" class=\"\" alt=\"\" srcset=\"https:\/\/www.unirufa.it\/wp-content\/uploads\/2022\/05\/rufa_design_week_social_furniture_Freshly_Brewed_Seat_Morais_Fialho_Vleeschauwer_2.jpg 1050w, https:\/\/www.unirufa.it\/wp-content\/uploads\/2022\/05\/rufa_design_week_social_furniture_Freshly_Brewed_Seat_Morais_Fialho_Vleeschauwer_2-300x171.jpg 300w, https:\/\/www.unirufa.it\/wp-content\/uploads\/2022\/05\/rufa_design_week_social_furniture_Freshly_Brewed_Seat_Morais_Fialho_Vleeschauwer_2-1024x585.jpg 1024w, https:\/\/www.unirufa.it\/wp-content\/uploads\/2022\/05\/rufa_design_week_social_furniture_Freshly_Brewed_Seat_Morais_Fialho_Vleeschauwer_2-768x439.jpg 768w\" sizes=\"auto, (max-width: 1050px) 100vw, 1050px\" \/><\/div><\/div><div class=\"su-image-carousel-item\"><div class=\"su-image-carousel-item-content\"><img loading=\"lazy\" decoding=\"async\" width=\"1050\" height=\"600\" src=\"https:\/\/www.unirufa.it\/wp-content\/uploads\/2022\/05\/rufa_design_week_social_furniture_Freshly_Brewed_Seat_Morais_Fialho_Vleeschauwer_1.jpg\" class=\"\" alt=\"\" srcset=\"https:\/\/www.unirufa.it\/wp-content\/uploads\/2022\/05\/rufa_design_week_social_furniture_Freshly_Brewed_Seat_Morais_Fialho_Vleeschauwer_1.jpg 1050w, https:\/\/www.unirufa.it\/wp-content\/uploads\/2022\/05\/rufa_design_week_social_furniture_Freshly_Brewed_Seat_Morais_Fialho_Vleeschauwer_1-300x171.jpg 300w, https:\/\/www.unirufa.it\/wp-content\/uploads\/2022\/05\/rufa_design_week_social_furniture_Freshly_Brewed_Seat_Morais_Fialho_Vleeschauwer_1-1024x585.jpg 1024w, https:\/\/www.unirufa.it\/wp-content\/uploads\/2022\/05\/rufa_design_week_social_furniture_Freshly_Brewed_Seat_Morais_Fialho_Vleeschauwer_1-768x439.jpg 768w\" sizes=\"auto, (max-width: 1050px) 100vw, 1050px\" \/><\/div><\/div><\/div><script id=\"su_image_carousel_69f1cff3dc10b_script\">if(window.SUImageCarousel){setTimeout(function() {window.SUImageCarousel.initGallery(document.getElementById(\"su_image_carousel_69f1cff3dc10b\"))}, 0);}var su_image_carousel_69f1cff3dc10b_script=document.getElementById(\"su_image_carousel_69f1cff3dc10b_script\");if(su_image_carousel_69f1cff3dc10b_script){su_image_carousel_69f1cff3dc10b_script.parentNode.removeChild(su_image_carousel_69f1cff3dc10b_script);}<\/script>\n&nbsp;<\/p>\n<h3><span style=\"color: #00b450;\">Freshly Brewed Seat alla Design Week<\/span><\/h3>\n<div class=\"embed-responsive embed-responsive-4by3\"><a title=\"Milan Design Week\" href=\"https:\/\/www.flickr.com\/photos\/unirufa\/albums\/72177720299929851\" data-flickr-embed=\"true\"><img decoding=\"async\" class=\"embed-responsive-item\" src=\"https:\/\/live.staticflickr.com\/65535\/52159878649_1150622424.jpg\" alt=\"Milan Design Week\" \/><\/a><script async src=\"\/\/embedr.flickr.com\/assets\/client-code.js\" charset=\"utf-8\"><\/script><\/div>\n<p>&nbsp;<br \/>\n<strong>Ti piacciono i progetti? Scarica le immagini e ripostale taggando RUFA!<\/strong><br \/>\n\n<div class=\"wpcf7 no-js\" id=\"wpcf7-f72238-o1\" lang=\"it-IT\" dir=\"ltr\" data-wpcf7-id=\"72238\">\n<div class=\"screen-reader-response\"><p role=\"status\" aria-live=\"polite\" aria-atomic=\"true\"><\/p> <ul><\/ul><\/div>\n<form action=\"\/es\/wp-json\/wp\/v2\/pages\/71715#wpcf7-f72238-o1\" method=\"post\" class=\"wpcf7-form init\" aria-label=\"Contact form\" novalidate=\"novalidate\" data-status=\"init\">\n<div style=\"display: none;\">\n<input type=\"hidden\" name=\"_wpcf7\" value=\"72238\" \/>\n<input type=\"hidden\" name=\"_wpcf7_version\" value=\"6.0.3\" \/>\n<input type=\"hidden\" name=\"_wpcf7_locale\" value=\"it_IT\" \/>\n<input type=\"hidden\" name=\"_wpcf7_unit_tag\" value=\"wpcf7-f72238-o1\" \/>\n<input type=\"hidden\" name=\"_wpcf7_container_post\" value=\"0\" \/>\n<input type=\"hidden\" name=\"_wpcf7_posted_data_hash\" value=\"\" \/>\n<input type=\"hidden\" name=\"_wpcf7cf_hidden_group_fields\" value=\"[]\" \/>\n<input type=\"hidden\" name=\"_wpcf7cf_hidden_groups\" value=\"[]\" \/>\n<input type=\"hidden\" name=\"_wpcf7cf_visible_groups\" value=\"[]\" \/>\n<input type=\"hidden\" name=\"_wpcf7cf_repeaters\" value=\"[]\" \/>\n<input type=\"hidden\" name=\"_wpcf7cf_steps\" value=\"{}\" \/>\n<input type=\"hidden\" name=\"_wpcf7cf_options\" value=\"{&quot;form_id&quot;:72238,&quot;conditions&quot;:[],&quot;settings&quot;:{&quot;animation&quot;:&quot;yes&quot;,&quot;animation_intime&quot;:200,&quot;animation_outtime&quot;:200,&quot;conditions_ui&quot;:&quot;normal&quot;,&quot;notice_dismissed&quot;:true,&quot;notice_dismissed_update-cf7-5.6.3&quot;:true,&quot;notice_dismissed_update-cf7-5.7.1&quot;:true,&quot;notice_dismissed_update-cf7-5.7.2&quot;:true,&quot;notice_dismissed_update-cf7-5.7.3&quot;:true,&quot;notice_dismissed_update-cf7-5.8.3&quot;:true,&quot;notice_dismissed_rollback-cf7-5.8.3&quot;:true,&quot;notice_dismissed_rollback-cf7-5.9.5&quot;:true}}\" \/>\n<input type=\"hidden\" name=\"_wpcf7dtx_version\" value=\"5.0.2\" \/>\n<input type=\"hidden\" name=\"_wpcf7_recaptcha_response\" value=\"\" \/>\n<\/div>\n<div class=\"row\">\n\t<div class=\"col-sm-6\" >\n\t\t<p><label style=\"width: 100%\"> Nome\/Name\/Nombre * <\/label><br \/>\n<span class=\"wpcf7-form-control-wrap\" data-name=\"your-name\"><input size=\"40\" maxlength=\"400\" class=\"wpcf7-form-control wpcf7-text wpcf7-validates-as-required\" aria-required=\"true\" aria-invalid=\"false\" value=\"\" type=\"text\" name=\"your-name\" \/><\/span>\n\t\t<\/p>\n\t<\/div>\n\t<div class=\"col-sm-6\" >\n\t\t<p><label style=\"width: 100%\"> Cognome\/Surname\/Apellido * <\/label><br \/>\n<span class=\"wpcf7-form-control-wrap\" data-name=\"your-surname\"><input size=\"40\" maxlength=\"400\" class=\"wpcf7-form-control wpcf7-text wpcf7-validates-as-required\" aria-required=\"true\" aria-invalid=\"false\" value=\"\" type=\"text\" name=\"your-surname\" \/><\/span>\n\t\t<\/p>\n\t<\/div>\n<\/div>\n<div class=\"col-sm-12\" style=\"padding:0\">\n\t<p><label style=\"width: 100%\"> Email * <\/label><br \/>\n<span class=\"wpcf7-form-control-wrap\" data-name=\"your-email\"><input size=\"40\" maxlength=\"400\" class=\"wpcf7-form-control wpcf7-email wpcf7-validates-as-required wpcf7-text wpcf7-validates-as-email\" aria-required=\"true\" aria-invalid=\"false\" value=\"\" type=\"email\" name=\"your-email\" \/><\/span>\n\t<\/p>\n<\/div>\n<p><input class=\"wpcf7-form-control wpcf7-submit has-spinner\" type=\"submit\" value=\"Invia\" \/>\n<\/p><div class=\"wpcf7-response-output\" aria-hidden=\"true\"><\/div>\n<\/form>\n<\/div>","protected":false},"excerpt":{"rendered":"<p>Disculpa, pero esta entrada est\u00e1 disponible s\u00f3lo en IT y EN.DESIGNER: Ana Morais \/ Ines Fialho \/ Audrey De Vleeschauwer Freshly brewed seat \u00e8 un progetto nato dalla collaborazione di 3 studentesse non italiane, che vivono e studiano insieme in Italia, estranee l&#8217;una all&#8217;altra fino a quando, con l&#8217;aiuto di una buona tazza di caff\u00e8,&#8230;<\/p>\n","protected":false},"author":22,"featured_media":72174,"parent":0,"menu_order":0,"comment_status":"closed","ping_status":"closed","template":"","meta":{"content-type":"","footnotes":""},"class_list":["post-71715","page","type-page","status-publish","has-post-thumbnail","hentry"],"yoast_head":"<!-- This site is optimized with the Yoast SEO plugin v24.2 - https:\/\/yoast.com\/wordpress\/plugins\/seo\/ -->\n<title>Freshly Brewed Seat - RUFA - Rome University of Fine Arts<\/title>\n<meta name=\"robots\" content=\"index, follow, max-snippet:-1, max-image-preview:large, max-video-preview:-1\" \/>\n<link rel=\"canonical\" href=\"https:\/\/www.unirufa.it\/design-week-freshly-brewed-seat\/\" \/>\n<meta property=\"og:locale\" content=\"es_ES\" \/>\n<meta property=\"og:type\" content=\"article\" \/>\n<meta property=\"og:title\" content=\"Freshly Brewed Seat - RUFA - Rome University of Fine Arts\" \/>\n<meta property=\"og:description\" content=\"Disculpa, pero esta entrada est\u00e1 disponible s\u00f3lo en IT y EN.DESIGNER: Ana Morais \/ Ines Fialho \/ Audrey De Vleeschauwer Freshly brewed seat \u00e8 un progetto nato dalla collaborazione di 3 studentesse non italiane, che vivono e studiano insieme in Italia, estranee l&#8217;una all&#8217;altra fino a quando, con l&#8217;aiuto di una buona tazza di caff\u00e8,...\" \/>\n<meta property=\"og:url\" content=\"https:\/\/www.unirufa.it\/design-week-freshly-brewed-seat\/\" \/>\n<meta property=\"og:site_name\" content=\"RUFA - Rome University of Fine Arts\" \/>\n<meta property=\"article:modified_time\" content=\"2024-04-30T09:30:13+00:00\" \/>\n<meta property=\"og:image\" content=\"https:\/\/www.unirufa.it\/wp-content\/uploads\/2022\/05\/rufa_design_week_social_furniture_Freshly_Brewed_Seat_Morais_Fialho_Vleeschauwer.jpg\" \/>\n\t<meta property=\"og:image:width\" content=\"1440\" \/>\n\t<meta property=\"og:image:height\" content=\"600\" \/>\n\t<meta property=\"og:image:type\" content=\"image\/jpeg\" \/>\n<meta name=\"twitter:label1\" content=\"Tiempo de lectura\" \/>\n\t<meta name=\"twitter:data1\" content=\"3 minutos\" \/>\n<script type=\"application\/ld+json\" class=\"yoast-schema-graph\">{\"@context\":\"https:\/\/schema.org\",\"@graph\":[{\"@type\":\"WebPage\",\"@id\":\"https:\/\/www.unirufa.it\/design-week-freshly-brewed-seat\/\",\"url\":\"https:\/\/www.unirufa.it\/design-week-freshly-brewed-seat\/\",\"name\":\"Freshly Brewed Seat - RUFA - Rome University of Fine Arts\",\"isPartOf\":{\"@id\":\"https:\/\/www.unirufa.it\/#website\"},\"primaryImageOfPage\":{\"@id\":\"https:\/\/www.unirufa.it\/design-week-freshly-brewed-seat\/#primaryimage\"},\"image\":{\"@id\":\"https:\/\/www.unirufa.it\/design-week-freshly-brewed-seat\/#primaryimage\"},\"thumbnailUrl\":\"https:\/\/www.unirufa.it\/wp-content\/uploads\/2022\/05\/rufa_design_week_social_furniture_Freshly_Brewed_Seat_Morais_Fialho_Vleeschauwer.jpg\",\"datePublished\":\"2022-05-23T12:45:35+00:00\",\"dateModified\":\"2024-04-30T09:30:13+00:00\",\"breadcrumb\":{\"@id\":\"https:\/\/www.unirufa.it\/design-week-freshly-brewed-seat\/#breadcrumb\"},\"inLanguage\":\"es\",\"potentialAction\":[{\"@type\":\"ReadAction\",\"target\":[\"https:\/\/www.unirufa.it\/design-week-freshly-brewed-seat\/\"]}]},{\"@type\":\"ImageObject\",\"inLanguage\":\"es\",\"@id\":\"https:\/\/www.unirufa.it\/design-week-freshly-brewed-seat\/#primaryimage\",\"url\":\"https:\/\/www.unirufa.it\/wp-content\/uploads\/2022\/05\/rufa_design_week_social_furniture_Freshly_Brewed_Seat_Morais_Fialho_Vleeschauwer.jpg\",\"contentUrl\":\"https:\/\/www.unirufa.it\/wp-content\/uploads\/2022\/05\/rufa_design_week_social_furniture_Freshly_Brewed_Seat_Morais_Fialho_Vleeschauwer.jpg\",\"width\":1440,\"height\":600},{\"@type\":\"BreadcrumbList\",\"@id\":\"https:\/\/www.unirufa.it\/design-week-freshly-brewed-seat\/#breadcrumb\",\"itemListElement\":[{\"@type\":\"ListItem\",\"position\":1,\"name\":\"Home\",\"item\":\"https:\/\/www.unirufa.it\/\"},{\"@type\":\"ListItem\",\"position\":2,\"name\":\"Freshly Brewed Seat\"}]},{\"@type\":\"WebSite\",\"@id\":\"https:\/\/www.unirufa.it\/#website\",\"url\":\"https:\/\/www.unirufa.it\/\",\"name\":\"RUFA - Rome University of Fine Arts\",\"description\":\"\",\"potentialAction\":[{\"@type\":\"SearchAction\",\"target\":{\"@type\":\"EntryPoint\",\"urlTemplate\":\"https:\/\/www.unirufa.it\/?s={search_term_string}\"},\"query-input\":{\"@type\":\"PropertyValueSpecification\",\"valueRequired\":true,\"valueName\":\"search_term_string\"}}],\"inLanguage\":\"es\"}]}<\/script>\n<!-- \/ Yoast SEO plugin. -->","yoast_head_json":{"title":"Freshly Brewed Seat - RUFA - Rome University of Fine Arts","robots":{"index":"index","follow":"follow","max-snippet":"max-snippet:-1","max-image-preview":"max-image-preview:large","max-video-preview":"max-video-preview:-1"},"canonical":"https:\/\/www.unirufa.it\/design-week-freshly-brewed-seat\/","og_locale":"es_ES","og_type":"article","og_title":"Freshly Brewed Seat - RUFA - Rome University of Fine Arts","og_description":"Disculpa, pero esta entrada est\u00e1 disponible s\u00f3lo en IT y EN.DESIGNER: Ana Morais \/ Ines Fialho \/ Audrey De Vleeschauwer Freshly brewed seat \u00e8 un progetto nato dalla collaborazione di 3 studentesse non italiane, che vivono e studiano insieme in Italia, estranee l&#8217;una all&#8217;altra fino a quando, con l&#8217;aiuto di una buona tazza di caff\u00e8,...","og_url":"https:\/\/www.unirufa.it\/design-week-freshly-brewed-seat\/","og_site_name":"RUFA - Rome University of Fine Arts","article_modified_time":"2024-04-30T09:30:13+00:00","og_image":[{"width":1440,"height":600,"url":"https:\/\/www.unirufa.it\/wp-content\/uploads\/2022\/05\/rufa_design_week_social_furniture_Freshly_Brewed_Seat_Morais_Fialho_Vleeschauwer.jpg","type":"image\/jpeg"}],"twitter_misc":{"Tiempo de lectura":"3 minutos"},"schema":{"@context":"https:\/\/schema.org","@graph":[{"@type":"WebPage","@id":"https:\/\/www.unirufa.it\/design-week-freshly-brewed-seat\/","url":"https:\/\/www.unirufa.it\/design-week-freshly-brewed-seat\/","name":"Freshly Brewed Seat - RUFA - Rome University of Fine Arts","isPartOf":{"@id":"https:\/\/www.unirufa.it\/#website"},"primaryImageOfPage":{"@id":"https:\/\/www.unirufa.it\/design-week-freshly-brewed-seat\/#primaryimage"},"image":{"@id":"https:\/\/www.unirufa.it\/design-week-freshly-brewed-seat\/#primaryimage"},"thumbnailUrl":"https:\/\/www.unirufa.it\/wp-content\/uploads\/2022\/05\/rufa_design_week_social_furniture_Freshly_Brewed_Seat_Morais_Fialho_Vleeschauwer.jpg","datePublished":"2022-05-23T12:45:35+00:00","dateModified":"2024-04-30T09:30:13+00:00","breadcrumb":{"@id":"https:\/\/www.unirufa.it\/design-week-freshly-brewed-seat\/#breadcrumb"},"inLanguage":"es","potentialAction":[{"@type":"ReadAction","target":["https:\/\/www.unirufa.it\/design-week-freshly-brewed-seat\/"]}]},{"@type":"ImageObject","inLanguage":"es","@id":"https:\/\/www.unirufa.it\/design-week-freshly-brewed-seat\/#primaryimage","url":"https:\/\/www.unirufa.it\/wp-content\/uploads\/2022\/05\/rufa_design_week_social_furniture_Freshly_Brewed_Seat_Morais_Fialho_Vleeschauwer.jpg","contentUrl":"https:\/\/www.unirufa.it\/wp-content\/uploads\/2022\/05\/rufa_design_week_social_furniture_Freshly_Brewed_Seat_Morais_Fialho_Vleeschauwer.jpg","width":1440,"height":600},{"@type":"BreadcrumbList","@id":"https:\/\/www.unirufa.it\/design-week-freshly-brewed-seat\/#breadcrumb","itemListElement":[{"@type":"ListItem","position":1,"name":"Home","item":"https:\/\/www.unirufa.it\/"},{"@type":"ListItem","position":2,"name":"Freshly Brewed Seat"}]},{"@type":"WebSite","@id":"https:\/\/www.unirufa.it\/#website","url":"https:\/\/www.unirufa.it\/","name":"RUFA - Rome University of Fine Arts","description":"","potentialAction":[{"@type":"SearchAction","target":{"@type":"EntryPoint","urlTemplate":"https:\/\/www.unirufa.it\/?s={search_term_string}"},"query-input":{"@type":"PropertyValueSpecification","valueRequired":true,"valueName":"search_term_string"}}],"inLanguage":"es"}]}},"_links":{"self":[{"href":"https:\/\/www.unirufa.it\/es\/wp-json\/wp\/v2\/pages\/71715","targetHints":{"allow":["GET"]}}],"collection":[{"href":"https:\/\/www.unirufa.it\/es\/wp-json\/wp\/v2\/pages"}],"about":[{"href":"https:\/\/www.unirufa.it\/es\/wp-json\/wp\/v2\/types\/page"}],"author":[{"embeddable":true,"href":"https:\/\/www.unirufa.it\/es\/wp-json\/wp\/v2\/users\/22"}],"replies":[{"embeddable":true,"href":"https:\/\/www.unirufa.it\/es\/wp-json\/wp\/v2\/comments?post=71715"}],"version-history":[{"count":14,"href":"https:\/\/www.unirufa.it\/es\/wp-json\/wp\/v2\/pages\/71715\/revisions"}],"predecessor-version":[{"id":130492,"href":"https:\/\/www.unirufa.it\/es\/wp-json\/wp\/v2\/pages\/71715\/revisions\/130492"}],"wp:featuredmedia":[{"embeddable":true,"href":"https:\/\/www.unirufa.it\/es\/wp-json\/wp\/v2\/media\/72174"}],"wp:attachment":[{"href":"https:\/\/www.unirufa.it\/es\/wp-json\/wp\/v2\/media?parent=71715"}],"curies":[{"name":"wp","href":"https:\/\/api.w.org\/{rel}","templated":true}]}}