


{"id":77878,"date":"2022-08-26T10:20:08","date_gmt":"2022-08-26T08:20:08","guid":{"rendered":"https:\/\/www.unirufa.it\/?page_id=77878"},"modified":"2024-05-02T17:02:24","modified_gmt":"2024-05-02T15:02:24","slug":"preparation-foundation-year","status":"publish","type":"page","link":"https:\/\/www.unirufa.it\/es\/offerta-formativa\/foundation-year4\/preparation-foundation-year\/","title":{"rendered":"Preparation to Foundation &#8211; ONLINE"},"content":{"rendered":"<h2>Frase de ataque<\/h2>\n<div class=\"row\">\n<div class=\"col-sm-7\">\n<p>\nEl objetivo de este curso es preparar a los estudiantes para las caracter\u00edsticas multidisciplinarias y multiculturales del Foundation Year. Este curso, basado en la profundizaci\u00f3n cultural y<br \/>\nejercicio pr\u00e1ctico, tiene como objetivo desarrollar las capacidades t\u00e9cnicas, te\u00f3ricas, cr\u00edticas y de presentaci\u00f3n. Los estudiantes se introducen en las disciplinas del arte y el dise\u00f1o y en su din\u00e1mica de experimentaci\u00f3n, adem\u00e1s de desarrollar su creatividad a trav\u00e9s de diversos m\u00e9todos. Los estudiantes ganan confianza y una mejor comprensi\u00f3n del entorno acad\u00e9mico que experimentar\u00e1n plenamente durante el Foundation Year a trav\u00e9s del estudio del dise\u00f1o de las artes visuales y la creaci\u00f3n audiovisual.<br \/>\nEl programa tiene una duraci\u00f3n de cinco semanas con 65 horas de clase y tutor\u00edas y 65 horas de autoestudio.\n<\/p>\n<\/div>\n<div class=\"col-sm-5\">\n<p><strong> \u00c1reas disciplinarias: <\/strong><\/p>\n<h3>Historia del arte y estilo de vida italiano<\/h3>\n<h3>Artes visuales: dibujo y pintura<\/h3>\n<h3>Basic Design<\/h3>\n<h3>Film-making<\/h3>\n<h3>Introducci\u00f3n a la lengua italiana<\/h3>\n<\/div>\n<\/div>\n<h4>\u00bfQui\u00e9n puede participar?<\/h4>\n<p>Preparaci\u00f3n para la Fundaci\u00f3n &#8211; Online es un programa de base amplia destinado principalmente a los estudiantes internacionales que solicitan el programa del A\u00f1o de la Fundaci\u00f3n. Este curso est\u00e1 dise\u00f1ado para permitir a los estudiantes explorar las disciplinas y t\u00e9cnicas del arte y el dise\u00f1o y desarrollar un portafolio inicial en preparaci\u00f3n para el programa del A\u00f1o de Fundaci\u00f3n. Todos los estudiantes est\u00e1n invitados a que el profesor revise su trabajo al final del curso.<\/p>\n<h4>M\u00e9todos de aprendizaje y ense\u00f1anza<\/h4>\n<p>Los estudiantes aprender\u00e1n a trav\u00e9s de una serie de casos culturales y actividades basadas en el estudio. \u00c9stas incluir\u00e1n seminarios, demostraciones, discusiones en grupo, trabajo en proyectos, discusi\u00f3n entre pares y cr\u00edticas, autoevaluaci\u00f3n y evaluaci\u00f3n del tutor. El programa incluir\u00e1:<br \/>\n&#8211; Grabaciones de las lecciones, para repasar, para no tener que perder nunca una clase<br \/>\n&#8211; Acceso a Moodle, el entorno virtual de aprendizaje de la RUFA con los contenidos del curso<br \/>\n&#8211; 2 semanas adicionales de acceso en l\u00ednea a las grabaciones de la sesi\u00f3n presencial<\/p>\n<h4>La evaluaci\u00f3n<\/h4>\n<p>La evaluaci\u00f3n de los estudiantes tiene lugar a lo largo del curso, en modo de grupo, entre los estudiantes y uno a uno con el profesor. Al final del curso est\u00e1 prevista una revisi\u00f3n final del portafolio con el profesor para identificar los puntos fuertes y las \u00e1reas de mejora.<\/p>\n<h3>Programa del curso<\/h3>\n<div class=\"row\">\n<div class=\"col-sm-4\">\n<h6 class=\"text-uppercase\">Primera y segunda semana<\/h6>\n<h4>Observaci\u00f3n de la historia y las artes visuales.<\/h4>\n<p>Una serie de ejercicios de dibujo, pintura y otras t\u00e9cnicas, destinados a fomentar la capacidad de observaci\u00f3n curiosa, un enfoque exploratorio con una variedad de herramientas y un m\u00e9todo experimental para desarrollar la propia creatividad en el arte, el dise\u00f1o y el cine.\n<\/p><\/div>\n<div class=\"col-sm-4\">\n<h6 class=\"text-uppercase\">Tercera y cuarta semanas<\/h6>\n<h4>Dise\u00f1o b\u00e1sico + realizaci\u00f3n de pel\u00edculas<\/h4>\n<p>Estudio-pr\u00e1ctica. Una serie de actividades de proyecto para introducir a los estudiantes y familiarizarlos con las pr\u00e1cticas de trabajo requeridas en las \u00e1reas especializadas de dise\u00f1o y audiovisual.\n<\/p><\/div>\n<div class=\"col-sm-4\">\n<h6 class=\"text-uppercase\">Quinta semana<\/h6>\n<h4>Revisi\u00f3n del proyecto personal y del portafolio<\/h4>\n<p>Los estudiantes realizan un proyecto personal para profundizar y desarrollar lo aprendido en el curso, utilizando las habilidades adquiridas de forma interdisciplinar y creando un portafolio que represente mejor sus aspiraciones. La revisi\u00f3n final del portafolio se realiza con el profesor al final de la semana.\n<\/p><\/div>\n<\/div>\n<h3 class=\"text-uppercase\">Ask more info<\/h3>\n\n<div class=\"wpcf7 no-js\" id=\"wpcf7-f53065-o3\" lang=\"it-IT\" dir=\"ltr\" data-wpcf7-id=\"53065\">\n<div class=\"screen-reader-response\"><p role=\"status\" aria-live=\"polite\" aria-atomic=\"true\"><\/p> <ul><\/ul><\/div>\n<form action=\"\/es\/wp-json\/wp\/v2\/pages\/77878#wpcf7-f53065-o3\" method=\"post\" class=\"wpcf7-form init\" aria-label=\"Contact form\" novalidate=\"novalidate\" data-status=\"init\">\n<div style=\"display: none;\">\n<input type=\"hidden\" name=\"_wpcf7\" value=\"53065\" \/>\n<input type=\"hidden\" name=\"_wpcf7_version\" value=\"6.0.3\" \/>\n<input type=\"hidden\" name=\"_wpcf7_locale\" value=\"it_IT\" \/>\n<input type=\"hidden\" name=\"_wpcf7_unit_tag\" value=\"wpcf7-f53065-o3\" \/>\n<input type=\"hidden\" name=\"_wpcf7_container_post\" value=\"0\" \/>\n<input type=\"hidden\" name=\"_wpcf7_posted_data_hash\" value=\"\" \/>\n<input type=\"hidden\" name=\"_wpcf7cf_hidden_group_fields\" value=\"[]\" \/>\n<input type=\"hidden\" name=\"_wpcf7cf_hidden_groups\" value=\"[]\" \/>\n<input type=\"hidden\" name=\"_wpcf7cf_visible_groups\" value=\"[]\" \/>\n<input type=\"hidden\" name=\"_wpcf7cf_repeaters\" value=\"[]\" \/>\n<input type=\"hidden\" name=\"_wpcf7cf_steps\" value=\"{}\" \/>\n<input type=\"hidden\" name=\"_wpcf7cf_options\" value=\"{&quot;form_id&quot;:53065,&quot;conditions&quot;:[],&quot;settings&quot;:{&quot;animation&quot;:&quot;yes&quot;,&quot;animation_intime&quot;:200,&quot;animation_outtime&quot;:200,&quot;conditions_ui&quot;:&quot;normal&quot;,&quot;notice_dismissed&quot;:true,&quot;notice_dismissed_update-cf7-5.6.3&quot;:true,&quot;notice_dismissed_update-cf7-5.7.1&quot;:true,&quot;notice_dismissed_update-cf7-5.7.2&quot;:true,&quot;notice_dismissed_update-cf7-5.7.3&quot;:true,&quot;notice_dismissed_update-cf7-5.8.3&quot;:true,&quot;notice_dismissed_rollback-cf7-5.8.3&quot;:true,&quot;notice_dismissed_rollback-cf7-5.9.5&quot;:true}}\" \/>\n<input type=\"hidden\" name=\"_wpcf7dtx_version\" value=\"5.0.2\" \/>\n<input type=\"hidden\" name=\"_wpcf7_recaptcha_response\" value=\"\" \/>\n<\/div>\n<input class=\"wpcf7-form-control wpcf7-hidden\" value=\"RUFA\" type=\"hidden\" name=\"societa\" \/>\n<input class=\"wpcf7-form-control wpcf7-hidden\" value=\"Organico\" type=\"hidden\" name=\"utm_source\" \/>\n<div class=\"col-sm-6\" style=\"padding-left: 0;\">\n\t<p><label style=\"width: 100%\"> Nome\/Name *<\/label><br \/>\n<span class=\"wpcf7-form-control-wrap\" data-name=\"your-name\"><input size=\"40\" maxlength=\"400\" class=\"wpcf7-form-control wpcf7-text wpcf7-validates-as-required\" aria-required=\"true\" aria-invalid=\"false\" value=\"\" type=\"text\" name=\"your-name\" \/><\/span>\n\t<\/p>\n<\/div>\n<div class=\"col-sm-6\" style=\"padding-left: 0;\">\n\t<p><label style=\"width: 100%\"> Cognome\/Family Name *<\/label><br \/>\n<span class=\"wpcf7-form-control-wrap\" data-name=\"your-surname\"><input size=\"40\" maxlength=\"400\" class=\"wpcf7-form-control wpcf7-text wpcf7-validates-as-required\" aria-required=\"true\" aria-invalid=\"false\" value=\"\" type=\"text\" name=\"your-surname\" \/><\/span>\n\t<\/p>\n<\/div>\n<div class=\"col-sm-6\" style=\"padding-left: 0;\">\n\t<p><label style=\"width: 100%\"> Email * <\/label><br \/>\n<span class=\"wpcf7-form-control-wrap\" data-name=\"your-email\"><input size=\"40\" maxlength=\"400\" class=\"wpcf7-form-control wpcf7-email wpcf7-validates-as-required wpcf7-text wpcf7-validates-as-email\" aria-required=\"true\" aria-invalid=\"false\" value=\"\" type=\"email\" name=\"your-email\" \/><\/span>\n\t<\/p>\n<\/div>\n<div class=\"col-sm-6\" style=\"padding-left: 0;\">\n\t<p><label style=\"width: 100%\"> Cellulare\/Mobile *<\/label><br \/>\n<span class=\"wpcf7-form-control-wrap CellulareMobile\"><input class=\"wpcf7-form-control wpcf7-intl_tel wpcf7-validates-as-required wpcf7-intl-tel\" aria-required=\"true\" aria-invalid=\"false\" data-initialcountry=\"it\" value=\"\" type=\"tel\" name=\"CellulareMobile-cf7it-national\" \/><input name=\"CellulareMobile\" type=\"hidden\" class=\"wpcf7-intl-tel-full\" \/><input type=\"hidden\" name=\"CellulareMobile-cf7it-country-name\" class=\"wpcf7-intl-tel-country-name\" \/><input type=\"hidden\" name=\"CellulareMobile-cf7it-country-code\" class=\"wpcf7-intl-tel-country-code\" \/><input type=\"hidden\" name=\"CellulareMobile-cf7it-country-iso2\" class=\"wpcf7-intl-tel-country-iso2\" \/><\/span>\n\t<\/p>\n<\/div>\n<div class=\"col-sm-6\" style=\"padding-left: 0;\">\n\t<p><label> Corso di interese \/ Course of interest *<\/label><br \/>\n<span class=\"wpcf7-form-control-wrap\" data-name=\"corsoInteresse\"><select class=\"wpcf7-form-control wpcf7-select wpcf7-validates-as-required\" aria-required=\"true\" aria-invalid=\"false\" name=\"corsoInteresse\"><option value=\"\">&#8212;Please choose an option&#8212;<\/option><option value=\"Preparation to Foundation Course\">Preparation to Foundation Course<\/option><option value=\"Foundation Course\">Foundation Course<\/option><\/select><\/span>\n\t<\/p>\n<\/div>\n<div class=\"col-sm-6\" style=\"padding-left: 0;\">\n\t<p><label style=\"width: 100%\"> Sede di frequenza\/Location of attendance *<\/label><br \/>\n<span class=\"wpcf7-form-control-wrap\" data-name=\"sede\"><select class=\"wpcf7-form-control wpcf7-select wpcf7-validates-as-required\" aria-required=\"true\" aria-invalid=\"false\" name=\"sede\"><option value=\"\">&#8212;Please choose an option&#8212;<\/option><option value=\"ROMA\/ROME\">ROMA\/ROME<\/option><option value=\"MILANO\/MILAN\">MILANO\/MILAN<\/option><\/select><\/span>\n\t<\/p>\n<\/div>\n<div class=\"col-sm-12\" style=\"padding-left: 0;\">\n\t<p><label> Anno Accademico di interesse \/ Academic year of interest*<\/label><span class=\"wpcf7-form-control-wrap\" data-name=\"AnnoAccademicodiinteresseAcademicyearofinterest\"><select class=\"wpcf7-form-control wpcf7-select wpcf7-validates-as-required\" aria-required=\"true\" aria-invalid=\"false\" name=\"AnnoAccademicodiinteresseAcademicyearofinterest\"><option value=\"\">&#8212;Please choose an option&#8212;<\/option><option value=\"2024-2025\">2024-2025<\/option><option value=\"2025-2026\">2025-2026<\/option><option value=\"2026-2027\">2026-2027<\/option><\/select><\/span>\n\t<\/p>\n<\/div>\n<div class=\"col-sm-12\" style=\"padding-left: 0;\">\n\t<p>*richiesto\/mandatory\n\t<\/p>\n\t<p><span class=\"wpcf7-form-control-wrap\" data-name=\"privacy\"><span class=\"wpcf7-form-control wpcf7-acceptance\"><span class=\"wpcf7-list-item\"><input type=\"checkbox\" name=\"privacy\" value=\"1\" aria-invalid=\"false\" \/><\/span><\/span><\/span> Confermo di aver preso visione della\u00a0<a href=\"https:\/\/www.unirufa.it\/informativa-privacy-sito\/\">\n\t\t\t<font color=\"blue\">Privacy Policy\n\t\t\t<\/font><\/a> resa disponibile e acconsento a ricevere le informazioni richieste a RUFA Rome University of Fine Arts. \/ I confirm that I have read the \u00a0<a href=\"https:\/\/www.unirufa.it\/en\/informativa-privacy-sito\/\">\n\t\t\t<font color=\"blue\">Privacy Policy\n\t\t\t<\/font><\/a>\u00a0and agree to receive the requested information from RUFA Rome University of Fine Arts.\n\t<\/p>\n\t<p><span class=\"wpcf7-form-control-wrap\" data-name=\"promotion\"><span class=\"wpcf7-form-control wpcf7-acceptance optional\"><span class=\"wpcf7-list-item\"><input type=\"checkbox\" name=\"promotion\" value=\"1\" aria-invalid=\"false\" \/><\/span><\/span><\/span> Accetto di ricevere altre comunicazioni da RUFA Rome University of Fine Arts (es. Borse di studio, eventi e workshop). \/ I agree to receive other communications from RUFA Rome University of Fine Arts (e.g., Scholarships, events and workshops).\n\t<\/p>\n\t<p><input class=\"wpcf7-form-control wpcf7-submit has-spinner\" type=\"submit\" value=\"Invia\/Send\" \/>\n\t<\/p>\n<\/div><div class=\"wpcf7-response-output\" aria-hidden=\"true\"><\/div>\n<\/form>\n<\/div>\n\n<p><strong>Las clases de introducci\u00f3n al italiano tendr\u00e1n lugar una vez a la semana, en paralelo a las dem\u00e1s clases.<\/strong><\/p>\n<div class=\"row\">\n<div class=\"col-sm-6\">\n<h4>Fechas y horarios de los cursos:<\/h4>\n<p>De enero a junio<\/p>\n<p>Las actividades estar\u00e1n programadas entre las 14:00 y las 17:00 horas (hora italiana) e incluyen una mezcla de conferencias en directo, tutor\u00edas individuales, revisiones, comparaciones entre estudiantes y ejercicios pr\u00e1cticos.\n<\/p><\/div>\n<div class=\"col-sm-6\">\n<h4>Requisitos de acceso<\/h4>\n<p>Para inscribirse en este curso, rellene el formulario de solicitud. Necesitar\u00e1s:<\/p>\n<p>&#8211; Una breve carta de motivaci\u00f3n (de no m\u00e1s de 150 palabras) en la que explique por qu\u00e9 solicita este curso.<br \/>\n&#8211; Un t\u00edtulo de ingl\u00e9s B1\/B2 (o equivalente)<br \/>\n&#8211; Fotocopia de un documento de identidad<br \/>\n&#8211; Formulario de inscripci\u00f3n<\/p>\n<\/div>\n<p><strong>La fecha l\u00edmite para la presentaci\u00f3n de solicitudes es 4 de diciembre.<br \/>\nCoste: \u20ac 720,00<\/strong><br \/>\n<a id=\"btn-iscrizionecorsofy\" class=\"download-btn full\" href=\"https:\/\/www.unirufa.it\/offerta-formativa\/foundation-year\/foundation-year\/application\/\" rel=\"noopener noreferrer\">INSCR\u00cdBETE<\/a>\n<\/div>\n<p>&nbsp;<\/p>\n<div class=\"row\"  style=\"background-color: #f5f5f5; border-color: #000000;\">\n&nbsp;<\/p>\n<div class=\"col-xs-12\">\n<h3 >Contin\u00faa tus estudios en Italia y profundiza en el arte y el dise\u00f1o.<\/h3>\n<p>&nbsp;<br \/>\n<a href=\"https:\/\/www.unirufa.it\/offerta-formativa\/foundation-year\/foundation-year\/\" class=\"download-btn full\" style=\"margin-bottom:30px\">Descubre Foundation Year<\/a>\n<\/div>\n<\/div>\n<p>&nbsp;","protected":false},"excerpt":{"rendered":"<p>Frase de ataque El objetivo de este curso es preparar a los estudiantes para las caracter\u00edsticas multidisciplinarias y multiculturales del Foundation Year. Este curso, basado en la profundizaci\u00f3n cultural y ejercicio pr\u00e1ctico, tiene como objetivo desarrollar las capacidades t\u00e9cnicas, te\u00f3ricas, cr\u00edticas y de presentaci\u00f3n. Los estudiantes se introducen en las disciplinas del arte y el&#8230;<\/p>\n","protected":false},"author":35,"featured_media":130762,"parent":19356,"menu_order":0,"comment_status":"closed","ping_status":"closed","template":"","meta":{"content-type":"","footnotes":""},"class_list":["post-77878","page","type-page","status-publish","has-post-thumbnail","hentry"],"yoast_head":"<!-- This site is optimized with the Yoast SEO plugin v24.2 - https:\/\/yoast.com\/wordpress\/plugins\/seo\/ -->\n<title>Preparation to Foundation - ONLINE - RUFA - Rome University of Fine Arts<\/title>\n<meta name=\"robots\" content=\"index, follow, max-snippet:-1, max-image-preview:large, max-video-preview:-1\" \/>\n<link rel=\"canonical\" href=\"https:\/\/www.unirufa.it\/offerta-formativa\/foundation-year4\/preparation-foundation-year\/\" \/>\n<meta property=\"og:locale\" content=\"es_ES\" \/>\n<meta property=\"og:type\" content=\"article\" \/>\n<meta property=\"og:title\" content=\"Preparation to Foundation - ONLINE - RUFA - Rome University of Fine Arts\" \/>\n<meta property=\"og:description\" content=\"Frase de ataque El objetivo de este curso es preparar a los estudiantes para las caracter\u00edsticas multidisciplinarias y multiculturales del Foundation Year. Este curso, basado en la profundizaci\u00f3n cultural y ejercicio pr\u00e1ctico, tiene como objetivo desarrollar las capacidades t\u00e9cnicas, te\u00f3ricas, cr\u00edticas y de presentaci\u00f3n. Los estudiantes se introducen en las disciplinas del arte y el...\" \/>\n<meta property=\"og:url\" content=\"https:\/\/www.unirufa.it\/offerta-formativa\/foundation-year4\/preparation-foundation-year\/\" \/>\n<meta property=\"og:site_name\" content=\"RUFA - Rome University of Fine Arts\" \/>\n<meta property=\"article:modified_time\" content=\"2024-05-02T15:02:24+00:00\" \/>\n<meta property=\"og:image\" content=\"https:\/\/www.unirufa.it\/wp-content\/uploads\/2024\/05\/RUFA_PREPARATION_TO_FOUNDATION_COURSE_ONLINE.jpg\" \/>\n\t<meta property=\"og:image:width\" content=\"1440\" \/>\n\t<meta property=\"og:image:height\" content=\"600\" \/>\n\t<meta property=\"og:image:type\" content=\"image\/jpeg\" \/>\n<meta name=\"twitter:label1\" content=\"Tiempo de lectura\" \/>\n\t<meta name=\"twitter:data1\" content=\"10 minutos\" \/>\n<script type=\"application\/ld+json\" class=\"yoast-schema-graph\">{\"@context\":\"https:\/\/schema.org\",\"@graph\":[{\"@type\":\"WebPage\",\"@id\":\"https:\/\/www.unirufa.it\/offerta-formativa\/foundation-year4\/preparation-foundation-year\/\",\"url\":\"https:\/\/www.unirufa.it\/offerta-formativa\/foundation-year4\/preparation-foundation-year\/\",\"name\":\"Preparation to Foundation - ONLINE - RUFA - Rome University of Fine Arts\",\"isPartOf\":{\"@id\":\"https:\/\/www.unirufa.it\/#website\"},\"primaryImageOfPage\":{\"@id\":\"https:\/\/www.unirufa.it\/offerta-formativa\/foundation-year4\/preparation-foundation-year\/#primaryimage\"},\"image\":{\"@id\":\"https:\/\/www.unirufa.it\/offerta-formativa\/foundation-year4\/preparation-foundation-year\/#primaryimage\"},\"thumbnailUrl\":\"https:\/\/www.unirufa.it\/wp-content\/uploads\/2024\/05\/RUFA_PREPARATION_TO_FOUNDATION_COURSE_ONLINE.jpg\",\"datePublished\":\"2022-08-26T08:20:08+00:00\",\"dateModified\":\"2024-05-02T15:02:24+00:00\",\"breadcrumb\":{\"@id\":\"https:\/\/www.unirufa.it\/offerta-formativa\/foundation-year4\/preparation-foundation-year\/#breadcrumb\"},\"inLanguage\":\"es\",\"potentialAction\":[{\"@type\":\"ReadAction\",\"target\":[\"https:\/\/www.unirufa.it\/offerta-formativa\/foundation-year4\/preparation-foundation-year\/\"]}]},{\"@type\":\"ImageObject\",\"inLanguage\":\"es\",\"@id\":\"https:\/\/www.unirufa.it\/offerta-formativa\/foundation-year4\/preparation-foundation-year\/#primaryimage\",\"url\":\"https:\/\/www.unirufa.it\/wp-content\/uploads\/2024\/05\/RUFA_PREPARATION_TO_FOUNDATION_COURSE_ONLINE.jpg\",\"contentUrl\":\"https:\/\/www.unirufa.it\/wp-content\/uploads\/2024\/05\/RUFA_PREPARATION_TO_FOUNDATION_COURSE_ONLINE.jpg\",\"width\":1440,\"height\":600,\"caption\":\"RUFA_PREPARATION_TO_FOUNDATION_COURSE_ONLINE\"},{\"@type\":\"BreadcrumbList\",\"@id\":\"https:\/\/www.unirufa.it\/offerta-formativa\/foundation-year4\/preparation-foundation-year\/#breadcrumb\",\"itemListElement\":[{\"@type\":\"ListItem\",\"position\":1,\"name\":\"Home\",\"item\":\"https:\/\/www.unirufa.it\/\"},{\"@type\":\"ListItem\",\"position\":2,\"name\":\"Offerta formativa\",\"item\":\"https:\/\/www.unirufa.it\/offerta-formativa\/\"},{\"@type\":\"ListItem\",\"position\":3,\"name\":\"Corsi Foundation\",\"item\":\"https:\/\/www.unirufa.it\/offerta-formativa\/foundation-year4\/\"},{\"@type\":\"ListItem\",\"position\":4,\"name\":\"Preparation to Foundation &#8211; ONLINE\"}]},{\"@type\":\"WebSite\",\"@id\":\"https:\/\/www.unirufa.it\/#website\",\"url\":\"https:\/\/www.unirufa.it\/\",\"name\":\"RUFA - Rome University of Fine Arts\",\"description\":\"\",\"potentialAction\":[{\"@type\":\"SearchAction\",\"target\":{\"@type\":\"EntryPoint\",\"urlTemplate\":\"https:\/\/www.unirufa.it\/?s={search_term_string}\"},\"query-input\":{\"@type\":\"PropertyValueSpecification\",\"valueRequired\":true,\"valueName\":\"search_term_string\"}}],\"inLanguage\":\"es\"}]}<\/script>\n<!-- \/ Yoast SEO plugin. -->","yoast_head_json":{"title":"Preparation to Foundation - ONLINE - RUFA - Rome University of Fine Arts","robots":{"index":"index","follow":"follow","max-snippet":"max-snippet:-1","max-image-preview":"max-image-preview:large","max-video-preview":"max-video-preview:-1"},"canonical":"https:\/\/www.unirufa.it\/offerta-formativa\/foundation-year4\/preparation-foundation-year\/","og_locale":"es_ES","og_type":"article","og_title":"Preparation to Foundation - ONLINE - RUFA - Rome University of Fine Arts","og_description":"Frase de ataque El objetivo de este curso es preparar a los estudiantes para las caracter\u00edsticas multidisciplinarias y multiculturales del Foundation Year. Este curso, basado en la profundizaci\u00f3n cultural y ejercicio pr\u00e1ctico, tiene como objetivo desarrollar las capacidades t\u00e9cnicas, te\u00f3ricas, cr\u00edticas y de presentaci\u00f3n. Los estudiantes se introducen en las disciplinas del arte y el...","og_url":"https:\/\/www.unirufa.it\/offerta-formativa\/foundation-year4\/preparation-foundation-year\/","og_site_name":"RUFA - Rome University of Fine Arts","article_modified_time":"2024-05-02T15:02:24+00:00","og_image":[{"width":1440,"height":600,"url":"https:\/\/www.unirufa.it\/wp-content\/uploads\/2024\/05\/RUFA_PREPARATION_TO_FOUNDATION_COURSE_ONLINE.jpg","type":"image\/jpeg"}],"twitter_misc":{"Tiempo de lectura":"10 minutos"},"schema":{"@context":"https:\/\/schema.org","@graph":[{"@type":"WebPage","@id":"https:\/\/www.unirufa.it\/offerta-formativa\/foundation-year4\/preparation-foundation-year\/","url":"https:\/\/www.unirufa.it\/offerta-formativa\/foundation-year4\/preparation-foundation-year\/","name":"Preparation to Foundation - ONLINE - RUFA - Rome University of Fine Arts","isPartOf":{"@id":"https:\/\/www.unirufa.it\/#website"},"primaryImageOfPage":{"@id":"https:\/\/www.unirufa.it\/offerta-formativa\/foundation-year4\/preparation-foundation-year\/#primaryimage"},"image":{"@id":"https:\/\/www.unirufa.it\/offerta-formativa\/foundation-year4\/preparation-foundation-year\/#primaryimage"},"thumbnailUrl":"https:\/\/www.unirufa.it\/wp-content\/uploads\/2024\/05\/RUFA_PREPARATION_TO_FOUNDATION_COURSE_ONLINE.jpg","datePublished":"2022-08-26T08:20:08+00:00","dateModified":"2024-05-02T15:02:24+00:00","breadcrumb":{"@id":"https:\/\/www.unirufa.it\/offerta-formativa\/foundation-year4\/preparation-foundation-year\/#breadcrumb"},"inLanguage":"es","potentialAction":[{"@type":"ReadAction","target":["https:\/\/www.unirufa.it\/offerta-formativa\/foundation-year4\/preparation-foundation-year\/"]}]},{"@type":"ImageObject","inLanguage":"es","@id":"https:\/\/www.unirufa.it\/offerta-formativa\/foundation-year4\/preparation-foundation-year\/#primaryimage","url":"https:\/\/www.unirufa.it\/wp-content\/uploads\/2024\/05\/RUFA_PREPARATION_TO_FOUNDATION_COURSE_ONLINE.jpg","contentUrl":"https:\/\/www.unirufa.it\/wp-content\/uploads\/2024\/05\/RUFA_PREPARATION_TO_FOUNDATION_COURSE_ONLINE.jpg","width":1440,"height":600,"caption":"RUFA_PREPARATION_TO_FOUNDATION_COURSE_ONLINE"},{"@type":"BreadcrumbList","@id":"https:\/\/www.unirufa.it\/offerta-formativa\/foundation-year4\/preparation-foundation-year\/#breadcrumb","itemListElement":[{"@type":"ListItem","position":1,"name":"Home","item":"https:\/\/www.unirufa.it\/"},{"@type":"ListItem","position":2,"name":"Offerta formativa","item":"https:\/\/www.unirufa.it\/offerta-formativa\/"},{"@type":"ListItem","position":3,"name":"Corsi Foundation","item":"https:\/\/www.unirufa.it\/offerta-formativa\/foundation-year4\/"},{"@type":"ListItem","position":4,"name":"Preparation to Foundation &#8211; ONLINE"}]},{"@type":"WebSite","@id":"https:\/\/www.unirufa.it\/#website","url":"https:\/\/www.unirufa.it\/","name":"RUFA - Rome University of Fine Arts","description":"","potentialAction":[{"@type":"SearchAction","target":{"@type":"EntryPoint","urlTemplate":"https:\/\/www.unirufa.it\/?s={search_term_string}"},"query-input":{"@type":"PropertyValueSpecification","valueRequired":true,"valueName":"search_term_string"}}],"inLanguage":"es"}]}},"_links":{"self":[{"href":"https:\/\/www.unirufa.it\/es\/wp-json\/wp\/v2\/pages\/77878","targetHints":{"allow":["GET"]}}],"collection":[{"href":"https:\/\/www.unirufa.it\/es\/wp-json\/wp\/v2\/pages"}],"about":[{"href":"https:\/\/www.unirufa.it\/es\/wp-json\/wp\/v2\/types\/page"}],"author":[{"embeddable":true,"href":"https:\/\/www.unirufa.it\/es\/wp-json\/wp\/v2\/users\/35"}],"replies":[{"embeddable":true,"href":"https:\/\/www.unirufa.it\/es\/wp-json\/wp\/v2\/comments?post=77878"}],"version-history":[{"count":89,"href":"https:\/\/www.unirufa.it\/es\/wp-json\/wp\/v2\/pages\/77878\/revisions"}],"predecessor-version":[{"id":130349,"href":"https:\/\/www.unirufa.it\/es\/wp-json\/wp\/v2\/pages\/77878\/revisions\/130349"}],"up":[{"embeddable":true,"href":"https:\/\/www.unirufa.it\/es\/wp-json\/wp\/v2\/pages\/19356"}],"wp:featuredmedia":[{"embeddable":true,"href":"https:\/\/www.unirufa.it\/es\/wp-json\/wp\/v2\/media\/130762"}],"wp:attachment":[{"href":"https:\/\/www.unirufa.it\/es\/wp-json\/wp\/v2\/media?parent=77878"}],"curies":[{"name":"wp","href":"https:\/\/api.w.org\/{rel}","templated":true}]}}