


{"id":8567,"date":"2016-07-11T10:03:04","date_gmt":"2016-07-11T10:03:04","guid":{"rendered":"http:\/\/www.unirufa.it\/?page_id=8567"},"modified":"2024-04-19T12:55:21","modified_gmt":"2024-04-19T10:55:21","slug":"corsi-alta-formazione","status":"publish","type":"page","link":"https:\/\/www.unirufa.it\/es\/offerta-formativa\/corsi-alta-formazione\/","title":{"rendered":"Cursos de formaci\u00f3n avanzada"},"content":{"rendered":"<a href=\"https:\/\/www.unirufa.it\/wp-content\/uploads\/2024\/04\/STUDENTI-RUFA_2.jpg\"><img decoding=\"async\" class=\"alignnone size-medium wp-image-30173\" src=\"https:\/\/www.unirufa.it\/wp-content\/uploads\/2024\/04\/STUDENTI-RUFA_2.jpg\" alt=\"\" width=\"100%\" height=\"auto\" \/><\/a><\/p>\n<div class=\"col-xs-12 col-sm-12 col-md-8 col-lg-8 \" style=\"padding-left: 0 ;\">\n<h3>QU\u00c9 SON<\/h3>\n<p style=\"font-size:1.2em;\">La especializaci\u00f3n, la actualizaci\u00f3n y la innovaci\u00f3n son algunos de los principales requisitos del mercado laboral actual, especialmente en el sector de la industria creativa. Por esta raz\u00f3n, la RUFA ha incluido en su formaci\u00f3n la oportunidad de que los profesionales y los estudiantes pongan en pr\u00e1ctica sus habilidades profesionales en algunas disciplinas espec\u00edficas.<\/p>\n<p>Los Cursos de Formaci\u00f3n Avanzada nacen para responder a esta necesidad: adquirir conocimientos y experiencia para consolidar la propia competitividad. Se trata de cursos intensivos impartidos por algunos de los mayores expertos en la materia del curso, capaces de transferir conocimientos te\u00f3ricos y pr\u00e1cticos de alto nivel y sugerencias estrat\u00e9gicas para mejorar la colocaci\u00f3n en el mercado laboral.<\/p>\n<div class=\"su-tabs su-tabs-style-default su-tabs-mobile-stack\" data-active=\"1\" data-scroll-offset=\"0\" data-anchor-in-url=\"no\"><div class=\"su-tabs-nav\"><span class=\"\" data-url=\"\" data-target=\"blank\" tabindex=\"0\" role=\"button\"><strong>PARA QUI\u00c9NES<\/strong><\/span><span class=\"\" data-url=\"\" data-target=\"blank\" tabindex=\"0\" role=\"button\"><strong>PROGRAMA DE LOS CURSOS<\/strong><\/span><span class=\"\" data-url=\"\" data-target=\"blank\" tabindex=\"0\" role=\"button\"><strong>CR\u00c9DITOS EDUCATIVOS Y PROFESIONALES<\/strong><\/span><\/div><div class=\"su-tabs-panes\"><div class=\"su-tabs-pane su-u-clearfix su-u-trim\" data-title=\"&lt;strong&gt;PARA QUI\u00c9NES&lt;\/strong&gt;\">\n<p style=\"font-size:1.2em;\">Los cursos de formaci\u00f3n avanzada se organizan seg\u00fan una l\u00f3gica de m\u00e1xima eficiencia y productividad. Se desarrollan en un tiempo concentrado, con lecciones intensivas que incluyen teor\u00eda y laboratorios que, adem\u00e1s de los conferenciantes autorizados, aprovechan la participaci\u00f3n ocasional de algunos interesados pertinentes de las \u00e1reas tem\u00e1ticas en estudio, a fin de alimentar el debate y el establecimiento de redes profesionales.<\/p>\n<\/div>\n<div class=\"su-tabs-pane su-u-clearfix su-u-trim\" data-title=\"&lt;strong&gt;PROGRAMA DE LOS CURSOS&lt;\/strong&gt;\">\n<p style=\"font-size:1.2em;\">The Advanced Training Courses are organized for\u00a0 maximum efficiency and productivity. They take place over a short amount of time though intensive lessons that include theory and laboratories which, in addition to lectures, occasionally involve key players of the field, in order to stimulate debates and professional networking.<\/p>\n<\/div>\n<div class=\"su-tabs-pane su-u-clearfix su-u-trim\" data-title=\"&lt;strong&gt;CR\u00c9DITOS EDUCATIVOS Y PROFESIONALES&lt;\/strong&gt;\">\n<p style=\"font-size:1.2em;\">Los cursos de educaci\u00f3n superior de la RUFA expiden certificados de asistencia y pueden prever la concesi\u00f3n de cr\u00e9ditos profesionales o universitarios, posiblemente reconocibles en un curso de estudio, siempre que sean coherentes con las caracter\u00edsticas del mismo.<\/p>\n<\/div><\/div><\/div>\n<\/div>","protected":false},"excerpt":{"rendered":"<p>QU\u00c9 SON La especializaci\u00f3n, la actualizaci\u00f3n y la innovaci\u00f3n son algunos de los principales requisitos del mercado laboral actual, especialmente en el sector de la industria creativa. Por esta raz\u00f3n, la RUFA ha incluido en su formaci\u00f3n la oportunidad de que los profesionales y los estudiantes pongan en pr\u00e1ctica sus habilidades profesionales en algunas disciplinas&#8230;<\/p>\n","protected":false},"author":1,"featured_media":129847,"parent":1253,"menu_order":0,"comment_status":"closed","ping_status":"closed","template":"page_generic-courses.php","meta":{"content-type":"","footnotes":""},"class_list":["post-8567","page","type-page","status-publish","has-post-thumbnail","hentry"],"yoast_head":"<!-- This site is optimized with the Yoast SEO plugin v24.2 - https:\/\/yoast.com\/wordpress\/plugins\/seo\/ -->\n<title>Corsi di Alta Formazione Accademia Belle Arti a Roma -RUFA<\/title>\n<meta name=\"description\" content=\"Scopri tutti i Corsi di Alta Formazione dell&#039;Accademia delle Belle Arti a Roma -RUFA\" \/>\n<meta name=\"robots\" content=\"index, follow, max-snippet:-1, max-image-preview:large, max-video-preview:-1\" \/>\n<link rel=\"canonical\" href=\"https:\/\/www.unirufa.it\/offerta-formativa\/corsi-alta-formazione\/\" \/>\n<meta property=\"og:locale\" content=\"es_ES\" \/>\n<meta property=\"og:type\" content=\"article\" \/>\n<meta property=\"og:title\" content=\"[:it]Corsi di Alta Formazione Accademia Belle Arti a Roma -RUFA[:en]Higher Training Courses Academy of Fine Arts in Rome -RUFA[:]\" \/>\n<meta property=\"og:description\" content=\"{:it}Scopri tutti i Corsi di Alta Formazione dell&#039;Accademia delle Belle Arti a Roma -RUFA{:}\" \/>\n<meta property=\"og:url\" content=\"https:\/\/www.unirufa.it\/offerta-formativa\/corsi-alta-formazione\/\" \/>\n<meta property=\"og:site_name\" content=\"RUFA - Rome University of Fine Arts\" \/>\n<meta property=\"article:modified_time\" content=\"2024-04-19T10:55:21+00:00\" \/>\n<meta property=\"og:image\" content=\"https:\/\/www.unirufa.it\/wp-content\/uploads\/2024\/04\/PITTURA_LOW.jpg\" \/>\n\t<meta property=\"og:image:width\" content=\"1440\" \/>\n\t<meta property=\"og:image:height\" content=\"961\" \/>\n\t<meta property=\"og:image:type\" content=\"image\/jpeg\" \/>\n<meta name=\"twitter:label1\" content=\"Tiempo de lectura\" \/>\n\t<meta name=\"twitter:data1\" content=\"5 minutos\" \/>\n<script type=\"application\/ld+json\" class=\"yoast-schema-graph\">{\"@context\":\"https:\/\/schema.org\",\"@graph\":[{\"@type\":\"WebPage\",\"@id\":\"https:\/\/www.unirufa.it\/offerta-formativa\/corsi-alta-formazione\/\",\"url\":\"https:\/\/www.unirufa.it\/offerta-formativa\/corsi-alta-formazione\/\",\"name\":\"[:it]Corsi di Alta Formazione Accademia Belle Arti a Roma -RUFA[:en]Higher Training Courses Academy of Fine Arts in Rome -RUFA[:]\",\"isPartOf\":{\"@id\":\"https:\/\/www.unirufa.it\/#website\"},\"primaryImageOfPage\":{\"@id\":\"https:\/\/www.unirufa.it\/offerta-formativa\/corsi-alta-formazione\/#primaryimage\"},\"image\":{\"@id\":\"https:\/\/www.unirufa.it\/offerta-formativa\/corsi-alta-formazione\/#primaryimage\"},\"thumbnailUrl\":\"https:\/\/www.unirufa.it\/wp-content\/uploads\/2024\/04\/PITTURA_LOW.jpg\",\"datePublished\":\"2016-07-11T10:03:04+00:00\",\"dateModified\":\"2024-04-19T10:55:21+00:00\",\"description\":\"{:it}Scopri tutti i Corsi di Alta Formazione dell'Accademia delle Belle Arti a Roma -RUFA{:}\",\"breadcrumb\":{\"@id\":\"https:\/\/www.unirufa.it\/offerta-formativa\/corsi-alta-formazione\/#breadcrumb\"},\"inLanguage\":\"es\",\"potentialAction\":[{\"@type\":\"ReadAction\",\"target\":[\"https:\/\/www.unirufa.it\/offerta-formativa\/corsi-alta-formazione\/\"]}]},{\"@type\":\"ImageObject\",\"inLanguage\":\"es\",\"@id\":\"https:\/\/www.unirufa.it\/offerta-formativa\/corsi-alta-formazione\/#primaryimage\",\"url\":\"https:\/\/www.unirufa.it\/wp-content\/uploads\/2024\/04\/PITTURA_LOW.jpg\",\"contentUrl\":\"https:\/\/www.unirufa.it\/wp-content\/uploads\/2024\/04\/PITTURA_LOW.jpg\",\"width\":1440,\"height\":961},{\"@type\":\"BreadcrumbList\",\"@id\":\"https:\/\/www.unirufa.it\/offerta-formativa\/corsi-alta-formazione\/#breadcrumb\",\"itemListElement\":[{\"@type\":\"ListItem\",\"position\":1,\"name\":\"Home\",\"item\":\"https:\/\/www.unirufa.it\/\"},{\"@type\":\"ListItem\",\"position\":2,\"name\":\"Offerta formativa\",\"item\":\"https:\/\/www.unirufa.it\/offerta-formativa\/\"},{\"@type\":\"ListItem\",\"position\":3,\"name\":\"Corsi di Alta Formazione\"}]},{\"@type\":\"WebSite\",\"@id\":\"https:\/\/www.unirufa.it\/#website\",\"url\":\"https:\/\/www.unirufa.it\/\",\"name\":\"RUFA - Rome University of Fine Arts\",\"description\":\"\",\"potentialAction\":[{\"@type\":\"SearchAction\",\"target\":{\"@type\":\"EntryPoint\",\"urlTemplate\":\"https:\/\/www.unirufa.it\/?s={search_term_string}\"},\"query-input\":{\"@type\":\"PropertyValueSpecification\",\"valueRequired\":true,\"valueName\":\"search_term_string\"}}],\"inLanguage\":\"es\"}]}<\/script>\n<!-- \/ Yoast SEO plugin. -->","yoast_head_json":{"title":"Corsi di Alta Formazione Accademia Belle Arti a Roma -RUFA","description":"Scopri tutti i Corsi di Alta Formazione dell'Accademia delle Belle Arti a Roma -RUFA","robots":{"index":"index","follow":"follow","max-snippet":"max-snippet:-1","max-image-preview":"max-image-preview:large","max-video-preview":"max-video-preview:-1"},"canonical":"https:\/\/www.unirufa.it\/offerta-formativa\/corsi-alta-formazione\/","og_locale":"es_ES","og_type":"article","og_title":"[:it]Corsi di Alta Formazione Accademia Belle Arti a Roma -RUFA[:en]Higher Training Courses Academy of Fine Arts in Rome -RUFA[:]","og_description":"{:it}Scopri tutti i Corsi di Alta Formazione dell'Accademia delle Belle Arti a Roma -RUFA{:}","og_url":"https:\/\/www.unirufa.it\/offerta-formativa\/corsi-alta-formazione\/","og_site_name":"RUFA - Rome University of Fine Arts","article_modified_time":"2024-04-19T10:55:21+00:00","og_image":[{"width":1440,"height":961,"url":"https:\/\/www.unirufa.it\/wp-content\/uploads\/2024\/04\/PITTURA_LOW.jpg","type":"image\/jpeg"}],"twitter_misc":{"Tiempo de lectura":"5 minutos"},"schema":{"@context":"https:\/\/schema.org","@graph":[{"@type":"WebPage","@id":"https:\/\/www.unirufa.it\/offerta-formativa\/corsi-alta-formazione\/","url":"https:\/\/www.unirufa.it\/offerta-formativa\/corsi-alta-formazione\/","name":"[:it]Corsi di Alta Formazione Accademia Belle Arti a Roma -RUFA[:en]Higher Training Courses Academy of Fine Arts in Rome -RUFA[:]","isPartOf":{"@id":"https:\/\/www.unirufa.it\/#website"},"primaryImageOfPage":{"@id":"https:\/\/www.unirufa.it\/offerta-formativa\/corsi-alta-formazione\/#primaryimage"},"image":{"@id":"https:\/\/www.unirufa.it\/offerta-formativa\/corsi-alta-formazione\/#primaryimage"},"thumbnailUrl":"https:\/\/www.unirufa.it\/wp-content\/uploads\/2024\/04\/PITTURA_LOW.jpg","datePublished":"2016-07-11T10:03:04+00:00","dateModified":"2024-04-19T10:55:21+00:00","description":"{:it}Scopri tutti i Corsi di Alta Formazione dell'Accademia delle Belle Arti a Roma -RUFA{:}","breadcrumb":{"@id":"https:\/\/www.unirufa.it\/offerta-formativa\/corsi-alta-formazione\/#breadcrumb"},"inLanguage":"es","potentialAction":[{"@type":"ReadAction","target":["https:\/\/www.unirufa.it\/offerta-formativa\/corsi-alta-formazione\/"]}]},{"@type":"ImageObject","inLanguage":"es","@id":"https:\/\/www.unirufa.it\/offerta-formativa\/corsi-alta-formazione\/#primaryimage","url":"https:\/\/www.unirufa.it\/wp-content\/uploads\/2024\/04\/PITTURA_LOW.jpg","contentUrl":"https:\/\/www.unirufa.it\/wp-content\/uploads\/2024\/04\/PITTURA_LOW.jpg","width":1440,"height":961},{"@type":"BreadcrumbList","@id":"https:\/\/www.unirufa.it\/offerta-formativa\/corsi-alta-formazione\/#breadcrumb","itemListElement":[{"@type":"ListItem","position":1,"name":"Home","item":"https:\/\/www.unirufa.it\/"},{"@type":"ListItem","position":2,"name":"Offerta formativa","item":"https:\/\/www.unirufa.it\/offerta-formativa\/"},{"@type":"ListItem","position":3,"name":"Corsi di Alta Formazione"}]},{"@type":"WebSite","@id":"https:\/\/www.unirufa.it\/#website","url":"https:\/\/www.unirufa.it\/","name":"RUFA - Rome University of Fine Arts","description":"","potentialAction":[{"@type":"SearchAction","target":{"@type":"EntryPoint","urlTemplate":"https:\/\/www.unirufa.it\/?s={search_term_string}"},"query-input":{"@type":"PropertyValueSpecification","valueRequired":true,"valueName":"search_term_string"}}],"inLanguage":"es"}]}},"_links":{"self":[{"href":"https:\/\/www.unirufa.it\/es\/wp-json\/wp\/v2\/pages\/8567","targetHints":{"allow":["GET"]}}],"collection":[{"href":"https:\/\/www.unirufa.it\/es\/wp-json\/wp\/v2\/pages"}],"about":[{"href":"https:\/\/www.unirufa.it\/es\/wp-json\/wp\/v2\/types\/page"}],"author":[{"embeddable":true,"href":"https:\/\/www.unirufa.it\/es\/wp-json\/wp\/v2\/users\/1"}],"replies":[{"embeddable":true,"href":"https:\/\/www.unirufa.it\/es\/wp-json\/wp\/v2\/comments?post=8567"}],"version-history":[{"count":68,"href":"https:\/\/www.unirufa.it\/es\/wp-json\/wp\/v2\/pages\/8567\/revisions"}],"predecessor-version":[{"id":129855,"href":"https:\/\/www.unirufa.it\/es\/wp-json\/wp\/v2\/pages\/8567\/revisions\/129855"}],"up":[{"embeddable":true,"href":"https:\/\/www.unirufa.it\/es\/wp-json\/wp\/v2\/pages\/1253"}],"wp:featuredmedia":[{"embeddable":true,"href":"https:\/\/www.unirufa.it\/es\/wp-json\/wp\/v2\/media\/129847"}],"wp:attachment":[{"href":"https:\/\/www.unirufa.it\/es\/wp-json\/wp\/v2\/media?parent=8567"}],"curies":[{"name":"wp","href":"https:\/\/api.w.org\/{rel}","templated":true}]}}