


{"id":92787,"date":"2023-01-30T09:42:49","date_gmt":"2023-01-30T08:42:49","guid":{"rendered":"https:\/\/www.unirufa.it\/?page_id=92787"},"modified":"2023-01-30T09:42:49","modified_gmt":"2023-01-30T08:42:49","slug":"memorie-inconsistenti-il-rapporto-tra-realta-e-memoria-nel-documentario-autobiografico","status":"publish","type":"page","link":"https:\/\/www.unirufa.it\/es\/memorie-inconsistenti-il-rapporto-tra-realta-e-memoria-nel-documentario-autobiografico\/","title":{"rendered":"Memorie inconsistenti: il rapporto tra realt\u00e0 e memoria nel documentario autobiografico"},"content":{"rendered":"<p class=\"qtranxs-available-languages-message qtranxs-available-languages-message-es\">Disculpa, pero esta entrada est\u00e1 disponible s\u00f3lo en <a href=\"https:\/\/www.unirufa.it\/it\/wp-json\/wp\/v2\/pages\/92787\" class=\"qtranxs-available-language-link qtranxs-available-language-link-it\" title=\"IT\">IT<\/a> y <a href=\"https:\/\/www.unirufa.it\/en\/wp-json\/wp\/v2\/pages\/92787\" class=\"qtranxs-available-language-link qtranxs-available-language-link-en\" title=\"EN\">EN<\/a>.<\/p><div class=\"su-image-carousel  su-image-carousel-has-spacing su-image-carousel-adaptive su-image-carousel-slides-style-minimal su-image-carousel-controls-style-light su-image-carousel-align-left\" style=\"\" data-flickity-options='{\"groupCells\":true,\"cellSelector\":\".su-image-carousel-item\",\"adaptiveHeight\":true,\"cellAlign\":\"left\",\"prevNextButtons\":true,\"pageDots\":false,\"autoPlay\":2000,\"imagesLoaded\":true,\"contain\":false,\"selectedAttraction\":0.025,\"friction\":0.28}' id=\"su_image_carousel_69dbe46b17fee\"><div class=\"su-image-carousel-item\"><div class=\"su-image-carousel-item-content\"><img loading=\"lazy\" decoding=\"async\" width=\"680\" height=\"388\" src=\"https:\/\/www.unirufa.it\/wp-content\/uploads\/2022\/04\/progetti_studenti_cinema_gabriele_biasi_tesi_memorieinconsistenti1-1024x585.jpg\" class=\"\" alt=\"\" srcset=\"https:\/\/www.unirufa.it\/wp-content\/uploads\/2022\/04\/progetti_studenti_cinema_gabriele_biasi_tesi_memorieinconsistenti1-1024x585.jpg 1024w, https:\/\/www.unirufa.it\/wp-content\/uploads\/2022\/04\/progetti_studenti_cinema_gabriele_biasi_tesi_memorieinconsistenti1-300x171.jpg 300w, https:\/\/www.unirufa.it\/wp-content\/uploads\/2022\/04\/progetti_studenti_cinema_gabriele_biasi_tesi_memorieinconsistenti1-768x439.jpg 768w, https:\/\/www.unirufa.it\/wp-content\/uploads\/2022\/04\/progetti_studenti_cinema_gabriele_biasi_tesi_memorieinconsistenti1.jpg 1050w\" sizes=\"auto, (max-width: 680px) 100vw, 680px\" \/><\/div><\/div><div class=\"su-image-carousel-item\"><div class=\"su-image-carousel-item-content\"><img loading=\"lazy\" decoding=\"async\" width=\"680\" height=\"388\" src=\"https:\/\/www.unirufa.it\/wp-content\/uploads\/2022\/04\/progetti_studenti_cinema_gabriele_biasi_tesi_memorieinconsistenti2-1024x585.jpg\" class=\"\" alt=\"\" srcset=\"https:\/\/www.unirufa.it\/wp-content\/uploads\/2022\/04\/progetti_studenti_cinema_gabriele_biasi_tesi_memorieinconsistenti2-1024x585.jpg 1024w, https:\/\/www.unirufa.it\/wp-content\/uploads\/2022\/04\/progetti_studenti_cinema_gabriele_biasi_tesi_memorieinconsistenti2-300x171.jpg 300w, https:\/\/www.unirufa.it\/wp-content\/uploads\/2022\/04\/progetti_studenti_cinema_gabriele_biasi_tesi_memorieinconsistenti2-768x439.jpg 768w, https:\/\/www.unirufa.it\/wp-content\/uploads\/2022\/04\/progetti_studenti_cinema_gabriele_biasi_tesi_memorieinconsistenti2.jpg 1050w\" sizes=\"auto, (max-width: 680px) 100vw, 680px\" \/><\/div><\/div><div class=\"su-image-carousel-item\"><div class=\"su-image-carousel-item-content\"><img loading=\"lazy\" decoding=\"async\" width=\"680\" height=\"388\" src=\"https:\/\/www.unirufa.it\/wp-content\/uploads\/2022\/04\/progetti_studenti_cinema_gabriele_biasi_tesi_memorieinconsistenti3-1024x585.jpg\" class=\"\" alt=\"\" srcset=\"https:\/\/www.unirufa.it\/wp-content\/uploads\/2022\/04\/progetti_studenti_cinema_gabriele_biasi_tesi_memorieinconsistenti3-1024x585.jpg 1024w, https:\/\/www.unirufa.it\/wp-content\/uploads\/2022\/04\/progetti_studenti_cinema_gabriele_biasi_tesi_memorieinconsistenti3-300x171.jpg 300w, https:\/\/www.unirufa.it\/wp-content\/uploads\/2022\/04\/progetti_studenti_cinema_gabriele_biasi_tesi_memorieinconsistenti3-768x439.jpg 768w, https:\/\/www.unirufa.it\/wp-content\/uploads\/2022\/04\/progetti_studenti_cinema_gabriele_biasi_tesi_memorieinconsistenti3.jpg 1050w\" sizes=\"auto, (max-width: 680px) 100vw, 680px\" \/><\/div><\/div><div class=\"su-image-carousel-item\"><div class=\"su-image-carousel-item-content\"><img loading=\"lazy\" decoding=\"async\" width=\"680\" height=\"388\" src=\"https:\/\/www.unirufa.it\/wp-content\/uploads\/2022\/04\/progetti_studenti_cinema_gabriele_biasi_tesi_memorieinconsistenti4-1024x585.jpg\" class=\"\" alt=\"\" srcset=\"https:\/\/www.unirufa.it\/wp-content\/uploads\/2022\/04\/progetti_studenti_cinema_gabriele_biasi_tesi_memorieinconsistenti4-1024x585.jpg 1024w, https:\/\/www.unirufa.it\/wp-content\/uploads\/2022\/04\/progetti_studenti_cinema_gabriele_biasi_tesi_memorieinconsistenti4-300x171.jpg 300w, https:\/\/www.unirufa.it\/wp-content\/uploads\/2022\/04\/progetti_studenti_cinema_gabriele_biasi_tesi_memorieinconsistenti4-768x439.jpg 768w, https:\/\/www.unirufa.it\/wp-content\/uploads\/2022\/04\/progetti_studenti_cinema_gabriele_biasi_tesi_memorieinconsistenti4.jpg 1050w\" sizes=\"auto, (max-width: 680px) 100vw, 680px\" \/><\/div><\/div><div class=\"su-image-carousel-item\"><div class=\"su-image-carousel-item-content\"><img loading=\"lazy\" decoding=\"async\" width=\"680\" height=\"388\" src=\"https:\/\/www.unirufa.it\/wp-content\/uploads\/2022\/04\/progetti_studenti_cinema_gabriele_biasi_tesi_memorieinconsistenti5-1024x585.jpg\" class=\"\" alt=\"\" srcset=\"https:\/\/www.unirufa.it\/wp-content\/uploads\/2022\/04\/progetti_studenti_cinema_gabriele_biasi_tesi_memorieinconsistenti5-1024x585.jpg 1024w, https:\/\/www.unirufa.it\/wp-content\/uploads\/2022\/04\/progetti_studenti_cinema_gabriele_biasi_tesi_memorieinconsistenti5-300x171.jpg 300w, https:\/\/www.unirufa.it\/wp-content\/uploads\/2022\/04\/progetti_studenti_cinema_gabriele_biasi_tesi_memorieinconsistenti5-768x439.jpg 768w, https:\/\/www.unirufa.it\/wp-content\/uploads\/2022\/04\/progetti_studenti_cinema_gabriele_biasi_tesi_memorieinconsistenti5.jpg 1050w\" sizes=\"auto, (max-width: 680px) 100vw, 680px\" \/><\/div><\/div><div class=\"su-image-carousel-item\"><div class=\"su-image-carousel-item-content\"><img loading=\"lazy\" decoding=\"async\" width=\"680\" height=\"388\" src=\"https:\/\/www.unirufa.it\/wp-content\/uploads\/2022\/04\/progetti_studenti_cinema_gabriele_biasi_tesi_memorieinconsistenti6-1024x585.jpg\" class=\"\" alt=\"\" srcset=\"https:\/\/www.unirufa.it\/wp-content\/uploads\/2022\/04\/progetti_studenti_cinema_gabriele_biasi_tesi_memorieinconsistenti6-1024x585.jpg 1024w, https:\/\/www.unirufa.it\/wp-content\/uploads\/2022\/04\/progetti_studenti_cinema_gabriele_biasi_tesi_memorieinconsistenti6-300x171.jpg 300w, https:\/\/www.unirufa.it\/wp-content\/uploads\/2022\/04\/progetti_studenti_cinema_gabriele_biasi_tesi_memorieinconsistenti6-768x439.jpg 768w, https:\/\/www.unirufa.it\/wp-content\/uploads\/2022\/04\/progetti_studenti_cinema_gabriele_biasi_tesi_memorieinconsistenti6.jpg 1050w\" sizes=\"auto, (max-width: 680px) 100vw, 680px\" \/><\/div><\/div><div class=\"su-image-carousel-item\"><div class=\"su-image-carousel-item-content\"><img loading=\"lazy\" decoding=\"async\" width=\"680\" height=\"388\" src=\"https:\/\/www.unirufa.it\/wp-content\/uploads\/2022\/04\/progetti_studenti_cinema_gabriele_biasi_tesi_memorieinconsistenti7-1024x585.jpg\" class=\"\" alt=\"\" srcset=\"https:\/\/www.unirufa.it\/wp-content\/uploads\/2022\/04\/progetti_studenti_cinema_gabriele_biasi_tesi_memorieinconsistenti7-1024x585.jpg 1024w, https:\/\/www.unirufa.it\/wp-content\/uploads\/2022\/04\/progetti_studenti_cinema_gabriele_biasi_tesi_memorieinconsistenti7-300x171.jpg 300w, https:\/\/www.unirufa.it\/wp-content\/uploads\/2022\/04\/progetti_studenti_cinema_gabriele_biasi_tesi_memorieinconsistenti7-768x439.jpg 768w, https:\/\/www.unirufa.it\/wp-content\/uploads\/2022\/04\/progetti_studenti_cinema_gabriele_biasi_tesi_memorieinconsistenti7.jpg 1050w\" sizes=\"auto, (max-width: 680px) 100vw, 680px\" \/><\/div><\/div><\/div><script id=\"su_image_carousel_69dbe46b17fee_script\">if(window.SUImageCarousel){setTimeout(function() {window.SUImageCarousel.initGallery(document.getElementById(\"su_image_carousel_69dbe46b17fee\"))}, 0);}var su_image_carousel_69dbe46b17fee_script=document.getElementById(\"su_image_carousel_69dbe46b17fee_script\");if(su_image_carousel_69dbe46b17fee_script){su_image_carousel_69dbe46b17fee_script.parentNode.removeChild(su_image_carousel_69dbe46b17fee_script);}<\/script>\n<p>Il documentario di diploma LE CRISALIDI, racconto autobiografico sulla famiglia di Gabriele Biasi, \u00e8 il punto di partenza per una riflessione tra realt\u00e0 e memoria, tra autobiografia e verit\u00e0.<br \/>\nIl film-documentario non va pi\u00f9 inteso come sguardo passivo sulla realt\u00e0 ma come strumento universale e creativo per mostrare una realt\u00e0, la propria, che altrimenti non sarebbe mai stata vista. Al pari del cinema di finzione che crea un racconto per immagini, il cinema documentario, e in particolare il documentario autobiografico, fa esattamente questo: partendo da memorie che sono di fatto diradate, confuse e inconsistenti, traccia un racconto con mezzi nuovi; le possibilit\u00e0 sperimentali nel documentario autobiografico diventano infinite, rompendo schemi che nella finzione sono spesso difficili da superare. C\u2019\u00e8 forse differenza tra quello che \u00e8 vero e la mia memoria? <\/p>\n<h3><font color=\"#f10032\">\u00abNoi non ricordiamo, ma riscriviamo la memoria cos\u00ec come la storia \u00e8 riscritta\u00bb.<\/font><\/h3>\n<p>&nbsp;<\/p>\n<p><a id=\"btn-regolamentocorso\" class=\"download-btn full\" style=\"background-color: #f10032; border-color: #f10032;\" href=\"https:\/\/www.unirufa.it\/artisti\/gabriele-biasi\/\"><span style=\"color: #ffffff;\">Gabriele Biasi<\/span><\/a><\/p>\n<p>&nbsp;<br \/>\n&nbsp;","protected":false},"excerpt":{"rendered":"<p>Disculpa, pero esta entrada est\u00e1 disponible s\u00f3lo en IT y EN.Il documentario di diploma LE CRISALIDI, racconto autobiografico sulla famiglia di Gabriele Biasi, \u00e8 il punto di partenza per una riflessione tra realt\u00e0 e memoria, tra autobiografia e verit\u00e0. Il film-documentario non va pi\u00f9 inteso come sguardo passivo sulla realt\u00e0 ma come strumento universale e&#8230;<\/p>\n","protected":false},"author":47,"featured_media":0,"parent":0,"menu_order":0,"comment_status":"closed","ping_status":"closed","template":"","meta":{"content-type":"","footnotes":""},"class_list":["post-92787","page","type-page","status-publish","hentry"],"yoast_head":"<!-- This site is optimized with the Yoast SEO plugin v24.2 - https:\/\/yoast.com\/wordpress\/plugins\/seo\/ -->\n<title>Memorie inconsistenti: il rapporto tra realt\u00e0 e memoria nel documentario autobiografico - RUFA - Rome University of Fine Arts<\/title>\n<meta name=\"robots\" content=\"index, follow, max-snippet:-1, max-image-preview:large, max-video-preview:-1\" \/>\n<link rel=\"canonical\" href=\"https:\/\/www.unirufa.it\/memorie-inconsistenti-il-rapporto-tra-realta-e-memoria-nel-documentario-autobiografico\/\" \/>\n<meta property=\"og:locale\" content=\"es_ES\" \/>\n<meta property=\"og:type\" content=\"article\" \/>\n<meta property=\"og:title\" content=\"Memorie inconsistenti: il rapporto tra realt\u00e0 e memoria nel documentario autobiografico - RUFA - Rome University of Fine Arts\" \/>\n<meta property=\"og:description\" content=\"Disculpa, pero esta entrada est\u00e1 disponible s\u00f3lo en IT y EN.Il documentario di diploma LE CRISALIDI, racconto autobiografico sulla famiglia di Gabriele Biasi, \u00e8 il punto di partenza per una riflessione tra realt\u00e0 e memoria, tra autobiografia e verit\u00e0. Il film-documentario non va pi\u00f9 inteso come sguardo passivo sulla realt\u00e0 ma come strumento universale e...\" \/>\n<meta property=\"og:url\" content=\"https:\/\/www.unirufa.it\/memorie-inconsistenti-il-rapporto-tra-realta-e-memoria-nel-documentario-autobiografico\/\" \/>\n<meta property=\"og:site_name\" content=\"RUFA - Rome University of Fine Arts\" \/>\n<meta property=\"og:image\" content=\"https:\/\/www.unirufa.it\/wp-content\/uploads\/2017\/11\/logo-rufa-2016.png\" \/>\n\t<meta property=\"og:image:width\" content=\"230\" \/>\n\t<meta property=\"og:image:height\" content=\"149\" \/>\n\t<meta property=\"og:image:type\" content=\"image\/png\" \/>\n<meta name=\"twitter:label1\" content=\"Tiempo de lectura\" \/>\n\t<meta name=\"twitter:data1\" content=\"2 minutos\" \/>\n<script type=\"application\/ld+json\" class=\"yoast-schema-graph\">{\"@context\":\"https:\/\/schema.org\",\"@graph\":[{\"@type\":\"WebPage\",\"@id\":\"https:\/\/www.unirufa.it\/memorie-inconsistenti-il-rapporto-tra-realta-e-memoria-nel-documentario-autobiografico\/\",\"url\":\"https:\/\/www.unirufa.it\/memorie-inconsistenti-il-rapporto-tra-realta-e-memoria-nel-documentario-autobiografico\/\",\"name\":\"Memorie inconsistenti: il rapporto tra realt\u00e0 e memoria nel documentario autobiografico - RUFA - Rome University of Fine Arts\",\"isPartOf\":{\"@id\":\"https:\/\/www.unirufa.it\/#website\"},\"datePublished\":\"2023-01-30T08:42:49+00:00\",\"dateModified\":\"2023-01-30T08:42:49+00:00\",\"breadcrumb\":{\"@id\":\"https:\/\/www.unirufa.it\/memorie-inconsistenti-il-rapporto-tra-realta-e-memoria-nel-documentario-autobiografico\/#breadcrumb\"},\"inLanguage\":\"es\",\"potentialAction\":[{\"@type\":\"ReadAction\",\"target\":[\"https:\/\/www.unirufa.it\/memorie-inconsistenti-il-rapporto-tra-realta-e-memoria-nel-documentario-autobiografico\/\"]}]},{\"@type\":\"BreadcrumbList\",\"@id\":\"https:\/\/www.unirufa.it\/memorie-inconsistenti-il-rapporto-tra-realta-e-memoria-nel-documentario-autobiografico\/#breadcrumb\",\"itemListElement\":[{\"@type\":\"ListItem\",\"position\":1,\"name\":\"Home\",\"item\":\"https:\/\/www.unirufa.it\/\"},{\"@type\":\"ListItem\",\"position\":2,\"name\":\"Memorie inconsistenti: il rapporto tra realt\u00e0 e memoria nel documentario autobiografico\"}]},{\"@type\":\"WebSite\",\"@id\":\"https:\/\/www.unirufa.it\/#website\",\"url\":\"https:\/\/www.unirufa.it\/\",\"name\":\"RUFA - Rome University of Fine Arts\",\"description\":\"\",\"potentialAction\":[{\"@type\":\"SearchAction\",\"target\":{\"@type\":\"EntryPoint\",\"urlTemplate\":\"https:\/\/www.unirufa.it\/?s={search_term_string}\"},\"query-input\":{\"@type\":\"PropertyValueSpecification\",\"valueRequired\":true,\"valueName\":\"search_term_string\"}}],\"inLanguage\":\"es\"}]}<\/script>\n<!-- \/ Yoast SEO plugin. -->","yoast_head_json":{"title":"Memorie inconsistenti: il rapporto tra realt\u00e0 e memoria nel documentario autobiografico - RUFA - Rome University of Fine Arts","robots":{"index":"index","follow":"follow","max-snippet":"max-snippet:-1","max-image-preview":"max-image-preview:large","max-video-preview":"max-video-preview:-1"},"canonical":"https:\/\/www.unirufa.it\/memorie-inconsistenti-il-rapporto-tra-realta-e-memoria-nel-documentario-autobiografico\/","og_locale":"es_ES","og_type":"article","og_title":"Memorie inconsistenti: il rapporto tra realt\u00e0 e memoria nel documentario autobiografico - RUFA - Rome University of Fine Arts","og_description":"Disculpa, pero esta entrada est\u00e1 disponible s\u00f3lo en IT y EN.Il documentario di diploma LE CRISALIDI, racconto autobiografico sulla famiglia di Gabriele Biasi, \u00e8 il punto di partenza per una riflessione tra realt\u00e0 e memoria, tra autobiografia e verit\u00e0. Il film-documentario non va pi\u00f9 inteso come sguardo passivo sulla realt\u00e0 ma come strumento universale e...","og_url":"https:\/\/www.unirufa.it\/memorie-inconsistenti-il-rapporto-tra-realta-e-memoria-nel-documentario-autobiografico\/","og_site_name":"RUFA - Rome University of Fine Arts","og_image":[{"width":230,"height":149,"url":"https:\/\/www.unirufa.it\/wp-content\/uploads\/2017\/11\/logo-rufa-2016.png","type":"image\/png"}],"twitter_misc":{"Tiempo de lectura":"2 minutos"},"schema":{"@context":"https:\/\/schema.org","@graph":[{"@type":"WebPage","@id":"https:\/\/www.unirufa.it\/memorie-inconsistenti-il-rapporto-tra-realta-e-memoria-nel-documentario-autobiografico\/","url":"https:\/\/www.unirufa.it\/memorie-inconsistenti-il-rapporto-tra-realta-e-memoria-nel-documentario-autobiografico\/","name":"Memorie inconsistenti: il rapporto tra realt\u00e0 e memoria nel documentario autobiografico - RUFA - Rome University of Fine Arts","isPartOf":{"@id":"https:\/\/www.unirufa.it\/#website"},"datePublished":"2023-01-30T08:42:49+00:00","dateModified":"2023-01-30T08:42:49+00:00","breadcrumb":{"@id":"https:\/\/www.unirufa.it\/memorie-inconsistenti-il-rapporto-tra-realta-e-memoria-nel-documentario-autobiografico\/#breadcrumb"},"inLanguage":"es","potentialAction":[{"@type":"ReadAction","target":["https:\/\/www.unirufa.it\/memorie-inconsistenti-il-rapporto-tra-realta-e-memoria-nel-documentario-autobiografico\/"]}]},{"@type":"BreadcrumbList","@id":"https:\/\/www.unirufa.it\/memorie-inconsistenti-il-rapporto-tra-realta-e-memoria-nel-documentario-autobiografico\/#breadcrumb","itemListElement":[{"@type":"ListItem","position":1,"name":"Home","item":"https:\/\/www.unirufa.it\/"},{"@type":"ListItem","position":2,"name":"Memorie inconsistenti: il rapporto tra realt\u00e0 e memoria nel documentario autobiografico"}]},{"@type":"WebSite","@id":"https:\/\/www.unirufa.it\/#website","url":"https:\/\/www.unirufa.it\/","name":"RUFA - Rome University of Fine Arts","description":"","potentialAction":[{"@type":"SearchAction","target":{"@type":"EntryPoint","urlTemplate":"https:\/\/www.unirufa.it\/?s={search_term_string}"},"query-input":{"@type":"PropertyValueSpecification","valueRequired":true,"valueName":"search_term_string"}}],"inLanguage":"es"}]}},"_links":{"self":[{"href":"https:\/\/www.unirufa.it\/es\/wp-json\/wp\/v2\/pages\/92787","targetHints":{"allow":["GET"]}}],"collection":[{"href":"https:\/\/www.unirufa.it\/es\/wp-json\/wp\/v2\/pages"}],"about":[{"href":"https:\/\/www.unirufa.it\/es\/wp-json\/wp\/v2\/types\/page"}],"author":[{"embeddable":true,"href":"https:\/\/www.unirufa.it\/es\/wp-json\/wp\/v2\/users\/47"}],"replies":[{"embeddable":true,"href":"https:\/\/www.unirufa.it\/es\/wp-json\/wp\/v2\/comments?post=92787"}],"version-history":[{"count":7,"href":"https:\/\/www.unirufa.it\/es\/wp-json\/wp\/v2\/pages\/92787\/revisions"}],"predecessor-version":[{"id":93735,"href":"https:\/\/www.unirufa.it\/es\/wp-json\/wp\/v2\/pages\/92787\/revisions\/93735"}],"wp:attachment":[{"href":"https:\/\/www.unirufa.it\/es\/wp-json\/wp\/v2\/media?parent=92787"}],"curies":[{"name":"wp","href":"https:\/\/api.w.org\/{rel}","templated":true}]}}