


{"id":92798,"date":"2023-01-30T09:45:05","date_gmt":"2023-01-30T08:45:05","guid":{"rendered":"https:\/\/www.unirufa.it\/?page_id=92798"},"modified":"2023-02-14T13:48:38","modified_gmt":"2023-02-14T12:48:38","slug":"2000-2020-venti-anni-di-cinema-italiano","status":"publish","type":"page","link":"https:\/\/www.unirufa.it\/es\/2000-2020-venti-anni-di-cinema-italiano\/","title":{"rendered":"2000-2020: Venti anni di cinema italiano"},"content":{"rendered":"<p class=\"qtranxs-available-languages-message qtranxs-available-languages-message-es\">Disculpa, pero esta entrada est\u00e1 disponible s\u00f3lo en <a href=\"https:\/\/www.unirufa.it\/it\/wp-json\/wp\/v2\/pages\/92798\" class=\"qtranxs-available-language-link qtranxs-available-language-link-it\" title=\"IT\">IT<\/a> y <a href=\"https:\/\/www.unirufa.it\/en\/wp-json\/wp\/v2\/pages\/92798\" class=\"qtranxs-available-language-link qtranxs-available-language-link-en\" title=\"EN\">EN<\/a>.<\/p><div class=\"su-image-carousel  su-image-carousel-has-spacing su-image-carousel-adaptive su-image-carousel-slides-style-minimal su-image-carousel-controls-style-light su-image-carousel-align-left\" style=\"\" data-flickity-options='{\"groupCells\":true,\"cellSelector\":\".su-image-carousel-item\",\"adaptiveHeight\":true,\"cellAlign\":\"left\",\"prevNextButtons\":true,\"pageDots\":false,\"autoPlay\":2000,\"imagesLoaded\":true,\"contain\":false,\"selectedAttraction\":0.025,\"friction\":0.28}' id=\"su_image_carousel_69e1ef3071e2f\"><div class=\"su-image-carousel-item\"><div class=\"su-image-carousel-item-content\"><img loading=\"lazy\" decoding=\"async\" width=\"680\" height=\"388\" src=\"https:\/\/www.unirufa.it\/wp-content\/uploads\/2022\/04\/progetti_studenti_cinema_luca_cozzolino_tesi_20002020-11-1024x585.jpg\" class=\"\" alt=\"\" srcset=\"https:\/\/www.unirufa.it\/wp-content\/uploads\/2022\/04\/progetti_studenti_cinema_luca_cozzolino_tesi_20002020-11-1024x585.jpg 1024w, https:\/\/www.unirufa.it\/wp-content\/uploads\/2022\/04\/progetti_studenti_cinema_luca_cozzolino_tesi_20002020-11-300x171.jpg 300w, https:\/\/www.unirufa.it\/wp-content\/uploads\/2022\/04\/progetti_studenti_cinema_luca_cozzolino_tesi_20002020-11-768x439.jpg 768w, https:\/\/www.unirufa.it\/wp-content\/uploads\/2022\/04\/progetti_studenti_cinema_luca_cozzolino_tesi_20002020-11.jpg 1050w\" sizes=\"auto, (max-width: 680px) 100vw, 680px\" \/><\/div><\/div><div class=\"su-image-carousel-item\"><div class=\"su-image-carousel-item-content\"><img loading=\"lazy\" decoding=\"async\" width=\"680\" height=\"388\" src=\"https:\/\/www.unirufa.it\/wp-content\/uploads\/2022\/04\/progetti_studenti_cinema_luca_cozzolino_tesi_20002020-10-1024x585.jpg\" class=\"\" alt=\"\" srcset=\"https:\/\/www.unirufa.it\/wp-content\/uploads\/2022\/04\/progetti_studenti_cinema_luca_cozzolino_tesi_20002020-10-1024x585.jpg 1024w, https:\/\/www.unirufa.it\/wp-content\/uploads\/2022\/04\/progetti_studenti_cinema_luca_cozzolino_tesi_20002020-10-300x171.jpg 300w, https:\/\/www.unirufa.it\/wp-content\/uploads\/2022\/04\/progetti_studenti_cinema_luca_cozzolino_tesi_20002020-10-768x439.jpg 768w, https:\/\/www.unirufa.it\/wp-content\/uploads\/2022\/04\/progetti_studenti_cinema_luca_cozzolino_tesi_20002020-10.jpg 1050w\" sizes=\"auto, (max-width: 680px) 100vw, 680px\" \/><\/div><\/div><div class=\"su-image-carousel-item\"><div class=\"su-image-carousel-item-content\"><img loading=\"lazy\" decoding=\"async\" width=\"680\" height=\"388\" src=\"https:\/\/www.unirufa.it\/wp-content\/uploads\/2022\/04\/progetti_studenti_cinema_luca_cozzolino_tesi_20002020-9-1024x585.jpg\" class=\"\" alt=\"\" srcset=\"https:\/\/www.unirufa.it\/wp-content\/uploads\/2022\/04\/progetti_studenti_cinema_luca_cozzolino_tesi_20002020-9-1024x585.jpg 1024w, https:\/\/www.unirufa.it\/wp-content\/uploads\/2022\/04\/progetti_studenti_cinema_luca_cozzolino_tesi_20002020-9-300x171.jpg 300w, https:\/\/www.unirufa.it\/wp-content\/uploads\/2022\/04\/progetti_studenti_cinema_luca_cozzolino_tesi_20002020-9-768x439.jpg 768w, https:\/\/www.unirufa.it\/wp-content\/uploads\/2022\/04\/progetti_studenti_cinema_luca_cozzolino_tesi_20002020-9.jpg 1050w\" sizes=\"auto, (max-width: 680px) 100vw, 680px\" \/><\/div><\/div><div class=\"su-image-carousel-item\"><div class=\"su-image-carousel-item-content\"><img loading=\"lazy\" decoding=\"async\" width=\"680\" height=\"388\" src=\"https:\/\/www.unirufa.it\/wp-content\/uploads\/2022\/04\/progetti_studenti_cinema_luca_cozzolino_tesi_20002020-8-1024x585.jpg\" class=\"\" alt=\"\" srcset=\"https:\/\/www.unirufa.it\/wp-content\/uploads\/2022\/04\/progetti_studenti_cinema_luca_cozzolino_tesi_20002020-8-1024x585.jpg 1024w, https:\/\/www.unirufa.it\/wp-content\/uploads\/2022\/04\/progetti_studenti_cinema_luca_cozzolino_tesi_20002020-8-300x171.jpg 300w, https:\/\/www.unirufa.it\/wp-content\/uploads\/2022\/04\/progetti_studenti_cinema_luca_cozzolino_tesi_20002020-8-768x439.jpg 768w, https:\/\/www.unirufa.it\/wp-content\/uploads\/2022\/04\/progetti_studenti_cinema_luca_cozzolino_tesi_20002020-8.jpg 1050w\" sizes=\"auto, (max-width: 680px) 100vw, 680px\" \/><\/div><\/div><div class=\"su-image-carousel-item\"><div class=\"su-image-carousel-item-content\"><img loading=\"lazy\" decoding=\"async\" width=\"680\" height=\"388\" src=\"https:\/\/www.unirufa.it\/wp-content\/uploads\/2022\/04\/progetti_studenti_cinema_luca_cozzolino_tesi_20002020-7-1024x585.jpg\" class=\"\" alt=\"\" srcset=\"https:\/\/www.unirufa.it\/wp-content\/uploads\/2022\/04\/progetti_studenti_cinema_luca_cozzolino_tesi_20002020-7-1024x585.jpg 1024w, https:\/\/www.unirufa.it\/wp-content\/uploads\/2022\/04\/progetti_studenti_cinema_luca_cozzolino_tesi_20002020-7-300x171.jpg 300w, https:\/\/www.unirufa.it\/wp-content\/uploads\/2022\/04\/progetti_studenti_cinema_luca_cozzolino_tesi_20002020-7-768x439.jpg 768w, https:\/\/www.unirufa.it\/wp-content\/uploads\/2022\/04\/progetti_studenti_cinema_luca_cozzolino_tesi_20002020-7.jpg 1050w\" sizes=\"auto, (max-width: 680px) 100vw, 680px\" \/><\/div><\/div><div class=\"su-image-carousel-item\"><div class=\"su-image-carousel-item-content\"><img loading=\"lazy\" decoding=\"async\" width=\"680\" height=\"388\" src=\"https:\/\/www.unirufa.it\/wp-content\/uploads\/2022\/04\/progetti_studenti_cinema_luca_cozzolino_tesi_20002020-6-1024x585.jpg\" class=\"\" alt=\"\" srcset=\"https:\/\/www.unirufa.it\/wp-content\/uploads\/2022\/04\/progetti_studenti_cinema_luca_cozzolino_tesi_20002020-6-1024x585.jpg 1024w, https:\/\/www.unirufa.it\/wp-content\/uploads\/2022\/04\/progetti_studenti_cinema_luca_cozzolino_tesi_20002020-6-300x171.jpg 300w, https:\/\/www.unirufa.it\/wp-content\/uploads\/2022\/04\/progetti_studenti_cinema_luca_cozzolino_tesi_20002020-6-768x439.jpg 768w, https:\/\/www.unirufa.it\/wp-content\/uploads\/2022\/04\/progetti_studenti_cinema_luca_cozzolino_tesi_20002020-6.jpg 1050w\" sizes=\"auto, (max-width: 680px) 100vw, 680px\" \/><\/div><\/div><div class=\"su-image-carousel-item\"><div class=\"su-image-carousel-item-content\"><img loading=\"lazy\" decoding=\"async\" width=\"680\" height=\"388\" src=\"https:\/\/www.unirufa.it\/wp-content\/uploads\/2022\/04\/progetti_studenti_cinema_luca_cozzolino_tesi_20002020-5-1024x585.jpg\" class=\"\" alt=\"\" srcset=\"https:\/\/www.unirufa.it\/wp-content\/uploads\/2022\/04\/progetti_studenti_cinema_luca_cozzolino_tesi_20002020-5-1024x585.jpg 1024w, https:\/\/www.unirufa.it\/wp-content\/uploads\/2022\/04\/progetti_studenti_cinema_luca_cozzolino_tesi_20002020-5-300x171.jpg 300w, https:\/\/www.unirufa.it\/wp-content\/uploads\/2022\/04\/progetti_studenti_cinema_luca_cozzolino_tesi_20002020-5-768x439.jpg 768w, https:\/\/www.unirufa.it\/wp-content\/uploads\/2022\/04\/progetti_studenti_cinema_luca_cozzolino_tesi_20002020-5.jpg 1050w\" sizes=\"auto, (max-width: 680px) 100vw, 680px\" \/><\/div><\/div><div class=\"su-image-carousel-item\"><div class=\"su-image-carousel-item-content\"><img loading=\"lazy\" decoding=\"async\" width=\"680\" height=\"388\" src=\"https:\/\/www.unirufa.it\/wp-content\/uploads\/2022\/04\/progetti_studenti_cinema_luca_cozzolino_tesi_20002020-4-1024x585.jpg\" class=\"\" alt=\"\" srcset=\"https:\/\/www.unirufa.it\/wp-content\/uploads\/2022\/04\/progetti_studenti_cinema_luca_cozzolino_tesi_20002020-4-1024x585.jpg 1024w, https:\/\/www.unirufa.it\/wp-content\/uploads\/2022\/04\/progetti_studenti_cinema_luca_cozzolino_tesi_20002020-4-300x171.jpg 300w, https:\/\/www.unirufa.it\/wp-content\/uploads\/2022\/04\/progetti_studenti_cinema_luca_cozzolino_tesi_20002020-4-768x439.jpg 768w, https:\/\/www.unirufa.it\/wp-content\/uploads\/2022\/04\/progetti_studenti_cinema_luca_cozzolino_tesi_20002020-4.jpg 1050w\" sizes=\"auto, (max-width: 680px) 100vw, 680px\" \/><\/div><\/div><div class=\"su-image-carousel-item\"><div class=\"su-image-carousel-item-content\"><img loading=\"lazy\" decoding=\"async\" width=\"680\" height=\"388\" src=\"https:\/\/www.unirufa.it\/wp-content\/uploads\/2022\/04\/progetti_studenti_cinema_luca_cozzolino_tesi_20002020-3-1024x585.jpg\" class=\"\" alt=\"\" srcset=\"https:\/\/www.unirufa.it\/wp-content\/uploads\/2022\/04\/progetti_studenti_cinema_luca_cozzolino_tesi_20002020-3-1024x585.jpg 1024w, https:\/\/www.unirufa.it\/wp-content\/uploads\/2022\/04\/progetti_studenti_cinema_luca_cozzolino_tesi_20002020-3-300x171.jpg 300w, https:\/\/www.unirufa.it\/wp-content\/uploads\/2022\/04\/progetti_studenti_cinema_luca_cozzolino_tesi_20002020-3-768x439.jpg 768w, https:\/\/www.unirufa.it\/wp-content\/uploads\/2022\/04\/progetti_studenti_cinema_luca_cozzolino_tesi_20002020-3.jpg 1050w\" sizes=\"auto, (max-width: 680px) 100vw, 680px\" \/><\/div><\/div><div class=\"su-image-carousel-item\"><div class=\"su-image-carousel-item-content\"><img loading=\"lazy\" decoding=\"async\" width=\"680\" height=\"388\" src=\"https:\/\/www.unirufa.it\/wp-content\/uploads\/2022\/04\/progetti_studenti_cinema_luca_cozzolino_tesi_20002020-2-1024x585.jpg\" class=\"\" alt=\"\" srcset=\"https:\/\/www.unirufa.it\/wp-content\/uploads\/2022\/04\/progetti_studenti_cinema_luca_cozzolino_tesi_20002020-2-1024x585.jpg 1024w, https:\/\/www.unirufa.it\/wp-content\/uploads\/2022\/04\/progetti_studenti_cinema_luca_cozzolino_tesi_20002020-2-300x171.jpg 300w, https:\/\/www.unirufa.it\/wp-content\/uploads\/2022\/04\/progetti_studenti_cinema_luca_cozzolino_tesi_20002020-2-768x439.jpg 768w, https:\/\/www.unirufa.it\/wp-content\/uploads\/2022\/04\/progetti_studenti_cinema_luca_cozzolino_tesi_20002020-2.jpg 1050w\" sizes=\"auto, (max-width: 680px) 100vw, 680px\" \/><\/div><\/div><div class=\"su-image-carousel-item\"><div class=\"su-image-carousel-item-content\"><img loading=\"lazy\" decoding=\"async\" width=\"680\" height=\"388\" src=\"https:\/\/www.unirufa.it\/wp-content\/uploads\/2022\/04\/progetti_studenti_cinema_luca_cozzolino_tesi_20002020-1-1024x585.jpg\" class=\"\" alt=\"\" srcset=\"https:\/\/www.unirufa.it\/wp-content\/uploads\/2022\/04\/progetti_studenti_cinema_luca_cozzolino_tesi_20002020-1-1024x585.jpg 1024w, https:\/\/www.unirufa.it\/wp-content\/uploads\/2022\/04\/progetti_studenti_cinema_luca_cozzolino_tesi_20002020-1-300x171.jpg 300w, https:\/\/www.unirufa.it\/wp-content\/uploads\/2022\/04\/progetti_studenti_cinema_luca_cozzolino_tesi_20002020-1-768x439.jpg 768w, https:\/\/www.unirufa.it\/wp-content\/uploads\/2022\/04\/progetti_studenti_cinema_luca_cozzolino_tesi_20002020-1.jpg 1050w\" sizes=\"auto, (max-width: 680px) 100vw, 680px\" \/><\/div><\/div><\/div><script id=\"su_image_carousel_69e1ef3071e2f_script\">if(window.SUImageCarousel){setTimeout(function() {window.SUImageCarousel.initGallery(document.getElementById(\"su_image_carousel_69e1ef3071e2f\"))}, 0);}var su_image_carousel_69e1ef3071e2f_script=document.getElementById(\"su_image_carousel_69e1ef3071e2f_script\");if(su_image_carousel_69e1ef3071e2f_script){su_image_carousel_69e1ef3071e2f_script.parentNode.removeChild(su_image_carousel_69e1ef3071e2f_script);}<\/script>\n&nbsp;<\/p>\n<p>Quando ho deciso di affrontare un percorso sul cinema italiano \u00e8 stato principalmente per come questo avvenga sempre pi\u00f9 di rado e per come questo venga ritenuto un \u00abmalato\u00bb irrecuperabile. \u00c8 indubbio che la produzione cinematografica estera negli ultimi anni ha molto spesso superato industrialmente e qualitativamente quella italiana, per\u00f2 non parlare del problema non \u00e8 comunque una cosa sana: bisogna, anzi, dedicargli molta attenzione nell&#8217;analizzarlo se si vuole ipotizzare una soluzione. Quindi, quale miglior modo per capire i motivi della \u00abmalattia\u00bb e cercare una via di uscita se non compiere un percorso lungo la produzione cinematografica italiana degli ultimi venti anni. Il percorso intrapreso, tuttavia, non vuole essere \u201cpositivista\u201d a priori ma semplicemente un modo per riflettere su ci\u00f2 che di buono \u00e8 stato fatto per valorizzarlo e ripartire proprio da l\u00ec, un viaggio fra le macerie che vuole raccogliere spunti di riflessione positivi e propositivi in nome di una rinascita e una ricostruzione che sembra sempre pi\u00f9 lontana e difficile, andando a ricercare la novit\u00e0 di alcuni film che hanno attraversato questi due decenni di transizione, spesso circondati da un silenzio terrificante. \u00c8 indubbio che negli ultimi venti anni il cinema italiano si stia avviando dentro forti processi di cambiamento sia da un punto di vista qualitativo che da un punto di vista industriale, e, contemporaneamente, che stia ritornando a raccogliere consensi di critica a livello internazionale con diversi successi a festival quali Cannes o Berlino. Ma come ci\u00f2 \u00e8 stato possibile? Quali processi e quali tendenze hanno riportato il cinema italiano a farsi notare in queste sedi dopo molto tempo?<br \/>\nNel primo capitolo si andr\u00e0 a ricercare l&#8217;identit\u00e0 cinematografica di questo ventennio, partendo dall&#8217;aspetto pi\u00f9 industriale per poi passare al rapporto che ha intrapreso con altri media e concludere con l&#8217;individuazione degli autori che hanno guidato i suddetti processi e, in particolare, di un momento chiave per questa generazione, per concludere con un&#8217;analisi delle basi teoriche su cui essa poggia il suo cinema.<br \/>\nNel secondo e terzo capitolo si tenter\u00e0 di esplicare quali sono i due differenti approcci alla forma e al contenuto che sono stati dominanti in questo lasso di tempo, cercando di definirli precisamente per poi analizzare quali film esplicano al meglio i suddetti approcci e quali autori hanno aderito a questi modus operandi.<br \/>\nIl quarto capitolo \u00e8 interamente dedicato alla nozione di genere, con una breve parentesi sull&#8217;importanza storica di questa definizione per il cinema italiano per poi passare a come questa sia stata utilizzata, ibridata o riscoperta negli ultimi due decenni; un occhio di riguardo sar\u00e0 dedicato al documentario, del quale si discuteranno i motivi della riscoperta oltre ai vari esperimenti fatti con questo specifico tipo di linguaggio. Infine, si andr\u00e0 all&#8217;individuazione di un vero e proprio nuovo genere nato spontaneamente dalle caratteristiche proprie di queste nuove generazioni di cineasti, osservandone sia una sua declinazione autoriale che una pi\u00f9 commerciale.<br \/>\nL&#8217;ultimo capitolo allarga il discorso con una digressione interamente dedicata alle prospettive che il cinema globale ha davanti a se in quest&#8217;era cos\u00ec turbolenta, dove la societ\u00e0 \u00e8 in continua evoluzione e soggetta ad una serie di fenomeni (sociali e non) che partono da molto lontano ma che sono stati accelerati da una pandemia che sta portando a compiersi quelle questioni che erano gi\u00e0 in atto da tempo.<\/p>\n<p>&nbsp;<\/p>\n<p><a id=\"btn-regolamentocorso\" class=\"download-btn full\" style=\"background-color: #f10032; border-color: #f10032;\" href=\"https:\/\/www.unirufa.it\/artisti\/ https:\/\/www.unirufa.it\/artisti\/luca-cozzolino\/\"><span style=\"color: #ffffff;\">Luca Cozzolino<\/span><\/a><\/p>\n<p>&nbsp;<br \/>\n&nbsp;","protected":false},"excerpt":{"rendered":"<p>Disculpa, pero esta entrada est\u00e1 disponible s\u00f3lo en IT y EN.&nbsp; Quando ho deciso di affrontare un percorso sul cinema italiano \u00e8 stato principalmente per come questo avvenga sempre pi\u00f9 di rado e per come questo venga ritenuto un \u00abmalato\u00bb irrecuperabile. \u00c8 indubbio che la produzione cinematografica estera negli ultimi anni ha molto spesso superato&#8230;<\/p>\n","protected":false},"author":47,"featured_media":0,"parent":0,"menu_order":0,"comment_status":"closed","ping_status":"closed","template":"","meta":{"content-type":"","footnotes":""},"class_list":["post-92798","page","type-page","status-publish","hentry"],"yoast_head":"<!-- This site is optimized with the Yoast SEO plugin v24.2 - https:\/\/yoast.com\/wordpress\/plugins\/seo\/ -->\n<title>2000-2020: Venti anni di cinema italiano - RUFA - Rome University of Fine Arts<\/title>\n<meta name=\"robots\" content=\"index, follow, max-snippet:-1, max-image-preview:large, max-video-preview:-1\" \/>\n<link rel=\"canonical\" href=\"https:\/\/www.unirufa.it\/2000-2020-venti-anni-di-cinema-italiano\/\" \/>\n<meta property=\"og:locale\" content=\"es_ES\" \/>\n<meta property=\"og:type\" content=\"article\" \/>\n<meta property=\"og:title\" content=\"2000-2020: Venti anni di cinema italiano - RUFA - Rome University of Fine Arts\" \/>\n<meta property=\"og:description\" content=\"Disculpa, pero esta entrada est\u00e1 disponible s\u00f3lo en IT y EN.&nbsp; Quando ho deciso di affrontare un percorso sul cinema italiano \u00e8 stato principalmente per come questo avvenga sempre pi\u00f9 di rado e per come questo venga ritenuto un \u00abmalato\u00bb irrecuperabile. \u00c8 indubbio che la produzione cinematografica estera negli ultimi anni ha molto spesso superato...\" \/>\n<meta property=\"og:url\" content=\"https:\/\/www.unirufa.it\/2000-2020-venti-anni-di-cinema-italiano\/\" \/>\n<meta property=\"og:site_name\" content=\"RUFA - Rome University of Fine Arts\" \/>\n<meta property=\"article:modified_time\" content=\"2023-02-14T12:48:38+00:00\" \/>\n<meta property=\"og:image\" content=\"https:\/\/www.unirufa.it\/wp-content\/uploads\/2017\/11\/logo-rufa-2016.png\" \/>\n\t<meta property=\"og:image:width\" content=\"230\" \/>\n\t<meta property=\"og:image:height\" content=\"149\" \/>\n\t<meta property=\"og:image:type\" content=\"image\/png\" \/>\n<meta name=\"twitter:label1\" content=\"Tiempo de lectura\" \/>\n\t<meta name=\"twitter:data1\" content=\"7 minutos\" \/>\n<script type=\"application\/ld+json\" class=\"yoast-schema-graph\">{\"@context\":\"https:\/\/schema.org\",\"@graph\":[{\"@type\":\"WebPage\",\"@id\":\"https:\/\/www.unirufa.it\/2000-2020-venti-anni-di-cinema-italiano\/\",\"url\":\"https:\/\/www.unirufa.it\/2000-2020-venti-anni-di-cinema-italiano\/\",\"name\":\"2000-2020: Venti anni di cinema italiano - RUFA - Rome University of Fine Arts\",\"isPartOf\":{\"@id\":\"https:\/\/www.unirufa.it\/#website\"},\"datePublished\":\"2023-01-30T08:45:05+00:00\",\"dateModified\":\"2023-02-14T12:48:38+00:00\",\"breadcrumb\":{\"@id\":\"https:\/\/www.unirufa.it\/2000-2020-venti-anni-di-cinema-italiano\/#breadcrumb\"},\"inLanguage\":\"es\",\"potentialAction\":[{\"@type\":\"ReadAction\",\"target\":[\"https:\/\/www.unirufa.it\/2000-2020-venti-anni-di-cinema-italiano\/\"]}]},{\"@type\":\"BreadcrumbList\",\"@id\":\"https:\/\/www.unirufa.it\/2000-2020-venti-anni-di-cinema-italiano\/#breadcrumb\",\"itemListElement\":[{\"@type\":\"ListItem\",\"position\":1,\"name\":\"Home\",\"item\":\"https:\/\/www.unirufa.it\/\"},{\"@type\":\"ListItem\",\"position\":2,\"name\":\"2000-2020: Venti anni di cinema italiano\"}]},{\"@type\":\"WebSite\",\"@id\":\"https:\/\/www.unirufa.it\/#website\",\"url\":\"https:\/\/www.unirufa.it\/\",\"name\":\"RUFA - Rome University of Fine Arts\",\"description\":\"\",\"potentialAction\":[{\"@type\":\"SearchAction\",\"target\":{\"@type\":\"EntryPoint\",\"urlTemplate\":\"https:\/\/www.unirufa.it\/?s={search_term_string}\"},\"query-input\":{\"@type\":\"PropertyValueSpecification\",\"valueRequired\":true,\"valueName\":\"search_term_string\"}}],\"inLanguage\":\"es\"}]}<\/script>\n<!-- \/ Yoast SEO plugin. -->","yoast_head_json":{"title":"2000-2020: Venti anni di cinema italiano - RUFA - Rome University of Fine Arts","robots":{"index":"index","follow":"follow","max-snippet":"max-snippet:-1","max-image-preview":"max-image-preview:large","max-video-preview":"max-video-preview:-1"},"canonical":"https:\/\/www.unirufa.it\/2000-2020-venti-anni-di-cinema-italiano\/","og_locale":"es_ES","og_type":"article","og_title":"2000-2020: Venti anni di cinema italiano - RUFA - Rome University of Fine Arts","og_description":"Disculpa, pero esta entrada est\u00e1 disponible s\u00f3lo en IT y EN.&nbsp; Quando ho deciso di affrontare un percorso sul cinema italiano \u00e8 stato principalmente per come questo avvenga sempre pi\u00f9 di rado e per come questo venga ritenuto un \u00abmalato\u00bb irrecuperabile. \u00c8 indubbio che la produzione cinematografica estera negli ultimi anni ha molto spesso superato...","og_url":"https:\/\/www.unirufa.it\/2000-2020-venti-anni-di-cinema-italiano\/","og_site_name":"RUFA - Rome University of Fine Arts","article_modified_time":"2023-02-14T12:48:38+00:00","og_image":[{"width":230,"height":149,"url":"https:\/\/www.unirufa.it\/wp-content\/uploads\/2017\/11\/logo-rufa-2016.png","type":"image\/png"}],"twitter_misc":{"Tiempo de lectura":"7 minutos"},"schema":{"@context":"https:\/\/schema.org","@graph":[{"@type":"WebPage","@id":"https:\/\/www.unirufa.it\/2000-2020-venti-anni-di-cinema-italiano\/","url":"https:\/\/www.unirufa.it\/2000-2020-venti-anni-di-cinema-italiano\/","name":"2000-2020: Venti anni di cinema italiano - RUFA - Rome University of Fine Arts","isPartOf":{"@id":"https:\/\/www.unirufa.it\/#website"},"datePublished":"2023-01-30T08:45:05+00:00","dateModified":"2023-02-14T12:48:38+00:00","breadcrumb":{"@id":"https:\/\/www.unirufa.it\/2000-2020-venti-anni-di-cinema-italiano\/#breadcrumb"},"inLanguage":"es","potentialAction":[{"@type":"ReadAction","target":["https:\/\/www.unirufa.it\/2000-2020-venti-anni-di-cinema-italiano\/"]}]},{"@type":"BreadcrumbList","@id":"https:\/\/www.unirufa.it\/2000-2020-venti-anni-di-cinema-italiano\/#breadcrumb","itemListElement":[{"@type":"ListItem","position":1,"name":"Home","item":"https:\/\/www.unirufa.it\/"},{"@type":"ListItem","position":2,"name":"2000-2020: Venti anni di cinema italiano"}]},{"@type":"WebSite","@id":"https:\/\/www.unirufa.it\/#website","url":"https:\/\/www.unirufa.it\/","name":"RUFA - Rome University of Fine Arts","description":"","potentialAction":[{"@type":"SearchAction","target":{"@type":"EntryPoint","urlTemplate":"https:\/\/www.unirufa.it\/?s={search_term_string}"},"query-input":{"@type":"PropertyValueSpecification","valueRequired":true,"valueName":"search_term_string"}}],"inLanguage":"es"}]}},"_links":{"self":[{"href":"https:\/\/www.unirufa.it\/es\/wp-json\/wp\/v2\/pages\/92798","targetHints":{"allow":["GET"]}}],"collection":[{"href":"https:\/\/www.unirufa.it\/es\/wp-json\/wp\/v2\/pages"}],"about":[{"href":"https:\/\/www.unirufa.it\/es\/wp-json\/wp\/v2\/types\/page"}],"author":[{"embeddable":true,"href":"https:\/\/www.unirufa.it\/es\/wp-json\/wp\/v2\/users\/47"}],"replies":[{"embeddable":true,"href":"https:\/\/www.unirufa.it\/es\/wp-json\/wp\/v2\/comments?post=92798"}],"version-history":[{"count":9,"href":"https:\/\/www.unirufa.it\/es\/wp-json\/wp\/v2\/pages\/92798\/revisions"}],"predecessor-version":[{"id":95014,"href":"https:\/\/www.unirufa.it\/es\/wp-json\/wp\/v2\/pages\/92798\/revisions\/95014"}],"wp:attachment":[{"href":"https:\/\/www.unirufa.it\/es\/wp-json\/wp\/v2\/media?parent=92798"}],"curies":[{"name":"wp","href":"https:\/\/api.w.org\/{rel}","templated":true}]}}