


{"id":92812,"date":"2023-01-30T10:00:18","date_gmt":"2023-01-30T09:00:18","guid":{"rendered":"https:\/\/www.unirufa.it\/?page_id=92812"},"modified":"2023-01-30T10:00:18","modified_gmt":"2023-01-30T09:00:18","slug":"la-terra-dei-figli","status":"publish","type":"page","link":"https:\/\/www.unirufa.it\/es\/la-terra-dei-figli\/","title":{"rendered":"La Terra dei Figli"},"content":{"rendered":"<p class=\"qtranxs-available-languages-message qtranxs-available-languages-message-es\">Disculpa, pero esta entrada est\u00e1 disponible s\u00f3lo en <a href=\"https:\/\/www.unirufa.it\/it\/wp-json\/wp\/v2\/pages\/92812\" class=\"qtranxs-available-language-link qtranxs-available-language-link-it\" title=\"IT\">IT<\/a> y <a href=\"https:\/\/www.unirufa.it\/en\/wp-json\/wp\/v2\/pages\/92812\" class=\"qtranxs-available-language-link qtranxs-available-language-link-en\" title=\"EN\">EN<\/a>.<\/p><div class=\"su-image-carousel  su-image-carousel-has-spacing su-image-carousel-adaptive su-image-carousel-slides-style-minimal su-image-carousel-controls-style-light su-image-carousel-align-left\" style=\"\" data-flickity-options='{\"groupCells\":true,\"cellSelector\":\".su-image-carousel-item\",\"adaptiveHeight\":true,\"cellAlign\":\"left\",\"prevNextButtons\":true,\"pageDots\":false,\"autoPlay\":3000,\"imagesLoaded\":true,\"contain\":false,\"selectedAttraction\":0.025,\"friction\":0.28}' id=\"su_image_carousel_6a0993cd9f64e\"><div class=\"su-image-carousel-item\"><div class=\"su-image-carousel-item-content\"><img loading=\"lazy\" decoding=\"async\" width=\"1050\" height=\"600\" src=\"https:\/\/www.unirufa.it\/wp-content\/uploads\/2021\/05\/progetti_studenti_fotografia_chiara_rossi_tesi_la_terra_dei_figli_6.jpg\" class=\"\" alt=\"\" srcset=\"https:\/\/www.unirufa.it\/wp-content\/uploads\/2021\/05\/progetti_studenti_fotografia_chiara_rossi_tesi_la_terra_dei_figli_6.jpg 1050w, https:\/\/www.unirufa.it\/wp-content\/uploads\/2021\/05\/progetti_studenti_fotografia_chiara_rossi_tesi_la_terra_dei_figli_6-300x171.jpg 300w, https:\/\/www.unirufa.it\/wp-content\/uploads\/2021\/05\/progetti_studenti_fotografia_chiara_rossi_tesi_la_terra_dei_figli_6-1024x585.jpg 1024w, https:\/\/www.unirufa.it\/wp-content\/uploads\/2021\/05\/progetti_studenti_fotografia_chiara_rossi_tesi_la_terra_dei_figli_6-768x439.jpg 768w\" sizes=\"auto, (max-width: 1050px) 100vw, 1050px\" \/><\/div><\/div><div class=\"su-image-carousel-item\"><div class=\"su-image-carousel-item-content\"><img loading=\"lazy\" decoding=\"async\" width=\"1050\" height=\"600\" src=\"https:\/\/www.unirufa.it\/wp-content\/uploads\/2021\/05\/progetti_studenti_fotografia_chiara_rossi_tesi_la_terra_dei_figli_9.jpg\" class=\"\" alt=\"\" srcset=\"https:\/\/www.unirufa.it\/wp-content\/uploads\/2021\/05\/progetti_studenti_fotografia_chiara_rossi_tesi_la_terra_dei_figli_9.jpg 1050w, https:\/\/www.unirufa.it\/wp-content\/uploads\/2021\/05\/progetti_studenti_fotografia_chiara_rossi_tesi_la_terra_dei_figli_9-300x171.jpg 300w, https:\/\/www.unirufa.it\/wp-content\/uploads\/2021\/05\/progetti_studenti_fotografia_chiara_rossi_tesi_la_terra_dei_figli_9-1024x585.jpg 1024w, https:\/\/www.unirufa.it\/wp-content\/uploads\/2021\/05\/progetti_studenti_fotografia_chiara_rossi_tesi_la_terra_dei_figli_9-768x439.jpg 768w\" sizes=\"auto, (max-width: 1050px) 100vw, 1050px\" \/><\/div><\/div><div class=\"su-image-carousel-item\"><div class=\"su-image-carousel-item-content\"><img loading=\"lazy\" decoding=\"async\" width=\"1050\" height=\"600\" src=\"https:\/\/www.unirufa.it\/wp-content\/uploads\/2021\/05\/progetti_studenti_fotografia_chiara_rossi_tesi_la_terra_dei_figli_8.jpg\" class=\"\" alt=\"\" srcset=\"https:\/\/www.unirufa.it\/wp-content\/uploads\/2021\/05\/progetti_studenti_fotografia_chiara_rossi_tesi_la_terra_dei_figli_8.jpg 1050w, https:\/\/www.unirufa.it\/wp-content\/uploads\/2021\/05\/progetti_studenti_fotografia_chiara_rossi_tesi_la_terra_dei_figli_8-300x171.jpg 300w, https:\/\/www.unirufa.it\/wp-content\/uploads\/2021\/05\/progetti_studenti_fotografia_chiara_rossi_tesi_la_terra_dei_figli_8-1024x585.jpg 1024w, https:\/\/www.unirufa.it\/wp-content\/uploads\/2021\/05\/progetti_studenti_fotografia_chiara_rossi_tesi_la_terra_dei_figli_8-768x439.jpg 768w\" sizes=\"auto, (max-width: 1050px) 100vw, 1050px\" \/><\/div><\/div><div class=\"su-image-carousel-item\"><div class=\"su-image-carousel-item-content\"><img loading=\"lazy\" decoding=\"async\" width=\"1050\" height=\"600\" src=\"https:\/\/www.unirufa.it\/wp-content\/uploads\/2021\/05\/progetti_studenti_fotografia_chiara_rossi_tesi_la_terra_dei_figli_7.jpg\" class=\"\" alt=\"\" srcset=\"https:\/\/www.unirufa.it\/wp-content\/uploads\/2021\/05\/progetti_studenti_fotografia_chiara_rossi_tesi_la_terra_dei_figli_7.jpg 1050w, https:\/\/www.unirufa.it\/wp-content\/uploads\/2021\/05\/progetti_studenti_fotografia_chiara_rossi_tesi_la_terra_dei_figli_7-300x171.jpg 300w, https:\/\/www.unirufa.it\/wp-content\/uploads\/2021\/05\/progetti_studenti_fotografia_chiara_rossi_tesi_la_terra_dei_figli_7-1024x585.jpg 1024w, https:\/\/www.unirufa.it\/wp-content\/uploads\/2021\/05\/progetti_studenti_fotografia_chiara_rossi_tesi_la_terra_dei_figli_7-768x439.jpg 768w\" sizes=\"auto, (max-width: 1050px) 100vw, 1050px\" \/><\/div><\/div><div class=\"su-image-carousel-item\"><div class=\"su-image-carousel-item-content\"><img loading=\"lazy\" decoding=\"async\" width=\"1050\" height=\"600\" src=\"https:\/\/www.unirufa.it\/wp-content\/uploads\/2021\/05\/progetti_studenti_fotografia_chiara_rossi_tesi_la_terra_dei_figli_5.jpg\" class=\"\" alt=\"\" srcset=\"https:\/\/www.unirufa.it\/wp-content\/uploads\/2021\/05\/progetti_studenti_fotografia_chiara_rossi_tesi_la_terra_dei_figli_5.jpg 1050w, https:\/\/www.unirufa.it\/wp-content\/uploads\/2021\/05\/progetti_studenti_fotografia_chiara_rossi_tesi_la_terra_dei_figli_5-300x171.jpg 300w, https:\/\/www.unirufa.it\/wp-content\/uploads\/2021\/05\/progetti_studenti_fotografia_chiara_rossi_tesi_la_terra_dei_figli_5-1024x585.jpg 1024w, https:\/\/www.unirufa.it\/wp-content\/uploads\/2021\/05\/progetti_studenti_fotografia_chiara_rossi_tesi_la_terra_dei_figli_5-768x439.jpg 768w\" sizes=\"auto, (max-width: 1050px) 100vw, 1050px\" \/><\/div><\/div><div class=\"su-image-carousel-item\"><div class=\"su-image-carousel-item-content\"><img loading=\"lazy\" decoding=\"async\" width=\"1050\" height=\"600\" src=\"https:\/\/www.unirufa.it\/wp-content\/uploads\/2021\/05\/progetti_studenti_fotografia_chiara_rossi_tesi_la_terra_dei_figli_4.jpg\" class=\"\" alt=\"\" srcset=\"https:\/\/www.unirufa.it\/wp-content\/uploads\/2021\/05\/progetti_studenti_fotografia_chiara_rossi_tesi_la_terra_dei_figli_4.jpg 1050w, https:\/\/www.unirufa.it\/wp-content\/uploads\/2021\/05\/progetti_studenti_fotografia_chiara_rossi_tesi_la_terra_dei_figli_4-300x171.jpg 300w, https:\/\/www.unirufa.it\/wp-content\/uploads\/2021\/05\/progetti_studenti_fotografia_chiara_rossi_tesi_la_terra_dei_figli_4-1024x585.jpg 1024w, https:\/\/www.unirufa.it\/wp-content\/uploads\/2021\/05\/progetti_studenti_fotografia_chiara_rossi_tesi_la_terra_dei_figli_4-768x439.jpg 768w\" sizes=\"auto, (max-width: 1050px) 100vw, 1050px\" \/><\/div><\/div><div class=\"su-image-carousel-item\"><div class=\"su-image-carousel-item-content\"><img loading=\"lazy\" decoding=\"async\" width=\"1050\" height=\"600\" src=\"https:\/\/www.unirufa.it\/wp-content\/uploads\/2021\/05\/progetti_studenti_fotografia_chiara_rossi_tesi_la_terra_dei_figli_3.jpg\" class=\"\" alt=\"\" srcset=\"https:\/\/www.unirufa.it\/wp-content\/uploads\/2021\/05\/progetti_studenti_fotografia_chiara_rossi_tesi_la_terra_dei_figli_3.jpg 1050w, https:\/\/www.unirufa.it\/wp-content\/uploads\/2021\/05\/progetti_studenti_fotografia_chiara_rossi_tesi_la_terra_dei_figli_3-300x171.jpg 300w, https:\/\/www.unirufa.it\/wp-content\/uploads\/2021\/05\/progetti_studenti_fotografia_chiara_rossi_tesi_la_terra_dei_figli_3-1024x585.jpg 1024w, https:\/\/www.unirufa.it\/wp-content\/uploads\/2021\/05\/progetti_studenti_fotografia_chiara_rossi_tesi_la_terra_dei_figli_3-768x439.jpg 768w\" sizes=\"auto, (max-width: 1050px) 100vw, 1050px\" \/><\/div><\/div><div class=\"su-image-carousel-item\"><div class=\"su-image-carousel-item-content\"><img loading=\"lazy\" decoding=\"async\" width=\"1050\" height=\"600\" src=\"https:\/\/www.unirufa.it\/wp-content\/uploads\/2021\/05\/progetti_studenti_fotografia_chiara_rossi_tesi_la_terra_dei_figli_2.jpg\" class=\"\" alt=\"\" srcset=\"https:\/\/www.unirufa.it\/wp-content\/uploads\/2021\/05\/progetti_studenti_fotografia_chiara_rossi_tesi_la_terra_dei_figli_2.jpg 1050w, https:\/\/www.unirufa.it\/wp-content\/uploads\/2021\/05\/progetti_studenti_fotografia_chiara_rossi_tesi_la_terra_dei_figli_2-300x171.jpg 300w, https:\/\/www.unirufa.it\/wp-content\/uploads\/2021\/05\/progetti_studenti_fotografia_chiara_rossi_tesi_la_terra_dei_figli_2-1024x585.jpg 1024w, https:\/\/www.unirufa.it\/wp-content\/uploads\/2021\/05\/progetti_studenti_fotografia_chiara_rossi_tesi_la_terra_dei_figli_2-768x439.jpg 768w\" sizes=\"auto, (max-width: 1050px) 100vw, 1050px\" \/><\/div><\/div><div class=\"su-image-carousel-item\"><div class=\"su-image-carousel-item-content\"><img loading=\"lazy\" decoding=\"async\" width=\"1050\" height=\"600\" src=\"https:\/\/www.unirufa.it\/wp-content\/uploads\/2021\/05\/progetti_studenti_fotografia_chiara_rossi_tesi_la_terra_dei_figli_1.jpg\" class=\"\" alt=\"\" srcset=\"https:\/\/www.unirufa.it\/wp-content\/uploads\/2021\/05\/progetti_studenti_fotografia_chiara_rossi_tesi_la_terra_dei_figli_1.jpg 1050w, https:\/\/www.unirufa.it\/wp-content\/uploads\/2021\/05\/progetti_studenti_fotografia_chiara_rossi_tesi_la_terra_dei_figli_1-300x171.jpg 300w, https:\/\/www.unirufa.it\/wp-content\/uploads\/2021\/05\/progetti_studenti_fotografia_chiara_rossi_tesi_la_terra_dei_figli_1-1024x585.jpg 1024w, https:\/\/www.unirufa.it\/wp-content\/uploads\/2021\/05\/progetti_studenti_fotografia_chiara_rossi_tesi_la_terra_dei_figli_1-768x439.jpg 768w\" sizes=\"auto, (max-width: 1050px) 100vw, 1050px\" \/><\/div><\/div><\/div><script id=\"su_image_carousel_6a0993cd9f64e_script\">if(window.SUImageCarousel){setTimeout(function() {window.SUImageCarousel.initGallery(document.getElementById(\"su_image_carousel_6a0993cd9f64e\"))}, 0);}var su_image_carousel_6a0993cd9f64e_script=document.getElementById(\"su_image_carousel_6a0993cd9f64e_script\");if(su_image_carousel_6a0993cd9f64e_script){su_image_carousel_6a0993cd9f64e_script.parentNode.removeChild(su_image_carousel_6a0993cd9f64e_script);}<\/script>\n&nbsp;<\/p>\n<p>Mljet \u00e8 un\u2019isola della Croazia da dove proviene una parte della mia famiglia. Mljet fa parte di me, come anche Roma, la mia citt\u00e0 natale, ma quando si ha il cuore diviso tra due paesi cos\u00ec paradossalmente diversi non puoi decidere quale sia il tuo posto. Il primo incontro con l\u2019isola di Mljet, ti rimarr\u00e0 dentro per sempre. Le sue colline, il suo mare e la sua natura fanno parte dei miei ricordi, cos\u00ec come la sua popolazione, sempre allegra e pronta a far festa ad ogni occasione. A vederla oggi l\u2019isola \u00e8 identica a com\u2019era cent\u2019anni fa. I mestieri, le tradizioni, neppure quelli son cambiati, vengono tramandati e portati avanti nel tempo. E\u2019 facile imbattersi in adolescenti che svolgono professioni come il pastore o il pescatore. <\/p>\n<h3><font color=\"#f10032\">La mia \u00e8 una ricerca emotiva che vuole andare a carpire il vero significato che c\u2019\u00e8 dietro a questo forte richiamo che ha l\u2019isola verso questa generazione con uno stile di vita che, in una societ\u00e0 moderna come la nostra, si riterrebbe appartenente ad epoche passate.<\/font><\/h3>\n<p>\n&nbsp;<\/p>\n<p><a id=\"btn-regolamentocorso\" class=\"download-btn full\" style=\"background-color: #f10032; border-color: #f10032;\" href=\"https:\/\/www.unirufa.it\/artisti\/chiara-rossi\/\"><span style=\"color: #ffffff;\">Chiara Rossi<\/span><\/a><\/p>\n<p>&nbsp;<br \/>\n&nbsp;","protected":false},"excerpt":{"rendered":"<p>Disculpa, pero esta entrada est\u00e1 disponible s\u00f3lo en IT y EN.&nbsp; Mljet \u00e8 un\u2019isola della Croazia da dove proviene una parte della mia famiglia. Mljet fa parte di me, come anche Roma, la mia citt\u00e0 natale, ma quando si ha il cuore diviso tra due paesi cos\u00ec paradossalmente diversi non puoi decidere quale sia il&#8230;<\/p>\n","protected":false},"author":47,"featured_media":0,"parent":0,"menu_order":0,"comment_status":"closed","ping_status":"closed","template":"","meta":{"content-type":"","footnotes":""},"class_list":["post-92812","page","type-page","status-publish","hentry"],"yoast_head":"<!-- This site is optimized with the Yoast SEO plugin v24.2 - https:\/\/yoast.com\/wordpress\/plugins\/seo\/ -->\n<title>La Terra dei Figli - RUFA - Rome University of Fine Arts<\/title>\n<meta name=\"robots\" content=\"index, follow, max-snippet:-1, max-image-preview:large, max-video-preview:-1\" \/>\n<link rel=\"canonical\" href=\"https:\/\/www.unirufa.it\/la-terra-dei-figli\/\" \/>\n<meta property=\"og:locale\" content=\"es_ES\" \/>\n<meta property=\"og:type\" content=\"article\" \/>\n<meta property=\"og:title\" content=\"La Terra dei Figli - RUFA - Rome University of Fine Arts\" \/>\n<meta property=\"og:description\" content=\"Disculpa, pero esta entrada est\u00e1 disponible s\u00f3lo en IT y EN.&nbsp; Mljet \u00e8 un\u2019isola della Croazia da dove proviene una parte della mia famiglia. Mljet fa parte di me, come anche Roma, la mia citt\u00e0 natale, ma quando si ha il cuore diviso tra due paesi cos\u00ec paradossalmente diversi non puoi decidere quale sia il...\" \/>\n<meta property=\"og:url\" content=\"https:\/\/www.unirufa.it\/la-terra-dei-figli\/\" \/>\n<meta property=\"og:site_name\" content=\"RUFA - Rome University of Fine Arts\" \/>\n<meta property=\"og:image\" content=\"https:\/\/www.unirufa.it\/wp-content\/uploads\/2017\/11\/logo-rufa-2016.png\" \/>\n\t<meta property=\"og:image:width\" content=\"230\" \/>\n\t<meta property=\"og:image:height\" content=\"149\" \/>\n\t<meta property=\"og:image:type\" content=\"image\/png\" \/>\n<meta name=\"twitter:label1\" content=\"Tiempo de lectura\" \/>\n\t<meta name=\"twitter:data1\" content=\"2 minutos\" \/>\n<script type=\"application\/ld+json\" class=\"yoast-schema-graph\">{\"@context\":\"https:\/\/schema.org\",\"@graph\":[{\"@type\":\"WebPage\",\"@id\":\"https:\/\/www.unirufa.it\/la-terra-dei-figli\/\",\"url\":\"https:\/\/www.unirufa.it\/la-terra-dei-figli\/\",\"name\":\"La Terra dei Figli - RUFA - Rome University of Fine Arts\",\"isPartOf\":{\"@id\":\"https:\/\/www.unirufa.it\/#website\"},\"datePublished\":\"2023-01-30T09:00:18+00:00\",\"dateModified\":\"2023-01-30T09:00:18+00:00\",\"breadcrumb\":{\"@id\":\"https:\/\/www.unirufa.it\/la-terra-dei-figli\/#breadcrumb\"},\"inLanguage\":\"es\",\"potentialAction\":[{\"@type\":\"ReadAction\",\"target\":[\"https:\/\/www.unirufa.it\/la-terra-dei-figli\/\"]}]},{\"@type\":\"BreadcrumbList\",\"@id\":\"https:\/\/www.unirufa.it\/la-terra-dei-figli\/#breadcrumb\",\"itemListElement\":[{\"@type\":\"ListItem\",\"position\":1,\"name\":\"Home\",\"item\":\"https:\/\/www.unirufa.it\/\"},{\"@type\":\"ListItem\",\"position\":2,\"name\":\"La Terra dei Figli\"}]},{\"@type\":\"WebSite\",\"@id\":\"https:\/\/www.unirufa.it\/#website\",\"url\":\"https:\/\/www.unirufa.it\/\",\"name\":\"RUFA - Rome University of Fine Arts\",\"description\":\"\",\"potentialAction\":[{\"@type\":\"SearchAction\",\"target\":{\"@type\":\"EntryPoint\",\"urlTemplate\":\"https:\/\/www.unirufa.it\/?s={search_term_string}\"},\"query-input\":{\"@type\":\"PropertyValueSpecification\",\"valueRequired\":true,\"valueName\":\"search_term_string\"}}],\"inLanguage\":\"es\"}]}<\/script>\n<!-- \/ Yoast SEO plugin. -->","yoast_head_json":{"title":"La Terra dei Figli - RUFA - Rome University of Fine Arts","robots":{"index":"index","follow":"follow","max-snippet":"max-snippet:-1","max-image-preview":"max-image-preview:large","max-video-preview":"max-video-preview:-1"},"canonical":"https:\/\/www.unirufa.it\/la-terra-dei-figli\/","og_locale":"es_ES","og_type":"article","og_title":"La Terra dei Figli - RUFA - Rome University of Fine Arts","og_description":"Disculpa, pero esta entrada est\u00e1 disponible s\u00f3lo en IT y EN.&nbsp; Mljet \u00e8 un\u2019isola della Croazia da dove proviene una parte della mia famiglia. Mljet fa parte di me, come anche Roma, la mia citt\u00e0 natale, ma quando si ha il cuore diviso tra due paesi cos\u00ec paradossalmente diversi non puoi decidere quale sia il...","og_url":"https:\/\/www.unirufa.it\/la-terra-dei-figli\/","og_site_name":"RUFA - Rome University of Fine Arts","og_image":[{"width":230,"height":149,"url":"https:\/\/www.unirufa.it\/wp-content\/uploads\/2017\/11\/logo-rufa-2016.png","type":"image\/png"}],"twitter_misc":{"Tiempo de lectura":"2 minutos"},"schema":{"@context":"https:\/\/schema.org","@graph":[{"@type":"WebPage","@id":"https:\/\/www.unirufa.it\/la-terra-dei-figli\/","url":"https:\/\/www.unirufa.it\/la-terra-dei-figli\/","name":"La Terra dei Figli - RUFA - Rome University of Fine Arts","isPartOf":{"@id":"https:\/\/www.unirufa.it\/#website"},"datePublished":"2023-01-30T09:00:18+00:00","dateModified":"2023-01-30T09:00:18+00:00","breadcrumb":{"@id":"https:\/\/www.unirufa.it\/la-terra-dei-figli\/#breadcrumb"},"inLanguage":"es","potentialAction":[{"@type":"ReadAction","target":["https:\/\/www.unirufa.it\/la-terra-dei-figli\/"]}]},{"@type":"BreadcrumbList","@id":"https:\/\/www.unirufa.it\/la-terra-dei-figli\/#breadcrumb","itemListElement":[{"@type":"ListItem","position":1,"name":"Home","item":"https:\/\/www.unirufa.it\/"},{"@type":"ListItem","position":2,"name":"La Terra dei Figli"}]},{"@type":"WebSite","@id":"https:\/\/www.unirufa.it\/#website","url":"https:\/\/www.unirufa.it\/","name":"RUFA - Rome University of Fine Arts","description":"","potentialAction":[{"@type":"SearchAction","target":{"@type":"EntryPoint","urlTemplate":"https:\/\/www.unirufa.it\/?s={search_term_string}"},"query-input":{"@type":"PropertyValueSpecification","valueRequired":true,"valueName":"search_term_string"}}],"inLanguage":"es"}]}},"_links":{"self":[{"href":"https:\/\/www.unirufa.it\/es\/wp-json\/wp\/v2\/pages\/92812","targetHints":{"allow":["GET"]}}],"collection":[{"href":"https:\/\/www.unirufa.it\/es\/wp-json\/wp\/v2\/pages"}],"about":[{"href":"https:\/\/www.unirufa.it\/es\/wp-json\/wp\/v2\/types\/page"}],"author":[{"embeddable":true,"href":"https:\/\/www.unirufa.it\/es\/wp-json\/wp\/v2\/users\/47"}],"replies":[{"embeddable":true,"href":"https:\/\/www.unirufa.it\/es\/wp-json\/wp\/v2\/comments?post=92812"}],"version-history":[{"count":5,"href":"https:\/\/www.unirufa.it\/es\/wp-json\/wp\/v2\/pages\/92812\/revisions"}],"predecessor-version":[{"id":93740,"href":"https:\/\/www.unirufa.it\/es\/wp-json\/wp\/v2\/pages\/92812\/revisions\/93740"}],"wp:attachment":[{"href":"https:\/\/www.unirufa.it\/es\/wp-json\/wp\/v2\/media?parent=92812"}],"curies":[{"name":"wp","href":"https:\/\/api.w.org\/{rel}","templated":true}]}}