


{"id":92852,"date":"2023-01-30T08:58:48","date_gmt":"2023-01-30T07:58:48","guid":{"rendered":"https:\/\/www.unirufa.it\/?page_id=92852"},"modified":"2023-01-30T08:58:48","modified_gmt":"2023-01-30T07:58:48","slug":"play","status":"publish","type":"page","link":"https:\/\/www.unirufa.it\/es\/play\/","title":{"rendered":"PLAY"},"content":{"rendered":"<p class=\"qtranxs-available-languages-message qtranxs-available-languages-message-es\">Disculpa, pero esta entrada est\u00e1 disponible s\u00f3lo en <a href=\"https:\/\/www.unirufa.it\/it\/wp-json\/wp\/v2\/pages\/92852\" class=\"qtranxs-available-language-link qtranxs-available-language-link-it\" title=\"IT\">IT<\/a> y <a href=\"https:\/\/www.unirufa.it\/en\/wp-json\/wp\/v2\/pages\/92852\" class=\"qtranxs-available-language-link qtranxs-available-language-link-en\" title=\"EN\">EN<\/a>.<\/p><div class=\"su-image-carousel  su-image-carousel-has-spacing su-image-carousel-adaptive su-image-carousel-slides-style-minimal su-image-carousel-controls-style-light su-image-carousel-align-left\" style=\"\" data-flickity-options='{\"groupCells\":true,\"cellSelector\":\".su-image-carousel-item\",\"adaptiveHeight\":true,\"cellAlign\":\"left\",\"prevNextButtons\":true,\"pageDots\":false,\"autoPlay\":2000,\"imagesLoaded\":true,\"contain\":false,\"selectedAttraction\":0.025,\"friction\":0.28}' id=\"su_image_carousel_69e5ef6188b7c\"><div class=\"su-image-carousel-item\"><div class=\"su-image-carousel-item-content\"><img loading=\"lazy\" decoding=\"async\" width=\"680\" height=\"388\" src=\"https:\/\/www.unirufa.it\/wp-content\/uploads\/2022\/04\/progetti_studenti_graphic_design_marina_picari_tesi_play7-1024x585.jpg\" class=\"\" alt=\"\" srcset=\"https:\/\/www.unirufa.it\/wp-content\/uploads\/2022\/04\/progetti_studenti_graphic_design_marina_picari_tesi_play7-1024x585.jpg 1024w, https:\/\/www.unirufa.it\/wp-content\/uploads\/2022\/04\/progetti_studenti_graphic_design_marina_picari_tesi_play7-300x171.jpg 300w, https:\/\/www.unirufa.it\/wp-content\/uploads\/2022\/04\/progetti_studenti_graphic_design_marina_picari_tesi_play7-768x439.jpg 768w, https:\/\/www.unirufa.it\/wp-content\/uploads\/2022\/04\/progetti_studenti_graphic_design_marina_picari_tesi_play7.jpg 1050w\" sizes=\"auto, (max-width: 680px) 100vw, 680px\" \/><\/div><\/div><div class=\"su-image-carousel-item\"><div class=\"su-image-carousel-item-content\"><img loading=\"lazy\" decoding=\"async\" width=\"680\" height=\"388\" src=\"https:\/\/www.unirufa.it\/wp-content\/uploads\/2022\/04\/progetti_studenti_graphic_design_marina_picari_tesi_play6-1024x585.jpg\" class=\"\" alt=\"\" srcset=\"https:\/\/www.unirufa.it\/wp-content\/uploads\/2022\/04\/progetti_studenti_graphic_design_marina_picari_tesi_play6-1024x585.jpg 1024w, https:\/\/www.unirufa.it\/wp-content\/uploads\/2022\/04\/progetti_studenti_graphic_design_marina_picari_tesi_play6-300x171.jpg 300w, https:\/\/www.unirufa.it\/wp-content\/uploads\/2022\/04\/progetti_studenti_graphic_design_marina_picari_tesi_play6-768x439.jpg 768w, https:\/\/www.unirufa.it\/wp-content\/uploads\/2022\/04\/progetti_studenti_graphic_design_marina_picari_tesi_play6.jpg 1050w\" sizes=\"auto, (max-width: 680px) 100vw, 680px\" \/><\/div><\/div><div class=\"su-image-carousel-item\"><div class=\"su-image-carousel-item-content\"><img loading=\"lazy\" decoding=\"async\" width=\"680\" height=\"388\" src=\"https:\/\/www.unirufa.it\/wp-content\/uploads\/2022\/04\/progetti_studenti_graphic_design_marina_picari_tesi_play5-1024x585.jpg\" class=\"\" alt=\"\" srcset=\"https:\/\/www.unirufa.it\/wp-content\/uploads\/2022\/04\/progetti_studenti_graphic_design_marina_picari_tesi_play5-1024x585.jpg 1024w, https:\/\/www.unirufa.it\/wp-content\/uploads\/2022\/04\/progetti_studenti_graphic_design_marina_picari_tesi_play5-300x171.jpg 300w, https:\/\/www.unirufa.it\/wp-content\/uploads\/2022\/04\/progetti_studenti_graphic_design_marina_picari_tesi_play5-768x439.jpg 768w, https:\/\/www.unirufa.it\/wp-content\/uploads\/2022\/04\/progetti_studenti_graphic_design_marina_picari_tesi_play5.jpg 1050w\" sizes=\"auto, (max-width: 680px) 100vw, 680px\" \/><\/div><\/div><div class=\"su-image-carousel-item\"><div class=\"su-image-carousel-item-content\"><img loading=\"lazy\" decoding=\"async\" width=\"680\" height=\"388\" src=\"https:\/\/www.unirufa.it\/wp-content\/uploads\/2022\/04\/progetti_studenti_graphic_design_marina_picari_tesi_play4-1024x585.jpg\" class=\"\" alt=\"\" srcset=\"https:\/\/www.unirufa.it\/wp-content\/uploads\/2022\/04\/progetti_studenti_graphic_design_marina_picari_tesi_play4-1024x585.jpg 1024w, https:\/\/www.unirufa.it\/wp-content\/uploads\/2022\/04\/progetti_studenti_graphic_design_marina_picari_tesi_play4-300x171.jpg 300w, https:\/\/www.unirufa.it\/wp-content\/uploads\/2022\/04\/progetti_studenti_graphic_design_marina_picari_tesi_play4-768x439.jpg 768w, https:\/\/www.unirufa.it\/wp-content\/uploads\/2022\/04\/progetti_studenti_graphic_design_marina_picari_tesi_play4.jpg 1050w\" sizes=\"auto, (max-width: 680px) 100vw, 680px\" \/><\/div><\/div><div class=\"su-image-carousel-item\"><div class=\"su-image-carousel-item-content\"><img loading=\"lazy\" decoding=\"async\" width=\"680\" height=\"388\" src=\"https:\/\/www.unirufa.it\/wp-content\/uploads\/2022\/04\/progetti_studenti_graphic_design_marina_picari_tesi_play3-1024x585.jpg\" class=\"\" alt=\"\" srcset=\"https:\/\/www.unirufa.it\/wp-content\/uploads\/2022\/04\/progetti_studenti_graphic_design_marina_picari_tesi_play3-1024x585.jpg 1024w, https:\/\/www.unirufa.it\/wp-content\/uploads\/2022\/04\/progetti_studenti_graphic_design_marina_picari_tesi_play3-300x171.jpg 300w, https:\/\/www.unirufa.it\/wp-content\/uploads\/2022\/04\/progetti_studenti_graphic_design_marina_picari_tesi_play3-768x439.jpg 768w, https:\/\/www.unirufa.it\/wp-content\/uploads\/2022\/04\/progetti_studenti_graphic_design_marina_picari_tesi_play3.jpg 1050w\" sizes=\"auto, (max-width: 680px) 100vw, 680px\" \/><\/div><\/div><div class=\"su-image-carousel-item\"><div class=\"su-image-carousel-item-content\"><img loading=\"lazy\" decoding=\"async\" width=\"680\" height=\"388\" src=\"https:\/\/www.unirufa.it\/wp-content\/uploads\/2022\/04\/progetti_studenti_graphic_design_marina_picari_tesi_play2-1024x585.jpg\" class=\"\" alt=\"\" srcset=\"https:\/\/www.unirufa.it\/wp-content\/uploads\/2022\/04\/progetti_studenti_graphic_design_marina_picari_tesi_play2-1024x585.jpg 1024w, https:\/\/www.unirufa.it\/wp-content\/uploads\/2022\/04\/progetti_studenti_graphic_design_marina_picari_tesi_play2-300x171.jpg 300w, https:\/\/www.unirufa.it\/wp-content\/uploads\/2022\/04\/progetti_studenti_graphic_design_marina_picari_tesi_play2-768x439.jpg 768w, https:\/\/www.unirufa.it\/wp-content\/uploads\/2022\/04\/progetti_studenti_graphic_design_marina_picari_tesi_play2.jpg 1050w\" sizes=\"auto, (max-width: 680px) 100vw, 680px\" \/><\/div><\/div><div class=\"su-image-carousel-item\"><div class=\"su-image-carousel-item-content\"><img loading=\"lazy\" decoding=\"async\" width=\"680\" height=\"388\" src=\"https:\/\/www.unirufa.it\/wp-content\/uploads\/2022\/04\/progetti_studenti_graphic_design_marina_picari_tesi_play1-1024x585.jpg\" class=\"\" alt=\"\" srcset=\"https:\/\/www.unirufa.it\/wp-content\/uploads\/2022\/04\/progetti_studenti_graphic_design_marina_picari_tesi_play1-1024x585.jpg 1024w, https:\/\/www.unirufa.it\/wp-content\/uploads\/2022\/04\/progetti_studenti_graphic_design_marina_picari_tesi_play1-300x171.jpg 300w, https:\/\/www.unirufa.it\/wp-content\/uploads\/2022\/04\/progetti_studenti_graphic_design_marina_picari_tesi_play1-768x439.jpg 768w, https:\/\/www.unirufa.it\/wp-content\/uploads\/2022\/04\/progetti_studenti_graphic_design_marina_picari_tesi_play1.jpg 1050w\" sizes=\"auto, (max-width: 680px) 100vw, 680px\" \/><\/div><\/div><div class=\"su-image-carousel-item\"><div class=\"su-image-carousel-item-content\"><img loading=\"lazy\" decoding=\"async\" width=\"680\" height=\"388\" src=\"https:\/\/www.unirufa.it\/wp-content\/uploads\/2022\/04\/progetti_studenti_graphic_design_marina_picari_tesi_play8-1024x585.jpg\" class=\"\" alt=\"\" srcset=\"https:\/\/www.unirufa.it\/wp-content\/uploads\/2022\/04\/progetti_studenti_graphic_design_marina_picari_tesi_play8-1024x585.jpg 1024w, https:\/\/www.unirufa.it\/wp-content\/uploads\/2022\/04\/progetti_studenti_graphic_design_marina_picari_tesi_play8-300x171.jpg 300w, https:\/\/www.unirufa.it\/wp-content\/uploads\/2022\/04\/progetti_studenti_graphic_design_marina_picari_tesi_play8-768x439.jpg 768w, https:\/\/www.unirufa.it\/wp-content\/uploads\/2022\/04\/progetti_studenti_graphic_design_marina_picari_tesi_play8.jpg 1050w\" sizes=\"auto, (max-width: 680px) 100vw, 680px\" \/><\/div><\/div><div class=\"su-image-carousel-item\"><div class=\"su-image-carousel-item-content\"><img loading=\"lazy\" decoding=\"async\" width=\"680\" height=\"388\" src=\"https:\/\/www.unirufa.it\/wp-content\/uploads\/2022\/04\/progetti_studenti_graphic_design_marina_picari_tesi_play9-1024x585.jpg\" class=\"\" alt=\"\" srcset=\"https:\/\/www.unirufa.it\/wp-content\/uploads\/2022\/04\/progetti_studenti_graphic_design_marina_picari_tesi_play9-1024x585.jpg 1024w, https:\/\/www.unirufa.it\/wp-content\/uploads\/2022\/04\/progetti_studenti_graphic_design_marina_picari_tesi_play9-300x171.jpg 300w, https:\/\/www.unirufa.it\/wp-content\/uploads\/2022\/04\/progetti_studenti_graphic_design_marina_picari_tesi_play9-768x439.jpg 768w, https:\/\/www.unirufa.it\/wp-content\/uploads\/2022\/04\/progetti_studenti_graphic_design_marina_picari_tesi_play9.jpg 1050w\" sizes=\"auto, (max-width: 680px) 100vw, 680px\" \/><\/div><\/div><\/div><script id=\"su_image_carousel_69e5ef6188b7c_script\">if(window.SUImageCarousel){setTimeout(function() {window.SUImageCarousel.initGallery(document.getElementById(\"su_image_carousel_69e5ef6188b7c\"))}, 0);}var su_image_carousel_69e5ef6188b7c_script=document.getElementById(\"su_image_carousel_69e5ef6188b7c_script\");if(su_image_carousel_69e5ef6188b7c_script){su_image_carousel_69e5ef6188b7c_script.parentNode.removeChild(su_image_carousel_69e5ef6188b7c_script);}<\/script>\n<p>Un progetto editoriale che esplora il gioco come approccio al design.<br \/>\nIl gioco come libert\u00e0 di sbagliare, come curiosit\u00e0 per cambiare punto di vista, come opportunit\u00e0 per amare il processo, senza badare al risultato. Play non \u00e8 un manuale di attivit\u00e0 preconfezionate, ma un portale per chi vuole imparare a giocare a modo suo.<br \/>\nLe parole di progettisti della comunicazione, biologi, educatori, provocatori ed eterni bambini risuonano in un libro in cui il gioco \u00e8 una cosa molto seria.<\/p>\n<p>&nbsp;<\/p>\n<p><a id=\"btn-regolamentocorso\" class=\"download-btn full\" style=\"background-color: #007ac9; border-color: #007ac9;\" href=\"https:\/\/www.unirufa.it\/artisti\/marina-picari\/\"><span style=\"color: #ffffff;\">Marina Picari<\/span><\/a><\/p>\n<p>&nbsp;<br \/>\n&nbsp;","protected":false},"excerpt":{"rendered":"<p>Disculpa, pero esta entrada est\u00e1 disponible s\u00f3lo en IT y EN.Un progetto editoriale che esplora il gioco come approccio al design. Il gioco come libert\u00e0 di sbagliare, come curiosit\u00e0 per cambiare punto di vista, come opportunit\u00e0 per amare il processo, senza badare al risultato. Play non \u00e8 un manuale di attivit\u00e0 preconfezionate, ma un portale&#8230;<\/p>\n","protected":false},"author":47,"featured_media":0,"parent":0,"menu_order":0,"comment_status":"closed","ping_status":"closed","template":"","meta":{"content-type":"","footnotes":""},"class_list":["post-92852","page","type-page","status-publish","hentry"],"yoast_head":"<!-- This site is optimized with the Yoast SEO plugin v24.2 - https:\/\/yoast.com\/wordpress\/plugins\/seo\/ -->\n<title>PLAY - RUFA - Rome University of Fine Arts<\/title>\n<meta name=\"robots\" content=\"index, follow, max-snippet:-1, max-image-preview:large, max-video-preview:-1\" \/>\n<link rel=\"canonical\" href=\"https:\/\/www.unirufa.it\/play\/\" \/>\n<meta property=\"og:locale\" content=\"es_ES\" \/>\n<meta property=\"og:type\" content=\"article\" \/>\n<meta property=\"og:title\" content=\"PLAY - RUFA - Rome University of Fine Arts\" \/>\n<meta property=\"og:description\" content=\"Disculpa, pero esta entrada est\u00e1 disponible s\u00f3lo en IT y EN.Un progetto editoriale che esplora il gioco come approccio al design. Il gioco come libert\u00e0 di sbagliare, come curiosit\u00e0 per cambiare punto di vista, come opportunit\u00e0 per amare il processo, senza badare al risultato. Play non \u00e8 un manuale di attivit\u00e0 preconfezionate, ma un portale...\" \/>\n<meta property=\"og:url\" content=\"https:\/\/www.unirufa.it\/play\/\" \/>\n<meta property=\"og:site_name\" content=\"RUFA - Rome University of Fine Arts\" \/>\n<meta property=\"og:image\" content=\"https:\/\/www.unirufa.it\/wp-content\/uploads\/2017\/11\/logo-rufa-2016.png\" \/>\n\t<meta property=\"og:image:width\" content=\"230\" \/>\n\t<meta property=\"og:image:height\" content=\"149\" \/>\n\t<meta property=\"og:image:type\" content=\"image\/png\" \/>\n<meta name=\"twitter:label1\" content=\"Tiempo de lectura\" \/>\n\t<meta name=\"twitter:data1\" content=\"1 minuto\" \/>\n<script type=\"application\/ld+json\" class=\"yoast-schema-graph\">{\"@context\":\"https:\/\/schema.org\",\"@graph\":[{\"@type\":\"WebPage\",\"@id\":\"https:\/\/www.unirufa.it\/play\/\",\"url\":\"https:\/\/www.unirufa.it\/play\/\",\"name\":\"PLAY - RUFA - Rome University of Fine Arts\",\"isPartOf\":{\"@id\":\"https:\/\/www.unirufa.it\/#website\"},\"datePublished\":\"2023-01-30T07:58:48+00:00\",\"dateModified\":\"2023-01-30T07:58:48+00:00\",\"breadcrumb\":{\"@id\":\"https:\/\/www.unirufa.it\/play\/#breadcrumb\"},\"inLanguage\":\"es\",\"potentialAction\":[{\"@type\":\"ReadAction\",\"target\":[\"https:\/\/www.unirufa.it\/play\/\"]}]},{\"@type\":\"BreadcrumbList\",\"@id\":\"https:\/\/www.unirufa.it\/play\/#breadcrumb\",\"itemListElement\":[{\"@type\":\"ListItem\",\"position\":1,\"name\":\"Home\",\"item\":\"https:\/\/www.unirufa.it\/\"},{\"@type\":\"ListItem\",\"position\":2,\"name\":\"PLAY\"}]},{\"@type\":\"WebSite\",\"@id\":\"https:\/\/www.unirufa.it\/#website\",\"url\":\"https:\/\/www.unirufa.it\/\",\"name\":\"RUFA - Rome University of Fine Arts\",\"description\":\"\",\"potentialAction\":[{\"@type\":\"SearchAction\",\"target\":{\"@type\":\"EntryPoint\",\"urlTemplate\":\"https:\/\/www.unirufa.it\/?s={search_term_string}\"},\"query-input\":{\"@type\":\"PropertyValueSpecification\",\"valueRequired\":true,\"valueName\":\"search_term_string\"}}],\"inLanguage\":\"es\"}]}<\/script>\n<!-- \/ Yoast SEO plugin. -->","yoast_head_json":{"title":"PLAY - RUFA - Rome University of Fine Arts","robots":{"index":"index","follow":"follow","max-snippet":"max-snippet:-1","max-image-preview":"max-image-preview:large","max-video-preview":"max-video-preview:-1"},"canonical":"https:\/\/www.unirufa.it\/play\/","og_locale":"es_ES","og_type":"article","og_title":"PLAY - RUFA - Rome University of Fine Arts","og_description":"Disculpa, pero esta entrada est\u00e1 disponible s\u00f3lo en IT y EN.Un progetto editoriale che esplora il gioco come approccio al design. Il gioco come libert\u00e0 di sbagliare, come curiosit\u00e0 per cambiare punto di vista, come opportunit\u00e0 per amare il processo, senza badare al risultato. Play non \u00e8 un manuale di attivit\u00e0 preconfezionate, ma un portale...","og_url":"https:\/\/www.unirufa.it\/play\/","og_site_name":"RUFA - Rome University of Fine Arts","og_image":[{"width":230,"height":149,"url":"https:\/\/www.unirufa.it\/wp-content\/uploads\/2017\/11\/logo-rufa-2016.png","type":"image\/png"}],"twitter_misc":{"Tiempo de lectura":"1 minuto"},"schema":{"@context":"https:\/\/schema.org","@graph":[{"@type":"WebPage","@id":"https:\/\/www.unirufa.it\/play\/","url":"https:\/\/www.unirufa.it\/play\/","name":"PLAY - RUFA - Rome University of Fine Arts","isPartOf":{"@id":"https:\/\/www.unirufa.it\/#website"},"datePublished":"2023-01-30T07:58:48+00:00","dateModified":"2023-01-30T07:58:48+00:00","breadcrumb":{"@id":"https:\/\/www.unirufa.it\/play\/#breadcrumb"},"inLanguage":"es","potentialAction":[{"@type":"ReadAction","target":["https:\/\/www.unirufa.it\/play\/"]}]},{"@type":"BreadcrumbList","@id":"https:\/\/www.unirufa.it\/play\/#breadcrumb","itemListElement":[{"@type":"ListItem","position":1,"name":"Home","item":"https:\/\/www.unirufa.it\/"},{"@type":"ListItem","position":2,"name":"PLAY"}]},{"@type":"WebSite","@id":"https:\/\/www.unirufa.it\/#website","url":"https:\/\/www.unirufa.it\/","name":"RUFA - Rome University of Fine Arts","description":"","potentialAction":[{"@type":"SearchAction","target":{"@type":"EntryPoint","urlTemplate":"https:\/\/www.unirufa.it\/?s={search_term_string}"},"query-input":{"@type":"PropertyValueSpecification","valueRequired":true,"valueName":"search_term_string"}}],"inLanguage":"es"}]}},"_links":{"self":[{"href":"https:\/\/www.unirufa.it\/es\/wp-json\/wp\/v2\/pages\/92852","targetHints":{"allow":["GET"]}}],"collection":[{"href":"https:\/\/www.unirufa.it\/es\/wp-json\/wp\/v2\/pages"}],"about":[{"href":"https:\/\/www.unirufa.it\/es\/wp-json\/wp\/v2\/types\/page"}],"author":[{"embeddable":true,"href":"https:\/\/www.unirufa.it\/es\/wp-json\/wp\/v2\/users\/47"}],"replies":[{"embeddable":true,"href":"https:\/\/www.unirufa.it\/es\/wp-json\/wp\/v2\/comments?post=92852"}],"version-history":[{"count":10,"href":"https:\/\/www.unirufa.it\/es\/wp-json\/wp\/v2\/pages\/92852\/revisions"}],"predecessor-version":[{"id":93712,"href":"https:\/\/www.unirufa.it\/es\/wp-json\/wp\/v2\/pages\/92852\/revisions\/93712"}],"wp:attachment":[{"href":"https:\/\/www.unirufa.it\/es\/wp-json\/wp\/v2\/media?parent=92852"}],"curies":[{"name":"wp","href":"https:\/\/api.w.org\/{rel}","templated":true}]}}