


{"id":92862,"date":"2023-01-30T08:52:44","date_gmt":"2023-01-30T07:52:44","guid":{"rendered":"https:\/\/www.unirufa.it\/?page_id=92862"},"modified":"2023-02-14T14:03:16","modified_gmt":"2023-02-14T13:03:16","slug":"non-lho-finito-lestetica-del-non-finito","status":"publish","type":"page","link":"https:\/\/www.unirufa.it\/es\/non-lho-finito-lestetica-del-non-finito\/","title":{"rendered":"NON L\u2019HO FINITO &#8211; L\u2019estetica del non finito"},"content":{"rendered":"<p class=\"qtranxs-available-languages-message qtranxs-available-languages-message-es\">Disculpa, pero esta entrada est\u00e1 disponible s\u00f3lo en <a href=\"https:\/\/www.unirufa.it\/it\/wp-json\/wp\/v2\/pages\/92862\" class=\"qtranxs-available-language-link qtranxs-available-language-link-it\" title=\"IT\">IT<\/a> y <a href=\"https:\/\/www.unirufa.it\/en\/wp-json\/wp\/v2\/pages\/92862\" class=\"qtranxs-available-language-link qtranxs-available-language-link-en\" title=\"EN\">EN<\/a>.<\/p><div class=\"row\">\n<div class=\"col-sm-12 col-lg-12\" style=\"padding-left: 0; margin-bottom: 20px\">\n<div class=\"su-image-carousel  su-image-carousel-has-spacing su-image-carousel-adaptive su-image-carousel-slides-style-minimal su-image-carousel-controls-style-light su-image-carousel-align-left\" style=\"\" data-flickity-options='{\"groupCells\":true,\"cellSelector\":\".su-image-carousel-item\",\"adaptiveHeight\":true,\"cellAlign\":\"left\",\"prevNextButtons\":true,\"pageDots\":false,\"autoPlay\":2000,\"imagesLoaded\":true,\"contain\":false,\"selectedAttraction\":0.025,\"friction\":0.28}' id=\"su_image_carousel_6a00afdbecaba\"><div class=\"su-image-carousel-item\"><div class=\"su-image-carousel-item-content\"><img loading=\"lazy\" decoding=\"async\" width=\"680\" height=\"388\" src=\"https:\/\/www.unirufa.it\/wp-content\/uploads\/2022\/04\/progetti_studenti_graphic_design_anna_piffer_tesi_incompiuto9-1024x585.jpg\" class=\"\" alt=\"\" srcset=\"https:\/\/www.unirufa.it\/wp-content\/uploads\/2022\/04\/progetti_studenti_graphic_design_anna_piffer_tesi_incompiuto9-1024x585.jpg 1024w, https:\/\/www.unirufa.it\/wp-content\/uploads\/2022\/04\/progetti_studenti_graphic_design_anna_piffer_tesi_incompiuto9-300x171.jpg 300w, https:\/\/www.unirufa.it\/wp-content\/uploads\/2022\/04\/progetti_studenti_graphic_design_anna_piffer_tesi_incompiuto9-768x439.jpg 768w, https:\/\/www.unirufa.it\/wp-content\/uploads\/2022\/04\/progetti_studenti_graphic_design_anna_piffer_tesi_incompiuto9.jpg 1050w\" sizes=\"auto, (max-width: 680px) 100vw, 680px\" \/><\/div><\/div><div class=\"su-image-carousel-item\"><div class=\"su-image-carousel-item-content\"><img loading=\"lazy\" decoding=\"async\" width=\"680\" height=\"388\" src=\"https:\/\/www.unirufa.it\/wp-content\/uploads\/2022\/04\/progetti_studenti_graphic_design_anna_piffer_tesi_incompiuto8-1024x585.jpg\" class=\"\" alt=\"\" srcset=\"https:\/\/www.unirufa.it\/wp-content\/uploads\/2022\/04\/progetti_studenti_graphic_design_anna_piffer_tesi_incompiuto8-1024x585.jpg 1024w, https:\/\/www.unirufa.it\/wp-content\/uploads\/2022\/04\/progetti_studenti_graphic_design_anna_piffer_tesi_incompiuto8-300x171.jpg 300w, https:\/\/www.unirufa.it\/wp-content\/uploads\/2022\/04\/progetti_studenti_graphic_design_anna_piffer_tesi_incompiuto8-768x439.jpg 768w, https:\/\/www.unirufa.it\/wp-content\/uploads\/2022\/04\/progetti_studenti_graphic_design_anna_piffer_tesi_incompiuto8.jpg 1050w\" sizes=\"auto, (max-width: 680px) 100vw, 680px\" \/><\/div><\/div><div class=\"su-image-carousel-item\"><div class=\"su-image-carousel-item-content\"><img loading=\"lazy\" decoding=\"async\" width=\"680\" height=\"388\" src=\"https:\/\/www.unirufa.it\/wp-content\/uploads\/2022\/04\/progetti_studenti_graphic_design_anna_piffer_tesi_incompiuto7-1024x585.jpg\" class=\"\" alt=\"\" srcset=\"https:\/\/www.unirufa.it\/wp-content\/uploads\/2022\/04\/progetti_studenti_graphic_design_anna_piffer_tesi_incompiuto7-1024x585.jpg 1024w, https:\/\/www.unirufa.it\/wp-content\/uploads\/2022\/04\/progetti_studenti_graphic_design_anna_piffer_tesi_incompiuto7-300x171.jpg 300w, https:\/\/www.unirufa.it\/wp-content\/uploads\/2022\/04\/progetti_studenti_graphic_design_anna_piffer_tesi_incompiuto7-768x439.jpg 768w, https:\/\/www.unirufa.it\/wp-content\/uploads\/2022\/04\/progetti_studenti_graphic_design_anna_piffer_tesi_incompiuto7.jpg 1050w\" sizes=\"auto, (max-width: 680px) 100vw, 680px\" \/><\/div><\/div><div class=\"su-image-carousel-item\"><div class=\"su-image-carousel-item-content\"><img loading=\"lazy\" decoding=\"async\" width=\"680\" height=\"388\" src=\"https:\/\/www.unirufa.it\/wp-content\/uploads\/2022\/04\/progetti_studenti_graphic_design_anna_piffer_tesi_incompiuto6-1024x585.jpg\" class=\"\" alt=\"\" srcset=\"https:\/\/www.unirufa.it\/wp-content\/uploads\/2022\/04\/progetti_studenti_graphic_design_anna_piffer_tesi_incompiuto6-1024x585.jpg 1024w, https:\/\/www.unirufa.it\/wp-content\/uploads\/2022\/04\/progetti_studenti_graphic_design_anna_piffer_tesi_incompiuto6-300x171.jpg 300w, https:\/\/www.unirufa.it\/wp-content\/uploads\/2022\/04\/progetti_studenti_graphic_design_anna_piffer_tesi_incompiuto6-768x439.jpg 768w, https:\/\/www.unirufa.it\/wp-content\/uploads\/2022\/04\/progetti_studenti_graphic_design_anna_piffer_tesi_incompiuto6.jpg 1050w\" sizes=\"auto, (max-width: 680px) 100vw, 680px\" \/><\/div><\/div><div class=\"su-image-carousel-item\"><div class=\"su-image-carousel-item-content\"><img loading=\"lazy\" decoding=\"async\" width=\"680\" height=\"388\" src=\"https:\/\/www.unirufa.it\/wp-content\/uploads\/2022\/04\/progetti_studenti_graphic_design_anna_piffer_tesi_incompiuto5-1024x585.jpg\" class=\"\" alt=\"\" srcset=\"https:\/\/www.unirufa.it\/wp-content\/uploads\/2022\/04\/progetti_studenti_graphic_design_anna_piffer_tesi_incompiuto5-1024x585.jpg 1024w, https:\/\/www.unirufa.it\/wp-content\/uploads\/2022\/04\/progetti_studenti_graphic_design_anna_piffer_tesi_incompiuto5-300x171.jpg 300w, https:\/\/www.unirufa.it\/wp-content\/uploads\/2022\/04\/progetti_studenti_graphic_design_anna_piffer_tesi_incompiuto5-768x439.jpg 768w, https:\/\/www.unirufa.it\/wp-content\/uploads\/2022\/04\/progetti_studenti_graphic_design_anna_piffer_tesi_incompiuto5.jpg 1050w\" sizes=\"auto, (max-width: 680px) 100vw, 680px\" \/><\/div><\/div><div class=\"su-image-carousel-item\"><div class=\"su-image-carousel-item-content\"><img loading=\"lazy\" decoding=\"async\" width=\"680\" height=\"388\" src=\"https:\/\/www.unirufa.it\/wp-content\/uploads\/2022\/04\/progetti_studenti_graphic_design_anna_piffer_tesi_incompiuto4-1024x585.jpg\" class=\"\" alt=\"\" srcset=\"https:\/\/www.unirufa.it\/wp-content\/uploads\/2022\/04\/progetti_studenti_graphic_design_anna_piffer_tesi_incompiuto4-1024x585.jpg 1024w, https:\/\/www.unirufa.it\/wp-content\/uploads\/2022\/04\/progetti_studenti_graphic_design_anna_piffer_tesi_incompiuto4-300x171.jpg 300w, https:\/\/www.unirufa.it\/wp-content\/uploads\/2022\/04\/progetti_studenti_graphic_design_anna_piffer_tesi_incompiuto4-768x439.jpg 768w, https:\/\/www.unirufa.it\/wp-content\/uploads\/2022\/04\/progetti_studenti_graphic_design_anna_piffer_tesi_incompiuto4.jpg 1050w\" sizes=\"auto, (max-width: 680px) 100vw, 680px\" \/><\/div><\/div><div class=\"su-image-carousel-item\"><div class=\"su-image-carousel-item-content\"><img loading=\"lazy\" decoding=\"async\" width=\"680\" height=\"388\" src=\"https:\/\/www.unirufa.it\/wp-content\/uploads\/2022\/04\/progetti_studenti_graphic_design_anna_piffer_tesi_incompiuto3-1024x585.jpg\" class=\"\" alt=\"\" srcset=\"https:\/\/www.unirufa.it\/wp-content\/uploads\/2022\/04\/progetti_studenti_graphic_design_anna_piffer_tesi_incompiuto3-1024x585.jpg 1024w, https:\/\/www.unirufa.it\/wp-content\/uploads\/2022\/04\/progetti_studenti_graphic_design_anna_piffer_tesi_incompiuto3-300x171.jpg 300w, https:\/\/www.unirufa.it\/wp-content\/uploads\/2022\/04\/progetti_studenti_graphic_design_anna_piffer_tesi_incompiuto3-768x439.jpg 768w, https:\/\/www.unirufa.it\/wp-content\/uploads\/2022\/04\/progetti_studenti_graphic_design_anna_piffer_tesi_incompiuto3.jpg 1050w\" sizes=\"auto, (max-width: 680px) 100vw, 680px\" \/><\/div><\/div><div class=\"su-image-carousel-item\"><div class=\"su-image-carousel-item-content\"><img loading=\"lazy\" decoding=\"async\" width=\"680\" height=\"388\" src=\"https:\/\/www.unirufa.it\/wp-content\/uploads\/2022\/04\/progetti_studenti_graphic_design_anna_piffer_tesi_incompiuto2-1024x585.jpg\" class=\"\" alt=\"\" srcset=\"https:\/\/www.unirufa.it\/wp-content\/uploads\/2022\/04\/progetti_studenti_graphic_design_anna_piffer_tesi_incompiuto2-1024x585.jpg 1024w, https:\/\/www.unirufa.it\/wp-content\/uploads\/2022\/04\/progetti_studenti_graphic_design_anna_piffer_tesi_incompiuto2-300x171.jpg 300w, https:\/\/www.unirufa.it\/wp-content\/uploads\/2022\/04\/progetti_studenti_graphic_design_anna_piffer_tesi_incompiuto2-768x439.jpg 768w, https:\/\/www.unirufa.it\/wp-content\/uploads\/2022\/04\/progetti_studenti_graphic_design_anna_piffer_tesi_incompiuto2.jpg 1050w\" sizes=\"auto, (max-width: 680px) 100vw, 680px\" \/><\/div><\/div><div class=\"su-image-carousel-item\"><div class=\"su-image-carousel-item-content\"><img loading=\"lazy\" decoding=\"async\" width=\"680\" height=\"388\" src=\"https:\/\/www.unirufa.it\/wp-content\/uploads\/2022\/04\/progetti_studenti_graphic_design_anna_piffer_tesi_incompiuto1-1024x585.jpg\" class=\"\" alt=\"\" srcset=\"https:\/\/www.unirufa.it\/wp-content\/uploads\/2022\/04\/progetti_studenti_graphic_design_anna_piffer_tesi_incompiuto1-1024x585.jpg 1024w, https:\/\/www.unirufa.it\/wp-content\/uploads\/2022\/04\/progetti_studenti_graphic_design_anna_piffer_tesi_incompiuto1-300x171.jpg 300w, https:\/\/www.unirufa.it\/wp-content\/uploads\/2022\/04\/progetti_studenti_graphic_design_anna_piffer_tesi_incompiuto1-768x439.jpg 768w, https:\/\/www.unirufa.it\/wp-content\/uploads\/2022\/04\/progetti_studenti_graphic_design_anna_piffer_tesi_incompiuto1.jpg 1050w\" sizes=\"auto, (max-width: 680px) 100vw, 680px\" \/><\/div><\/div><\/div><script id=\"su_image_carousel_6a00afdbecaba_script\">if(window.SUImageCarousel){setTimeout(function() {window.SUImageCarousel.initGallery(document.getElementById(\"su_image_carousel_6a00afdbecaba\"))}, 0);}var su_image_carousel_6a00afdbecaba_script=document.getElementById(\"su_image_carousel_6a00afdbecaba_script\");if(su_image_carousel_6a00afdbecaba_script){su_image_carousel_6a00afdbecaba_script.parentNode.removeChild(su_image_carousel_6a00afdbecaba_script);}<\/script>\n<p>Forse un inizio (incipit)<\/p>\n<p>Nella mia camera penso che ci siano pi\u00f9 cose lasciate a met\u00e0 che concluse. Pezzi di un qualcosa che doveva essere ma non \u00e8. Cumuli di materiale che dovevano diventare opere definitive, ma sono rimasti scarabocchi sparpagliati sul pavimento. Puzzle pieno di pezzi mancanti.\u2028<br \/>\nSpazzatura per molti, idee rimaste sospese.<br \/>\nAlcuni la descrivono come una patologia, magari pigrizia, ma lasciare le cose a met\u00e0 e pi\u00f9 comune di ci\u00f2 che si pensi.\u2028<br \/>\nVediamo queste mezze realt\u00e0 come impalcature di un definitivo, inutili di per s\u00e9.\u2028 Rimangono l\u00ec, sospese nello spazio e nel tempo senza un identit\u00e0 perch\u00e9 \u201cdovevano essere ma non sono\u201d.<br \/>\nL\u2019ansia di finire, ma anche quella di non riuscirci si scontrano in una lotta che molto spesso finisce con una resa, mettere via e non vedere \u00e8 pi\u00f9 semplice che mettere un punto.\u2028 <br \/> La voce nella testa ci dice li finirai, forse, in un futuro, non oggi, ho di meglio da fare.\u2028<br \/>\nUn p\u00f2 d\u2019aria magari aiuta a trovare l\u2019idea, una pausa e poi si torna al lavoro.<br \/>\nAnche per strada percepisco questa incompiutezza. Casa a cui manca il tetto, finestre senza vetri, muri senza porte, stanze senza pareti, non sono crollate, non sono rovine di un passato, sono rimaste l\u00ec sospese a met\u00e0, progetti incompiuti, architetture che sulla carte avevano una propria identit\u00e0, ma sulla strada hanno cambiato faccia e sono rimaste l\u00ec, tra l\u2019essere e il non essere.<br \/>\nDiventano frutto di una mancanza agli occhi di chi le guarda, fantasmi di ci\u00f2 che sarebbero stati.\u2028<br \/>\nLe persone le guardano con occhi pieni di negativit\u00e0, le definiscono macerie di un\u2019amministrazione incapace.\u2028<br \/>\nCerchiamo di immaginare ci\u00f2 che sarebbero diventate, come sarebbero state quelle case se le persone ci abitassero al loro interno, come i bambini avrebbero giocato in quel parco o le macchine avrebbero potuto correre su quella strada, vediamo ci\u00f2 che sarebbe dovuto, ma non ci\u00f2 che \u00e8.\u2028<br \/>\nNon riusciamo a immaginare una casa senza pareti, o una piscina senza acqua al suo interno, perch\u00e9 nei nostri preconcetti abbiamo l\u2019idea di come \u00e8 e non riusciamo a liberarci da questa restrizione, non riusciamo a percepirla in modo nuovo.\u2028<br \/>\nMagari abitare in una casa senza il tetto ci lascia la libert\u00e0 di vedere il cielo.\u2028<br \/>\nAprire la mente e vedere lo spazio con occhi nuovi e non aggrapparci all\u2019idea di quello che sarebbe potuto essere.\u2028<br \/>\nNon sono pi\u00f9 rovine di un futuro che non avverr\u00e0, ma sono nuovi luoghi, nati per essere cos\u00ec.\u2028<\/p>\n<h3><font color=\"#007ac9\">Una cosa non finita lascia la libert\u00e0 di immaginare ci\u00f2 che si vuole, lascia spazio ad un nuovo modo di vedere, perch\u00e9 libera la mente da quelle barriere a cui siamo abituati, il conosciuto.\u2028<\/font><\/h3>\n<p>Quindi si, non sono incompiute, ma realizzate per essere cos\u00ec, parti di una nuova identit\u00e0.\u2028 Ho cercato di vedere in modo nuovo queste opere incompiute e andare oltre a ci\u00f2 che sono.\u2028<br \/>\nVederle per come sono e apprezzarle proprio per la loro \u201cstranezza e diversit\u00e0\u201d, valorizzarle come opere assestanti e non come cantieri o idee in disuso.\u2028<br \/>\nL\u2019idea di questo progetto \u00e8 quella di creare una vera e propria corrente che comprenda qualunque tipo di artefatto che \u00e8 rimasto, definiamolo a met\u00e0, e comprenderlo per ci\u00f2 che \u00e8, valorizzare\u2028<br \/>\nil suo difetto non come tale, ma come un valore aggiunto, l\u2019opportunit\u00e0 di essere qualcosa di nuovo e quindi avere una nuova funzione.\u2028<br \/>\nUno stile molto pi\u00f9 ampio, che vede l\u2019architettura come massimo esponente, ma che comprende qualunque tipo d\u2019arte o manufatto meno conosciuto o visibile.\u2028<br \/>\nMa anche forma di vita, perch\u00e9 chi \u00e8 compiuto veramente, chi si pu\u00f2 definire fatto e finito:\u2028 valorizzare la mancanza come un punto a favore e non un difetto.\u2028<br \/>\nUn lavoro che si pu\u00f2 definire sperimentale, strambo o magari anche assurdo, o per altri che lo leggeranno \u201cla perdita di tempo di una persona che non sapeva di cosa parlare\u201d, ma come un lavoro che da la possibilit\u00e0 a chiunque di cercare di vedere le cose in modo diverso, di non lasciarsi influenzare e che non tutto nasce per essere in un unico modo.\u2028<br \/>\nE che magari sentirsi incompleti non \u00e8 solo una forma di disagio che ci limita nella nostra quotidianit\u00e0, ma un modo per valorizzarsi proprio per quei \u201cbuchi\u201d.<br \/>\n&nbsp;<\/p>\n<p><a id=\"btn-regolamentocorso\" class=\"download-btn full\" style=\"background-color: #007ac9; border-color: #007ac9;\" href=\"https:\/\/www.unirufa.it\/artisti\/anna-piffer\/\"><span style=\"color: #ffffff;\">Anna Piffer<\/span><\/a>\n<\/div>\n<\/div>\n<p>&nbsp;<br \/>\n&nbsp;","protected":false},"excerpt":{"rendered":"<p>Disculpa, pero esta entrada est\u00e1 disponible s\u00f3lo en IT y EN. Forse un inizio (incipit) Nella mia camera penso che ci siano pi\u00f9 cose lasciate a met\u00e0 che concluse. Pezzi di un qualcosa che doveva essere ma non \u00e8. Cumuli di materiale che dovevano diventare opere definitive, ma sono rimasti scarabocchi sparpagliati sul pavimento. Puzzle&#8230;<\/p>\n","protected":false},"author":47,"featured_media":0,"parent":0,"menu_order":0,"comment_status":"closed","ping_status":"closed","template":"","meta":{"content-type":"","footnotes":""},"class_list":["post-92862","page","type-page","status-publish","hentry"],"yoast_head":"<!-- This site is optimized with the Yoast SEO plugin v24.2 - https:\/\/yoast.com\/wordpress\/plugins\/seo\/ -->\n<title>NON L\u2019HO FINITO - L\u2019estetica del non finito - RUFA - Rome University of Fine Arts<\/title>\n<meta name=\"robots\" content=\"index, follow, max-snippet:-1, max-image-preview:large, max-video-preview:-1\" \/>\n<link rel=\"canonical\" href=\"https:\/\/www.unirufa.it\/non-lho-finito-lestetica-del-non-finito\/\" \/>\n<meta property=\"og:locale\" content=\"es_ES\" \/>\n<meta property=\"og:type\" content=\"article\" \/>\n<meta property=\"og:title\" content=\"NON L\u2019HO FINITO - L\u2019estetica del non finito - RUFA - Rome University of Fine Arts\" \/>\n<meta property=\"og:description\" content=\"Disculpa, pero esta entrada est\u00e1 disponible s\u00f3lo en IT y EN. Forse un inizio (incipit) Nella mia camera penso che ci siano pi\u00f9 cose lasciate a met\u00e0 che concluse. Pezzi di un qualcosa che doveva essere ma non \u00e8. Cumuli di materiale che dovevano diventare opere definitive, ma sono rimasti scarabocchi sparpagliati sul pavimento. Puzzle...\" \/>\n<meta property=\"og:url\" content=\"https:\/\/www.unirufa.it\/non-lho-finito-lestetica-del-non-finito\/\" \/>\n<meta property=\"og:site_name\" content=\"RUFA - Rome University of Fine Arts\" \/>\n<meta property=\"article:modified_time\" content=\"2023-02-14T13:03:16+00:00\" \/>\n<meta property=\"og:image\" content=\"https:\/\/www.unirufa.it\/wp-content\/uploads\/2017\/11\/logo-rufa-2016.png\" \/>\n\t<meta property=\"og:image:width\" content=\"230\" \/>\n\t<meta property=\"og:image:height\" content=\"149\" \/>\n\t<meta property=\"og:image:type\" content=\"image\/png\" \/>\n<meta name=\"twitter:label1\" content=\"Tiempo de lectura\" \/>\n\t<meta name=\"twitter:data1\" content=\"7 minutos\" \/>\n<script type=\"application\/ld+json\" class=\"yoast-schema-graph\">{\"@context\":\"https:\/\/schema.org\",\"@graph\":[{\"@type\":\"WebPage\",\"@id\":\"https:\/\/www.unirufa.it\/non-lho-finito-lestetica-del-non-finito\/\",\"url\":\"https:\/\/www.unirufa.it\/non-lho-finito-lestetica-del-non-finito\/\",\"name\":\"NON L\u2019HO FINITO - L\u2019estetica del non finito - RUFA - Rome University of Fine Arts\",\"isPartOf\":{\"@id\":\"https:\/\/www.unirufa.it\/#website\"},\"datePublished\":\"2023-01-30T07:52:44+00:00\",\"dateModified\":\"2023-02-14T13:03:16+00:00\",\"breadcrumb\":{\"@id\":\"https:\/\/www.unirufa.it\/non-lho-finito-lestetica-del-non-finito\/#breadcrumb\"},\"inLanguage\":\"es\",\"potentialAction\":[{\"@type\":\"ReadAction\",\"target\":[\"https:\/\/www.unirufa.it\/non-lho-finito-lestetica-del-non-finito\/\"]}]},{\"@type\":\"BreadcrumbList\",\"@id\":\"https:\/\/www.unirufa.it\/non-lho-finito-lestetica-del-non-finito\/#breadcrumb\",\"itemListElement\":[{\"@type\":\"ListItem\",\"position\":1,\"name\":\"Home\",\"item\":\"https:\/\/www.unirufa.it\/\"},{\"@type\":\"ListItem\",\"position\":2,\"name\":\"NON L\u2019HO FINITO &#8211; L\u2019estetica del non finito\"}]},{\"@type\":\"WebSite\",\"@id\":\"https:\/\/www.unirufa.it\/#website\",\"url\":\"https:\/\/www.unirufa.it\/\",\"name\":\"RUFA - Rome University of Fine Arts\",\"description\":\"\",\"potentialAction\":[{\"@type\":\"SearchAction\",\"target\":{\"@type\":\"EntryPoint\",\"urlTemplate\":\"https:\/\/www.unirufa.it\/?s={search_term_string}\"},\"query-input\":{\"@type\":\"PropertyValueSpecification\",\"valueRequired\":true,\"valueName\":\"search_term_string\"}}],\"inLanguage\":\"es\"}]}<\/script>\n<!-- \/ Yoast SEO plugin. -->","yoast_head_json":{"title":"NON L\u2019HO FINITO - L\u2019estetica del non finito - RUFA - Rome University of Fine Arts","robots":{"index":"index","follow":"follow","max-snippet":"max-snippet:-1","max-image-preview":"max-image-preview:large","max-video-preview":"max-video-preview:-1"},"canonical":"https:\/\/www.unirufa.it\/non-lho-finito-lestetica-del-non-finito\/","og_locale":"es_ES","og_type":"article","og_title":"NON L\u2019HO FINITO - L\u2019estetica del non finito - RUFA - Rome University of Fine Arts","og_description":"Disculpa, pero esta entrada est\u00e1 disponible s\u00f3lo en IT y EN. Forse un inizio (incipit) Nella mia camera penso che ci siano pi\u00f9 cose lasciate a met\u00e0 che concluse. Pezzi di un qualcosa che doveva essere ma non \u00e8. Cumuli di materiale che dovevano diventare opere definitive, ma sono rimasti scarabocchi sparpagliati sul pavimento. Puzzle...","og_url":"https:\/\/www.unirufa.it\/non-lho-finito-lestetica-del-non-finito\/","og_site_name":"RUFA - Rome University of Fine Arts","article_modified_time":"2023-02-14T13:03:16+00:00","og_image":[{"width":230,"height":149,"url":"https:\/\/www.unirufa.it\/wp-content\/uploads\/2017\/11\/logo-rufa-2016.png","type":"image\/png"}],"twitter_misc":{"Tiempo de lectura":"7 minutos"},"schema":{"@context":"https:\/\/schema.org","@graph":[{"@type":"WebPage","@id":"https:\/\/www.unirufa.it\/non-lho-finito-lestetica-del-non-finito\/","url":"https:\/\/www.unirufa.it\/non-lho-finito-lestetica-del-non-finito\/","name":"NON L\u2019HO FINITO - L\u2019estetica del non finito - RUFA - Rome University of Fine Arts","isPartOf":{"@id":"https:\/\/www.unirufa.it\/#website"},"datePublished":"2023-01-30T07:52:44+00:00","dateModified":"2023-02-14T13:03:16+00:00","breadcrumb":{"@id":"https:\/\/www.unirufa.it\/non-lho-finito-lestetica-del-non-finito\/#breadcrumb"},"inLanguage":"es","potentialAction":[{"@type":"ReadAction","target":["https:\/\/www.unirufa.it\/non-lho-finito-lestetica-del-non-finito\/"]}]},{"@type":"BreadcrumbList","@id":"https:\/\/www.unirufa.it\/non-lho-finito-lestetica-del-non-finito\/#breadcrumb","itemListElement":[{"@type":"ListItem","position":1,"name":"Home","item":"https:\/\/www.unirufa.it\/"},{"@type":"ListItem","position":2,"name":"NON L\u2019HO FINITO &#8211; L\u2019estetica del non finito"}]},{"@type":"WebSite","@id":"https:\/\/www.unirufa.it\/#website","url":"https:\/\/www.unirufa.it\/","name":"RUFA - Rome University of Fine Arts","description":"","potentialAction":[{"@type":"SearchAction","target":{"@type":"EntryPoint","urlTemplate":"https:\/\/www.unirufa.it\/?s={search_term_string}"},"query-input":{"@type":"PropertyValueSpecification","valueRequired":true,"valueName":"search_term_string"}}],"inLanguage":"es"}]}},"_links":{"self":[{"href":"https:\/\/www.unirufa.it\/es\/wp-json\/wp\/v2\/pages\/92862","targetHints":{"allow":["GET"]}}],"collection":[{"href":"https:\/\/www.unirufa.it\/es\/wp-json\/wp\/v2\/pages"}],"about":[{"href":"https:\/\/www.unirufa.it\/es\/wp-json\/wp\/v2\/types\/page"}],"author":[{"embeddable":true,"href":"https:\/\/www.unirufa.it\/es\/wp-json\/wp\/v2\/users\/47"}],"replies":[{"embeddable":true,"href":"https:\/\/www.unirufa.it\/es\/wp-json\/wp\/v2\/comments?post=92862"}],"version-history":[{"count":12,"href":"https:\/\/www.unirufa.it\/es\/wp-json\/wp\/v2\/pages\/92862\/revisions"}],"predecessor-version":[{"id":95030,"href":"https:\/\/www.unirufa.it\/es\/wp-json\/wp\/v2\/pages\/92862\/revisions\/95030"}],"wp:attachment":[{"href":"https:\/\/www.unirufa.it\/es\/wp-json\/wp\/v2\/media?parent=92862"}],"curies":[{"name":"wp","href":"https:\/\/api.w.org\/{rel}","templated":true}]}}