


{"id":93040,"date":"2023-01-30T09:21:25","date_gmt":"2023-01-30T08:21:25","guid":{"rendered":"https:\/\/www.unirufa.it\/?page_id=93040"},"modified":"2023-01-30T09:21:25","modified_gmt":"2023-01-30T08:21:25","slug":"questo-libro-non-si-legge","status":"publish","type":"page","link":"https:\/\/www.unirufa.it\/es\/questo-libro-non-si-legge\/","title":{"rendered":"Questo libro non si legge!"},"content":{"rendered":"<p class=\"qtranxs-available-languages-message qtranxs-available-languages-message-es\">Disculpa, pero esta entrada est\u00e1 disponible s\u00f3lo en <a href=\"https:\/\/www.unirufa.it\/it\/wp-json\/wp\/v2\/pages\/93040\" class=\"qtranxs-available-language-link qtranxs-available-language-link-it\" title=\"IT\">IT<\/a> y <a href=\"https:\/\/www.unirufa.it\/en\/wp-json\/wp\/v2\/pages\/93040\" class=\"qtranxs-available-language-link qtranxs-available-language-link-en\" title=\"EN\">EN<\/a>.<\/p><div class=\"su-image-carousel  su-image-carousel-has-spacing su-image-carousel-adaptive su-image-carousel-slides-style-minimal su-image-carousel-controls-style-light su-image-carousel-align-left\" style=\"\" data-flickity-options='{\"groupCells\":true,\"cellSelector\":\".su-image-carousel-item\",\"adaptiveHeight\":true,\"cellAlign\":\"left\",\"prevNextButtons\":true,\"pageDots\":false,\"autoPlay\":2000,\"imagesLoaded\":true,\"contain\":false,\"selectedAttraction\":0.025,\"friction\":0.28}' id=\"su_image_carousel_69f967cd519a3\"><div class=\"su-image-carousel-item\"><div class=\"su-image-carousel-item-content\"><img loading=\"lazy\" decoding=\"async\" width=\"680\" height=\"388\" src=\"https:\/\/www.unirufa.it\/wp-content\/uploads\/2022\/04\/progetti_studenti_comics_beatrice_maria_galli_tesi_questo-libro-non-si-legge1-1024x585.jpg\" class=\"\" alt=\"\" srcset=\"https:\/\/www.unirufa.it\/wp-content\/uploads\/2022\/04\/progetti_studenti_comics_beatrice_maria_galli_tesi_questo-libro-non-si-legge1-1024x585.jpg 1024w, https:\/\/www.unirufa.it\/wp-content\/uploads\/2022\/04\/progetti_studenti_comics_beatrice_maria_galli_tesi_questo-libro-non-si-legge1-300x171.jpg 300w, https:\/\/www.unirufa.it\/wp-content\/uploads\/2022\/04\/progetti_studenti_comics_beatrice_maria_galli_tesi_questo-libro-non-si-legge1-768x439.jpg 768w, https:\/\/www.unirufa.it\/wp-content\/uploads\/2022\/04\/progetti_studenti_comics_beatrice_maria_galli_tesi_questo-libro-non-si-legge1.jpg 1050w\" sizes=\"auto, (max-width: 680px) 100vw, 680px\" \/><\/div><\/div><div class=\"su-image-carousel-item\"><div class=\"su-image-carousel-item-content\"><img loading=\"lazy\" decoding=\"async\" width=\"680\" height=\"388\" src=\"https:\/\/www.unirufa.it\/wp-content\/uploads\/2022\/04\/progetti_studenti_comics_beatrice_maria_galli_tesi_questo-libro-non-si-legge2-1024x585.jpg\" class=\"\" alt=\"\" srcset=\"https:\/\/www.unirufa.it\/wp-content\/uploads\/2022\/04\/progetti_studenti_comics_beatrice_maria_galli_tesi_questo-libro-non-si-legge2-1024x585.jpg 1024w, https:\/\/www.unirufa.it\/wp-content\/uploads\/2022\/04\/progetti_studenti_comics_beatrice_maria_galli_tesi_questo-libro-non-si-legge2-300x171.jpg 300w, https:\/\/www.unirufa.it\/wp-content\/uploads\/2022\/04\/progetti_studenti_comics_beatrice_maria_galli_tesi_questo-libro-non-si-legge2-768x439.jpg 768w, https:\/\/www.unirufa.it\/wp-content\/uploads\/2022\/04\/progetti_studenti_comics_beatrice_maria_galli_tesi_questo-libro-non-si-legge2.jpg 1050w\" sizes=\"auto, (max-width: 680px) 100vw, 680px\" \/><\/div><\/div><div class=\"su-image-carousel-item\"><div class=\"su-image-carousel-item-content\"><img loading=\"lazy\" decoding=\"async\" width=\"680\" height=\"388\" src=\"https:\/\/www.unirufa.it\/wp-content\/uploads\/2022\/04\/progetti_studenti_comics_beatrice_maria_galli_tesi_questo-libro-non-si-legge3-1024x585.jpg\" class=\"\" alt=\"\" srcset=\"https:\/\/www.unirufa.it\/wp-content\/uploads\/2022\/04\/progetti_studenti_comics_beatrice_maria_galli_tesi_questo-libro-non-si-legge3-1024x585.jpg 1024w, https:\/\/www.unirufa.it\/wp-content\/uploads\/2022\/04\/progetti_studenti_comics_beatrice_maria_galli_tesi_questo-libro-non-si-legge3-300x171.jpg 300w, https:\/\/www.unirufa.it\/wp-content\/uploads\/2022\/04\/progetti_studenti_comics_beatrice_maria_galli_tesi_questo-libro-non-si-legge3-768x439.jpg 768w, https:\/\/www.unirufa.it\/wp-content\/uploads\/2022\/04\/progetti_studenti_comics_beatrice_maria_galli_tesi_questo-libro-non-si-legge3.jpg 1050w\" sizes=\"auto, (max-width: 680px) 100vw, 680px\" \/><\/div><\/div><div class=\"su-image-carousel-item\"><div class=\"su-image-carousel-item-content\"><img loading=\"lazy\" decoding=\"async\" width=\"680\" height=\"388\" src=\"https:\/\/www.unirufa.it\/wp-content\/uploads\/2022\/04\/progetti_studenti_comics_beatrice_maria_galli_tesi_questo-libro-non-si-legge4-1024x585.jpg\" class=\"\" alt=\"\" srcset=\"https:\/\/www.unirufa.it\/wp-content\/uploads\/2022\/04\/progetti_studenti_comics_beatrice_maria_galli_tesi_questo-libro-non-si-legge4-1024x585.jpg 1024w, https:\/\/www.unirufa.it\/wp-content\/uploads\/2022\/04\/progetti_studenti_comics_beatrice_maria_galli_tesi_questo-libro-non-si-legge4-300x171.jpg 300w, https:\/\/www.unirufa.it\/wp-content\/uploads\/2022\/04\/progetti_studenti_comics_beatrice_maria_galli_tesi_questo-libro-non-si-legge4-768x439.jpg 768w, https:\/\/www.unirufa.it\/wp-content\/uploads\/2022\/04\/progetti_studenti_comics_beatrice_maria_galli_tesi_questo-libro-non-si-legge4.jpg 1050w\" sizes=\"auto, (max-width: 680px) 100vw, 680px\" \/><\/div><\/div><div class=\"su-image-carousel-item\"><div class=\"su-image-carousel-item-content\"><img loading=\"lazy\" decoding=\"async\" width=\"680\" height=\"388\" src=\"https:\/\/www.unirufa.it\/wp-content\/uploads\/2022\/04\/progetti_studenti_comics_beatrice_maria_galli_tesi_questo-libro-non-si-legge5-1024x585.jpg\" class=\"\" alt=\"\" srcset=\"https:\/\/www.unirufa.it\/wp-content\/uploads\/2022\/04\/progetti_studenti_comics_beatrice_maria_galli_tesi_questo-libro-non-si-legge5-1024x585.jpg 1024w, https:\/\/www.unirufa.it\/wp-content\/uploads\/2022\/04\/progetti_studenti_comics_beatrice_maria_galli_tesi_questo-libro-non-si-legge5-300x171.jpg 300w, https:\/\/www.unirufa.it\/wp-content\/uploads\/2022\/04\/progetti_studenti_comics_beatrice_maria_galli_tesi_questo-libro-non-si-legge5-768x439.jpg 768w, https:\/\/www.unirufa.it\/wp-content\/uploads\/2022\/04\/progetti_studenti_comics_beatrice_maria_galli_tesi_questo-libro-non-si-legge5.jpg 1050w\" sizes=\"auto, (max-width: 680px) 100vw, 680px\" \/><\/div><\/div><div class=\"su-image-carousel-item\"><div class=\"su-image-carousel-item-content\"><img loading=\"lazy\" decoding=\"async\" width=\"680\" height=\"388\" src=\"https:\/\/www.unirufa.it\/wp-content\/uploads\/2022\/04\/progetti_studenti_comics_beatrice_maria_galli_tesi_questo-libro-non-si-legge7-1024x585.jpg\" class=\"\" alt=\"\" srcset=\"https:\/\/www.unirufa.it\/wp-content\/uploads\/2022\/04\/progetti_studenti_comics_beatrice_maria_galli_tesi_questo-libro-non-si-legge7-1024x585.jpg 1024w, https:\/\/www.unirufa.it\/wp-content\/uploads\/2022\/04\/progetti_studenti_comics_beatrice_maria_galli_tesi_questo-libro-non-si-legge7-300x171.jpg 300w, https:\/\/www.unirufa.it\/wp-content\/uploads\/2022\/04\/progetti_studenti_comics_beatrice_maria_galli_tesi_questo-libro-non-si-legge7-768x439.jpg 768w, https:\/\/www.unirufa.it\/wp-content\/uploads\/2022\/04\/progetti_studenti_comics_beatrice_maria_galli_tesi_questo-libro-non-si-legge7.jpg 1050w\" sizes=\"auto, (max-width: 680px) 100vw, 680px\" \/><\/div><\/div><\/div><script id=\"su_image_carousel_69f967cd519a3_script\">if(window.SUImageCarousel){setTimeout(function() {window.SUImageCarousel.initGallery(document.getElementById(\"su_image_carousel_69f967cd519a3\"))}, 0);}var su_image_carousel_69f967cd519a3_script=document.getElementById(\"su_image_carousel_69f967cd519a3_script\");if(su_image_carousel_69f967cd519a3_script){su_image_carousel_69f967cd519a3_script.parentNode.removeChild(su_image_carousel_69f967cd519a3_script);}<\/script>\n<p>Fin da quando ero piccola le fiabe hanno sempre esercitato un forte ascendente su di me, che negli anni \u00e8 sempre tornato a fare capolino nella mia vita quotidiana. \u201cQuesto libro non si legge!\u201d nasce dal mio fascino per le fiabe e dal desiderio di dare vita alle storie che hanno abitato i miei ricordi per tanto tempo e che spero possano rimanere nei<br \/>\nricordi di tanti altri e altre. Il progetto consiste nell\u2019ideazione di una piccola raccolta di silent comic tratti da fiabe popolari provenienti da tutto il mondo, utilizzando una sintesi grafica semplice e facilmente leggibile e una palette di colori limitata ma vibrante, cos\u00ec da non stancare mai lo sguardo dei piccoli lettori.<\/p>\n<p>&nbsp;<\/p>\n<p><a id=\"btn-regolamentocorso\" class=\"download-btn full\" style=\"background-color: #007ac9; border-color: #007ac9;\" href=\"https:\/\/www.unirufa.it\/artisti\/beatrice-maria-galli\/\"><span style=\"color: #ffffff;\">Beatrice Maria Galli<\/span><\/a><\/p>\n<p>&nbsp;<br \/>\n&nbsp;","protected":false},"excerpt":{"rendered":"<p>Disculpa, pero esta entrada est\u00e1 disponible s\u00f3lo en IT y EN.Fin da quando ero piccola le fiabe hanno sempre esercitato un forte ascendente su di me, che negli anni \u00e8 sempre tornato a fare capolino nella mia vita quotidiana. \u201cQuesto libro non si legge!\u201d nasce dal mio fascino per le fiabe e dal desiderio di&#8230;<\/p>\n","protected":false},"author":47,"featured_media":0,"parent":0,"menu_order":0,"comment_status":"closed","ping_status":"closed","template":"","meta":{"content-type":"","footnotes":""},"class_list":["post-93040","page","type-page","status-publish","hentry"],"yoast_head":"<!-- This site is optimized with the Yoast SEO plugin v24.2 - https:\/\/yoast.com\/wordpress\/plugins\/seo\/ -->\n<title>Questo libro non si legge! - RUFA - Rome University of Fine Arts<\/title>\n<meta name=\"robots\" content=\"index, follow, max-snippet:-1, max-image-preview:large, max-video-preview:-1\" \/>\n<link rel=\"canonical\" href=\"https:\/\/www.unirufa.it\/questo-libro-non-si-legge\/\" \/>\n<meta property=\"og:locale\" content=\"es_ES\" \/>\n<meta property=\"og:type\" content=\"article\" \/>\n<meta property=\"og:title\" content=\"Questo libro non si legge! - RUFA - Rome University of Fine Arts\" \/>\n<meta property=\"og:description\" content=\"Disculpa, pero esta entrada est\u00e1 disponible s\u00f3lo en IT y EN.Fin da quando ero piccola le fiabe hanno sempre esercitato un forte ascendente su di me, che negli anni \u00e8 sempre tornato a fare capolino nella mia vita quotidiana. \u201cQuesto libro non si legge!\u201d nasce dal mio fascino per le fiabe e dal desiderio di...\" \/>\n<meta property=\"og:url\" content=\"https:\/\/www.unirufa.it\/questo-libro-non-si-legge\/\" \/>\n<meta property=\"og:site_name\" content=\"RUFA - Rome University of Fine Arts\" \/>\n<meta property=\"og:image\" content=\"https:\/\/www.unirufa.it\/wp-content\/uploads\/2017\/11\/logo-rufa-2016.png\" \/>\n\t<meta property=\"og:image:width\" content=\"230\" \/>\n\t<meta property=\"og:image:height\" content=\"149\" \/>\n\t<meta property=\"og:image:type\" content=\"image\/png\" \/>\n<meta name=\"twitter:label1\" content=\"Tiempo de lectura\" \/>\n\t<meta name=\"twitter:data1\" content=\"1 minuto\" \/>\n<script type=\"application\/ld+json\" class=\"yoast-schema-graph\">{\"@context\":\"https:\/\/schema.org\",\"@graph\":[{\"@type\":\"WebPage\",\"@id\":\"https:\/\/www.unirufa.it\/questo-libro-non-si-legge\/\",\"url\":\"https:\/\/www.unirufa.it\/questo-libro-non-si-legge\/\",\"name\":\"Questo libro non si legge! - RUFA - Rome University of Fine Arts\",\"isPartOf\":{\"@id\":\"https:\/\/www.unirufa.it\/#website\"},\"datePublished\":\"2023-01-30T08:21:25+00:00\",\"dateModified\":\"2023-01-30T08:21:25+00:00\",\"breadcrumb\":{\"@id\":\"https:\/\/www.unirufa.it\/questo-libro-non-si-legge\/#breadcrumb\"},\"inLanguage\":\"es\",\"potentialAction\":[{\"@type\":\"ReadAction\",\"target\":[\"https:\/\/www.unirufa.it\/questo-libro-non-si-legge\/\"]}]},{\"@type\":\"BreadcrumbList\",\"@id\":\"https:\/\/www.unirufa.it\/questo-libro-non-si-legge\/#breadcrumb\",\"itemListElement\":[{\"@type\":\"ListItem\",\"position\":1,\"name\":\"Home\",\"item\":\"https:\/\/www.unirufa.it\/\"},{\"@type\":\"ListItem\",\"position\":2,\"name\":\"Questo libro non si legge!\"}]},{\"@type\":\"WebSite\",\"@id\":\"https:\/\/www.unirufa.it\/#website\",\"url\":\"https:\/\/www.unirufa.it\/\",\"name\":\"RUFA - Rome University of Fine Arts\",\"description\":\"\",\"potentialAction\":[{\"@type\":\"SearchAction\",\"target\":{\"@type\":\"EntryPoint\",\"urlTemplate\":\"https:\/\/www.unirufa.it\/?s={search_term_string}\"},\"query-input\":{\"@type\":\"PropertyValueSpecification\",\"valueRequired\":true,\"valueName\":\"search_term_string\"}}],\"inLanguage\":\"es\"}]}<\/script>\n<!-- \/ Yoast SEO plugin. -->","yoast_head_json":{"title":"Questo libro non si legge! - RUFA - Rome University of Fine Arts","robots":{"index":"index","follow":"follow","max-snippet":"max-snippet:-1","max-image-preview":"max-image-preview:large","max-video-preview":"max-video-preview:-1"},"canonical":"https:\/\/www.unirufa.it\/questo-libro-non-si-legge\/","og_locale":"es_ES","og_type":"article","og_title":"Questo libro non si legge! - RUFA - Rome University of Fine Arts","og_description":"Disculpa, pero esta entrada est\u00e1 disponible s\u00f3lo en IT y EN.Fin da quando ero piccola le fiabe hanno sempre esercitato un forte ascendente su di me, che negli anni \u00e8 sempre tornato a fare capolino nella mia vita quotidiana. \u201cQuesto libro non si legge!\u201d nasce dal mio fascino per le fiabe e dal desiderio di...","og_url":"https:\/\/www.unirufa.it\/questo-libro-non-si-legge\/","og_site_name":"RUFA - Rome University of Fine Arts","og_image":[{"width":230,"height":149,"url":"https:\/\/www.unirufa.it\/wp-content\/uploads\/2017\/11\/logo-rufa-2016.png","type":"image\/png"}],"twitter_misc":{"Tiempo de lectura":"1 minuto"},"schema":{"@context":"https:\/\/schema.org","@graph":[{"@type":"WebPage","@id":"https:\/\/www.unirufa.it\/questo-libro-non-si-legge\/","url":"https:\/\/www.unirufa.it\/questo-libro-non-si-legge\/","name":"Questo libro non si legge! - RUFA - Rome University of Fine Arts","isPartOf":{"@id":"https:\/\/www.unirufa.it\/#website"},"datePublished":"2023-01-30T08:21:25+00:00","dateModified":"2023-01-30T08:21:25+00:00","breadcrumb":{"@id":"https:\/\/www.unirufa.it\/questo-libro-non-si-legge\/#breadcrumb"},"inLanguage":"es","potentialAction":[{"@type":"ReadAction","target":["https:\/\/www.unirufa.it\/questo-libro-non-si-legge\/"]}]},{"@type":"BreadcrumbList","@id":"https:\/\/www.unirufa.it\/questo-libro-non-si-legge\/#breadcrumb","itemListElement":[{"@type":"ListItem","position":1,"name":"Home","item":"https:\/\/www.unirufa.it\/"},{"@type":"ListItem","position":2,"name":"Questo libro non si legge!"}]},{"@type":"WebSite","@id":"https:\/\/www.unirufa.it\/#website","url":"https:\/\/www.unirufa.it\/","name":"RUFA - Rome University of Fine Arts","description":"","potentialAction":[{"@type":"SearchAction","target":{"@type":"EntryPoint","urlTemplate":"https:\/\/www.unirufa.it\/?s={search_term_string}"},"query-input":{"@type":"PropertyValueSpecification","valueRequired":true,"valueName":"search_term_string"}}],"inLanguage":"es"}]}},"_links":{"self":[{"href":"https:\/\/www.unirufa.it\/es\/wp-json\/wp\/v2\/pages\/93040","targetHints":{"allow":["GET"]}}],"collection":[{"href":"https:\/\/www.unirufa.it\/es\/wp-json\/wp\/v2\/pages"}],"about":[{"href":"https:\/\/www.unirufa.it\/es\/wp-json\/wp\/v2\/types\/page"}],"author":[{"embeddable":true,"href":"https:\/\/www.unirufa.it\/es\/wp-json\/wp\/v2\/users\/47"}],"replies":[{"embeddable":true,"href":"https:\/\/www.unirufa.it\/es\/wp-json\/wp\/v2\/comments?post=93040"}],"version-history":[{"count":6,"href":"https:\/\/www.unirufa.it\/es\/wp-json\/wp\/v2\/pages\/93040\/revisions"}],"predecessor-version":[{"id":93721,"href":"https:\/\/www.unirufa.it\/es\/wp-json\/wp\/v2\/pages\/93040\/revisions\/93721"}],"wp:attachment":[{"href":"https:\/\/www.unirufa.it\/es\/wp-json\/wp\/v2\/media?parent=93040"}],"curies":[{"name":"wp","href":"https:\/\/api.w.org\/{rel}","templated":true}]}}