


{"id":93047,"date":"2023-01-30T09:27:36","date_gmt":"2023-01-30T08:27:36","guid":{"rendered":"https:\/\/www.unirufa.it\/?page_id=93047"},"modified":"2023-01-30T09:27:36","modified_gmt":"2023-01-30T08:27:36","slug":"centonove-il-segreto-degli-oceani","status":"publish","type":"page","link":"https:\/\/www.unirufa.it\/es\/centonove-il-segreto-degli-oceani\/","title":{"rendered":"Centonove: il segreto degli oceani"},"content":{"rendered":"<p class=\"qtranxs-available-languages-message qtranxs-available-languages-message-es\">Disculpa, pero esta entrada est\u00e1 disponible s\u00f3lo en <a href=\"https:\/\/www.unirufa.it\/it\/wp-json\/wp\/v2\/pages\/93047\" class=\"qtranxs-available-language-link qtranxs-available-language-link-it\" title=\"IT\">IT<\/a> y <a href=\"https:\/\/www.unirufa.it\/en\/wp-json\/wp\/v2\/pages\/93047\" class=\"qtranxs-available-language-link qtranxs-available-language-link-en\" title=\"EN\">EN<\/a>.<\/p><div class=\"su-image-carousel  su-image-carousel-has-spacing su-image-carousel-adaptive su-image-carousel-slides-style-minimal su-image-carousel-controls-style-light su-image-carousel-align-left\" style=\"\" data-flickity-options='{\"groupCells\":true,\"cellSelector\":\".su-image-carousel-item\",\"adaptiveHeight\":true,\"cellAlign\":\"left\",\"prevNextButtons\":true,\"pageDots\":false,\"autoPlay\":2000,\"imagesLoaded\":true,\"contain\":false,\"selectedAttraction\":0.025,\"friction\":0.28}' id=\"su_image_carousel_69ff674ae8d29\"><div class=\"su-image-carousel-item\"><div class=\"su-image-carousel-item-content\"><img loading=\"lazy\" decoding=\"async\" width=\"680\" height=\"388\" src=\"https:\/\/www.unirufa.it\/wp-content\/uploads\/2022\/04\/progetti_studenti_design_claudia_matarazzi_tesi_novecento9-1024x585.jpg\" class=\"\" alt=\"\" srcset=\"https:\/\/www.unirufa.it\/wp-content\/uploads\/2022\/04\/progetti_studenti_design_claudia_matarazzi_tesi_novecento9-1024x585.jpg 1024w, https:\/\/www.unirufa.it\/wp-content\/uploads\/2022\/04\/progetti_studenti_design_claudia_matarazzi_tesi_novecento9-300x171.jpg 300w, https:\/\/www.unirufa.it\/wp-content\/uploads\/2022\/04\/progetti_studenti_design_claudia_matarazzi_tesi_novecento9-768x439.jpg 768w, https:\/\/www.unirufa.it\/wp-content\/uploads\/2022\/04\/progetti_studenti_design_claudia_matarazzi_tesi_novecento9.jpg 1050w\" sizes=\"auto, (max-width: 680px) 100vw, 680px\" \/><\/div><\/div><div class=\"su-image-carousel-item\"><div class=\"su-image-carousel-item-content\"><img loading=\"lazy\" decoding=\"async\" width=\"680\" height=\"388\" src=\"https:\/\/www.unirufa.it\/wp-content\/uploads\/2022\/04\/progetti_studenti_design_claudia_matarazzi_tesi_novecento8-1024x585.jpg\" class=\"\" alt=\"\" srcset=\"https:\/\/www.unirufa.it\/wp-content\/uploads\/2022\/04\/progetti_studenti_design_claudia_matarazzi_tesi_novecento8-1024x585.jpg 1024w, https:\/\/www.unirufa.it\/wp-content\/uploads\/2022\/04\/progetti_studenti_design_claudia_matarazzi_tesi_novecento8-300x171.jpg 300w, https:\/\/www.unirufa.it\/wp-content\/uploads\/2022\/04\/progetti_studenti_design_claudia_matarazzi_tesi_novecento8-768x439.jpg 768w, https:\/\/www.unirufa.it\/wp-content\/uploads\/2022\/04\/progetti_studenti_design_claudia_matarazzi_tesi_novecento8.jpg 1050w\" sizes=\"auto, (max-width: 680px) 100vw, 680px\" \/><\/div><\/div><div class=\"su-image-carousel-item\"><div class=\"su-image-carousel-item-content\"><img loading=\"lazy\" decoding=\"async\" width=\"680\" height=\"388\" src=\"https:\/\/www.unirufa.it\/wp-content\/uploads\/2022\/04\/progetti_studenti_design_claudia_matarazzi_tesi_novecento7-1024x585.jpg\" class=\"\" alt=\"\" srcset=\"https:\/\/www.unirufa.it\/wp-content\/uploads\/2022\/04\/progetti_studenti_design_claudia_matarazzi_tesi_novecento7-1024x585.jpg 1024w, https:\/\/www.unirufa.it\/wp-content\/uploads\/2022\/04\/progetti_studenti_design_claudia_matarazzi_tesi_novecento7-300x171.jpg 300w, https:\/\/www.unirufa.it\/wp-content\/uploads\/2022\/04\/progetti_studenti_design_claudia_matarazzi_tesi_novecento7-768x439.jpg 768w, https:\/\/www.unirufa.it\/wp-content\/uploads\/2022\/04\/progetti_studenti_design_claudia_matarazzi_tesi_novecento7.jpg 1050w\" sizes=\"auto, (max-width: 680px) 100vw, 680px\" \/><\/div><\/div><div class=\"su-image-carousel-item\"><div class=\"su-image-carousel-item-content\"><img loading=\"lazy\" decoding=\"async\" width=\"680\" height=\"388\" src=\"https:\/\/www.unirufa.it\/wp-content\/uploads\/2022\/04\/progetti_studenti_design_claudia_matarazzi_tesi_novecento6-1024x585.jpg\" class=\"\" alt=\"\" srcset=\"https:\/\/www.unirufa.it\/wp-content\/uploads\/2022\/04\/progetti_studenti_design_claudia_matarazzi_tesi_novecento6-1024x585.jpg 1024w, https:\/\/www.unirufa.it\/wp-content\/uploads\/2022\/04\/progetti_studenti_design_claudia_matarazzi_tesi_novecento6-300x171.jpg 300w, https:\/\/www.unirufa.it\/wp-content\/uploads\/2022\/04\/progetti_studenti_design_claudia_matarazzi_tesi_novecento6-768x439.jpg 768w, https:\/\/www.unirufa.it\/wp-content\/uploads\/2022\/04\/progetti_studenti_design_claudia_matarazzi_tesi_novecento6.jpg 1050w\" sizes=\"auto, (max-width: 680px) 100vw, 680px\" \/><\/div><\/div><div class=\"su-image-carousel-item\"><div class=\"su-image-carousel-item-content\"><img loading=\"lazy\" decoding=\"async\" width=\"680\" height=\"388\" src=\"https:\/\/www.unirufa.it\/wp-content\/uploads\/2022\/04\/progetti_studenti_design_claudia_matarazzi_tesi_novecento5-1024x585.jpg\" class=\"\" alt=\"\" srcset=\"https:\/\/www.unirufa.it\/wp-content\/uploads\/2022\/04\/progetti_studenti_design_claudia_matarazzi_tesi_novecento5-1024x585.jpg 1024w, https:\/\/www.unirufa.it\/wp-content\/uploads\/2022\/04\/progetti_studenti_design_claudia_matarazzi_tesi_novecento5-300x171.jpg 300w, https:\/\/www.unirufa.it\/wp-content\/uploads\/2022\/04\/progetti_studenti_design_claudia_matarazzi_tesi_novecento5-768x439.jpg 768w, https:\/\/www.unirufa.it\/wp-content\/uploads\/2022\/04\/progetti_studenti_design_claudia_matarazzi_tesi_novecento5.jpg 1050w\" sizes=\"auto, (max-width: 680px) 100vw, 680px\" \/><\/div><\/div><div class=\"su-image-carousel-item\"><div class=\"su-image-carousel-item-content\"><img loading=\"lazy\" decoding=\"async\" width=\"680\" height=\"388\" src=\"https:\/\/www.unirufa.it\/wp-content\/uploads\/2022\/04\/progetti_studenti_design_claudia_matarazzi_tesi_novecento4-1024x585.jpg\" class=\"\" alt=\"\" srcset=\"https:\/\/www.unirufa.it\/wp-content\/uploads\/2022\/04\/progetti_studenti_design_claudia_matarazzi_tesi_novecento4-1024x585.jpg 1024w, https:\/\/www.unirufa.it\/wp-content\/uploads\/2022\/04\/progetti_studenti_design_claudia_matarazzi_tesi_novecento4-300x171.jpg 300w, https:\/\/www.unirufa.it\/wp-content\/uploads\/2022\/04\/progetti_studenti_design_claudia_matarazzi_tesi_novecento4-768x439.jpg 768w, https:\/\/www.unirufa.it\/wp-content\/uploads\/2022\/04\/progetti_studenti_design_claudia_matarazzi_tesi_novecento4.jpg 1050w\" sizes=\"auto, (max-width: 680px) 100vw, 680px\" \/><\/div><\/div><div class=\"su-image-carousel-item\"><div class=\"su-image-carousel-item-content\"><img loading=\"lazy\" decoding=\"async\" width=\"680\" height=\"388\" src=\"https:\/\/www.unirufa.it\/wp-content\/uploads\/2022\/04\/progetti_studenti_design_claudia_matarazzi_tesi_novecento3-1024x585.jpg\" class=\"\" alt=\"\" srcset=\"https:\/\/www.unirufa.it\/wp-content\/uploads\/2022\/04\/progetti_studenti_design_claudia_matarazzi_tesi_novecento3-1024x585.jpg 1024w, https:\/\/www.unirufa.it\/wp-content\/uploads\/2022\/04\/progetti_studenti_design_claudia_matarazzi_tesi_novecento3-300x171.jpg 300w, https:\/\/www.unirufa.it\/wp-content\/uploads\/2022\/04\/progetti_studenti_design_claudia_matarazzi_tesi_novecento3-768x439.jpg 768w, https:\/\/www.unirufa.it\/wp-content\/uploads\/2022\/04\/progetti_studenti_design_claudia_matarazzi_tesi_novecento3.jpg 1050w\" sizes=\"auto, (max-width: 680px) 100vw, 680px\" \/><\/div><\/div><div class=\"su-image-carousel-item\"><div class=\"su-image-carousel-item-content\"><img loading=\"lazy\" decoding=\"async\" width=\"680\" height=\"388\" src=\"https:\/\/www.unirufa.it\/wp-content\/uploads\/2022\/04\/progetti_studenti_design_claudia_matarazzi_tesi_novecento2-1024x585.jpg\" class=\"\" alt=\"\" srcset=\"https:\/\/www.unirufa.it\/wp-content\/uploads\/2022\/04\/progetti_studenti_design_claudia_matarazzi_tesi_novecento2-1024x585.jpg 1024w, https:\/\/www.unirufa.it\/wp-content\/uploads\/2022\/04\/progetti_studenti_design_claudia_matarazzi_tesi_novecento2-300x171.jpg 300w, https:\/\/www.unirufa.it\/wp-content\/uploads\/2022\/04\/progetti_studenti_design_claudia_matarazzi_tesi_novecento2-768x439.jpg 768w, https:\/\/www.unirufa.it\/wp-content\/uploads\/2022\/04\/progetti_studenti_design_claudia_matarazzi_tesi_novecento2.jpg 1050w\" sizes=\"auto, (max-width: 680px) 100vw, 680px\" \/><\/div><\/div><div class=\"su-image-carousel-item\"><div class=\"su-image-carousel-item-content\"><img loading=\"lazy\" decoding=\"async\" width=\"680\" height=\"388\" src=\"https:\/\/www.unirufa.it\/wp-content\/uploads\/2022\/04\/progetti_studenti_design_claudia_matarazzi_tesi_novecento1-1024x585.jpg\" class=\"\" alt=\"\" srcset=\"https:\/\/www.unirufa.it\/wp-content\/uploads\/2022\/04\/progetti_studenti_design_claudia_matarazzi_tesi_novecento1-1024x585.jpg 1024w, https:\/\/www.unirufa.it\/wp-content\/uploads\/2022\/04\/progetti_studenti_design_claudia_matarazzi_tesi_novecento1-300x171.jpg 300w, https:\/\/www.unirufa.it\/wp-content\/uploads\/2022\/04\/progetti_studenti_design_claudia_matarazzi_tesi_novecento1-768x439.jpg 768w, https:\/\/www.unirufa.it\/wp-content\/uploads\/2022\/04\/progetti_studenti_design_claudia_matarazzi_tesi_novecento1.jpg 1050w\" sizes=\"auto, (max-width: 680px) 100vw, 680px\" \/><\/div><\/div><\/div><script id=\"su_image_carousel_69ff674ae8d29_script\">if(window.SUImageCarousel){setTimeout(function() {window.SUImageCarousel.initGallery(document.getElementById(\"su_image_carousel_69ff674ae8d29\"))}, 0);}var su_image_carousel_69ff674ae8d29_script=document.getElementById(\"su_image_carousel_69ff674ae8d29_script\");if(su_image_carousel_69ff674ae8d29_script){su_image_carousel_69ff674ae8d29_script.parentNode.removeChild(su_image_carousel_69ff674ae8d29_script);}<\/script>\n<p>Centonove, Il segreto degli oceani \u00e8 stato pensato come un viaggio di scoperta alla ricerca di una nuova consapevolezza, accompagnato dalle immagini di National Geographic e dai colori di Pantone.<br \/>\nIn questo spazio il pubblico pu\u00f2 toccare, capire e immergersi nel mondo sommerso, apparentemente lontano, delle barriere coralline e dell&#8217;oceano. Con l\u2019intento di avvicinare, informare e sensibilizzare rispetto al patrimonio sommerso che stiamo perdendo.<br \/>\nL&#8217;evento \u00e8 ambientato nella bellissima cornice del borgo peschereccio di Marzamemi, in Sicilia, nel suo cuore pulsante: la tonnara, piazza Regina Margherita e la Balata.<br \/>\nSi inizia nella piazza principale del borgo, dove \u00e8 stata realizzata un&#8217;installazione composta architettonicamente dalla combinazione grafica dei due loghi. Le luci del varco di National Geographic richiamano i colori delle meravigliose creature marine proiettate sull\u2019acqua della fontana.<br \/>\nUna volta entrati all&#8217;interno della Tonnara si accede al giardino interno, dove \u00e8 stata posizionata una zona lounge che antecede l&#8217;ingresso vero e proprio della mostra. La maggior parte dell&#8217;arredo fa parte della collezione Kartel love the planet.<br \/>\nLa mostra \u00e8 stata suddivisa in quattro macro aree: Discover, Experience, Know, Understand. Seguendo il percorso, il pubblico viene accompagnato per mano nella scoperta dei temi di ciascuna stanza. Dalle scale alle installazioni, passando per giochi di luce e colori, il visitatore viene immerso nell\u2019emozione di Centonove.<br \/>\nDiscover \u00e8 la prima zona che si raggiunge, \u00e8 buia e ripropone in scala la barriera corallina. La maestosit\u00e0 della barriera porta il visitatore a sentirsi un pesce nel suo habitat, i coralli sono realizzati in silicone morbido, si muovono e si possono toccare, le luci e i suoni dell&#8217;acqua aggiungono verosimiglianza all\u2019ambiente.<br \/>\nSuccessivamente ci si imbatte in mille bolle luminose, a richiamare le correnti oceaniche, che conducono in tre spazi dove la realt\u00e0 aumentata permette di nuotare con delfini, squali, mante e molti altri pesci.<br \/>\nLa terza area \u00e8 dedicata alla mostra fotografica di David Doubilet, fotografo subacqueo. L&#8217;esposizione \u00e8 stata pensata in maniera fluida e organica, la forma richiama la scia delle onde e la leggerezza dell&#8217;acqua. Al centro di questa zona vi \u00e8 una vasca d&#8217;acqua con un ledwall curvo scomposto che si interseca ad una cornice di legno riprendendo il logo di NatGeo.<br \/>\nL\u2019ultima zona, understand, \u00e8 stata pensata di nuovo al buio con una fedele riproduzione di un reef su un lato.<br \/>\nQuesta riproduzione \u00e8 interamente bianca, realizzata nella ceramica bio sperimentale di Secore, proprio a simboleggiare lo sbiancamento del reef a causa dei cambiamenti climatici.<br \/>\nTramite un touch screen, si pu\u00f2 letteralmente ridare vita ai coralli. Questa metafora vuole sensibilizzare il visitatore a modificare il corso degli eventi e rimediare al disastro ambientale che stiamo provocando.<br \/>\nLa mostra finisce ritornando nel cortile centrale.<br \/>\nNel porto della Balata, davanti all&#8217;entrata della Tonnara, \u00e8 stato posizionato un varco di National Geographic che incornicia il borgo. Nello stesso luogo, per l&#8217;inaugurazione della mostra \u00e8 stata pensata anche una cena a scopo benefico, realizzata sotto un tappeto di stelle a bordo mare.<\/p>\n<p>&nbsp;<\/p>\n<p><a id=\"btn-regolamentocorso\" class=\"download-btn full\" style=\"background-color: #00b450; border-color: #00b450;\" href=\"https:\/\/www.unirufa.it\/artisti\/claudia-matarazzi\/\"><span style=\"color: #ffffff;\">Claudia Matarazzi<\/span><\/a><\/p>\n<p>&nbsp;<br \/>\n&nbsp;","protected":false},"excerpt":{"rendered":"<p>Disculpa, pero esta entrada est\u00e1 disponible s\u00f3lo en IT y EN.Centonove, Il segreto degli oceani \u00e8 stato pensato come un viaggio di scoperta alla ricerca di una nuova consapevolezza, accompagnato dalle immagini di National Geographic e dai colori di Pantone. In questo spazio il pubblico pu\u00f2 toccare, capire e immergersi nel mondo sommerso, apparentemente lontano,&#8230;<\/p>\n","protected":false},"author":47,"featured_media":0,"parent":0,"menu_order":0,"comment_status":"closed","ping_status":"closed","template":"","meta":{"content-type":"","footnotes":""},"class_list":["post-93047","page","type-page","status-publish","hentry"],"yoast_head":"<!-- This site is optimized with the Yoast SEO plugin v24.2 - https:\/\/yoast.com\/wordpress\/plugins\/seo\/ -->\n<title>Centonove: il segreto degli oceani - RUFA - Rome University of Fine Arts<\/title>\n<meta name=\"robots\" content=\"index, follow, max-snippet:-1, max-image-preview:large, max-video-preview:-1\" \/>\n<link rel=\"canonical\" href=\"https:\/\/www.unirufa.it\/centonove-il-segreto-degli-oceani\/\" \/>\n<meta property=\"og:locale\" content=\"es_ES\" \/>\n<meta property=\"og:type\" content=\"article\" \/>\n<meta property=\"og:title\" content=\"Centonove: il segreto degli oceani - RUFA - Rome University of Fine Arts\" \/>\n<meta property=\"og:description\" content=\"Disculpa, pero esta entrada est\u00e1 disponible s\u00f3lo en IT y EN.Centonove, Il segreto degli oceani \u00e8 stato pensato come un viaggio di scoperta alla ricerca di una nuova consapevolezza, accompagnato dalle immagini di National Geographic e dai colori di Pantone. In questo spazio il pubblico pu\u00f2 toccare, capire e immergersi nel mondo sommerso, apparentemente lontano,...\" \/>\n<meta property=\"og:url\" content=\"https:\/\/www.unirufa.it\/centonove-il-segreto-degli-oceani\/\" \/>\n<meta property=\"og:site_name\" content=\"RUFA - Rome University of Fine Arts\" \/>\n<meta property=\"og:image\" content=\"https:\/\/www.unirufa.it\/wp-content\/uploads\/2017\/11\/logo-rufa-2016.png\" \/>\n\t<meta property=\"og:image:width\" content=\"230\" \/>\n\t<meta property=\"og:image:height\" content=\"149\" \/>\n\t<meta property=\"og:image:type\" content=\"image\/png\" \/>\n<meta name=\"twitter:label1\" content=\"Tiempo de lectura\" \/>\n\t<meta name=\"twitter:data1\" content=\"5 minutos\" \/>\n<script type=\"application\/ld+json\" class=\"yoast-schema-graph\">{\"@context\":\"https:\/\/schema.org\",\"@graph\":[{\"@type\":\"WebPage\",\"@id\":\"https:\/\/www.unirufa.it\/centonove-il-segreto-degli-oceani\/\",\"url\":\"https:\/\/www.unirufa.it\/centonove-il-segreto-degli-oceani\/\",\"name\":\"Centonove: il segreto degli oceani - RUFA - Rome University of Fine Arts\",\"isPartOf\":{\"@id\":\"https:\/\/www.unirufa.it\/#website\"},\"datePublished\":\"2023-01-30T08:27:36+00:00\",\"dateModified\":\"2023-01-30T08:27:36+00:00\",\"breadcrumb\":{\"@id\":\"https:\/\/www.unirufa.it\/centonove-il-segreto-degli-oceani\/#breadcrumb\"},\"inLanguage\":\"es\",\"potentialAction\":[{\"@type\":\"ReadAction\",\"target\":[\"https:\/\/www.unirufa.it\/centonove-il-segreto-degli-oceani\/\"]}]},{\"@type\":\"BreadcrumbList\",\"@id\":\"https:\/\/www.unirufa.it\/centonove-il-segreto-degli-oceani\/#breadcrumb\",\"itemListElement\":[{\"@type\":\"ListItem\",\"position\":1,\"name\":\"Home\",\"item\":\"https:\/\/www.unirufa.it\/\"},{\"@type\":\"ListItem\",\"position\":2,\"name\":\"Centonove: il segreto degli oceani\"}]},{\"@type\":\"WebSite\",\"@id\":\"https:\/\/www.unirufa.it\/#website\",\"url\":\"https:\/\/www.unirufa.it\/\",\"name\":\"RUFA - Rome University of Fine Arts\",\"description\":\"\",\"potentialAction\":[{\"@type\":\"SearchAction\",\"target\":{\"@type\":\"EntryPoint\",\"urlTemplate\":\"https:\/\/www.unirufa.it\/?s={search_term_string}\"},\"query-input\":{\"@type\":\"PropertyValueSpecification\",\"valueRequired\":true,\"valueName\":\"search_term_string\"}}],\"inLanguage\":\"es\"}]}<\/script>\n<!-- \/ Yoast SEO plugin. -->","yoast_head_json":{"title":"Centonove: il segreto degli oceani - RUFA - Rome University of Fine Arts","robots":{"index":"index","follow":"follow","max-snippet":"max-snippet:-1","max-image-preview":"max-image-preview:large","max-video-preview":"max-video-preview:-1"},"canonical":"https:\/\/www.unirufa.it\/centonove-il-segreto-degli-oceani\/","og_locale":"es_ES","og_type":"article","og_title":"Centonove: il segreto degli oceani - RUFA - Rome University of Fine Arts","og_description":"Disculpa, pero esta entrada est\u00e1 disponible s\u00f3lo en IT y EN.Centonove, Il segreto degli oceani \u00e8 stato pensato come un viaggio di scoperta alla ricerca di una nuova consapevolezza, accompagnato dalle immagini di National Geographic e dai colori di Pantone. In questo spazio il pubblico pu\u00f2 toccare, capire e immergersi nel mondo sommerso, apparentemente lontano,...","og_url":"https:\/\/www.unirufa.it\/centonove-il-segreto-degli-oceani\/","og_site_name":"RUFA - Rome University of Fine Arts","og_image":[{"width":230,"height":149,"url":"https:\/\/www.unirufa.it\/wp-content\/uploads\/2017\/11\/logo-rufa-2016.png","type":"image\/png"}],"twitter_misc":{"Tiempo de lectura":"5 minutos"},"schema":{"@context":"https:\/\/schema.org","@graph":[{"@type":"WebPage","@id":"https:\/\/www.unirufa.it\/centonove-il-segreto-degli-oceani\/","url":"https:\/\/www.unirufa.it\/centonove-il-segreto-degli-oceani\/","name":"Centonove: il segreto degli oceani - RUFA - Rome University of Fine Arts","isPartOf":{"@id":"https:\/\/www.unirufa.it\/#website"},"datePublished":"2023-01-30T08:27:36+00:00","dateModified":"2023-01-30T08:27:36+00:00","breadcrumb":{"@id":"https:\/\/www.unirufa.it\/centonove-il-segreto-degli-oceani\/#breadcrumb"},"inLanguage":"es","potentialAction":[{"@type":"ReadAction","target":["https:\/\/www.unirufa.it\/centonove-il-segreto-degli-oceani\/"]}]},{"@type":"BreadcrumbList","@id":"https:\/\/www.unirufa.it\/centonove-il-segreto-degli-oceani\/#breadcrumb","itemListElement":[{"@type":"ListItem","position":1,"name":"Home","item":"https:\/\/www.unirufa.it\/"},{"@type":"ListItem","position":2,"name":"Centonove: il segreto degli oceani"}]},{"@type":"WebSite","@id":"https:\/\/www.unirufa.it\/#website","url":"https:\/\/www.unirufa.it\/","name":"RUFA - Rome University of Fine Arts","description":"","potentialAction":[{"@type":"SearchAction","target":{"@type":"EntryPoint","urlTemplate":"https:\/\/www.unirufa.it\/?s={search_term_string}"},"query-input":{"@type":"PropertyValueSpecification","valueRequired":true,"valueName":"search_term_string"}}],"inLanguage":"es"}]}},"_links":{"self":[{"href":"https:\/\/www.unirufa.it\/es\/wp-json\/wp\/v2\/pages\/93047","targetHints":{"allow":["GET"]}}],"collection":[{"href":"https:\/\/www.unirufa.it\/es\/wp-json\/wp\/v2\/pages"}],"about":[{"href":"https:\/\/www.unirufa.it\/es\/wp-json\/wp\/v2\/types\/page"}],"author":[{"embeddable":true,"href":"https:\/\/www.unirufa.it\/es\/wp-json\/wp\/v2\/users\/47"}],"replies":[{"embeddable":true,"href":"https:\/\/www.unirufa.it\/es\/wp-json\/wp\/v2\/comments?post=93047"}],"version-history":[{"count":3,"href":"https:\/\/www.unirufa.it\/es\/wp-json\/wp\/v2\/pages\/93047\/revisions"}],"predecessor-version":[{"id":93725,"href":"https:\/\/www.unirufa.it\/es\/wp-json\/wp\/v2\/pages\/93047\/revisions\/93725"}],"wp:attachment":[{"href":"https:\/\/www.unirufa.it\/es\/wp-json\/wp\/v2\/media?parent=93047"}],"curies":[{"name":"wp","href":"https:\/\/api.w.org\/{rel}","templated":true}]}}