


{"id":93067,"date":"2023-01-24T13:51:27","date_gmt":"2023-01-24T12:51:27","guid":{"rendered":"https:\/\/www.unirufa.it\/?page_id=93067"},"modified":"2023-01-24T14:02:18","modified_gmt":"2023-01-24T13:02:18","slug":"paesaggi-affettivi-la-provincia-nel-fumetto-italiano","status":"publish","type":"page","link":"https:\/\/www.unirufa.it\/es\/paesaggi-affettivi-la-provincia-nel-fumetto-italiano\/","title":{"rendered":"Paesaggi affettivi: la Provincia nel fumetto italiano"},"content":{"rendered":"<p class=\"qtranxs-available-languages-message qtranxs-available-languages-message-es\">Disculpa, pero esta entrada est\u00e1 disponible s\u00f3lo en <a href=\"https:\/\/www.unirufa.it\/it\/wp-json\/wp\/v2\/pages\/93067\" class=\"qtranxs-available-language-link qtranxs-available-language-link-it\" title=\"IT\">IT<\/a> y <a href=\"https:\/\/www.unirufa.it\/en\/wp-json\/wp\/v2\/pages\/93067\" class=\"qtranxs-available-language-link qtranxs-available-language-link-en\" title=\"EN\">EN<\/a>.<\/p><div class=\"su-image-carousel  su-image-carousel-has-spacing su-image-carousel-adaptive su-image-carousel-slides-style-minimal su-image-carousel-controls-style-light su-image-carousel-align-left\" style=\"\" data-flickity-options='{\"groupCells\":true,\"cellSelector\":\".su-image-carousel-item\",\"adaptiveHeight\":true,\"cellAlign\":\"left\",\"prevNextButtons\":true,\"pageDots\":false,\"autoPlay\":2000,\"imagesLoaded\":true,\"contain\":false,\"selectedAttraction\":0.025,\"friction\":0.28}' id=\"su_image_carousel_69e0dfc739cb2\"><div class=\"su-image-carousel-item\"><div class=\"su-image-carousel-item-content\"><img loading=\"lazy\" decoding=\"async\" width=\"680\" height=\"388\" src=\"https:\/\/www.unirufa.it\/wp-content\/uploads\/2022\/04\/progetti_studenti_pittura_giulio_cosimi_tesi_memorie-inconsistenti10-1024x585.jpg\" class=\"\" alt=\"\" srcset=\"https:\/\/www.unirufa.it\/wp-content\/uploads\/2022\/04\/progetti_studenti_pittura_giulio_cosimi_tesi_memorie-inconsistenti10-1024x585.jpg 1024w, https:\/\/www.unirufa.it\/wp-content\/uploads\/2022\/04\/progetti_studenti_pittura_giulio_cosimi_tesi_memorie-inconsistenti10-300x171.jpg 300w, https:\/\/www.unirufa.it\/wp-content\/uploads\/2022\/04\/progetti_studenti_pittura_giulio_cosimi_tesi_memorie-inconsistenti10-768x439.jpg 768w, https:\/\/www.unirufa.it\/wp-content\/uploads\/2022\/04\/progetti_studenti_pittura_giulio_cosimi_tesi_memorie-inconsistenti10.jpg 1050w\" sizes=\"auto, (max-width: 680px) 100vw, 680px\" \/><\/div><\/div><div class=\"su-image-carousel-item\"><div class=\"su-image-carousel-item-content\"><img loading=\"lazy\" decoding=\"async\" width=\"680\" height=\"388\" src=\"https:\/\/www.unirufa.it\/wp-content\/uploads\/2022\/04\/progetti_studenti_pittura_giulio_cosimi_tesi_memorie-inconsistenti9-1024x585.jpg\" class=\"\" alt=\"\" srcset=\"https:\/\/www.unirufa.it\/wp-content\/uploads\/2022\/04\/progetti_studenti_pittura_giulio_cosimi_tesi_memorie-inconsistenti9-1024x585.jpg 1024w, https:\/\/www.unirufa.it\/wp-content\/uploads\/2022\/04\/progetti_studenti_pittura_giulio_cosimi_tesi_memorie-inconsistenti9-300x171.jpg 300w, https:\/\/www.unirufa.it\/wp-content\/uploads\/2022\/04\/progetti_studenti_pittura_giulio_cosimi_tesi_memorie-inconsistenti9-768x439.jpg 768w, https:\/\/www.unirufa.it\/wp-content\/uploads\/2022\/04\/progetti_studenti_pittura_giulio_cosimi_tesi_memorie-inconsistenti9.jpg 1050w\" sizes=\"auto, (max-width: 680px) 100vw, 680px\" \/><\/div><\/div><div class=\"su-image-carousel-item\"><div class=\"su-image-carousel-item-content\"><img loading=\"lazy\" decoding=\"async\" width=\"680\" height=\"388\" src=\"https:\/\/www.unirufa.it\/wp-content\/uploads\/2022\/04\/progetti_studenti_pittura_giulio_cosimi_tesi_memorie-inconsistenti8-1024x585.jpg\" class=\"\" alt=\"\" srcset=\"https:\/\/www.unirufa.it\/wp-content\/uploads\/2022\/04\/progetti_studenti_pittura_giulio_cosimi_tesi_memorie-inconsistenti8-1024x585.jpg 1024w, https:\/\/www.unirufa.it\/wp-content\/uploads\/2022\/04\/progetti_studenti_pittura_giulio_cosimi_tesi_memorie-inconsistenti8-300x171.jpg 300w, https:\/\/www.unirufa.it\/wp-content\/uploads\/2022\/04\/progetti_studenti_pittura_giulio_cosimi_tesi_memorie-inconsistenti8-768x439.jpg 768w, https:\/\/www.unirufa.it\/wp-content\/uploads\/2022\/04\/progetti_studenti_pittura_giulio_cosimi_tesi_memorie-inconsistenti8.jpg 1050w\" sizes=\"auto, (max-width: 680px) 100vw, 680px\" \/><\/div><\/div><div class=\"su-image-carousel-item\"><div class=\"su-image-carousel-item-content\"><img loading=\"lazy\" decoding=\"async\" width=\"680\" height=\"388\" src=\"https:\/\/www.unirufa.it\/wp-content\/uploads\/2022\/04\/progetti_studenti_pittura_giulio_cosimi_tesi_memorie-inconsistenti7-1024x585.jpg\" class=\"\" alt=\"\" srcset=\"https:\/\/www.unirufa.it\/wp-content\/uploads\/2022\/04\/progetti_studenti_pittura_giulio_cosimi_tesi_memorie-inconsistenti7-1024x585.jpg 1024w, https:\/\/www.unirufa.it\/wp-content\/uploads\/2022\/04\/progetti_studenti_pittura_giulio_cosimi_tesi_memorie-inconsistenti7-300x171.jpg 300w, https:\/\/www.unirufa.it\/wp-content\/uploads\/2022\/04\/progetti_studenti_pittura_giulio_cosimi_tesi_memorie-inconsistenti7-768x439.jpg 768w, https:\/\/www.unirufa.it\/wp-content\/uploads\/2022\/04\/progetti_studenti_pittura_giulio_cosimi_tesi_memorie-inconsistenti7.jpg 1050w\" sizes=\"auto, (max-width: 680px) 100vw, 680px\" \/><\/div><\/div><div class=\"su-image-carousel-item\"><div class=\"su-image-carousel-item-content\"><img loading=\"lazy\" decoding=\"async\" width=\"680\" height=\"388\" src=\"https:\/\/www.unirufa.it\/wp-content\/uploads\/2022\/04\/progetti_studenti_pittura_giulio_cosimi_tesi_memorie-inconsistenti6-1024x585.jpg\" class=\"\" alt=\"\" srcset=\"https:\/\/www.unirufa.it\/wp-content\/uploads\/2022\/04\/progetti_studenti_pittura_giulio_cosimi_tesi_memorie-inconsistenti6-1024x585.jpg 1024w, https:\/\/www.unirufa.it\/wp-content\/uploads\/2022\/04\/progetti_studenti_pittura_giulio_cosimi_tesi_memorie-inconsistenti6-300x171.jpg 300w, https:\/\/www.unirufa.it\/wp-content\/uploads\/2022\/04\/progetti_studenti_pittura_giulio_cosimi_tesi_memorie-inconsistenti6-768x439.jpg 768w, https:\/\/www.unirufa.it\/wp-content\/uploads\/2022\/04\/progetti_studenti_pittura_giulio_cosimi_tesi_memorie-inconsistenti6.jpg 1050w\" sizes=\"auto, (max-width: 680px) 100vw, 680px\" \/><\/div><\/div><div class=\"su-image-carousel-item\"><div class=\"su-image-carousel-item-content\"><img loading=\"lazy\" decoding=\"async\" width=\"680\" height=\"388\" src=\"https:\/\/www.unirufa.it\/wp-content\/uploads\/2022\/04\/progetti_studenti_pittura_giulio_cosimi_tesi_memorie-inconsistenti5-1024x585.jpg\" class=\"\" alt=\"\" srcset=\"https:\/\/www.unirufa.it\/wp-content\/uploads\/2022\/04\/progetti_studenti_pittura_giulio_cosimi_tesi_memorie-inconsistenti5-1024x585.jpg 1024w, https:\/\/www.unirufa.it\/wp-content\/uploads\/2022\/04\/progetti_studenti_pittura_giulio_cosimi_tesi_memorie-inconsistenti5-300x171.jpg 300w, https:\/\/www.unirufa.it\/wp-content\/uploads\/2022\/04\/progetti_studenti_pittura_giulio_cosimi_tesi_memorie-inconsistenti5-768x439.jpg 768w, https:\/\/www.unirufa.it\/wp-content\/uploads\/2022\/04\/progetti_studenti_pittura_giulio_cosimi_tesi_memorie-inconsistenti5.jpg 1050w\" sizes=\"auto, (max-width: 680px) 100vw, 680px\" \/><\/div><\/div><div class=\"su-image-carousel-item\"><div class=\"su-image-carousel-item-content\"><img loading=\"lazy\" decoding=\"async\" width=\"680\" height=\"388\" src=\"https:\/\/www.unirufa.it\/wp-content\/uploads\/2022\/04\/progetti_studenti_pittura_giulio_cosimi_tesi_memorie-inconsistenti4-1024x585.jpg\" class=\"\" alt=\"\" srcset=\"https:\/\/www.unirufa.it\/wp-content\/uploads\/2022\/04\/progetti_studenti_pittura_giulio_cosimi_tesi_memorie-inconsistenti4-1024x585.jpg 1024w, https:\/\/www.unirufa.it\/wp-content\/uploads\/2022\/04\/progetti_studenti_pittura_giulio_cosimi_tesi_memorie-inconsistenti4-300x171.jpg 300w, https:\/\/www.unirufa.it\/wp-content\/uploads\/2022\/04\/progetti_studenti_pittura_giulio_cosimi_tesi_memorie-inconsistenti4-768x439.jpg 768w, https:\/\/www.unirufa.it\/wp-content\/uploads\/2022\/04\/progetti_studenti_pittura_giulio_cosimi_tesi_memorie-inconsistenti4.jpg 1050w\" sizes=\"auto, (max-width: 680px) 100vw, 680px\" \/><\/div><\/div><div class=\"su-image-carousel-item\"><div class=\"su-image-carousel-item-content\"><img loading=\"lazy\" decoding=\"async\" width=\"680\" height=\"388\" src=\"https:\/\/www.unirufa.it\/wp-content\/uploads\/2022\/04\/progetti_studenti_pittura_giulio_cosimi_tesi_memorie-inconsistenti3-1024x585.jpg\" class=\"\" alt=\"\" srcset=\"https:\/\/www.unirufa.it\/wp-content\/uploads\/2022\/04\/progetti_studenti_pittura_giulio_cosimi_tesi_memorie-inconsistenti3-1024x585.jpg 1024w, https:\/\/www.unirufa.it\/wp-content\/uploads\/2022\/04\/progetti_studenti_pittura_giulio_cosimi_tesi_memorie-inconsistenti3-300x171.jpg 300w, https:\/\/www.unirufa.it\/wp-content\/uploads\/2022\/04\/progetti_studenti_pittura_giulio_cosimi_tesi_memorie-inconsistenti3-768x439.jpg 768w, https:\/\/www.unirufa.it\/wp-content\/uploads\/2022\/04\/progetti_studenti_pittura_giulio_cosimi_tesi_memorie-inconsistenti3.jpg 1050w\" sizes=\"auto, (max-width: 680px) 100vw, 680px\" \/><\/div><\/div><div class=\"su-image-carousel-item\"><div class=\"su-image-carousel-item-content\"><img loading=\"lazy\" decoding=\"async\" width=\"680\" height=\"388\" src=\"https:\/\/www.unirufa.it\/wp-content\/uploads\/2022\/04\/progetti_studenti_pittura_giulio_cosimi_tesi_memorie-inconsistenti2-1024x585.jpg\" class=\"\" alt=\"\" srcset=\"https:\/\/www.unirufa.it\/wp-content\/uploads\/2022\/04\/progetti_studenti_pittura_giulio_cosimi_tesi_memorie-inconsistenti2-1024x585.jpg 1024w, https:\/\/www.unirufa.it\/wp-content\/uploads\/2022\/04\/progetti_studenti_pittura_giulio_cosimi_tesi_memorie-inconsistenti2-300x171.jpg 300w, https:\/\/www.unirufa.it\/wp-content\/uploads\/2022\/04\/progetti_studenti_pittura_giulio_cosimi_tesi_memorie-inconsistenti2-768x439.jpg 768w, https:\/\/www.unirufa.it\/wp-content\/uploads\/2022\/04\/progetti_studenti_pittura_giulio_cosimi_tesi_memorie-inconsistenti2.jpg 1050w\" sizes=\"auto, (max-width: 680px) 100vw, 680px\" \/><\/div><\/div><div class=\"su-image-carousel-item\"><div class=\"su-image-carousel-item-content\"><img loading=\"lazy\" decoding=\"async\" width=\"680\" height=\"388\" src=\"https:\/\/www.unirufa.it\/wp-content\/uploads\/2022\/04\/progetti_studenti_pittura_giulio_cosimi_tesi_memorie-inconsistenti1-1024x585.jpg\" class=\"\" alt=\"\" srcset=\"https:\/\/www.unirufa.it\/wp-content\/uploads\/2022\/04\/progetti_studenti_pittura_giulio_cosimi_tesi_memorie-inconsistenti1-1024x585.jpg 1024w, https:\/\/www.unirufa.it\/wp-content\/uploads\/2022\/04\/progetti_studenti_pittura_giulio_cosimi_tesi_memorie-inconsistenti1-300x171.jpg 300w, https:\/\/www.unirufa.it\/wp-content\/uploads\/2022\/04\/progetti_studenti_pittura_giulio_cosimi_tesi_memorie-inconsistenti1-768x439.jpg 768w, https:\/\/www.unirufa.it\/wp-content\/uploads\/2022\/04\/progetti_studenti_pittura_giulio_cosimi_tesi_memorie-inconsistenti1.jpg 1050w\" sizes=\"auto, (max-width: 680px) 100vw, 680px\" \/><\/div><\/div><\/div><script id=\"su_image_carousel_69e0dfc739cb2_script\">if(window.SUImageCarousel){setTimeout(function() {window.SUImageCarousel.initGallery(document.getElementById(\"su_image_carousel_69e0dfc739cb2\"))}, 0);}var su_image_carousel_69e0dfc739cb2_script=document.getElementById(\"su_image_carousel_69e0dfc739cb2_script\");if(su_image_carousel_69e0dfc739cb2_script){su_image_carousel_69e0dfc739cb2_script.parentNode.removeChild(su_image_carousel_69e0dfc739cb2_script);}<\/script>\n<p>Il lavoro vuole analizzare la formazione di legami affettivi e come questi influiscano nella creazione e lettura di opere artistiche. Lo spettatore \u00e8 in grado di riconoscersi grazie all\u2019identificazione, ovvero quanto di s\u00e9 ritrova in ci\u00f2 che guarda. Si tratta di un qualcosa legato alle proprie esperienze che concorrono alla formazione dell\u2019identit\u00e0.<br \/>\nIl \u201cpaesaggio affettivo\u201d \u00e8 tipico della rappresentazione della Provincia nel fumetto italiano. La Provincia \u00e8 uno spazio lento, fuori dal progresso continuo dettato dalla citt\u00e0. Questo permette una stratigrafia di testimonianze, dove si hanno tracce fisiche di generazioni diverse che sopravvivono assieme. <\/p>\n<h3><font color=\"#80379b\">Raccontare la Provincia non \u00e8 un lavoro solamente mentale, ma anche una rappresentazione di spazi reali in cui \u00e8 possibile tornare e ritrarre dal vero.\u2028<\/font><\/h3>\n<p>\u201cSaluti da\u201d, il progetto legato alla tesi, \u00e8 una serie di cartoline che raccontano momenti e frammenti di Provincia. Le storie uniscono materiali reali che vengono alterati tramite il disegno, dove non c\u2019\u00e8 pi\u00f9 una distinzione netta tra fiction e non-fiction, ed \u00e8 in base alla vicinanza affettiva del lettore per cui si tratti di un reportage o di una storia di formazione.<\/p>\n<p>&nbsp;<\/p>\n<p><a id=\"btn-regolamentocorso\" class=\"download-btn full\" style=\"background-color: #80379b; border-color: #80379b;\" href=\"https:\/\/www.unirufa.it\/artisti\/giulio-cosimi\/\"><span style=\"color: #ffffff;\">Giulio Cosimi<\/span><\/a><\/p>\n<p>&nbsp;<br \/>\n&nbsp;","protected":false},"excerpt":{"rendered":"<p>Disculpa, pero esta entrada est\u00e1 disponible s\u00f3lo en IT y EN.Il lavoro vuole analizzare la formazione di legami affettivi e come questi influiscano nella creazione e lettura di opere artistiche. Lo spettatore \u00e8 in grado di riconoscersi grazie all\u2019identificazione, ovvero quanto di s\u00e9 ritrova in ci\u00f2 che guarda. Si tratta di un qualcosa legato alle&#8230;<\/p>\n","protected":false},"author":47,"featured_media":0,"parent":0,"menu_order":0,"comment_status":"closed","ping_status":"closed","template":"","meta":{"content-type":"","footnotes":""},"class_list":["post-93067","page","type-page","status-publish","hentry"],"yoast_head":"<!-- This site is optimized with the Yoast SEO plugin v24.2 - https:\/\/yoast.com\/wordpress\/plugins\/seo\/ -->\n<title>Paesaggi affettivi: la Provincia nel fumetto italiano - RUFA - Rome University of Fine Arts<\/title>\n<meta name=\"robots\" content=\"index, follow, max-snippet:-1, max-image-preview:large, max-video-preview:-1\" \/>\n<link rel=\"canonical\" href=\"https:\/\/www.unirufa.it\/paesaggi-affettivi-la-provincia-nel-fumetto-italiano\/\" \/>\n<meta property=\"og:locale\" content=\"es_ES\" \/>\n<meta property=\"og:type\" content=\"article\" \/>\n<meta property=\"og:title\" content=\"Paesaggi affettivi: la Provincia nel fumetto italiano - RUFA - Rome University of Fine Arts\" \/>\n<meta property=\"og:description\" content=\"Disculpa, pero esta entrada est\u00e1 disponible s\u00f3lo en IT y EN.Il lavoro vuole analizzare la formazione di legami affettivi e come questi influiscano nella creazione e lettura di opere artistiche. Lo spettatore \u00e8 in grado di riconoscersi grazie all\u2019identificazione, ovvero quanto di s\u00e9 ritrova in ci\u00f2 che guarda. Si tratta di un qualcosa legato alle...\" \/>\n<meta property=\"og:url\" content=\"https:\/\/www.unirufa.it\/paesaggi-affettivi-la-provincia-nel-fumetto-italiano\/\" \/>\n<meta property=\"og:site_name\" content=\"RUFA - Rome University of Fine Arts\" \/>\n<meta property=\"article:modified_time\" content=\"2023-01-24T13:02:18+00:00\" \/>\n<meta property=\"og:image\" content=\"https:\/\/www.unirufa.it\/wp-content\/uploads\/2017\/11\/logo-rufa-2016.png\" \/>\n\t<meta property=\"og:image:width\" content=\"230\" \/>\n\t<meta property=\"og:image:height\" content=\"149\" \/>\n\t<meta property=\"og:image:type\" content=\"image\/png\" \/>\n<meta name=\"twitter:label1\" content=\"Tiempo de lectura\" \/>\n\t<meta name=\"twitter:data1\" content=\"2 minutos\" \/>\n<script type=\"application\/ld+json\" class=\"yoast-schema-graph\">{\"@context\":\"https:\/\/schema.org\",\"@graph\":[{\"@type\":\"WebPage\",\"@id\":\"https:\/\/www.unirufa.it\/paesaggi-affettivi-la-provincia-nel-fumetto-italiano\/\",\"url\":\"https:\/\/www.unirufa.it\/paesaggi-affettivi-la-provincia-nel-fumetto-italiano\/\",\"name\":\"Paesaggi affettivi: la Provincia nel fumetto italiano - RUFA - Rome University of Fine Arts\",\"isPartOf\":{\"@id\":\"https:\/\/www.unirufa.it\/#website\"},\"datePublished\":\"2023-01-24T12:51:27+00:00\",\"dateModified\":\"2023-01-24T13:02:18+00:00\",\"breadcrumb\":{\"@id\":\"https:\/\/www.unirufa.it\/paesaggi-affettivi-la-provincia-nel-fumetto-italiano\/#breadcrumb\"},\"inLanguage\":\"es\",\"potentialAction\":[{\"@type\":\"ReadAction\",\"target\":[\"https:\/\/www.unirufa.it\/paesaggi-affettivi-la-provincia-nel-fumetto-italiano\/\"]}]},{\"@type\":\"BreadcrumbList\",\"@id\":\"https:\/\/www.unirufa.it\/paesaggi-affettivi-la-provincia-nel-fumetto-italiano\/#breadcrumb\",\"itemListElement\":[{\"@type\":\"ListItem\",\"position\":1,\"name\":\"Home\",\"item\":\"https:\/\/www.unirufa.it\/\"},{\"@type\":\"ListItem\",\"position\":2,\"name\":\"Paesaggi affettivi: la Provincia nel fumetto italiano\"}]},{\"@type\":\"WebSite\",\"@id\":\"https:\/\/www.unirufa.it\/#website\",\"url\":\"https:\/\/www.unirufa.it\/\",\"name\":\"RUFA - Rome University of Fine Arts\",\"description\":\"\",\"potentialAction\":[{\"@type\":\"SearchAction\",\"target\":{\"@type\":\"EntryPoint\",\"urlTemplate\":\"https:\/\/www.unirufa.it\/?s={search_term_string}\"},\"query-input\":{\"@type\":\"PropertyValueSpecification\",\"valueRequired\":true,\"valueName\":\"search_term_string\"}}],\"inLanguage\":\"es\"}]}<\/script>\n<!-- \/ Yoast SEO plugin. -->","yoast_head_json":{"title":"Paesaggi affettivi: la Provincia nel fumetto italiano - RUFA - Rome University of Fine Arts","robots":{"index":"index","follow":"follow","max-snippet":"max-snippet:-1","max-image-preview":"max-image-preview:large","max-video-preview":"max-video-preview:-1"},"canonical":"https:\/\/www.unirufa.it\/paesaggi-affettivi-la-provincia-nel-fumetto-italiano\/","og_locale":"es_ES","og_type":"article","og_title":"Paesaggi affettivi: la Provincia nel fumetto italiano - RUFA - Rome University of Fine Arts","og_description":"Disculpa, pero esta entrada est\u00e1 disponible s\u00f3lo en IT y EN.Il lavoro vuole analizzare la formazione di legami affettivi e come questi influiscano nella creazione e lettura di opere artistiche. Lo spettatore \u00e8 in grado di riconoscersi grazie all\u2019identificazione, ovvero quanto di s\u00e9 ritrova in ci\u00f2 che guarda. Si tratta di un qualcosa legato alle...","og_url":"https:\/\/www.unirufa.it\/paesaggi-affettivi-la-provincia-nel-fumetto-italiano\/","og_site_name":"RUFA - Rome University of Fine Arts","article_modified_time":"2023-01-24T13:02:18+00:00","og_image":[{"width":230,"height":149,"url":"https:\/\/www.unirufa.it\/wp-content\/uploads\/2017\/11\/logo-rufa-2016.png","type":"image\/png"}],"twitter_misc":{"Tiempo de lectura":"2 minutos"},"schema":{"@context":"https:\/\/schema.org","@graph":[{"@type":"WebPage","@id":"https:\/\/www.unirufa.it\/paesaggi-affettivi-la-provincia-nel-fumetto-italiano\/","url":"https:\/\/www.unirufa.it\/paesaggi-affettivi-la-provincia-nel-fumetto-italiano\/","name":"Paesaggi affettivi: la Provincia nel fumetto italiano - RUFA - Rome University of Fine Arts","isPartOf":{"@id":"https:\/\/www.unirufa.it\/#website"},"datePublished":"2023-01-24T12:51:27+00:00","dateModified":"2023-01-24T13:02:18+00:00","breadcrumb":{"@id":"https:\/\/www.unirufa.it\/paesaggi-affettivi-la-provincia-nel-fumetto-italiano\/#breadcrumb"},"inLanguage":"es","potentialAction":[{"@type":"ReadAction","target":["https:\/\/www.unirufa.it\/paesaggi-affettivi-la-provincia-nel-fumetto-italiano\/"]}]},{"@type":"BreadcrumbList","@id":"https:\/\/www.unirufa.it\/paesaggi-affettivi-la-provincia-nel-fumetto-italiano\/#breadcrumb","itemListElement":[{"@type":"ListItem","position":1,"name":"Home","item":"https:\/\/www.unirufa.it\/"},{"@type":"ListItem","position":2,"name":"Paesaggi affettivi: la Provincia nel fumetto italiano"}]},{"@type":"WebSite","@id":"https:\/\/www.unirufa.it\/#website","url":"https:\/\/www.unirufa.it\/","name":"RUFA - Rome University of Fine Arts","description":"","potentialAction":[{"@type":"SearchAction","target":{"@type":"EntryPoint","urlTemplate":"https:\/\/www.unirufa.it\/?s={search_term_string}"},"query-input":{"@type":"PropertyValueSpecification","valueRequired":true,"valueName":"search_term_string"}}],"inLanguage":"es"}]}},"_links":{"self":[{"href":"https:\/\/www.unirufa.it\/es\/wp-json\/wp\/v2\/pages\/93067","targetHints":{"allow":["GET"]}}],"collection":[{"href":"https:\/\/www.unirufa.it\/es\/wp-json\/wp\/v2\/pages"}],"about":[{"href":"https:\/\/www.unirufa.it\/es\/wp-json\/wp\/v2\/types\/page"}],"author":[{"embeddable":true,"href":"https:\/\/www.unirufa.it\/es\/wp-json\/wp\/v2\/users\/47"}],"replies":[{"embeddable":true,"href":"https:\/\/www.unirufa.it\/es\/wp-json\/wp\/v2\/comments?post=93067"}],"version-history":[{"count":2,"href":"https:\/\/www.unirufa.it\/es\/wp-json\/wp\/v2\/pages\/93067\/revisions"}],"predecessor-version":[{"id":93074,"href":"https:\/\/www.unirufa.it\/es\/wp-json\/wp\/v2\/pages\/93067\/revisions\/93074"}],"wp:attachment":[{"href":"https:\/\/www.unirufa.it\/es\/wp-json\/wp\/v2\/media?parent=93067"}],"curies":[{"name":"wp","href":"https:\/\/api.w.org\/{rel}","templated":true}]}}