


{"id":9416,"date":"2016-11-15T08:35:42","date_gmt":"2016-11-15T08:35:42","guid":{"rendered":"http:\/\/192.168.1.102:8888\/unirufa\/?page_id=9416"},"modified":"2026-01-12T19:36:19","modified_gmt":"2026-01-12T18:36:19","slug":"workshop-talk","status":"publish","type":"page","link":"https:\/\/www.unirufa.it\/es\/info-studenti\/workshop-talk\/","title":{"rendered":"Workshop &#038; Talk"},"content":{"rendered":"<p class=\"qtranxs-available-languages-message qtranxs-available-languages-message-es\">Disculpa, pero esta entrada est\u00e1 disponible s\u00f3lo en <a href=\"https:\/\/www.unirufa.it\/it\/wp-json\/wp\/v2\/pages\/9416\" class=\"qtranxs-available-language-link qtranxs-available-language-link-it\" title=\"IT\">IT<\/a> y <a href=\"https:\/\/www.unirufa.it\/en\/wp-json\/wp\/v2\/pages\/9416\" class=\"qtranxs-available-language-link qtranxs-available-language-link-en\" title=\"EN\">EN<\/a>.<\/p>RUFA offre ai propri studenti un dettagliato programma di <strong>attivit\u00e0 extra-accademiche<\/strong>, pensate e organizzate con un unico obiettivo: fornire un significativo bagaglio di conoscenze ed esperienze e dispensare stimoli creativi e spunti artistici, utili a integrare il percorso formativo e di crescita.<\/p>\n<p>Nel corso dell&#8217;anno si svolgono molti Talk pomeridiani, con <strong>protagonisti dell&#8217;industria creativa e dell&#8217;art system<\/strong> italiano e internazionale, e ben <strong>tre sessioni di Workshop<\/strong>, diversificati per disciplina, in cui gli studenti si cimentano con la realizzazione pratica di un progetto, sempre guidati da docenti e interpreti dei linguaggi contemporanei, selezionati tra i pi\u00f9 dinamici e innovativi.<\/p>\n<p>Questo fitto calendario di attivit\u00e0 completa, di fatto, la nostra offerta didattica, contribuendo al <strong>perfezionamento artistico e professionale<\/strong> degli studenti. Ci piace pensare all&#8217;istituzione dell&#8217;Accademia come luogo di continua contaminazione creativa. I Talk e i Workshop rappresentano il momento in cui tale obiettivo si manifesta in modo pi\u00f9 evidente.<\/p>\n<h3>Scopri il calendario completo dei Talk previsti per questo anno accademico.<\/h3>\n\n    <div class=\"panel-group\" id=\"accordion\" role=\"tablist\" aria-multiselectable=\"true\">\n            <\/div>\n    \n<div class=\"su-accordion su-u-trim\"><div class=\"su-spoiler su-spoiler-style-default su-spoiler-icon-plus su-spoiler-closed\" data-scroll-offset=\"0\" data-anchor-in-url=\"no\"><div class=\"su-spoiler-title\" tabindex=\"0\" role=\"button\"><span class=\"su-spoiler-icon\"><\/span>TALK NELLA SEDE DI ROMA<\/div><div class=\"su-spoiler-content su-u-clearfix su-u-trim\">\n<p><strong><a href=\"https:\/\/www.unirufa.it\/eventi\/slippages-photographs-by-linda-cummings\/\" target=\"_blank\">SLIPPAGES: PHOTOGRAPHS BY LINDA CUMMINGS<\/a><\/strong><br \/>\nSpeaker: Linda Cummings<br \/>\nA cura di: Kathy Battista.<br \/>\n19 novembre 2025 \u2013 ore 11.00 &#8211; RUFA Space &#8211; Via degli Ausoni, 7          <\/p>\n<p><strong><a href=\"https:\/\/www.unirufa.it\/eventi\/no-other-land-cinema-e-documentario-nella-storia-palestinese\/\" target=\"_blank\">NO OTHER LAND \u2013 CINEMA E DOCUMENTARIO NELLA STORIA PALESTINESE<\/a> <\/strong><br \/>\nSpeaker: Luca Satulli<br \/>\nA cura di: Mariangela Barbanente.<br \/>\n26 novembre 2025 ore 11.00 \u2013 Aula Magna (G13) &#8211; Via Libetta, 7 <\/p>\n<p><strong><a href=\"https:\/\/www.unirufa.it\/eventi\/il-ruolo-dellartista-nellera-dellintelligenza-artificiale-generativa\/\" target=\"_blank\">IL RUOLO DELL\u2019ARTISTA NELL\u2019ERA DELL\u2019INTELLIGENZA ARTIFICIALE GENERATIVA<\/a> <\/strong><br \/>\nSpeaker: Lorenzo Ceccotti<br \/>\nA cura di: Emiliano Mammucari.<br \/>\n10 dicembre 2025 &#8211; ore 11.00 \u2013 Aula Magna &#8211; Via Taro, 14<\/p>\n<p><strong><a href=\"https:\/\/www.unirufa.it\/eventi\/la-storia-della-slim-dogs-da-youtube-a-media-company\/\" target=\"_blank\">SLIM DOGS \u2013 Da Youtube a Media Company<\/a><\/strong><br \/>\nSpeaker: SLIM DOGS \u2013 Matteo Bruno e Marco Cioni<br \/>\n14 gennaio 2026 \u2013 ore 11.00 &#8211; Aula Magna (G13) &#8211; Via Libetta, 7 <\/p>\n<p><strong><a href=\"https:\/\/www.unirufa.it\/eventi\/100-viscosa-come-filare-nellautoproduzione-a-fumetti\/\" target=\"_blank\">100% VISCOSA: come filare nell\u2019autoproduzione a fumetti<\/a><\/strong><br \/>\nRelatore: Collettivo Viscosa<br \/>\nA cura di: Claudio Spuri.<br \/>\n21 gennaio 2026 \u2013 ore 10.00 &#8211; Aula Magna &#8211; Via Taro, 14<\/p>\n<p><strong>THE ART OF CREATING IMPACTFUL TELEVISION DRAMA<\/strong><br \/>\nSpeaker: Conor Morrissey<br \/>\nA cura di: Marianna Cappi.<br \/>\n04 febbraio 2026 \u2013 ore 10.00 &#8211; Aula Magna (G13) &#8211; Via Libetta, 7 <\/p>\n<p><strong>ATTIVISMO A FUMETTI. Pu\u00f2 un fumetto cambiare il mondo?<\/strong><br \/>\nSpeaker: Rita Petruccioli<br \/>\nA cura di: Claudio Spuri.<br \/>\n11 marzo 2026 \u2013 ore 11.00 \u2013 Aula Magna &#8211; Via Taro, 14<\/p>\n<p><strong>Archetipi e identit\u00e0 dei personaggi Da Joker a Lara Croft, quando i personaggi diventano parte di noi<\/strong><br \/>\nSpeaker: Alessio Gallina<br \/>\nA cura di: Alessandro Napoli e Raffaele Vella.<br \/>\n15 aprile 2026 \u2013 ore 10.00 &#8211; Aula Magna (G13) &#8211; Via Libetta, 7 <\/p>\n<p><strong>LE SEX IN ROSE \u2013 Consenso e Ricerca del piacere nella pratica quotidiana<\/strong><br \/>\nSpeaker: Morena Nerri e Ivano Messinese<br \/>\nA cura di: Lorenzo Iervolino.<br \/>\n29 aprile 2026 \u2013 ore 11.00 &#8211; Aula Magna (G13) &#8211; Via Libetta, 7                 <\/p>\n<p><strong>SPECULATIVE TATICS: Design Fiction e Guerriglia Marketing<\/strong><br \/>\nSpeaker: Andrea Natella<br \/>\nA cura di: Claudio Spuri.<br \/>\n13 maggio 2026 \u2013 ore 11.00 &#8211; Aula Magna (G13) &#8211; Via Libetta, 7    <\/p>\n<\/div><\/div><\/div>\n\n    <div class=\"panel-group\" id=\"accordion\" role=\"tablist\" aria-multiselectable=\"true\">\n            <\/div>\n    \n<div class=\"su-accordion su-u-trim\"><div class=\"su-spoiler su-spoiler-style-default su-spoiler-icon-plus su-spoiler-closed\" data-scroll-offset=\"0\" data-anchor-in-url=\"no\"><div class=\"su-spoiler-title\" tabindex=\"0\" role=\"button\"><span class=\"su-spoiler-icon\"><\/span>TALK NELLA SEDE DI MILANO<\/div><div class=\"su-spoiler-content su-u-clearfix su-u-trim\">\n<p><strong><a href=\"https:\/\/www.unirufa.it\/eventi\/le-immagini-e-le-cose-talk-con-il-regista-michelangelo-frammartino\/\" target=\"_blank\">LE IMMAGINI E LE COSE<\/a><\/strong><br \/>\nSpeaker: Michelangelo Frammartino<br \/>\n27 gennaio 2026 &#8211; ore 11.00 &#8211; Aula Di Salvatore<\/p>\n<p><strong>ANDREA BRANZI E LA SCUOLA DI PIAZZA BAUSAN<\/strong><br \/>\nSpeaker: Francesca Balena Arista, Nicoletta Morozzi Branzi<br \/>\n5 febbraio 2026 &#8211; ore 11.30 &#8211; Aula Di Salvatore<\/p>\n<p><strong>WONDER CEREMONY<\/strong><br \/>\nSpeaker: Francesca Martinazzo<br \/>\n17 marzo 2026 &#8211; ore 11.00 &#8211; Aula Di Salvatore <\/p>\n<p><strong>CARPITA A TUTTI IN RUFA<\/strong><br \/>\nSpeaker: Marco Maraziti, Greta Pinto<br \/>\n14 aprile 2026 &#8211; ore 11:00 &#8211; Aula Di Salvatore<\/p>\n<\/div><\/div><\/div>","protected":false},"excerpt":{"rendered":"<p>Disculpa, pero esta entrada est\u00e1 disponible s\u00f3lo en IT y EN.RUFA offre ai propri studenti un dettagliato programma di attivit\u00e0 extra-accademiche, pensate e organizzate con un unico obiettivo: fornire un significativo bagaglio di conoscenze ed esperienze e dispensare stimoli creativi e spunti artistici, utili a integrare il percorso formativo e di crescita. Nel corso dell&#8217;anno&#8230;<\/p>\n","protected":false},"author":1,"featured_media":10290,"parent":1310,"menu_order":0,"comment_status":"closed","ping_status":"closed","template":"page_workshop.php","meta":{"content-type":"","footnotes":""},"class_list":["post-9416","page","type-page","status-publish","has-post-thumbnail","hentry"],"yoast_head":"<!-- This site is optimized with the Yoast SEO plugin v24.2 - https:\/\/yoast.com\/wordpress\/plugins\/seo\/ -->\n<title>Workshop Accademia Belle Arti Roma - RUFA<\/title>\n<meta name=\"description\" content=\"Scopri il Workshop Accademia Belle Arti Roma - RUFA\" \/>\n<meta name=\"robots\" content=\"index, follow, max-snippet:-1, max-image-preview:large, max-video-preview:-1\" \/>\n<link rel=\"canonical\" href=\"https:\/\/www.unirufa.it\/info-studenti\/workshop-talk\/\" \/>\n<meta property=\"og:locale\" content=\"es_ES\" \/>\n<meta property=\"og:type\" content=\"article\" \/>\n<meta property=\"og:title\" content=\"[:it]Workshop Accademia Belle Arti Roma - RUFA[:en]Rome Academy of Fine Arts Workshop - RUFA[:]\" \/>\n<meta property=\"og:description\" content=\"{:it}Scopri il Workshop Accademia Belle Arti Roma - RUFA{:en}Discover the Rome Academy of Fine Arts Workshop - RUFA{:}\" \/>\n<meta property=\"og:url\" content=\"https:\/\/www.unirufa.it\/info-studenti\/workshop-talk\/\" \/>\n<meta property=\"og:site_name\" content=\"RUFA - Rome University of Fine Arts\" \/>\n<meta property=\"article:modified_time\" content=\"2026-01-12T18:36:19+00:00\" \/>\n<meta property=\"og:image\" content=\"https:\/\/www.unirufa.it\/wp-content\/uploads\/2016\/11\/workshop_e_talk.png\" \/>\n\t<meta property=\"og:image:width\" content=\"1440\" \/>\n\t<meta property=\"og:image:height\" content=\"600\" \/>\n\t<meta property=\"og:image:type\" content=\"image\/png\" \/>\n<meta name=\"twitter:label1\" content=\"Tiempo de lectura\" \/>\n\t<meta name=\"twitter:data1\" content=\"6 minutos\" \/>\n<script type=\"application\/ld+json\" class=\"yoast-schema-graph\">{\"@context\":\"https:\/\/schema.org\",\"@graph\":[{\"@type\":\"WebPage\",\"@id\":\"https:\/\/www.unirufa.it\/info-studenti\/workshop-talk\/\",\"url\":\"https:\/\/www.unirufa.it\/info-studenti\/workshop-talk\/\",\"name\":\"[:it]Workshop Accademia Belle Arti Roma - RUFA[:en]Rome Academy of Fine Arts Workshop - RUFA[:]\",\"isPartOf\":{\"@id\":\"https:\/\/www.unirufa.it\/#website\"},\"primaryImageOfPage\":{\"@id\":\"https:\/\/www.unirufa.it\/info-studenti\/workshop-talk\/#primaryimage\"},\"image\":{\"@id\":\"https:\/\/www.unirufa.it\/info-studenti\/workshop-talk\/#primaryimage\"},\"thumbnailUrl\":\"https:\/\/www.unirufa.it\/wp-content\/uploads\/2016\/11\/workshop_e_talk.png\",\"datePublished\":\"2016-11-15T08:35:42+00:00\",\"dateModified\":\"2026-01-12T18:36:19+00:00\",\"description\":\"{:it}Scopri il Workshop Accademia Belle Arti Roma - RUFA{:en}Discover the Rome Academy of Fine Arts Workshop - RUFA{:}\",\"breadcrumb\":{\"@id\":\"https:\/\/www.unirufa.it\/info-studenti\/workshop-talk\/#breadcrumb\"},\"inLanguage\":\"es\",\"potentialAction\":[{\"@type\":\"ReadAction\",\"target\":[\"https:\/\/www.unirufa.it\/info-studenti\/workshop-talk\/\"]}]},{\"@type\":\"ImageObject\",\"inLanguage\":\"es\",\"@id\":\"https:\/\/www.unirufa.it\/info-studenti\/workshop-talk\/#primaryimage\",\"url\":\"https:\/\/www.unirufa.it\/wp-content\/uploads\/2016\/11\/workshop_e_talk.png\",\"contentUrl\":\"https:\/\/www.unirufa.it\/wp-content\/uploads\/2016\/11\/workshop_e_talk.png\",\"width\":1440,\"height\":600,\"caption\":\"workshop accademia belle arti\"},{\"@type\":\"BreadcrumbList\",\"@id\":\"https:\/\/www.unirufa.it\/info-studenti\/workshop-talk\/#breadcrumb\",\"itemListElement\":[{\"@type\":\"ListItem\",\"position\":1,\"name\":\"Home\",\"item\":\"https:\/\/www.unirufa.it\/\"},{\"@type\":\"ListItem\",\"position\":2,\"name\":\"Info Studenti e Servizi\",\"item\":\"https:\/\/www.unirufa.it\/info-studenti\/\"},{\"@type\":\"ListItem\",\"position\":3,\"name\":\"Workshop &#038; Talk\"}]},{\"@type\":\"WebSite\",\"@id\":\"https:\/\/www.unirufa.it\/#website\",\"url\":\"https:\/\/www.unirufa.it\/\",\"name\":\"RUFA - Rome University of Fine Arts\",\"description\":\"\",\"potentialAction\":[{\"@type\":\"SearchAction\",\"target\":{\"@type\":\"EntryPoint\",\"urlTemplate\":\"https:\/\/www.unirufa.it\/?s={search_term_string}\"},\"query-input\":{\"@type\":\"PropertyValueSpecification\",\"valueRequired\":true,\"valueName\":\"search_term_string\"}}],\"inLanguage\":\"es\"}]}<\/script>\n<!-- \/ Yoast SEO plugin. -->","yoast_head_json":{"title":"Workshop Accademia Belle Arti Roma - RUFA","description":"Scopri il Workshop Accademia Belle Arti Roma - RUFA","robots":{"index":"index","follow":"follow","max-snippet":"max-snippet:-1","max-image-preview":"max-image-preview:large","max-video-preview":"max-video-preview:-1"},"canonical":"https:\/\/www.unirufa.it\/info-studenti\/workshop-talk\/","og_locale":"es_ES","og_type":"article","og_title":"[:it]Workshop Accademia Belle Arti Roma - RUFA[:en]Rome Academy of Fine Arts Workshop - RUFA[:]","og_description":"{:it}Scopri il Workshop Accademia Belle Arti Roma - RUFA{:en}Discover the Rome Academy of Fine Arts Workshop - RUFA{:}","og_url":"https:\/\/www.unirufa.it\/info-studenti\/workshop-talk\/","og_site_name":"RUFA - Rome University of Fine Arts","article_modified_time":"2026-01-12T18:36:19+00:00","og_image":[{"width":1440,"height":600,"url":"https:\/\/www.unirufa.it\/wp-content\/uploads\/2016\/11\/workshop_e_talk.png","type":"image\/png"}],"twitter_misc":{"Tiempo de lectura":"6 minutos"},"schema":{"@context":"https:\/\/schema.org","@graph":[{"@type":"WebPage","@id":"https:\/\/www.unirufa.it\/info-studenti\/workshop-talk\/","url":"https:\/\/www.unirufa.it\/info-studenti\/workshop-talk\/","name":"[:it]Workshop Accademia Belle Arti Roma - RUFA[:en]Rome Academy of Fine Arts Workshop - RUFA[:]","isPartOf":{"@id":"https:\/\/www.unirufa.it\/#website"},"primaryImageOfPage":{"@id":"https:\/\/www.unirufa.it\/info-studenti\/workshop-talk\/#primaryimage"},"image":{"@id":"https:\/\/www.unirufa.it\/info-studenti\/workshop-talk\/#primaryimage"},"thumbnailUrl":"https:\/\/www.unirufa.it\/wp-content\/uploads\/2016\/11\/workshop_e_talk.png","datePublished":"2016-11-15T08:35:42+00:00","dateModified":"2026-01-12T18:36:19+00:00","description":"{:it}Scopri il Workshop Accademia Belle Arti Roma - RUFA{:en}Discover the Rome Academy of Fine Arts Workshop - RUFA{:}","breadcrumb":{"@id":"https:\/\/www.unirufa.it\/info-studenti\/workshop-talk\/#breadcrumb"},"inLanguage":"es","potentialAction":[{"@type":"ReadAction","target":["https:\/\/www.unirufa.it\/info-studenti\/workshop-talk\/"]}]},{"@type":"ImageObject","inLanguage":"es","@id":"https:\/\/www.unirufa.it\/info-studenti\/workshop-talk\/#primaryimage","url":"https:\/\/www.unirufa.it\/wp-content\/uploads\/2016\/11\/workshop_e_talk.png","contentUrl":"https:\/\/www.unirufa.it\/wp-content\/uploads\/2016\/11\/workshop_e_talk.png","width":1440,"height":600,"caption":"workshop accademia belle arti"},{"@type":"BreadcrumbList","@id":"https:\/\/www.unirufa.it\/info-studenti\/workshop-talk\/#breadcrumb","itemListElement":[{"@type":"ListItem","position":1,"name":"Home","item":"https:\/\/www.unirufa.it\/"},{"@type":"ListItem","position":2,"name":"Info Studenti e Servizi","item":"https:\/\/www.unirufa.it\/info-studenti\/"},{"@type":"ListItem","position":3,"name":"Workshop &#038; Talk"}]},{"@type":"WebSite","@id":"https:\/\/www.unirufa.it\/#website","url":"https:\/\/www.unirufa.it\/","name":"RUFA - Rome University of Fine Arts","description":"","potentialAction":[{"@type":"SearchAction","target":{"@type":"EntryPoint","urlTemplate":"https:\/\/www.unirufa.it\/?s={search_term_string}"},"query-input":{"@type":"PropertyValueSpecification","valueRequired":true,"valueName":"search_term_string"}}],"inLanguage":"es"}]}},"_links":{"self":[{"href":"https:\/\/www.unirufa.it\/es\/wp-json\/wp\/v2\/pages\/9416","targetHints":{"allow":["GET"]}}],"collection":[{"href":"https:\/\/www.unirufa.it\/es\/wp-json\/wp\/v2\/pages"}],"about":[{"href":"https:\/\/www.unirufa.it\/es\/wp-json\/wp\/v2\/types\/page"}],"author":[{"embeddable":true,"href":"https:\/\/www.unirufa.it\/es\/wp-json\/wp\/v2\/users\/1"}],"replies":[{"embeddable":true,"href":"https:\/\/www.unirufa.it\/es\/wp-json\/wp\/v2\/comments?post=9416"}],"version-history":[{"count":111,"href":"https:\/\/www.unirufa.it\/es\/wp-json\/wp\/v2\/pages\/9416\/revisions"}],"predecessor-version":[{"id":150553,"href":"https:\/\/www.unirufa.it\/es\/wp-json\/wp\/v2\/pages\/9416\/revisions\/150553"}],"up":[{"embeddable":true,"href":"https:\/\/www.unirufa.it\/es\/wp-json\/wp\/v2\/pages\/1310"}],"wp:featuredmedia":[{"embeddable":true,"href":"https:\/\/www.unirufa.it\/es\/wp-json\/wp\/v2\/media\/10290"}],"wp:attachment":[{"href":"https:\/\/www.unirufa.it\/es\/wp-json\/wp\/v2\/media?parent=9416"}],"curies":[{"name":"wp","href":"https:\/\/api.w.org\/{rel}","templated":true}]}}