


{"id":94692,"date":"2023-02-10T21:38:25","date_gmt":"2023-02-10T20:38:25","guid":{"rendered":"https:\/\/www.unirufa.it\/?page_id=94692"},"modified":"2023-02-10T21:38:25","modified_gmt":"2023-02-10T20:38:25","slug":"la-citta-incantata","status":"publish","type":"page","link":"https:\/\/www.unirufa.it\/es\/la-citta-incantata\/","title":{"rendered":"LA CITT\u00c0 INCANTATA"},"content":{"rendered":"<p class=\"qtranxs-available-languages-message qtranxs-available-languages-message-es\">Disculpa, pero esta entrada est\u00e1 disponible s\u00f3lo en <a href=\"https:\/\/www.unirufa.it\/it\/wp-json\/wp\/v2\/pages\/94692\" class=\"qtranxs-available-language-link qtranxs-available-language-link-it\" title=\"IT\">IT<\/a> y <a href=\"https:\/\/www.unirufa.it\/en\/wp-json\/wp\/v2\/pages\/94692\" class=\"qtranxs-available-language-link qtranxs-available-language-link-en\" title=\"EN\">EN<\/a>.<\/p><div class=\"su-image-carousel  su-image-carousel-has-spacing su-image-carousel-adaptive su-image-carousel-slides-style-minimal su-image-carousel-controls-style-light su-image-carousel-align-center\" style=\"\" data-flickity-options='{\"groupCells\":true,\"cellSelector\":\".su-image-carousel-item\",\"adaptiveHeight\":true,\"cellAlign\":\"left\",\"prevNextButtons\":true,\"pageDots\":false,\"autoPlay\":5000,\"imagesLoaded\":true,\"contain\":false,\"selectedAttraction\":0.025,\"friction\":0.28}' id=\"su_image_carousel_69de5906aee4b\"><div class=\"su-image-carousel-item\"><div class=\"su-image-carousel-item-content\"><a href=\"https:\/\/www.unirufa.it\/wp-content\/uploads\/2023\/02\/img_set-desgn_martina-arcieri_3.jpg\" target=\"_blank\" rel=\"noopener noreferrer\" data-caption=\"\"><img loading=\"lazy\" decoding=\"async\" width=\"1050\" height=\"600\" src=\"https:\/\/www.unirufa.it\/wp-content\/uploads\/2023\/02\/img_set-desgn_martina-arcieri_3.jpg\" class=\"\" alt=\"\" srcset=\"https:\/\/www.unirufa.it\/wp-content\/uploads\/2023\/02\/img_set-desgn_martina-arcieri_3.jpg 1050w, https:\/\/www.unirufa.it\/wp-content\/uploads\/2023\/02\/img_set-desgn_martina-arcieri_3-300x171.jpg 300w, https:\/\/www.unirufa.it\/wp-content\/uploads\/2023\/02\/img_set-desgn_martina-arcieri_3-1024x585.jpg 1024w, https:\/\/www.unirufa.it\/wp-content\/uploads\/2023\/02\/img_set-desgn_martina-arcieri_3-768x439.jpg 768w\" sizes=\"auto, (max-width: 1050px) 100vw, 1050px\" \/><\/a><\/div><\/div><div class=\"su-image-carousel-item\"><div class=\"su-image-carousel-item-content\"><a href=\"https:\/\/www.unirufa.it\/wp-content\/uploads\/2023\/02\/img_set-desgn_martina-arcieri_2.jpg\" target=\"_blank\" rel=\"noopener noreferrer\" data-caption=\"\"><img loading=\"lazy\" decoding=\"async\" width=\"1050\" height=\"600\" src=\"https:\/\/www.unirufa.it\/wp-content\/uploads\/2023\/02\/img_set-desgn_martina-arcieri_2.jpg\" class=\"\" alt=\"\" srcset=\"https:\/\/www.unirufa.it\/wp-content\/uploads\/2023\/02\/img_set-desgn_martina-arcieri_2.jpg 1050w, https:\/\/www.unirufa.it\/wp-content\/uploads\/2023\/02\/img_set-desgn_martina-arcieri_2-300x171.jpg 300w, https:\/\/www.unirufa.it\/wp-content\/uploads\/2023\/02\/img_set-desgn_martina-arcieri_2-1024x585.jpg 1024w, https:\/\/www.unirufa.it\/wp-content\/uploads\/2023\/02\/img_set-desgn_martina-arcieri_2-768x439.jpg 768w\" sizes=\"auto, (max-width: 1050px) 100vw, 1050px\" \/><\/a><\/div><\/div><div class=\"su-image-carousel-item\"><div class=\"su-image-carousel-item-content\"><a href=\"https:\/\/www.unirufa.it\/wp-content\/uploads\/2023\/02\/img_set-desgn_martina-arcieri_1.jpg\" target=\"_blank\" rel=\"noopener noreferrer\" data-caption=\"\"><img loading=\"lazy\" decoding=\"async\" width=\"1050\" height=\"600\" src=\"https:\/\/www.unirufa.it\/wp-content\/uploads\/2023\/02\/img_set-desgn_martina-arcieri_1.jpg\" class=\"\" alt=\"\" srcset=\"https:\/\/www.unirufa.it\/wp-content\/uploads\/2023\/02\/img_set-desgn_martina-arcieri_1.jpg 1050w, https:\/\/www.unirufa.it\/wp-content\/uploads\/2023\/02\/img_set-desgn_martina-arcieri_1-300x171.jpg 300w, https:\/\/www.unirufa.it\/wp-content\/uploads\/2023\/02\/img_set-desgn_martina-arcieri_1-1024x585.jpg 1024w, https:\/\/www.unirufa.it\/wp-content\/uploads\/2023\/02\/img_set-desgn_martina-arcieri_1-768x439.jpg 768w\" sizes=\"auto, (max-width: 1050px) 100vw, 1050px\" \/><\/a><\/div><\/div><div class=\"su-image-carousel-item\"><div class=\"su-image-carousel-item-content\"><a href=\"https:\/\/www.unirufa.it\/wp-content\/uploads\/2023\/02\/img_set-desgn_martina-arcieri_4.jpg\" target=\"_blank\" rel=\"noopener noreferrer\" data-caption=\"\"><img loading=\"lazy\" decoding=\"async\" width=\"1050\" height=\"600\" src=\"https:\/\/www.unirufa.it\/wp-content\/uploads\/2023\/02\/img_set-desgn_martina-arcieri_4.jpg\" class=\"\" alt=\"\" srcset=\"https:\/\/www.unirufa.it\/wp-content\/uploads\/2023\/02\/img_set-desgn_martina-arcieri_4.jpg 1050w, https:\/\/www.unirufa.it\/wp-content\/uploads\/2023\/02\/img_set-desgn_martina-arcieri_4-300x171.jpg 300w, https:\/\/www.unirufa.it\/wp-content\/uploads\/2023\/02\/img_set-desgn_martina-arcieri_4-1024x585.jpg 1024w, https:\/\/www.unirufa.it\/wp-content\/uploads\/2023\/02\/img_set-desgn_martina-arcieri_4-768x439.jpg 768w\" sizes=\"auto, (max-width: 1050px) 100vw, 1050px\" \/><\/a><\/div><\/div><\/div><script id=\"su_image_carousel_69de5906aee4b_script\">if(window.SUImageCarousel){setTimeout(function() {window.SUImageCarousel.initGallery(document.getElementById(\"su_image_carousel_69de5906aee4b\"))}, 0);}var su_image_carousel_69de5906aee4b_script=document.getElementById(\"su_image_carousel_69de5906aee4b_script\");if(su_image_carousel_69de5906aee4b_script){su_image_carousel_69de5906aee4b_script.parentNode.removeChild(su_image_carousel_69de5906aee4b_script);}<\/script>\n&nbsp;<\/p>\n<p>LA CITT\u00c0 INCANTATA si ispira fortemente, non solo alla trama dell\u2019omonimo capolavoro d\u2019animazione di Hayao Miyazaki, ma anche all\u2019insieme dei messaggi di cui tutte le sue immagini si fa carico, cercando di riproporre in chiave teatrale quel mondo bizzarro e meraviglioso che l\u2019autore ha disegnato con tanta maestria.<br \/>\nLa proposta di uno spettacolo musicale nasce dalla volont\u00e0 di una reinterpretazione del film tramite un mezzo alternativo all\u2019animazione: una scenografia teatrale che tenta di esplorare nelle forme e nelle atmosfere il film del maestro giapponese. <\/p>\n<h3><font color=\"#ff7800\">Il disegno resta lo strumento principe di questo processo comunicativo, un disegno che tenta di restituire a tutti gli elementi costruttivi e a tutti i materiali impiegati, quella magia che solo uno spettacolo dal vivo pu\u00f2 trasmettere in quel rapporto magico con gli attori e con il pubblico.<\/font><\/h3>\n<p>&nbsp;<br \/>\n&nbsp;<br \/>\n<a id=\"btn-regolamentocorso\" class=\"download-btn full\" style=\"background-color: #ff7800; border-color: #ff7800;\" href=\"https:\/\/www.unirufa.it\/artisti\/martina-arcieri\/\"><span style=\"color: #ffffff;\">MARTINA ARCIERI<\/span><\/a><br \/>\n&nbsp;<br \/>\n&nbsp;","protected":false},"excerpt":{"rendered":"<p>Disculpa, pero esta entrada est\u00e1 disponible s\u00f3lo en IT y EN.&nbsp; LA CITT\u00c0 INCANTATA si ispira fortemente, non solo alla trama dell\u2019omonimo capolavoro d\u2019animazione di Hayao Miyazaki, ma anche all\u2019insieme dei messaggi di cui tutte le sue immagini si fa carico, cercando di riproporre in chiave teatrale quel mondo bizzarro e meraviglioso che l\u2019autore ha&#8230;<\/p>\n","protected":false},"author":47,"featured_media":0,"parent":0,"menu_order":0,"comment_status":"closed","ping_status":"closed","template":"","meta":{"content-type":"","footnotes":""},"class_list":["post-94692","page","type-page","status-publish","hentry"],"yoast_head":"<!-- This site is optimized with the Yoast SEO plugin v24.2 - https:\/\/yoast.com\/wordpress\/plugins\/seo\/ -->\n<title>LA CITT\u00c0 INCANTATA - RUFA - Rome University of Fine Arts<\/title>\n<meta name=\"robots\" content=\"index, follow, max-snippet:-1, max-image-preview:large, max-video-preview:-1\" \/>\n<link rel=\"canonical\" href=\"https:\/\/www.unirufa.it\/la-citta-incantata\/\" \/>\n<meta property=\"og:locale\" content=\"es_ES\" \/>\n<meta property=\"og:type\" content=\"article\" \/>\n<meta property=\"og:title\" content=\"LA CITT\u00c0 INCANTATA - RUFA - Rome University of Fine Arts\" \/>\n<meta property=\"og:description\" content=\"Disculpa, pero esta entrada est\u00e1 disponible s\u00f3lo en IT y EN.&nbsp; LA CITT\u00c0 INCANTATA si ispira fortemente, non solo alla trama dell\u2019omonimo capolavoro d\u2019animazione di Hayao Miyazaki, ma anche all\u2019insieme dei messaggi di cui tutte le sue immagini si fa carico, cercando di riproporre in chiave teatrale quel mondo bizzarro e meraviglioso che l\u2019autore ha...\" \/>\n<meta property=\"og:url\" content=\"https:\/\/www.unirufa.it\/la-citta-incantata\/\" \/>\n<meta property=\"og:site_name\" content=\"RUFA - Rome University of Fine Arts\" \/>\n<meta property=\"og:image\" content=\"https:\/\/www.unirufa.it\/wp-content\/uploads\/2017\/11\/logo-rufa-2016.png\" \/>\n\t<meta property=\"og:image:width\" content=\"230\" \/>\n\t<meta property=\"og:image:height\" content=\"149\" \/>\n\t<meta property=\"og:image:type\" content=\"image\/png\" \/>\n<meta name=\"twitter:label1\" content=\"Tiempo de lectura\" \/>\n\t<meta name=\"twitter:data1\" content=\"2 minutos\" \/>\n<script type=\"application\/ld+json\" class=\"yoast-schema-graph\">{\"@context\":\"https:\/\/schema.org\",\"@graph\":[{\"@type\":\"WebPage\",\"@id\":\"https:\/\/www.unirufa.it\/la-citta-incantata\/\",\"url\":\"https:\/\/www.unirufa.it\/la-citta-incantata\/\",\"name\":\"LA CITT\u00c0 INCANTATA - RUFA - Rome University of Fine Arts\",\"isPartOf\":{\"@id\":\"https:\/\/www.unirufa.it\/#website\"},\"datePublished\":\"2023-02-10T20:38:25+00:00\",\"dateModified\":\"2023-02-10T20:38:25+00:00\",\"breadcrumb\":{\"@id\":\"https:\/\/www.unirufa.it\/la-citta-incantata\/#breadcrumb\"},\"inLanguage\":\"es\",\"potentialAction\":[{\"@type\":\"ReadAction\",\"target\":[\"https:\/\/www.unirufa.it\/la-citta-incantata\/\"]}]},{\"@type\":\"BreadcrumbList\",\"@id\":\"https:\/\/www.unirufa.it\/la-citta-incantata\/#breadcrumb\",\"itemListElement\":[{\"@type\":\"ListItem\",\"position\":1,\"name\":\"Home\",\"item\":\"https:\/\/www.unirufa.it\/\"},{\"@type\":\"ListItem\",\"position\":2,\"name\":\"LA CITT\u00c0 INCANTATA\"}]},{\"@type\":\"WebSite\",\"@id\":\"https:\/\/www.unirufa.it\/#website\",\"url\":\"https:\/\/www.unirufa.it\/\",\"name\":\"RUFA - Rome University of Fine Arts\",\"description\":\"\",\"potentialAction\":[{\"@type\":\"SearchAction\",\"target\":{\"@type\":\"EntryPoint\",\"urlTemplate\":\"https:\/\/www.unirufa.it\/?s={search_term_string}\"},\"query-input\":{\"@type\":\"PropertyValueSpecification\",\"valueRequired\":true,\"valueName\":\"search_term_string\"}}],\"inLanguage\":\"es\"}]}<\/script>\n<!-- \/ Yoast SEO plugin. -->","yoast_head_json":{"title":"LA CITT\u00c0 INCANTATA - RUFA - Rome University of Fine Arts","robots":{"index":"index","follow":"follow","max-snippet":"max-snippet:-1","max-image-preview":"max-image-preview:large","max-video-preview":"max-video-preview:-1"},"canonical":"https:\/\/www.unirufa.it\/la-citta-incantata\/","og_locale":"es_ES","og_type":"article","og_title":"LA CITT\u00c0 INCANTATA - RUFA - Rome University of Fine Arts","og_description":"Disculpa, pero esta entrada est\u00e1 disponible s\u00f3lo en IT y EN.&nbsp; LA CITT\u00c0 INCANTATA si ispira fortemente, non solo alla trama dell\u2019omonimo capolavoro d\u2019animazione di Hayao Miyazaki, ma anche all\u2019insieme dei messaggi di cui tutte le sue immagini si fa carico, cercando di riproporre in chiave teatrale quel mondo bizzarro e meraviglioso che l\u2019autore ha...","og_url":"https:\/\/www.unirufa.it\/la-citta-incantata\/","og_site_name":"RUFA - Rome University of Fine Arts","og_image":[{"width":230,"height":149,"url":"https:\/\/www.unirufa.it\/wp-content\/uploads\/2017\/11\/logo-rufa-2016.png","type":"image\/png"}],"twitter_misc":{"Tiempo de lectura":"2 minutos"},"schema":{"@context":"https:\/\/schema.org","@graph":[{"@type":"WebPage","@id":"https:\/\/www.unirufa.it\/la-citta-incantata\/","url":"https:\/\/www.unirufa.it\/la-citta-incantata\/","name":"LA CITT\u00c0 INCANTATA - RUFA - Rome University of Fine Arts","isPartOf":{"@id":"https:\/\/www.unirufa.it\/#website"},"datePublished":"2023-02-10T20:38:25+00:00","dateModified":"2023-02-10T20:38:25+00:00","breadcrumb":{"@id":"https:\/\/www.unirufa.it\/la-citta-incantata\/#breadcrumb"},"inLanguage":"es","potentialAction":[{"@type":"ReadAction","target":["https:\/\/www.unirufa.it\/la-citta-incantata\/"]}]},{"@type":"BreadcrumbList","@id":"https:\/\/www.unirufa.it\/la-citta-incantata\/#breadcrumb","itemListElement":[{"@type":"ListItem","position":1,"name":"Home","item":"https:\/\/www.unirufa.it\/"},{"@type":"ListItem","position":2,"name":"LA CITT\u00c0 INCANTATA"}]},{"@type":"WebSite","@id":"https:\/\/www.unirufa.it\/#website","url":"https:\/\/www.unirufa.it\/","name":"RUFA - Rome University of Fine Arts","description":"","potentialAction":[{"@type":"SearchAction","target":{"@type":"EntryPoint","urlTemplate":"https:\/\/www.unirufa.it\/?s={search_term_string}"},"query-input":{"@type":"PropertyValueSpecification","valueRequired":true,"valueName":"search_term_string"}}],"inLanguage":"es"}]}},"_links":{"self":[{"href":"https:\/\/www.unirufa.it\/es\/wp-json\/wp\/v2\/pages\/94692","targetHints":{"allow":["GET"]}}],"collection":[{"href":"https:\/\/www.unirufa.it\/es\/wp-json\/wp\/v2\/pages"}],"about":[{"href":"https:\/\/www.unirufa.it\/es\/wp-json\/wp\/v2\/types\/page"}],"author":[{"embeddable":true,"href":"https:\/\/www.unirufa.it\/es\/wp-json\/wp\/v2\/users\/47"}],"replies":[{"embeddable":true,"href":"https:\/\/www.unirufa.it\/es\/wp-json\/wp\/v2\/comments?post=94692"}],"version-history":[{"count":2,"href":"https:\/\/www.unirufa.it\/es\/wp-json\/wp\/v2\/pages\/94692\/revisions"}],"predecessor-version":[{"id":94694,"href":"https:\/\/www.unirufa.it\/es\/wp-json\/wp\/v2\/pages\/94692\/revisions\/94694"}],"wp:attachment":[{"href":"https:\/\/www.unirufa.it\/es\/wp-json\/wp\/v2\/media?parent=94692"}],"curies":[{"name":"wp","href":"https:\/\/api.w.org\/{rel}","templated":true}]}}