


{"id":94723,"date":"2023-02-10T22:31:14","date_gmt":"2023-02-10T21:31:14","guid":{"rendered":"https:\/\/www.unirufa.it\/?page_id=94723"},"modified":"2023-02-10T22:31:14","modified_gmt":"2023-02-10T21:31:14","slug":"il-sogno-dellarte-viaggio-tra-mito-ibridi-e-chimere","status":"publish","type":"page","link":"https:\/\/www.unirufa.it\/es\/il-sogno-dellarte-viaggio-tra-mito-ibridi-e-chimere\/","title":{"rendered":"Il sogno dell\u2019arte. Viaggio tra mito, ibridi e chimere"},"content":{"rendered":"<p class=\"qtranxs-available-languages-message qtranxs-available-languages-message-es\">Disculpa, pero esta entrada est\u00e1 disponible s\u00f3lo en <a href=\"https:\/\/www.unirufa.it\/it\/wp-json\/wp\/v2\/pages\/94723\" class=\"qtranxs-available-language-link qtranxs-available-language-link-it\" title=\"IT\">IT<\/a> y <a href=\"https:\/\/www.unirufa.it\/en\/wp-json\/wp\/v2\/pages\/94723\" class=\"qtranxs-available-language-link qtranxs-available-language-link-en\" title=\"EN\">EN<\/a>.<\/p><div class=\"su-image-carousel  su-image-carousel-has-spacing su-image-carousel-adaptive su-image-carousel-slides-style-minimal su-image-carousel-controls-style-light su-image-carousel-align-left\" style=\"\" data-flickity-options='{\"groupCells\":true,\"cellSelector\":\".su-image-carousel-item\",\"adaptiveHeight\":true,\"cellAlign\":\"left\",\"prevNextButtons\":true,\"pageDots\":false,\"autoPlay\":3000,\"imagesLoaded\":true,\"contain\":false,\"selectedAttraction\":0.025,\"friction\":0.28}' id=\"su_image_carousel_69e5613a4209d\"><div class=\"su-image-carousel-item\"><div class=\"su-image-carousel-item-content\"><img loading=\"lazy\" decoding=\"async\" width=\"1050\" height=\"600\" src=\"https:\/\/www.unirufa.it\/wp-content\/uploads\/2021\/04\/progetti_studenti_visual_arts_tatiana_balchesini_tesi_il_sogno_dellarte_the_hybrid_that_is_reflected.jpg\" class=\"\" alt=\"\" srcset=\"https:\/\/www.unirufa.it\/wp-content\/uploads\/2021\/04\/progetti_studenti_visual_arts_tatiana_balchesini_tesi_il_sogno_dellarte_the_hybrid_that_is_reflected.jpg 1050w, https:\/\/www.unirufa.it\/wp-content\/uploads\/2021\/04\/progetti_studenti_visual_arts_tatiana_balchesini_tesi_il_sogno_dellarte_the_hybrid_that_is_reflected-300x171.jpg 300w, https:\/\/www.unirufa.it\/wp-content\/uploads\/2021\/04\/progetti_studenti_visual_arts_tatiana_balchesini_tesi_il_sogno_dellarte_the_hybrid_that_is_reflected-1024x585.jpg 1024w, https:\/\/www.unirufa.it\/wp-content\/uploads\/2021\/04\/progetti_studenti_visual_arts_tatiana_balchesini_tesi_il_sogno_dellarte_the_hybrid_that_is_reflected-768x439.jpg 768w\" sizes=\"auto, (max-width: 1050px) 100vw, 1050px\" \/><\/div><\/div><div class=\"su-image-carousel-item\"><div class=\"su-image-carousel-item-content\"><img loading=\"lazy\" decoding=\"async\" width=\"1050\" height=\"600\" src=\"https:\/\/www.unirufa.it\/wp-content\/uploads\/2021\/04\/progetti_studenti_visual_arts_tatiana_balchesini_tesi_il_sogno_dellarte_the_hybrid_that_is_reflected_detail.jpg\" class=\"\" alt=\"\" srcset=\"https:\/\/www.unirufa.it\/wp-content\/uploads\/2021\/04\/progetti_studenti_visual_arts_tatiana_balchesini_tesi_il_sogno_dellarte_the_hybrid_that_is_reflected_detail.jpg 1050w, https:\/\/www.unirufa.it\/wp-content\/uploads\/2021\/04\/progetti_studenti_visual_arts_tatiana_balchesini_tesi_il_sogno_dellarte_the_hybrid_that_is_reflected_detail-300x171.jpg 300w, https:\/\/www.unirufa.it\/wp-content\/uploads\/2021\/04\/progetti_studenti_visual_arts_tatiana_balchesini_tesi_il_sogno_dellarte_the_hybrid_that_is_reflected_detail-1024x585.jpg 1024w, https:\/\/www.unirufa.it\/wp-content\/uploads\/2021\/04\/progetti_studenti_visual_arts_tatiana_balchesini_tesi_il_sogno_dellarte_the_hybrid_that_is_reflected_detail-768x439.jpg 768w\" sizes=\"auto, (max-width: 1050px) 100vw, 1050px\" \/><\/div><\/div><div class=\"su-image-carousel-item\"><div class=\"su-image-carousel-item-content\"><img loading=\"lazy\" decoding=\"async\" width=\"1050\" height=\"600\" src=\"https:\/\/www.unirufa.it\/wp-content\/uploads\/2021\/04\/progetti_studenti_visual_arts_tatiana_balchesini_tesi_il_sogno_dellarte_a_real_absurd_tragedy.jpg\" class=\"\" alt=\"\" srcset=\"https:\/\/www.unirufa.it\/wp-content\/uploads\/2021\/04\/progetti_studenti_visual_arts_tatiana_balchesini_tesi_il_sogno_dellarte_a_real_absurd_tragedy.jpg 1050w, https:\/\/www.unirufa.it\/wp-content\/uploads\/2021\/04\/progetti_studenti_visual_arts_tatiana_balchesini_tesi_il_sogno_dellarte_a_real_absurd_tragedy-300x171.jpg 300w, https:\/\/www.unirufa.it\/wp-content\/uploads\/2021\/04\/progetti_studenti_visual_arts_tatiana_balchesini_tesi_il_sogno_dellarte_a_real_absurd_tragedy-1024x585.jpg 1024w, https:\/\/www.unirufa.it\/wp-content\/uploads\/2021\/04\/progetti_studenti_visual_arts_tatiana_balchesini_tesi_il_sogno_dellarte_a_real_absurd_tragedy-768x439.jpg 768w\" sizes=\"auto, (max-width: 1050px) 100vw, 1050px\" \/><\/div><\/div><div class=\"su-image-carousel-item\"><div class=\"su-image-carousel-item-content\"><img loading=\"lazy\" decoding=\"async\" width=\"1050\" height=\"600\" src=\"https:\/\/www.unirufa.it\/wp-content\/uploads\/2021\/04\/progetti_studenti_visual_arts_tatiana_balchesini_tesi_il_sogno_dellarte_a_real_absurd_tragedy_detail.jpg\" class=\"\" alt=\"\" srcset=\"https:\/\/www.unirufa.it\/wp-content\/uploads\/2021\/04\/progetti_studenti_visual_arts_tatiana_balchesini_tesi_il_sogno_dellarte_a_real_absurd_tragedy_detail.jpg 1050w, https:\/\/www.unirufa.it\/wp-content\/uploads\/2021\/04\/progetti_studenti_visual_arts_tatiana_balchesini_tesi_il_sogno_dellarte_a_real_absurd_tragedy_detail-300x171.jpg 300w, https:\/\/www.unirufa.it\/wp-content\/uploads\/2021\/04\/progetti_studenti_visual_arts_tatiana_balchesini_tesi_il_sogno_dellarte_a_real_absurd_tragedy_detail-1024x585.jpg 1024w, https:\/\/www.unirufa.it\/wp-content\/uploads\/2021\/04\/progetti_studenti_visual_arts_tatiana_balchesini_tesi_il_sogno_dellarte_a_real_absurd_tragedy_detail-768x439.jpg 768w\" sizes=\"auto, (max-width: 1050px) 100vw, 1050px\" \/><\/div><\/div><div class=\"su-image-carousel-item\"><div class=\"su-image-carousel-item-content\"><img loading=\"lazy\" decoding=\"async\" width=\"1050\" height=\"600\" src=\"https:\/\/www.unirufa.it\/wp-content\/uploads\/2021\/04\/progetti_studenti_visual_arts_tatiana_balchesini_tesi_il_sogno_dellarte_the_world_is_going.jpg\" class=\"\" alt=\"\" srcset=\"https:\/\/www.unirufa.it\/wp-content\/uploads\/2021\/04\/progetti_studenti_visual_arts_tatiana_balchesini_tesi_il_sogno_dellarte_the_world_is_going.jpg 1050w, https:\/\/www.unirufa.it\/wp-content\/uploads\/2021\/04\/progetti_studenti_visual_arts_tatiana_balchesini_tesi_il_sogno_dellarte_the_world_is_going-300x171.jpg 300w, https:\/\/www.unirufa.it\/wp-content\/uploads\/2021\/04\/progetti_studenti_visual_arts_tatiana_balchesini_tesi_il_sogno_dellarte_the_world_is_going-1024x585.jpg 1024w, https:\/\/www.unirufa.it\/wp-content\/uploads\/2021\/04\/progetti_studenti_visual_arts_tatiana_balchesini_tesi_il_sogno_dellarte_the_world_is_going-768x439.jpg 768w\" sizes=\"auto, (max-width: 1050px) 100vw, 1050px\" \/><\/div><\/div><\/div><script id=\"su_image_carousel_69e5613a4209d_script\">if(window.SUImageCarousel){setTimeout(function() {window.SUImageCarousel.initGallery(document.getElementById(\"su_image_carousel_69e5613a4209d\"))}, 0);}var su_image_carousel_69e5613a4209d_script=document.getElementById(\"su_image_carousel_69e5613a4209d_script\");if(su_image_carousel_69e5613a4209d_script){su_image_carousel_69e5613a4209d_script.parentNode.removeChild(su_image_carousel_69e5613a4209d_script);}<\/script>\n&nbsp;<\/p>\n<p>Effimere creature, spazi celestiali, universi solcati da lontane chimere, inondano le opere di due artisti qui messi a confronto. Luigi Ontani, con i suoi colori orientali e la sua estrosit\u00e0, emana un fascino non indifferente. Il suo essere fuori dagli schemi lo rende unico e libero da ogni pregiudizio. \u00c8 il manifesto vivente della libert\u00e0 di espressione. Ugualmente le opere di Hieronymus Bosch emanano un sapore esoterico nonch\u00e9 magico: il Trittico delle delizie o le Nozze di Cana sono vere e proprie tavole trionfanti di arte visionaria e fantastica. <\/p>\n<h3><font color=\"#80379b\">Due artisti che usano inconsciamente quello che gli antropologi definiscono \u201csplit representations\u201d ossia la rappresentazione inversa e incrociata come varianti della stessa figura.<\/font><\/h3>\n<p>\n&nbsp;<br \/>\n<a id=\"btn-regolamentocorso\" class=\"download-btn full\" style=\"background-color: #80379b; border-color: #80379b;\" href=\"https:\/\/www.unirufa.it\/artisti\/tatiana-balchesini\/\"><span style=\"color: #ffffff;\">Tatiana Balchesini<\/span><\/a><br \/>\n&nbsp;<br \/>\n&nbsp;","protected":false},"excerpt":{"rendered":"<p>Disculpa, pero esta entrada est\u00e1 disponible s\u00f3lo en IT y EN.&nbsp; Effimere creature, spazi celestiali, universi solcati da lontane chimere, inondano le opere di due artisti qui messi a confronto. Luigi Ontani, con i suoi colori orientali e la sua estrosit\u00e0, emana un fascino non indifferente. Il suo essere fuori dagli schemi lo rende unico&#8230;<\/p>\n","protected":false},"author":47,"featured_media":0,"parent":0,"menu_order":0,"comment_status":"closed","ping_status":"closed","template":"","meta":{"content-type":"","footnotes":""},"class_list":["post-94723","page","type-page","status-publish","hentry"],"yoast_head":"<!-- This site is optimized with the Yoast SEO plugin v24.2 - https:\/\/yoast.com\/wordpress\/plugins\/seo\/ -->\n<title>Il sogno dell\u2019arte. Viaggio tra mito, ibridi e chimere - RUFA - Rome University of Fine Arts<\/title>\n<meta name=\"robots\" content=\"index, follow, max-snippet:-1, max-image-preview:large, max-video-preview:-1\" \/>\n<link rel=\"canonical\" href=\"https:\/\/www.unirufa.it\/il-sogno-dellarte-viaggio-tra-mito-ibridi-e-chimere\/\" \/>\n<meta property=\"og:locale\" content=\"es_ES\" \/>\n<meta property=\"og:type\" content=\"article\" \/>\n<meta property=\"og:title\" content=\"Il sogno dell\u2019arte. Viaggio tra mito, ibridi e chimere - RUFA - Rome University of Fine Arts\" \/>\n<meta property=\"og:description\" content=\"Disculpa, pero esta entrada est\u00e1 disponible s\u00f3lo en IT y EN.&nbsp; Effimere creature, spazi celestiali, universi solcati da lontane chimere, inondano le opere di due artisti qui messi a confronto. Luigi Ontani, con i suoi colori orientali e la sua estrosit\u00e0, emana un fascino non indifferente. Il suo essere fuori dagli schemi lo rende unico...\" \/>\n<meta property=\"og:url\" content=\"https:\/\/www.unirufa.it\/il-sogno-dellarte-viaggio-tra-mito-ibridi-e-chimere\/\" \/>\n<meta property=\"og:site_name\" content=\"RUFA - Rome University of Fine Arts\" \/>\n<meta property=\"og:image\" content=\"https:\/\/www.unirufa.it\/wp-content\/uploads\/2017\/11\/logo-rufa-2016.png\" \/>\n\t<meta property=\"og:image:width\" content=\"230\" \/>\n\t<meta property=\"og:image:height\" content=\"149\" \/>\n\t<meta property=\"og:image:type\" content=\"image\/png\" \/>\n<meta name=\"twitter:label1\" content=\"Tiempo de lectura\" \/>\n\t<meta name=\"twitter:data1\" content=\"1 minuto\" \/>\n<script type=\"application\/ld+json\" class=\"yoast-schema-graph\">{\"@context\":\"https:\/\/schema.org\",\"@graph\":[{\"@type\":\"WebPage\",\"@id\":\"https:\/\/www.unirufa.it\/il-sogno-dellarte-viaggio-tra-mito-ibridi-e-chimere\/\",\"url\":\"https:\/\/www.unirufa.it\/il-sogno-dellarte-viaggio-tra-mito-ibridi-e-chimere\/\",\"name\":\"Il sogno dell\u2019arte. Viaggio tra mito, ibridi e chimere - RUFA - Rome University of Fine Arts\",\"isPartOf\":{\"@id\":\"https:\/\/www.unirufa.it\/#website\"},\"datePublished\":\"2023-02-10T21:31:14+00:00\",\"dateModified\":\"2023-02-10T21:31:14+00:00\",\"breadcrumb\":{\"@id\":\"https:\/\/www.unirufa.it\/il-sogno-dellarte-viaggio-tra-mito-ibridi-e-chimere\/#breadcrumb\"},\"inLanguage\":\"es\",\"potentialAction\":[{\"@type\":\"ReadAction\",\"target\":[\"https:\/\/www.unirufa.it\/il-sogno-dellarte-viaggio-tra-mito-ibridi-e-chimere\/\"]}]},{\"@type\":\"BreadcrumbList\",\"@id\":\"https:\/\/www.unirufa.it\/il-sogno-dellarte-viaggio-tra-mito-ibridi-e-chimere\/#breadcrumb\",\"itemListElement\":[{\"@type\":\"ListItem\",\"position\":1,\"name\":\"Home\",\"item\":\"https:\/\/www.unirufa.it\/\"},{\"@type\":\"ListItem\",\"position\":2,\"name\":\"Il sogno dell\u2019arte. Viaggio tra mito, ibridi e chimere\"}]},{\"@type\":\"WebSite\",\"@id\":\"https:\/\/www.unirufa.it\/#website\",\"url\":\"https:\/\/www.unirufa.it\/\",\"name\":\"RUFA - Rome University of Fine Arts\",\"description\":\"\",\"potentialAction\":[{\"@type\":\"SearchAction\",\"target\":{\"@type\":\"EntryPoint\",\"urlTemplate\":\"https:\/\/www.unirufa.it\/?s={search_term_string}\"},\"query-input\":{\"@type\":\"PropertyValueSpecification\",\"valueRequired\":true,\"valueName\":\"search_term_string\"}}],\"inLanguage\":\"es\"}]}<\/script>\n<!-- \/ Yoast SEO plugin. -->","yoast_head_json":{"title":"Il sogno dell\u2019arte. Viaggio tra mito, ibridi e chimere - RUFA - Rome University of Fine Arts","robots":{"index":"index","follow":"follow","max-snippet":"max-snippet:-1","max-image-preview":"max-image-preview:large","max-video-preview":"max-video-preview:-1"},"canonical":"https:\/\/www.unirufa.it\/il-sogno-dellarte-viaggio-tra-mito-ibridi-e-chimere\/","og_locale":"es_ES","og_type":"article","og_title":"Il sogno dell\u2019arte. Viaggio tra mito, ibridi e chimere - RUFA - Rome University of Fine Arts","og_description":"Disculpa, pero esta entrada est\u00e1 disponible s\u00f3lo en IT y EN.&nbsp; Effimere creature, spazi celestiali, universi solcati da lontane chimere, inondano le opere di due artisti qui messi a confronto. Luigi Ontani, con i suoi colori orientali e la sua estrosit\u00e0, emana un fascino non indifferente. Il suo essere fuori dagli schemi lo rende unico...","og_url":"https:\/\/www.unirufa.it\/il-sogno-dellarte-viaggio-tra-mito-ibridi-e-chimere\/","og_site_name":"RUFA - Rome University of Fine Arts","og_image":[{"width":230,"height":149,"url":"https:\/\/www.unirufa.it\/wp-content\/uploads\/2017\/11\/logo-rufa-2016.png","type":"image\/png"}],"twitter_misc":{"Tiempo de lectura":"1 minuto"},"schema":{"@context":"https:\/\/schema.org","@graph":[{"@type":"WebPage","@id":"https:\/\/www.unirufa.it\/il-sogno-dellarte-viaggio-tra-mito-ibridi-e-chimere\/","url":"https:\/\/www.unirufa.it\/il-sogno-dellarte-viaggio-tra-mito-ibridi-e-chimere\/","name":"Il sogno dell\u2019arte. Viaggio tra mito, ibridi e chimere - RUFA - Rome University of Fine Arts","isPartOf":{"@id":"https:\/\/www.unirufa.it\/#website"},"datePublished":"2023-02-10T21:31:14+00:00","dateModified":"2023-02-10T21:31:14+00:00","breadcrumb":{"@id":"https:\/\/www.unirufa.it\/il-sogno-dellarte-viaggio-tra-mito-ibridi-e-chimere\/#breadcrumb"},"inLanguage":"es","potentialAction":[{"@type":"ReadAction","target":["https:\/\/www.unirufa.it\/il-sogno-dellarte-viaggio-tra-mito-ibridi-e-chimere\/"]}]},{"@type":"BreadcrumbList","@id":"https:\/\/www.unirufa.it\/il-sogno-dellarte-viaggio-tra-mito-ibridi-e-chimere\/#breadcrumb","itemListElement":[{"@type":"ListItem","position":1,"name":"Home","item":"https:\/\/www.unirufa.it\/"},{"@type":"ListItem","position":2,"name":"Il sogno dell\u2019arte. Viaggio tra mito, ibridi e chimere"}]},{"@type":"WebSite","@id":"https:\/\/www.unirufa.it\/#website","url":"https:\/\/www.unirufa.it\/","name":"RUFA - Rome University of Fine Arts","description":"","potentialAction":[{"@type":"SearchAction","target":{"@type":"EntryPoint","urlTemplate":"https:\/\/www.unirufa.it\/?s={search_term_string}"},"query-input":{"@type":"PropertyValueSpecification","valueRequired":true,"valueName":"search_term_string"}}],"inLanguage":"es"}]}},"_links":{"self":[{"href":"https:\/\/www.unirufa.it\/es\/wp-json\/wp\/v2\/pages\/94723","targetHints":{"allow":["GET"]}}],"collection":[{"href":"https:\/\/www.unirufa.it\/es\/wp-json\/wp\/v2\/pages"}],"about":[{"href":"https:\/\/www.unirufa.it\/es\/wp-json\/wp\/v2\/types\/page"}],"author":[{"embeddable":true,"href":"https:\/\/www.unirufa.it\/es\/wp-json\/wp\/v2\/users\/47"}],"replies":[{"embeddable":true,"href":"https:\/\/www.unirufa.it\/es\/wp-json\/wp\/v2\/comments?post=94723"}],"version-history":[{"count":4,"href":"https:\/\/www.unirufa.it\/es\/wp-json\/wp\/v2\/pages\/94723\/revisions"}],"predecessor-version":[{"id":94727,"href":"https:\/\/www.unirufa.it\/es\/wp-json\/wp\/v2\/pages\/94723\/revisions\/94727"}],"wp:attachment":[{"href":"https:\/\/www.unirufa.it\/es\/wp-json\/wp\/v2\/media?parent=94723"}],"curies":[{"name":"wp","href":"https:\/\/api.w.org\/{rel}","templated":true}]}}