


{"id":94736,"date":"2023-02-10T22:48:20","date_gmt":"2023-02-10T21:48:20","guid":{"rendered":"https:\/\/www.unirufa.it\/?page_id=94736"},"modified":"2023-02-10T22:48:20","modified_gmt":"2023-02-10T21:48:20","slug":"out-larte-di-perdersi","status":"publish","type":"page","link":"https:\/\/www.unirufa.it\/es\/out-larte-di-perdersi\/","title":{"rendered":"OUT \u2013 L\u2019arte di perdersi"},"content":{"rendered":"<p class=\"qtranxs-available-languages-message qtranxs-available-languages-message-es\">Disculpa, pero esta entrada est\u00e1 disponible s\u00f3lo en <a href=\"https:\/\/www.unirufa.it\/it\/wp-json\/wp\/v2\/pages\/94736\" class=\"qtranxs-available-language-link qtranxs-available-language-link-it\" title=\"IT\">IT<\/a> y <a href=\"https:\/\/www.unirufa.it\/en\/wp-json\/wp\/v2\/pages\/94736\" class=\"qtranxs-available-language-link qtranxs-available-language-link-en\" title=\"EN\">EN<\/a>.<\/p><div class=\"su-image-carousel  su-image-carousel-has-spacing su-image-carousel-adaptive su-image-carousel-slides-style-minimal su-image-carousel-controls-style-light su-image-carousel-align-left\" style=\"\" data-flickity-options='{\"groupCells\":true,\"cellSelector\":\".su-image-carousel-item\",\"adaptiveHeight\":true,\"cellAlign\":\"left\",\"prevNextButtons\":true,\"pageDots\":false,\"autoPlay\":2000,\"imagesLoaded\":true,\"contain\":false,\"selectedAttraction\":0.025,\"friction\":0.28}' id=\"su_image_carousel_69d1026887d79\"><div class=\"su-image-carousel-item\"><div class=\"su-image-carousel-item-content\"><img loading=\"lazy\" decoding=\"async\" width=\"680\" height=\"388\" src=\"https:\/\/www.unirufa.it\/wp-content\/uploads\/2022\/04\/progetti_studenti_visual_innovation_design_flavia_softa_tesi_OUT-larte-di-perdersi_7-1024x585.jpg\" class=\"\" alt=\"\" srcset=\"https:\/\/www.unirufa.it\/wp-content\/uploads\/2022\/04\/progetti_studenti_visual_innovation_design_flavia_softa_tesi_OUT-larte-di-perdersi_7-1024x585.jpg 1024w, https:\/\/www.unirufa.it\/wp-content\/uploads\/2022\/04\/progetti_studenti_visual_innovation_design_flavia_softa_tesi_OUT-larte-di-perdersi_7-300x171.jpg 300w, https:\/\/www.unirufa.it\/wp-content\/uploads\/2022\/04\/progetti_studenti_visual_innovation_design_flavia_softa_tesi_OUT-larte-di-perdersi_7-768x439.jpg 768w, https:\/\/www.unirufa.it\/wp-content\/uploads\/2022\/04\/progetti_studenti_visual_innovation_design_flavia_softa_tesi_OUT-larte-di-perdersi_7.jpg 1050w\" sizes=\"auto, (max-width: 680px) 100vw, 680px\" \/><\/div><\/div><div class=\"su-image-carousel-item\"><div class=\"su-image-carousel-item-content\"><img loading=\"lazy\" decoding=\"async\" width=\"680\" height=\"388\" src=\"https:\/\/www.unirufa.it\/wp-content\/uploads\/2022\/04\/progetti_studenti_visual_innovation_design_flavia_softa_tesi_OUT-larte-di-perdersi_6-1024x585.jpg\" class=\"\" alt=\"\" srcset=\"https:\/\/www.unirufa.it\/wp-content\/uploads\/2022\/04\/progetti_studenti_visual_innovation_design_flavia_softa_tesi_OUT-larte-di-perdersi_6-1024x585.jpg 1024w, https:\/\/www.unirufa.it\/wp-content\/uploads\/2022\/04\/progetti_studenti_visual_innovation_design_flavia_softa_tesi_OUT-larte-di-perdersi_6-300x171.jpg 300w, https:\/\/www.unirufa.it\/wp-content\/uploads\/2022\/04\/progetti_studenti_visual_innovation_design_flavia_softa_tesi_OUT-larte-di-perdersi_6-768x439.jpg 768w, https:\/\/www.unirufa.it\/wp-content\/uploads\/2022\/04\/progetti_studenti_visual_innovation_design_flavia_softa_tesi_OUT-larte-di-perdersi_6.jpg 1050w\" sizes=\"auto, (max-width: 680px) 100vw, 680px\" \/><\/div><\/div><div class=\"su-image-carousel-item\"><div class=\"su-image-carousel-item-content\"><img loading=\"lazy\" decoding=\"async\" width=\"680\" height=\"388\" src=\"https:\/\/www.unirufa.it\/wp-content\/uploads\/2022\/04\/progetti_studenti_visual_innovation_design_flavia_softa_tesi_OUT-larte-di-perdersi_5-1024x585.jpg\" class=\"\" alt=\"\" srcset=\"https:\/\/www.unirufa.it\/wp-content\/uploads\/2022\/04\/progetti_studenti_visual_innovation_design_flavia_softa_tesi_OUT-larte-di-perdersi_5-1024x585.jpg 1024w, https:\/\/www.unirufa.it\/wp-content\/uploads\/2022\/04\/progetti_studenti_visual_innovation_design_flavia_softa_tesi_OUT-larte-di-perdersi_5-300x171.jpg 300w, https:\/\/www.unirufa.it\/wp-content\/uploads\/2022\/04\/progetti_studenti_visual_innovation_design_flavia_softa_tesi_OUT-larte-di-perdersi_5-768x439.jpg 768w, https:\/\/www.unirufa.it\/wp-content\/uploads\/2022\/04\/progetti_studenti_visual_innovation_design_flavia_softa_tesi_OUT-larte-di-perdersi_5.jpg 1050w\" sizes=\"auto, (max-width: 680px) 100vw, 680px\" \/><\/div><\/div><div class=\"su-image-carousel-item\"><div class=\"su-image-carousel-item-content\"><img loading=\"lazy\" decoding=\"async\" width=\"680\" height=\"388\" src=\"https:\/\/www.unirufa.it\/wp-content\/uploads\/2022\/04\/progetti_studenti_visual_innovation_design_flavia_softa_tesi_OUT-larte-di-perdersi_4-1024x585.jpg\" class=\"\" alt=\"\" srcset=\"https:\/\/www.unirufa.it\/wp-content\/uploads\/2022\/04\/progetti_studenti_visual_innovation_design_flavia_softa_tesi_OUT-larte-di-perdersi_4-1024x585.jpg 1024w, https:\/\/www.unirufa.it\/wp-content\/uploads\/2022\/04\/progetti_studenti_visual_innovation_design_flavia_softa_tesi_OUT-larte-di-perdersi_4-300x171.jpg 300w, https:\/\/www.unirufa.it\/wp-content\/uploads\/2022\/04\/progetti_studenti_visual_innovation_design_flavia_softa_tesi_OUT-larte-di-perdersi_4-768x439.jpg 768w, https:\/\/www.unirufa.it\/wp-content\/uploads\/2022\/04\/progetti_studenti_visual_innovation_design_flavia_softa_tesi_OUT-larte-di-perdersi_4.jpg 1050w\" sizes=\"auto, (max-width: 680px) 100vw, 680px\" \/><\/div><\/div><div class=\"su-image-carousel-item\"><div class=\"su-image-carousel-item-content\"><img loading=\"lazy\" decoding=\"async\" width=\"680\" height=\"388\" src=\"https:\/\/www.unirufa.it\/wp-content\/uploads\/2022\/04\/progetti_studenti_visual_innovation_design_flavia_softa_tesi_OUT-larte-di-perdersi_3-1024x585.jpg\" class=\"\" alt=\"\" srcset=\"https:\/\/www.unirufa.it\/wp-content\/uploads\/2022\/04\/progetti_studenti_visual_innovation_design_flavia_softa_tesi_OUT-larte-di-perdersi_3-1024x585.jpg 1024w, https:\/\/www.unirufa.it\/wp-content\/uploads\/2022\/04\/progetti_studenti_visual_innovation_design_flavia_softa_tesi_OUT-larte-di-perdersi_3-300x171.jpg 300w, https:\/\/www.unirufa.it\/wp-content\/uploads\/2022\/04\/progetti_studenti_visual_innovation_design_flavia_softa_tesi_OUT-larte-di-perdersi_3-768x439.jpg 768w, https:\/\/www.unirufa.it\/wp-content\/uploads\/2022\/04\/progetti_studenti_visual_innovation_design_flavia_softa_tesi_OUT-larte-di-perdersi_3.jpg 1050w\" sizes=\"auto, (max-width: 680px) 100vw, 680px\" \/><\/div><\/div><div class=\"su-image-carousel-item\"><div class=\"su-image-carousel-item-content\"><img loading=\"lazy\" decoding=\"async\" width=\"680\" height=\"388\" src=\"https:\/\/www.unirufa.it\/wp-content\/uploads\/2022\/04\/progetti_studenti_visual_innovation_design_flavia_softa_tesi_OUT-larte-di-perdersi_2-1024x585.jpg\" class=\"\" alt=\"\" srcset=\"https:\/\/www.unirufa.it\/wp-content\/uploads\/2022\/04\/progetti_studenti_visual_innovation_design_flavia_softa_tesi_OUT-larte-di-perdersi_2-1024x585.jpg 1024w, https:\/\/www.unirufa.it\/wp-content\/uploads\/2022\/04\/progetti_studenti_visual_innovation_design_flavia_softa_tesi_OUT-larte-di-perdersi_2-300x171.jpg 300w, https:\/\/www.unirufa.it\/wp-content\/uploads\/2022\/04\/progetti_studenti_visual_innovation_design_flavia_softa_tesi_OUT-larte-di-perdersi_2-768x439.jpg 768w, https:\/\/www.unirufa.it\/wp-content\/uploads\/2022\/04\/progetti_studenti_visual_innovation_design_flavia_softa_tesi_OUT-larte-di-perdersi_2.jpg 1050w\" sizes=\"auto, (max-width: 680px) 100vw, 680px\" \/><\/div><\/div><div class=\"su-image-carousel-item\"><div class=\"su-image-carousel-item-content\"><img loading=\"lazy\" decoding=\"async\" width=\"680\" height=\"388\" src=\"https:\/\/www.unirufa.it\/wp-content\/uploads\/2022\/04\/progetti_studenti_visual_innovation_design_flavia_softa_tesi_OUT-larte-di-perdersi_1-1024x585.jpg\" class=\"\" alt=\"\" srcset=\"https:\/\/www.unirufa.it\/wp-content\/uploads\/2022\/04\/progetti_studenti_visual_innovation_design_flavia_softa_tesi_OUT-larte-di-perdersi_1-1024x585.jpg 1024w, https:\/\/www.unirufa.it\/wp-content\/uploads\/2022\/04\/progetti_studenti_visual_innovation_design_flavia_softa_tesi_OUT-larte-di-perdersi_1-300x171.jpg 300w, https:\/\/www.unirufa.it\/wp-content\/uploads\/2022\/04\/progetti_studenti_visual_innovation_design_flavia_softa_tesi_OUT-larte-di-perdersi_1-768x439.jpg 768w, https:\/\/www.unirufa.it\/wp-content\/uploads\/2022\/04\/progetti_studenti_visual_innovation_design_flavia_softa_tesi_OUT-larte-di-perdersi_1.jpg 1050w\" sizes=\"auto, (max-width: 680px) 100vw, 680px\" \/><\/div><\/div><\/div><script id=\"su_image_carousel_69d1026887d79_script\">if(window.SUImageCarousel){setTimeout(function() {window.SUImageCarousel.initGallery(document.getElementById(\"su_image_carousel_69d1026887d79\"))}, 0);}var su_image_carousel_69d1026887d79_script=document.getElementById(\"su_image_carousel_69d1026887d79_script\");if(su_image_carousel_69d1026887d79_script){su_image_carousel_69d1026887d79_script.parentNode.removeChild(su_image_carousel_69d1026887d79_script);}<\/script>\n&nbsp;<\/p>\n<p>Il progetto nasce da una riflessione sul comportamento delle persone nei confronti dei musei, l\u2019obiettivo \u00e8 rompere il divario museo\/societ\u00e0, far comprendere quanto l\u2019arte sia necessaria e che non occorre essere degli esperti per poterla interpretare o giudicare.<\/p>\n<p>OUT garantisce un\u2019esperienza personalizzata: il punto focale del servizio \u00e8 uno spazio a forma labirintica in cui verranno inserite delle repliche digitali delle opere dei musei della zona, queste verranno rimescolate tra loro in base a dei temi, dandogli una chiave di lettura sempre differente. Ogni visitatore potr\u00e0 scegliere il suo percorso facendosi guidare da emozioni e sensazioni, potr\u00e0 salvare delle opere con un badge e tramite questo gli verr\u00e0 consigliata un\u2019opera che pi\u00f9 rappresenta il suo percorso, avr\u00e0 la possibilit\u00e0 di andare a vedere l\u2019originale nel museo e di approfondire tramite app.<\/p>\n<h3><font color=\"#007ac9\">In questo modo si rompe il divario tra museo e societ\u00e0, ambientandosi, conoscendo l\u2019arte e se stessi.\u2028<\/font><\/h3>\n<p>&nbsp;<\/p>\n<p><a id=\"btn-regolamentocorso\" class=\"download-btn full\" style=\"background-color: #007ac9; border-color: #007ac9;\" href=\"https:\/\/www.unirufa.it\/artisti\/flavia-softa\/\"><span style=\"color: #ffffff;\">FLAVIA SOFTA<\/span><\/a><br \/>\n&nbsp;<br \/>\n&nbsp;","protected":false},"excerpt":{"rendered":"<p>Disculpa, pero esta entrada est\u00e1 disponible s\u00f3lo en IT y EN.&nbsp; Il progetto nasce da una riflessione sul comportamento delle persone nei confronti dei musei, l\u2019obiettivo \u00e8 rompere il divario museo\/societ\u00e0, far comprendere quanto l\u2019arte sia necessaria e che non occorre essere degli esperti per poterla interpretare o giudicare. OUT garantisce un\u2019esperienza personalizzata: il punto&#8230;<\/p>\n","protected":false},"author":47,"featured_media":0,"parent":0,"menu_order":0,"comment_status":"closed","ping_status":"closed","template":"","meta":{"content-type":"","footnotes":""},"class_list":["post-94736","page","type-page","status-publish","hentry"],"yoast_head":"<!-- This site is optimized with the Yoast SEO plugin v24.2 - https:\/\/yoast.com\/wordpress\/plugins\/seo\/ -->\n<title>OUT \u2013 L\u2019arte di perdersi - RUFA - Rome University of Fine Arts<\/title>\n<meta name=\"robots\" content=\"index, follow, max-snippet:-1, max-image-preview:large, max-video-preview:-1\" \/>\n<link rel=\"canonical\" href=\"https:\/\/www.unirufa.it\/out-larte-di-perdersi\/\" \/>\n<meta property=\"og:locale\" content=\"es_ES\" \/>\n<meta property=\"og:type\" content=\"article\" \/>\n<meta property=\"og:title\" content=\"OUT \u2013 L\u2019arte di perdersi - RUFA - Rome University of Fine Arts\" \/>\n<meta property=\"og:description\" content=\"Disculpa, pero esta entrada est\u00e1 disponible s\u00f3lo en IT y EN.&nbsp; Il progetto nasce da una riflessione sul comportamento delle persone nei confronti dei musei, l\u2019obiettivo \u00e8 rompere il divario museo\/societ\u00e0, far comprendere quanto l\u2019arte sia necessaria e che non occorre essere degli esperti per poterla interpretare o giudicare. OUT garantisce un\u2019esperienza personalizzata: il punto...\" \/>\n<meta property=\"og:url\" content=\"https:\/\/www.unirufa.it\/out-larte-di-perdersi\/\" \/>\n<meta property=\"og:site_name\" content=\"RUFA - Rome University of Fine Arts\" \/>\n<meta property=\"og:image\" content=\"https:\/\/www.unirufa.it\/wp-content\/uploads\/2017\/11\/logo-rufa-2016.png\" \/>\n\t<meta property=\"og:image:width\" content=\"230\" \/>\n\t<meta property=\"og:image:height\" content=\"149\" \/>\n\t<meta property=\"og:image:type\" content=\"image\/png\" \/>\n<meta name=\"twitter:label1\" content=\"Tiempo de lectura\" \/>\n\t<meta name=\"twitter:data1\" content=\"2 minutos\" \/>\n<script type=\"application\/ld+json\" class=\"yoast-schema-graph\">{\"@context\":\"https:\/\/schema.org\",\"@graph\":[{\"@type\":\"WebPage\",\"@id\":\"https:\/\/www.unirufa.it\/out-larte-di-perdersi\/\",\"url\":\"https:\/\/www.unirufa.it\/out-larte-di-perdersi\/\",\"name\":\"OUT \u2013 L\u2019arte di perdersi - RUFA - Rome University of Fine Arts\",\"isPartOf\":{\"@id\":\"https:\/\/www.unirufa.it\/#website\"},\"datePublished\":\"2023-02-10T21:48:20+00:00\",\"dateModified\":\"2023-02-10T21:48:20+00:00\",\"breadcrumb\":{\"@id\":\"https:\/\/www.unirufa.it\/out-larte-di-perdersi\/#breadcrumb\"},\"inLanguage\":\"es\",\"potentialAction\":[{\"@type\":\"ReadAction\",\"target\":[\"https:\/\/www.unirufa.it\/out-larte-di-perdersi\/\"]}]},{\"@type\":\"BreadcrumbList\",\"@id\":\"https:\/\/www.unirufa.it\/out-larte-di-perdersi\/#breadcrumb\",\"itemListElement\":[{\"@type\":\"ListItem\",\"position\":1,\"name\":\"Home\",\"item\":\"https:\/\/www.unirufa.it\/\"},{\"@type\":\"ListItem\",\"position\":2,\"name\":\"OUT \u2013 L\u2019arte di perdersi\"}]},{\"@type\":\"WebSite\",\"@id\":\"https:\/\/www.unirufa.it\/#website\",\"url\":\"https:\/\/www.unirufa.it\/\",\"name\":\"RUFA - Rome University of Fine Arts\",\"description\":\"\",\"potentialAction\":[{\"@type\":\"SearchAction\",\"target\":{\"@type\":\"EntryPoint\",\"urlTemplate\":\"https:\/\/www.unirufa.it\/?s={search_term_string}\"},\"query-input\":{\"@type\":\"PropertyValueSpecification\",\"valueRequired\":true,\"valueName\":\"search_term_string\"}}],\"inLanguage\":\"es\"}]}<\/script>\n<!-- \/ Yoast SEO plugin. -->","yoast_head_json":{"title":"OUT \u2013 L\u2019arte di perdersi - RUFA - Rome University of Fine Arts","robots":{"index":"index","follow":"follow","max-snippet":"max-snippet:-1","max-image-preview":"max-image-preview:large","max-video-preview":"max-video-preview:-1"},"canonical":"https:\/\/www.unirufa.it\/out-larte-di-perdersi\/","og_locale":"es_ES","og_type":"article","og_title":"OUT \u2013 L\u2019arte di perdersi - RUFA - Rome University of Fine Arts","og_description":"Disculpa, pero esta entrada est\u00e1 disponible s\u00f3lo en IT y EN.&nbsp; Il progetto nasce da una riflessione sul comportamento delle persone nei confronti dei musei, l\u2019obiettivo \u00e8 rompere il divario museo\/societ\u00e0, far comprendere quanto l\u2019arte sia necessaria e che non occorre essere degli esperti per poterla interpretare o giudicare. OUT garantisce un\u2019esperienza personalizzata: il punto...","og_url":"https:\/\/www.unirufa.it\/out-larte-di-perdersi\/","og_site_name":"RUFA - Rome University of Fine Arts","og_image":[{"width":230,"height":149,"url":"https:\/\/www.unirufa.it\/wp-content\/uploads\/2017\/11\/logo-rufa-2016.png","type":"image\/png"}],"twitter_misc":{"Tiempo de lectura":"2 minutos"},"schema":{"@context":"https:\/\/schema.org","@graph":[{"@type":"WebPage","@id":"https:\/\/www.unirufa.it\/out-larte-di-perdersi\/","url":"https:\/\/www.unirufa.it\/out-larte-di-perdersi\/","name":"OUT \u2013 L\u2019arte di perdersi - RUFA - Rome University of Fine Arts","isPartOf":{"@id":"https:\/\/www.unirufa.it\/#website"},"datePublished":"2023-02-10T21:48:20+00:00","dateModified":"2023-02-10T21:48:20+00:00","breadcrumb":{"@id":"https:\/\/www.unirufa.it\/out-larte-di-perdersi\/#breadcrumb"},"inLanguage":"es","potentialAction":[{"@type":"ReadAction","target":["https:\/\/www.unirufa.it\/out-larte-di-perdersi\/"]}]},{"@type":"BreadcrumbList","@id":"https:\/\/www.unirufa.it\/out-larte-di-perdersi\/#breadcrumb","itemListElement":[{"@type":"ListItem","position":1,"name":"Home","item":"https:\/\/www.unirufa.it\/"},{"@type":"ListItem","position":2,"name":"OUT \u2013 L\u2019arte di perdersi"}]},{"@type":"WebSite","@id":"https:\/\/www.unirufa.it\/#website","url":"https:\/\/www.unirufa.it\/","name":"RUFA - Rome University of Fine Arts","description":"","potentialAction":[{"@type":"SearchAction","target":{"@type":"EntryPoint","urlTemplate":"https:\/\/www.unirufa.it\/?s={search_term_string}"},"query-input":{"@type":"PropertyValueSpecification","valueRequired":true,"valueName":"search_term_string"}}],"inLanguage":"es"}]}},"_links":{"self":[{"href":"https:\/\/www.unirufa.it\/es\/wp-json\/wp\/v2\/pages\/94736","targetHints":{"allow":["GET"]}}],"collection":[{"href":"https:\/\/www.unirufa.it\/es\/wp-json\/wp\/v2\/pages"}],"about":[{"href":"https:\/\/www.unirufa.it\/es\/wp-json\/wp\/v2\/types\/page"}],"author":[{"embeddable":true,"href":"https:\/\/www.unirufa.it\/es\/wp-json\/wp\/v2\/users\/47"}],"replies":[{"embeddable":true,"href":"https:\/\/www.unirufa.it\/es\/wp-json\/wp\/v2\/comments?post=94736"}],"version-history":[{"count":3,"href":"https:\/\/www.unirufa.it\/es\/wp-json\/wp\/v2\/pages\/94736\/revisions"}],"predecessor-version":[{"id":94739,"href":"https:\/\/www.unirufa.it\/es\/wp-json\/wp\/v2\/pages\/94736\/revisions\/94739"}],"wp:attachment":[{"href":"https:\/\/www.unirufa.it\/es\/wp-json\/wp\/v2\/media?parent=94736"}],"curies":[{"name":"wp","href":"https:\/\/api.w.org\/{rel}","templated":true}]}}