


{"id":94740,"date":"2023-02-10T22:52:30","date_gmt":"2023-02-10T21:52:30","guid":{"rendered":"https:\/\/www.unirufa.it\/?page_id=94740"},"modified":"2023-02-10T22:52:30","modified_gmt":"2023-02-10T21:52:30","slug":"glastonbury-festival-visual-identity","status":"publish","type":"page","link":"https:\/\/www.unirufa.it\/es\/glastonbury-festival-visual-identity\/","title":{"rendered":"Glastonbury Festival \u2013 Visual Identity"},"content":{"rendered":"<p class=\"qtranxs-available-languages-message qtranxs-available-languages-message-es\">Disculpa, pero esta entrada est\u00e1 disponible s\u00f3lo en <a href=\"https:\/\/www.unirufa.it\/it\/wp-json\/wp\/v2\/pages\/94740\" class=\"qtranxs-available-language-link qtranxs-available-language-link-it\" title=\"IT\">IT<\/a> y <a href=\"https:\/\/www.unirufa.it\/en\/wp-json\/wp\/v2\/pages\/94740\" class=\"qtranxs-available-language-link qtranxs-available-language-link-en\" title=\"EN\">EN<\/a>.<\/p><div class=\"su-image-carousel  su-image-carousel-has-spacing su-image-carousel-adaptive su-image-carousel-slides-style-minimal su-image-carousel-controls-style-light su-image-carousel-align-left\" style=\"\" data-flickity-options='{\"groupCells\":true,\"cellSelector\":\".su-image-carousel-item\",\"adaptiveHeight\":true,\"cellAlign\":\"left\",\"prevNextButtons\":true,\"pageDots\":false,\"autoPlay\":2000,\"imagesLoaded\":true,\"contain\":false,\"selectedAttraction\":0.025,\"friction\":0.28}' id=\"su_image_carousel_69d10237e46da\"><div class=\"su-image-carousel-item\"><div class=\"su-image-carousel-item-content\"><img loading=\"lazy\" decoding=\"async\" width=\"680\" height=\"388\" src=\"https:\/\/www.unirufa.it\/wp-content\/uploads\/2022\/04\/progetti_studenti_visual_innovation_design_marco_bo_tesi_glastonbury-festival_9-1024x585.jpg\" class=\"\" alt=\"\" srcset=\"https:\/\/www.unirufa.it\/wp-content\/uploads\/2022\/04\/progetti_studenti_visual_innovation_design_marco_bo_tesi_glastonbury-festival_9-1024x585.jpg 1024w, https:\/\/www.unirufa.it\/wp-content\/uploads\/2022\/04\/progetti_studenti_visual_innovation_design_marco_bo_tesi_glastonbury-festival_9-300x171.jpg 300w, https:\/\/www.unirufa.it\/wp-content\/uploads\/2022\/04\/progetti_studenti_visual_innovation_design_marco_bo_tesi_glastonbury-festival_9-768x439.jpg 768w, https:\/\/www.unirufa.it\/wp-content\/uploads\/2022\/04\/progetti_studenti_visual_innovation_design_marco_bo_tesi_glastonbury-festival_9.jpg 1050w\" sizes=\"auto, (max-width: 680px) 100vw, 680px\" \/><\/div><\/div><div class=\"su-image-carousel-item\"><div class=\"su-image-carousel-item-content\"><img loading=\"lazy\" decoding=\"async\" width=\"680\" height=\"388\" src=\"https:\/\/www.unirufa.it\/wp-content\/uploads\/2022\/04\/progetti_studenti_visual_innovation_design_marco_bo_tesi_glastonbury-festival_8-1024x585.jpg\" class=\"\" alt=\"\" srcset=\"https:\/\/www.unirufa.it\/wp-content\/uploads\/2022\/04\/progetti_studenti_visual_innovation_design_marco_bo_tesi_glastonbury-festival_8-1024x585.jpg 1024w, https:\/\/www.unirufa.it\/wp-content\/uploads\/2022\/04\/progetti_studenti_visual_innovation_design_marco_bo_tesi_glastonbury-festival_8-300x171.jpg 300w, https:\/\/www.unirufa.it\/wp-content\/uploads\/2022\/04\/progetti_studenti_visual_innovation_design_marco_bo_tesi_glastonbury-festival_8-768x439.jpg 768w, https:\/\/www.unirufa.it\/wp-content\/uploads\/2022\/04\/progetti_studenti_visual_innovation_design_marco_bo_tesi_glastonbury-festival_8.jpg 1050w\" sizes=\"auto, (max-width: 680px) 100vw, 680px\" \/><\/div><\/div><div class=\"su-image-carousel-item\"><div class=\"su-image-carousel-item-content\"><img loading=\"lazy\" decoding=\"async\" width=\"680\" height=\"388\" src=\"https:\/\/www.unirufa.it\/wp-content\/uploads\/2022\/04\/progetti_studenti_visual_innovation_design_marco_bo_tesi_glastonbury-festival_7-1024x585.jpg\" class=\"\" alt=\"\" srcset=\"https:\/\/www.unirufa.it\/wp-content\/uploads\/2022\/04\/progetti_studenti_visual_innovation_design_marco_bo_tesi_glastonbury-festival_7-1024x585.jpg 1024w, https:\/\/www.unirufa.it\/wp-content\/uploads\/2022\/04\/progetti_studenti_visual_innovation_design_marco_bo_tesi_glastonbury-festival_7-300x171.jpg 300w, https:\/\/www.unirufa.it\/wp-content\/uploads\/2022\/04\/progetti_studenti_visual_innovation_design_marco_bo_tesi_glastonbury-festival_7-768x439.jpg 768w, https:\/\/www.unirufa.it\/wp-content\/uploads\/2022\/04\/progetti_studenti_visual_innovation_design_marco_bo_tesi_glastonbury-festival_7.jpg 1050w\" sizes=\"auto, (max-width: 680px) 100vw, 680px\" \/><\/div><\/div><div class=\"su-image-carousel-item\"><div class=\"su-image-carousel-item-content\"><img loading=\"lazy\" decoding=\"async\" width=\"680\" height=\"388\" src=\"https:\/\/www.unirufa.it\/wp-content\/uploads\/2022\/04\/progetti_studenti_visual_innovation_design_marco_bo_tesi_glastonbury-festival_6-1024x585.jpg\" class=\"\" alt=\"\" srcset=\"https:\/\/www.unirufa.it\/wp-content\/uploads\/2022\/04\/progetti_studenti_visual_innovation_design_marco_bo_tesi_glastonbury-festival_6-1024x585.jpg 1024w, https:\/\/www.unirufa.it\/wp-content\/uploads\/2022\/04\/progetti_studenti_visual_innovation_design_marco_bo_tesi_glastonbury-festival_6-300x171.jpg 300w, https:\/\/www.unirufa.it\/wp-content\/uploads\/2022\/04\/progetti_studenti_visual_innovation_design_marco_bo_tesi_glastonbury-festival_6-768x439.jpg 768w, https:\/\/www.unirufa.it\/wp-content\/uploads\/2022\/04\/progetti_studenti_visual_innovation_design_marco_bo_tesi_glastonbury-festival_6.jpg 1050w\" sizes=\"auto, (max-width: 680px) 100vw, 680px\" \/><\/div><\/div><div class=\"su-image-carousel-item\"><div class=\"su-image-carousel-item-content\"><img loading=\"lazy\" decoding=\"async\" width=\"680\" height=\"388\" src=\"https:\/\/www.unirufa.it\/wp-content\/uploads\/2022\/04\/progetti_studenti_visual_innovation_design_marco_bo_tesi_glastonbury-festival_5-1024x585.jpg\" class=\"\" alt=\"\" srcset=\"https:\/\/www.unirufa.it\/wp-content\/uploads\/2022\/04\/progetti_studenti_visual_innovation_design_marco_bo_tesi_glastonbury-festival_5-1024x585.jpg 1024w, https:\/\/www.unirufa.it\/wp-content\/uploads\/2022\/04\/progetti_studenti_visual_innovation_design_marco_bo_tesi_glastonbury-festival_5-300x171.jpg 300w, https:\/\/www.unirufa.it\/wp-content\/uploads\/2022\/04\/progetti_studenti_visual_innovation_design_marco_bo_tesi_glastonbury-festival_5-768x439.jpg 768w, https:\/\/www.unirufa.it\/wp-content\/uploads\/2022\/04\/progetti_studenti_visual_innovation_design_marco_bo_tesi_glastonbury-festival_5.jpg 1050w\" sizes=\"auto, (max-width: 680px) 100vw, 680px\" \/><\/div><\/div><div class=\"su-image-carousel-item\"><div class=\"su-image-carousel-item-content\"><img loading=\"lazy\" decoding=\"async\" width=\"680\" height=\"388\" src=\"https:\/\/www.unirufa.it\/wp-content\/uploads\/2022\/04\/progetti_studenti_visual_innovation_design_marco_bo_tesi_glastonbury-festival_4-1024x585.jpg\" class=\"\" alt=\"\" srcset=\"https:\/\/www.unirufa.it\/wp-content\/uploads\/2022\/04\/progetti_studenti_visual_innovation_design_marco_bo_tesi_glastonbury-festival_4-1024x585.jpg 1024w, https:\/\/www.unirufa.it\/wp-content\/uploads\/2022\/04\/progetti_studenti_visual_innovation_design_marco_bo_tesi_glastonbury-festival_4-300x171.jpg 300w, https:\/\/www.unirufa.it\/wp-content\/uploads\/2022\/04\/progetti_studenti_visual_innovation_design_marco_bo_tesi_glastonbury-festival_4-768x439.jpg 768w, https:\/\/www.unirufa.it\/wp-content\/uploads\/2022\/04\/progetti_studenti_visual_innovation_design_marco_bo_tesi_glastonbury-festival_4.jpg 1050w\" sizes=\"auto, (max-width: 680px) 100vw, 680px\" \/><\/div><\/div><div class=\"su-image-carousel-item\"><div class=\"su-image-carousel-item-content\"><img loading=\"lazy\" decoding=\"async\" width=\"680\" height=\"388\" src=\"https:\/\/www.unirufa.it\/wp-content\/uploads\/2022\/04\/progetti_studenti_visual_innovation_design_marco_bo_tesi_glastonbury-festival_3-1024x585.jpg\" class=\"\" alt=\"\" srcset=\"https:\/\/www.unirufa.it\/wp-content\/uploads\/2022\/04\/progetti_studenti_visual_innovation_design_marco_bo_tesi_glastonbury-festival_3-1024x585.jpg 1024w, https:\/\/www.unirufa.it\/wp-content\/uploads\/2022\/04\/progetti_studenti_visual_innovation_design_marco_bo_tesi_glastonbury-festival_3-300x171.jpg 300w, https:\/\/www.unirufa.it\/wp-content\/uploads\/2022\/04\/progetti_studenti_visual_innovation_design_marco_bo_tesi_glastonbury-festival_3-768x439.jpg 768w, https:\/\/www.unirufa.it\/wp-content\/uploads\/2022\/04\/progetti_studenti_visual_innovation_design_marco_bo_tesi_glastonbury-festival_3.jpg 1050w\" sizes=\"auto, (max-width: 680px) 100vw, 680px\" \/><\/div><\/div><div class=\"su-image-carousel-item\"><div class=\"su-image-carousel-item-content\"><img loading=\"lazy\" decoding=\"async\" width=\"680\" height=\"388\" src=\"https:\/\/www.unirufa.it\/wp-content\/uploads\/2022\/04\/progetti_studenti_visual_innovation_design_marco_bo_tesi_glastonbury-festival_2-1024x585.jpg\" class=\"\" alt=\"\" srcset=\"https:\/\/www.unirufa.it\/wp-content\/uploads\/2022\/04\/progetti_studenti_visual_innovation_design_marco_bo_tesi_glastonbury-festival_2-1024x585.jpg 1024w, https:\/\/www.unirufa.it\/wp-content\/uploads\/2022\/04\/progetti_studenti_visual_innovation_design_marco_bo_tesi_glastonbury-festival_2-300x171.jpg 300w, https:\/\/www.unirufa.it\/wp-content\/uploads\/2022\/04\/progetti_studenti_visual_innovation_design_marco_bo_tesi_glastonbury-festival_2-768x439.jpg 768w, https:\/\/www.unirufa.it\/wp-content\/uploads\/2022\/04\/progetti_studenti_visual_innovation_design_marco_bo_tesi_glastonbury-festival_2.jpg 1050w\" sizes=\"auto, (max-width: 680px) 100vw, 680px\" \/><\/div><\/div><div class=\"su-image-carousel-item\"><div class=\"su-image-carousel-item-content\"><img loading=\"lazy\" decoding=\"async\" width=\"680\" height=\"388\" src=\"https:\/\/www.unirufa.it\/wp-content\/uploads\/2022\/04\/progetti_studenti_visual_innovation_design_marco_bo_tesi_glastonbury-festival_1-1024x585.jpg\" class=\"\" alt=\"\" srcset=\"https:\/\/www.unirufa.it\/wp-content\/uploads\/2022\/04\/progetti_studenti_visual_innovation_design_marco_bo_tesi_glastonbury-festival_1-1024x585.jpg 1024w, https:\/\/www.unirufa.it\/wp-content\/uploads\/2022\/04\/progetti_studenti_visual_innovation_design_marco_bo_tesi_glastonbury-festival_1-300x171.jpg 300w, https:\/\/www.unirufa.it\/wp-content\/uploads\/2022\/04\/progetti_studenti_visual_innovation_design_marco_bo_tesi_glastonbury-festival_1-768x439.jpg 768w, https:\/\/www.unirufa.it\/wp-content\/uploads\/2022\/04\/progetti_studenti_visual_innovation_design_marco_bo_tesi_glastonbury-festival_1.jpg 1050w\" sizes=\"auto, (max-width: 680px) 100vw, 680px\" \/><\/div><\/div><\/div><script id=\"su_image_carousel_69d10237e46da_script\">if(window.SUImageCarousel){setTimeout(function() {window.SUImageCarousel.initGallery(document.getElementById(\"su_image_carousel_69d10237e46da\"))}, 0);}var su_image_carousel_69d10237e46da_script=document.getElementById(\"su_image_carousel_69d10237e46da_script\");if(su_image_carousel_69d10237e46da_script){su_image_carousel_69d10237e46da_script.parentNode.removeChild(su_image_carousel_69d10237e46da_script);}<\/script>\n<p>Questo progetto nasce come una sfida, unire la passione per la musica allo studio e alla preparazione nel mondo del design dando una mia personale interpretazione della forza comunicativa della musica espressa in forme, font e colori. <\/p>\n<h3><font color=\"#007ac9\">\u2028\u2028L\u2019obiettivo \u00e8 progettare un\u2019identit\u00e0 visiva che mostri la folle energia vitale del Glastonbury Festival. \u2028<\/font><\/h3>\n<p>Un intreccio di diversi stili musicali, diverse culture e attivit\u00e0 convergenti che aprono le porte a una realt\u00e0 pluridimensionale di cui il festival \u00e8 il centro gravitazionale. Il carattere caleidoscopico del festival d\u00e0 vita ad una libert\u00e0 che si esprime in esperienze con ritmi differenti. Il sistema prevede l\u2019utilizzo di un algoritmo di codice per rendere l\u2019identit\u00e0 generativa ed unica nel suo genere.<br \/>\n\u201cCi\u00f2 che ci rende unici gli uni dagli altri non \u00e8 solo il nostro aspetto (visivo) ma anche il modo in cui ci muoviamo, l\u2019energia cinetica e la biomeccanica che ci compone, ci identifica\u201d.<br \/>\n&nbsp;<br \/>\n<a id=\"btn-regolamentocorso\" class=\"download-btn full\" style=\"background-color: #007ac9; border-color: #007ac9;\" href=\"https:\/\/www.unirufa.it\/artisti\/marco-bo\/\"><span style=\"color: #ffffff;\">MARCO BO<\/span><\/a><br \/>\n&nbsp;<br \/>\n&nbsp;","protected":false},"excerpt":{"rendered":"<p>Disculpa, pero esta entrada est\u00e1 disponible s\u00f3lo en IT y EN.Questo progetto nasce come una sfida, unire la passione per la musica allo studio e alla preparazione nel mondo del design dando una mia personale interpretazione della forza comunicativa della musica espressa in forme, font e colori. \u2028\u2028L\u2019obiettivo \u00e8 progettare un\u2019identit\u00e0 visiva che mostri la&#8230;<\/p>\n","protected":false},"author":47,"featured_media":0,"parent":0,"menu_order":0,"comment_status":"closed","ping_status":"closed","template":"","meta":{"content-type":"","footnotes":""},"class_list":["post-94740","page","type-page","status-publish","hentry"],"yoast_head":"<!-- This site is optimized with the Yoast SEO plugin v24.2 - https:\/\/yoast.com\/wordpress\/plugins\/seo\/ -->\n<title>Glastonbury Festival \u2013 Visual Identity - RUFA - Rome University of Fine Arts<\/title>\n<meta name=\"robots\" content=\"index, follow, max-snippet:-1, max-image-preview:large, max-video-preview:-1\" \/>\n<link rel=\"canonical\" href=\"https:\/\/www.unirufa.it\/glastonbury-festival-visual-identity\/\" \/>\n<meta property=\"og:locale\" content=\"es_ES\" \/>\n<meta property=\"og:type\" content=\"article\" \/>\n<meta property=\"og:title\" content=\"Glastonbury Festival \u2013 Visual Identity - RUFA - Rome University of Fine Arts\" \/>\n<meta property=\"og:description\" content=\"Disculpa, pero esta entrada est\u00e1 disponible s\u00f3lo en IT y EN.Questo progetto nasce come una sfida, unire la passione per la musica allo studio e alla preparazione nel mondo del design dando una mia personale interpretazione della forza comunicativa della musica espressa in forme, font e colori. \u2028\u2028L\u2019obiettivo \u00e8 progettare un\u2019identit\u00e0 visiva che mostri la...\" \/>\n<meta property=\"og:url\" content=\"https:\/\/www.unirufa.it\/glastonbury-festival-visual-identity\/\" \/>\n<meta property=\"og:site_name\" content=\"RUFA - Rome University of Fine Arts\" \/>\n<meta property=\"og:image\" content=\"https:\/\/www.unirufa.it\/wp-content\/uploads\/2017\/11\/logo-rufa-2016.png\" \/>\n\t<meta property=\"og:image:width\" content=\"230\" \/>\n\t<meta property=\"og:image:height\" content=\"149\" \/>\n\t<meta property=\"og:image:type\" content=\"image\/png\" \/>\n<meta name=\"twitter:label1\" content=\"Tiempo de lectura\" \/>\n\t<meta name=\"twitter:data1\" content=\"2 minutos\" \/>\n<script type=\"application\/ld+json\" class=\"yoast-schema-graph\">{\"@context\":\"https:\/\/schema.org\",\"@graph\":[{\"@type\":\"WebPage\",\"@id\":\"https:\/\/www.unirufa.it\/glastonbury-festival-visual-identity\/\",\"url\":\"https:\/\/www.unirufa.it\/glastonbury-festival-visual-identity\/\",\"name\":\"Glastonbury Festival \u2013 Visual Identity - RUFA - Rome University of Fine Arts\",\"isPartOf\":{\"@id\":\"https:\/\/www.unirufa.it\/#website\"},\"datePublished\":\"2023-02-10T21:52:30+00:00\",\"dateModified\":\"2023-02-10T21:52:30+00:00\",\"breadcrumb\":{\"@id\":\"https:\/\/www.unirufa.it\/glastonbury-festival-visual-identity\/#breadcrumb\"},\"inLanguage\":\"es\",\"potentialAction\":[{\"@type\":\"ReadAction\",\"target\":[\"https:\/\/www.unirufa.it\/glastonbury-festival-visual-identity\/\"]}]},{\"@type\":\"BreadcrumbList\",\"@id\":\"https:\/\/www.unirufa.it\/glastonbury-festival-visual-identity\/#breadcrumb\",\"itemListElement\":[{\"@type\":\"ListItem\",\"position\":1,\"name\":\"Home\",\"item\":\"https:\/\/www.unirufa.it\/\"},{\"@type\":\"ListItem\",\"position\":2,\"name\":\"Glastonbury Festival \u2013 Visual Identity\"}]},{\"@type\":\"WebSite\",\"@id\":\"https:\/\/www.unirufa.it\/#website\",\"url\":\"https:\/\/www.unirufa.it\/\",\"name\":\"RUFA - Rome University of Fine Arts\",\"description\":\"\",\"potentialAction\":[{\"@type\":\"SearchAction\",\"target\":{\"@type\":\"EntryPoint\",\"urlTemplate\":\"https:\/\/www.unirufa.it\/?s={search_term_string}\"},\"query-input\":{\"@type\":\"PropertyValueSpecification\",\"valueRequired\":true,\"valueName\":\"search_term_string\"}}],\"inLanguage\":\"es\"}]}<\/script>\n<!-- \/ Yoast SEO plugin. -->","yoast_head_json":{"title":"Glastonbury Festival \u2013 Visual Identity - RUFA - Rome University of Fine Arts","robots":{"index":"index","follow":"follow","max-snippet":"max-snippet:-1","max-image-preview":"max-image-preview:large","max-video-preview":"max-video-preview:-1"},"canonical":"https:\/\/www.unirufa.it\/glastonbury-festival-visual-identity\/","og_locale":"es_ES","og_type":"article","og_title":"Glastonbury Festival \u2013 Visual Identity - RUFA - Rome University of Fine Arts","og_description":"Disculpa, pero esta entrada est\u00e1 disponible s\u00f3lo en IT y EN.Questo progetto nasce come una sfida, unire la passione per la musica allo studio e alla preparazione nel mondo del design dando una mia personale interpretazione della forza comunicativa della musica espressa in forme, font e colori. \u2028\u2028L\u2019obiettivo \u00e8 progettare un\u2019identit\u00e0 visiva che mostri la...","og_url":"https:\/\/www.unirufa.it\/glastonbury-festival-visual-identity\/","og_site_name":"RUFA - Rome University of Fine Arts","og_image":[{"width":230,"height":149,"url":"https:\/\/www.unirufa.it\/wp-content\/uploads\/2017\/11\/logo-rufa-2016.png","type":"image\/png"}],"twitter_misc":{"Tiempo de lectura":"2 minutos"},"schema":{"@context":"https:\/\/schema.org","@graph":[{"@type":"WebPage","@id":"https:\/\/www.unirufa.it\/glastonbury-festival-visual-identity\/","url":"https:\/\/www.unirufa.it\/glastonbury-festival-visual-identity\/","name":"Glastonbury Festival \u2013 Visual Identity - RUFA - Rome University of Fine Arts","isPartOf":{"@id":"https:\/\/www.unirufa.it\/#website"},"datePublished":"2023-02-10T21:52:30+00:00","dateModified":"2023-02-10T21:52:30+00:00","breadcrumb":{"@id":"https:\/\/www.unirufa.it\/glastonbury-festival-visual-identity\/#breadcrumb"},"inLanguage":"es","potentialAction":[{"@type":"ReadAction","target":["https:\/\/www.unirufa.it\/glastonbury-festival-visual-identity\/"]}]},{"@type":"BreadcrumbList","@id":"https:\/\/www.unirufa.it\/glastonbury-festival-visual-identity\/#breadcrumb","itemListElement":[{"@type":"ListItem","position":1,"name":"Home","item":"https:\/\/www.unirufa.it\/"},{"@type":"ListItem","position":2,"name":"Glastonbury Festival \u2013 Visual Identity"}]},{"@type":"WebSite","@id":"https:\/\/www.unirufa.it\/#website","url":"https:\/\/www.unirufa.it\/","name":"RUFA - Rome University of Fine Arts","description":"","potentialAction":[{"@type":"SearchAction","target":{"@type":"EntryPoint","urlTemplate":"https:\/\/www.unirufa.it\/?s={search_term_string}"},"query-input":{"@type":"PropertyValueSpecification","valueRequired":true,"valueName":"search_term_string"}}],"inLanguage":"es"}]}},"_links":{"self":[{"href":"https:\/\/www.unirufa.it\/es\/wp-json\/wp\/v2\/pages\/94740","targetHints":{"allow":["GET"]}}],"collection":[{"href":"https:\/\/www.unirufa.it\/es\/wp-json\/wp\/v2\/pages"}],"about":[{"href":"https:\/\/www.unirufa.it\/es\/wp-json\/wp\/v2\/types\/page"}],"author":[{"embeddable":true,"href":"https:\/\/www.unirufa.it\/es\/wp-json\/wp\/v2\/users\/47"}],"replies":[{"embeddable":true,"href":"https:\/\/www.unirufa.it\/es\/wp-json\/wp\/v2\/comments?post=94740"}],"version-history":[{"count":2,"href":"https:\/\/www.unirufa.it\/es\/wp-json\/wp\/v2\/pages\/94740\/revisions"}],"predecessor-version":[{"id":94742,"href":"https:\/\/www.unirufa.it\/es\/wp-json\/wp\/v2\/pages\/94740\/revisions\/94742"}],"wp:attachment":[{"href":"https:\/\/www.unirufa.it\/es\/wp-json\/wp\/v2\/media?parent=94740"}],"curies":[{"name":"wp","href":"https:\/\/api.w.org\/{rel}","templated":true}]}}