


{"id":94760,"date":"2023-02-10T23:09:11","date_gmt":"2023-02-10T22:09:11","guid":{"rendered":"https:\/\/www.unirufa.it\/?page_id=94760"},"modified":"2023-02-10T23:09:11","modified_gmt":"2023-02-10T22:09:11","slug":"dont-hug-me-system","status":"publish","type":"page","link":"https:\/\/www.unirufa.it\/es\/dont-hug-me-system\/","title":{"rendered":"Don\u2019t Hug Me System"},"content":{"rendered":"<p class=\"qtranxs-available-languages-message qtranxs-available-languages-message-es\">Disculpa, pero esta entrada est\u00e1 disponible s\u00f3lo en <a href=\"https:\/\/www.unirufa.it\/it\/wp-json\/wp\/v2\/pages\/94760\" class=\"qtranxs-available-language-link qtranxs-available-language-link-it\" title=\"IT\">IT<\/a> y <a href=\"https:\/\/www.unirufa.it\/en\/wp-json\/wp\/v2\/pages\/94760\" class=\"qtranxs-available-language-link qtranxs-available-language-link-en\" title=\"EN\">EN<\/a>.<\/p><div class=\"su-image-carousel  su-image-carousel-has-spacing su-image-carousel-adaptive su-image-carousel-slides-style-minimal su-image-carousel-controls-style-light su-image-carousel-align-left\" style=\"\" data-flickity-options='{\"groupCells\":true,\"cellSelector\":\".su-image-carousel-item\",\"adaptiveHeight\":true,\"cellAlign\":\"left\",\"prevNextButtons\":true,\"pageDots\":false,\"autoPlay\":2000,\"imagesLoaded\":true,\"contain\":false,\"selectedAttraction\":0.025,\"friction\":0.28}' id=\"su_image_carousel_69d478b80fb2d\"><div class=\"su-image-carousel-item\"><div class=\"su-image-carousel-item-content\"><img loading=\"lazy\" decoding=\"async\" width=\"680\" height=\"388\" src=\"https:\/\/www.unirufa.it\/wp-content\/uploads\/2022\/04\/progetti_studenti_visual_innovation_design_claudia_pezzella_tesi_dont-hug-me-system_1-1024x585.jpg\" class=\"\" alt=\"\" srcset=\"https:\/\/www.unirufa.it\/wp-content\/uploads\/2022\/04\/progetti_studenti_visual_innovation_design_claudia_pezzella_tesi_dont-hug-me-system_1-1024x585.jpg 1024w, https:\/\/www.unirufa.it\/wp-content\/uploads\/2022\/04\/progetti_studenti_visual_innovation_design_claudia_pezzella_tesi_dont-hug-me-system_1-300x171.jpg 300w, https:\/\/www.unirufa.it\/wp-content\/uploads\/2022\/04\/progetti_studenti_visual_innovation_design_claudia_pezzella_tesi_dont-hug-me-system_1-768x439.jpg 768w, https:\/\/www.unirufa.it\/wp-content\/uploads\/2022\/04\/progetti_studenti_visual_innovation_design_claudia_pezzella_tesi_dont-hug-me-system_1.jpg 1050w\" sizes=\"auto, (max-width: 680px) 100vw, 680px\" \/><\/div><\/div><div class=\"su-image-carousel-item\"><div class=\"su-image-carousel-item-content\"><img loading=\"lazy\" decoding=\"async\" width=\"680\" height=\"388\" src=\"https:\/\/www.unirufa.it\/wp-content\/uploads\/2022\/04\/progetti_studenti_visual_innovation_design_claudia_pezzella_tesi_dont-hug-me-system_11-1024x585.jpg\" class=\"\" alt=\"\" srcset=\"https:\/\/www.unirufa.it\/wp-content\/uploads\/2022\/04\/progetti_studenti_visual_innovation_design_claudia_pezzella_tesi_dont-hug-me-system_11-1024x585.jpg 1024w, https:\/\/www.unirufa.it\/wp-content\/uploads\/2022\/04\/progetti_studenti_visual_innovation_design_claudia_pezzella_tesi_dont-hug-me-system_11-300x171.jpg 300w, https:\/\/www.unirufa.it\/wp-content\/uploads\/2022\/04\/progetti_studenti_visual_innovation_design_claudia_pezzella_tesi_dont-hug-me-system_11-768x439.jpg 768w, https:\/\/www.unirufa.it\/wp-content\/uploads\/2022\/04\/progetti_studenti_visual_innovation_design_claudia_pezzella_tesi_dont-hug-me-system_11.jpg 1050w\" sizes=\"auto, (max-width: 680px) 100vw, 680px\" \/><\/div><\/div><div class=\"su-image-carousel-item\"><div class=\"su-image-carousel-item-content\"><img loading=\"lazy\" decoding=\"async\" width=\"680\" height=\"388\" src=\"https:\/\/www.unirufa.it\/wp-content\/uploads\/2022\/04\/progetti_studenti_visual_innovation_design_claudia_pezzella_tesi_dont-hug-me-system_10-1024x585.jpg\" class=\"\" alt=\"\" srcset=\"https:\/\/www.unirufa.it\/wp-content\/uploads\/2022\/04\/progetti_studenti_visual_innovation_design_claudia_pezzella_tesi_dont-hug-me-system_10-1024x585.jpg 1024w, https:\/\/www.unirufa.it\/wp-content\/uploads\/2022\/04\/progetti_studenti_visual_innovation_design_claudia_pezzella_tesi_dont-hug-me-system_10-300x171.jpg 300w, https:\/\/www.unirufa.it\/wp-content\/uploads\/2022\/04\/progetti_studenti_visual_innovation_design_claudia_pezzella_tesi_dont-hug-me-system_10-768x439.jpg 768w, https:\/\/www.unirufa.it\/wp-content\/uploads\/2022\/04\/progetti_studenti_visual_innovation_design_claudia_pezzella_tesi_dont-hug-me-system_10.jpg 1050w\" sizes=\"auto, (max-width: 680px) 100vw, 680px\" \/><\/div><\/div><div class=\"su-image-carousel-item\"><div class=\"su-image-carousel-item-content\"><img loading=\"lazy\" decoding=\"async\" width=\"680\" height=\"388\" src=\"https:\/\/www.unirufa.it\/wp-content\/uploads\/2022\/04\/progetti_studenti_visual_innovation_design_claudia_pezzella_tesi_dont-hug-me-system_9-1024x585.jpg\" class=\"\" alt=\"\" srcset=\"https:\/\/www.unirufa.it\/wp-content\/uploads\/2022\/04\/progetti_studenti_visual_innovation_design_claudia_pezzella_tesi_dont-hug-me-system_9-1024x585.jpg 1024w, https:\/\/www.unirufa.it\/wp-content\/uploads\/2022\/04\/progetti_studenti_visual_innovation_design_claudia_pezzella_tesi_dont-hug-me-system_9-300x171.jpg 300w, https:\/\/www.unirufa.it\/wp-content\/uploads\/2022\/04\/progetti_studenti_visual_innovation_design_claudia_pezzella_tesi_dont-hug-me-system_9-768x439.jpg 768w, https:\/\/www.unirufa.it\/wp-content\/uploads\/2022\/04\/progetti_studenti_visual_innovation_design_claudia_pezzella_tesi_dont-hug-me-system_9.jpg 1050w\" sizes=\"auto, (max-width: 680px) 100vw, 680px\" \/><\/div><\/div><div class=\"su-image-carousel-item\"><div class=\"su-image-carousel-item-content\"><img loading=\"lazy\" decoding=\"async\" width=\"680\" height=\"388\" src=\"https:\/\/www.unirufa.it\/wp-content\/uploads\/2022\/04\/progetti_studenti_visual_innovation_design_claudia_pezzella_tesi_dont-hug-me-system_8-1024x585.jpg\" class=\"\" alt=\"\" srcset=\"https:\/\/www.unirufa.it\/wp-content\/uploads\/2022\/04\/progetti_studenti_visual_innovation_design_claudia_pezzella_tesi_dont-hug-me-system_8-1024x585.jpg 1024w, https:\/\/www.unirufa.it\/wp-content\/uploads\/2022\/04\/progetti_studenti_visual_innovation_design_claudia_pezzella_tesi_dont-hug-me-system_8-300x171.jpg 300w, https:\/\/www.unirufa.it\/wp-content\/uploads\/2022\/04\/progetti_studenti_visual_innovation_design_claudia_pezzella_tesi_dont-hug-me-system_8-768x439.jpg 768w, https:\/\/www.unirufa.it\/wp-content\/uploads\/2022\/04\/progetti_studenti_visual_innovation_design_claudia_pezzella_tesi_dont-hug-me-system_8.jpg 1050w\" sizes=\"auto, (max-width: 680px) 100vw, 680px\" \/><\/div><\/div><div class=\"su-image-carousel-item\"><div class=\"su-image-carousel-item-content\"><img loading=\"lazy\" decoding=\"async\" width=\"680\" height=\"388\" src=\"https:\/\/www.unirufa.it\/wp-content\/uploads\/2022\/04\/progetti_studenti_visual_innovation_design_claudia_pezzella_tesi_dont-hug-me-system_7-1024x585.jpg\" class=\"\" alt=\"\" srcset=\"https:\/\/www.unirufa.it\/wp-content\/uploads\/2022\/04\/progetti_studenti_visual_innovation_design_claudia_pezzella_tesi_dont-hug-me-system_7-1024x585.jpg 1024w, https:\/\/www.unirufa.it\/wp-content\/uploads\/2022\/04\/progetti_studenti_visual_innovation_design_claudia_pezzella_tesi_dont-hug-me-system_7-300x171.jpg 300w, https:\/\/www.unirufa.it\/wp-content\/uploads\/2022\/04\/progetti_studenti_visual_innovation_design_claudia_pezzella_tesi_dont-hug-me-system_7-768x439.jpg 768w, https:\/\/www.unirufa.it\/wp-content\/uploads\/2022\/04\/progetti_studenti_visual_innovation_design_claudia_pezzella_tesi_dont-hug-me-system_7.jpg 1050w\" sizes=\"auto, (max-width: 680px) 100vw, 680px\" \/><\/div><\/div><div class=\"su-image-carousel-item\"><div class=\"su-image-carousel-item-content\"><img loading=\"lazy\" decoding=\"async\" width=\"680\" height=\"388\" src=\"https:\/\/www.unirufa.it\/wp-content\/uploads\/2022\/04\/progetti_studenti_visual_innovation_design_claudia_pezzella_tesi_dont-hug-me-system_6-1024x585.jpg\" class=\"\" alt=\"\" srcset=\"https:\/\/www.unirufa.it\/wp-content\/uploads\/2022\/04\/progetti_studenti_visual_innovation_design_claudia_pezzella_tesi_dont-hug-me-system_6-1024x585.jpg 1024w, https:\/\/www.unirufa.it\/wp-content\/uploads\/2022\/04\/progetti_studenti_visual_innovation_design_claudia_pezzella_tesi_dont-hug-me-system_6-300x171.jpg 300w, https:\/\/www.unirufa.it\/wp-content\/uploads\/2022\/04\/progetti_studenti_visual_innovation_design_claudia_pezzella_tesi_dont-hug-me-system_6-768x439.jpg 768w, https:\/\/www.unirufa.it\/wp-content\/uploads\/2022\/04\/progetti_studenti_visual_innovation_design_claudia_pezzella_tesi_dont-hug-me-system_6.jpg 1050w\" sizes=\"auto, (max-width: 680px) 100vw, 680px\" \/><\/div><\/div><div class=\"su-image-carousel-item\"><div class=\"su-image-carousel-item-content\"><img loading=\"lazy\" decoding=\"async\" width=\"680\" height=\"388\" src=\"https:\/\/www.unirufa.it\/wp-content\/uploads\/2022\/04\/progetti_studenti_visual_innovation_design_claudia_pezzella_tesi_dont-hug-me-system_5-1024x585.jpg\" class=\"\" alt=\"\" srcset=\"https:\/\/www.unirufa.it\/wp-content\/uploads\/2022\/04\/progetti_studenti_visual_innovation_design_claudia_pezzella_tesi_dont-hug-me-system_5-1024x585.jpg 1024w, https:\/\/www.unirufa.it\/wp-content\/uploads\/2022\/04\/progetti_studenti_visual_innovation_design_claudia_pezzella_tesi_dont-hug-me-system_5-300x171.jpg 300w, https:\/\/www.unirufa.it\/wp-content\/uploads\/2022\/04\/progetti_studenti_visual_innovation_design_claudia_pezzella_tesi_dont-hug-me-system_5-768x439.jpg 768w, https:\/\/www.unirufa.it\/wp-content\/uploads\/2022\/04\/progetti_studenti_visual_innovation_design_claudia_pezzella_tesi_dont-hug-me-system_5.jpg 1050w\" sizes=\"auto, (max-width: 680px) 100vw, 680px\" \/><\/div><\/div><div class=\"su-image-carousel-item\"><div class=\"su-image-carousel-item-content\"><img loading=\"lazy\" decoding=\"async\" width=\"680\" height=\"388\" src=\"https:\/\/www.unirufa.it\/wp-content\/uploads\/2022\/04\/progetti_studenti_visual_innovation_design_claudia_pezzella_tesi_dont-hug-me-system_4-1024x585.jpg\" class=\"\" alt=\"\" srcset=\"https:\/\/www.unirufa.it\/wp-content\/uploads\/2022\/04\/progetti_studenti_visual_innovation_design_claudia_pezzella_tesi_dont-hug-me-system_4-1024x585.jpg 1024w, https:\/\/www.unirufa.it\/wp-content\/uploads\/2022\/04\/progetti_studenti_visual_innovation_design_claudia_pezzella_tesi_dont-hug-me-system_4-300x171.jpg 300w, https:\/\/www.unirufa.it\/wp-content\/uploads\/2022\/04\/progetti_studenti_visual_innovation_design_claudia_pezzella_tesi_dont-hug-me-system_4-768x439.jpg 768w, https:\/\/www.unirufa.it\/wp-content\/uploads\/2022\/04\/progetti_studenti_visual_innovation_design_claudia_pezzella_tesi_dont-hug-me-system_4.jpg 1050w\" sizes=\"auto, (max-width: 680px) 100vw, 680px\" \/><\/div><\/div><div class=\"su-image-carousel-item\"><div class=\"su-image-carousel-item-content\"><img loading=\"lazy\" decoding=\"async\" width=\"680\" height=\"388\" src=\"https:\/\/www.unirufa.it\/wp-content\/uploads\/2022\/04\/progetti_studenti_visual_innovation_design_claudia_pezzella_tesi_dont-hug-me-system_3-1024x585.jpg\" class=\"\" alt=\"\" srcset=\"https:\/\/www.unirufa.it\/wp-content\/uploads\/2022\/04\/progetti_studenti_visual_innovation_design_claudia_pezzella_tesi_dont-hug-me-system_3-1024x585.jpg 1024w, https:\/\/www.unirufa.it\/wp-content\/uploads\/2022\/04\/progetti_studenti_visual_innovation_design_claudia_pezzella_tesi_dont-hug-me-system_3-300x171.jpg 300w, https:\/\/www.unirufa.it\/wp-content\/uploads\/2022\/04\/progetti_studenti_visual_innovation_design_claudia_pezzella_tesi_dont-hug-me-system_3-768x439.jpg 768w, https:\/\/www.unirufa.it\/wp-content\/uploads\/2022\/04\/progetti_studenti_visual_innovation_design_claudia_pezzella_tesi_dont-hug-me-system_3.jpg 1050w\" sizes=\"auto, (max-width: 680px) 100vw, 680px\" \/><\/div><\/div><div class=\"su-image-carousel-item\"><div class=\"su-image-carousel-item-content\"><img loading=\"lazy\" decoding=\"async\" width=\"680\" height=\"388\" src=\"https:\/\/www.unirufa.it\/wp-content\/uploads\/2022\/04\/progetti_studenti_visual_innovation_design_claudia_pezzella_tesi_dont-hug-me-system_2-1024x585.jpg\" class=\"\" alt=\"\" srcset=\"https:\/\/www.unirufa.it\/wp-content\/uploads\/2022\/04\/progetti_studenti_visual_innovation_design_claudia_pezzella_tesi_dont-hug-me-system_2-1024x585.jpg 1024w, https:\/\/www.unirufa.it\/wp-content\/uploads\/2022\/04\/progetti_studenti_visual_innovation_design_claudia_pezzella_tesi_dont-hug-me-system_2-300x171.jpg 300w, https:\/\/www.unirufa.it\/wp-content\/uploads\/2022\/04\/progetti_studenti_visual_innovation_design_claudia_pezzella_tesi_dont-hug-me-system_2-768x439.jpg 768w, https:\/\/www.unirufa.it\/wp-content\/uploads\/2022\/04\/progetti_studenti_visual_innovation_design_claudia_pezzella_tesi_dont-hug-me-system_2.jpg 1050w\" sizes=\"auto, (max-width: 680px) 100vw, 680px\" \/><\/div><\/div><\/div><script id=\"su_image_carousel_69d478b80fb2d_script\">if(window.SUImageCarousel){setTimeout(function() {window.SUImageCarousel.initGallery(document.getElementById(\"su_image_carousel_69d478b80fb2d\"))}, 0);}var su_image_carousel_69d478b80fb2d_script=document.getElementById(\"su_image_carousel_69d478b80fb2d_script\");if(su_image_carousel_69d478b80fb2d_script){su_image_carousel_69d478b80fb2d_script.parentNode.removeChild(su_image_carousel_69d478b80fb2d_script);}<\/script>\n<p>Un sistema per valutare la qualit\u00e0 di vita nell\u2019ambiente di lavoro, progettato con un approccio collaborativo<\/p>\n<p>Don\u2019t Hug me System \u00e8 un sistema di monitoraggio e controllo di molestie, discriminazioni e della qualit\u00e0 di vita in generale sul luogo di lavoro.<br \/>\nIl lavoro \u00e8 fonte di sostegno psicologico oltre che economico. Ho deciso di concentrarmi su un problema spesso sottovalutato, ovvero quello della tutela dei lavoratori rispetto ai rischi psicosociali generati da particolari interazioni o discriminazioni all&#8217;interno dell&#8217;ambiente lavorativo.<br \/>\nAttraverso interviste ad avvocati e sindacalisti e grazie alle attivit\u00e0 di gruppo svolte durante la fase di ricerca, sono riuscita a mappare in una sorta di \u201cscala di gravit\u00e0\u201d, alcune delle interazioni ritenute pi\u00f9 sgradevoli sul lavoro. Avere questa visione cos\u00ec ampia del fenomeno mi ha permesso di progettare un ecosistema composto da diversi touchpoint attraverso cui segnalare e rendere manifesti in forma anonima i comportamenti sgraditi da parte di colleghi o superiori. <\/p>\n<p>&nbsp;<\/p>\n<p><a id=\"btn-regolamentocorso\" class=\"download-btn full\" style=\"background-color: #007ac9; border-color: #007ac9;\" href=\"https:\/\/www.unirufa.it\/artisti\/claudia-pezzella\/\"><span style=\"color: #ffffff;\">CLAUDIA PEZZELLA<\/span><\/a><br \/>\n&nbsp;<br \/>\n&nbsp;","protected":false},"excerpt":{"rendered":"<p>Disculpa, pero esta entrada est\u00e1 disponible s\u00f3lo en IT y EN.Un sistema per valutare la qualit\u00e0 di vita nell\u2019ambiente di lavoro, progettato con un approccio collaborativo Don\u2019t Hug me System \u00e8 un sistema di monitoraggio e controllo di molestie, discriminazioni e della qualit\u00e0 di vita in generale sul luogo di lavoro. Il lavoro \u00e8 fonte&#8230;<\/p>\n","protected":false},"author":47,"featured_media":0,"parent":0,"menu_order":0,"comment_status":"closed","ping_status":"closed","template":"","meta":{"content-type":"","footnotes":""},"class_list":["post-94760","page","type-page","status-publish","hentry"],"yoast_head":"<!-- This site is optimized with the Yoast SEO plugin v24.2 - https:\/\/yoast.com\/wordpress\/plugins\/seo\/ -->\n<title>Don\u2019t Hug Me System - RUFA - Rome University of Fine Arts<\/title>\n<meta name=\"robots\" content=\"index, follow, max-snippet:-1, max-image-preview:large, max-video-preview:-1\" \/>\n<link rel=\"canonical\" href=\"https:\/\/www.unirufa.it\/dont-hug-me-system\/\" \/>\n<meta property=\"og:locale\" content=\"es_ES\" \/>\n<meta property=\"og:type\" content=\"article\" \/>\n<meta property=\"og:title\" content=\"Don\u2019t Hug Me System - RUFA - Rome University of Fine Arts\" \/>\n<meta property=\"og:description\" content=\"Disculpa, pero esta entrada est\u00e1 disponible s\u00f3lo en IT y EN.Un sistema per valutare la qualit\u00e0 di vita nell\u2019ambiente di lavoro, progettato con un approccio collaborativo Don\u2019t Hug me System \u00e8 un sistema di monitoraggio e controllo di molestie, discriminazioni e della qualit\u00e0 di vita in generale sul luogo di lavoro. Il lavoro \u00e8 fonte...\" \/>\n<meta property=\"og:url\" content=\"https:\/\/www.unirufa.it\/dont-hug-me-system\/\" \/>\n<meta property=\"og:site_name\" content=\"RUFA - Rome University of Fine Arts\" \/>\n<meta property=\"og:image\" content=\"https:\/\/www.unirufa.it\/wp-content\/uploads\/2017\/11\/logo-rufa-2016.png\" \/>\n\t<meta property=\"og:image:width\" content=\"230\" \/>\n\t<meta property=\"og:image:height\" content=\"149\" \/>\n\t<meta property=\"og:image:type\" content=\"image\/png\" \/>\n<meta name=\"twitter:label1\" content=\"Tiempo de lectura\" \/>\n\t<meta name=\"twitter:data1\" content=\"2 minutos\" \/>\n<script type=\"application\/ld+json\" class=\"yoast-schema-graph\">{\"@context\":\"https:\/\/schema.org\",\"@graph\":[{\"@type\":\"WebPage\",\"@id\":\"https:\/\/www.unirufa.it\/dont-hug-me-system\/\",\"url\":\"https:\/\/www.unirufa.it\/dont-hug-me-system\/\",\"name\":\"Don\u2019t Hug Me System - RUFA - Rome University of Fine Arts\",\"isPartOf\":{\"@id\":\"https:\/\/www.unirufa.it\/#website\"},\"datePublished\":\"2023-02-10T22:09:11+00:00\",\"dateModified\":\"2023-02-10T22:09:11+00:00\",\"breadcrumb\":{\"@id\":\"https:\/\/www.unirufa.it\/dont-hug-me-system\/#breadcrumb\"},\"inLanguage\":\"es\",\"potentialAction\":[{\"@type\":\"ReadAction\",\"target\":[\"https:\/\/www.unirufa.it\/dont-hug-me-system\/\"]}]},{\"@type\":\"BreadcrumbList\",\"@id\":\"https:\/\/www.unirufa.it\/dont-hug-me-system\/#breadcrumb\",\"itemListElement\":[{\"@type\":\"ListItem\",\"position\":1,\"name\":\"Home\",\"item\":\"https:\/\/www.unirufa.it\/\"},{\"@type\":\"ListItem\",\"position\":2,\"name\":\"Don\u2019t Hug Me System\"}]},{\"@type\":\"WebSite\",\"@id\":\"https:\/\/www.unirufa.it\/#website\",\"url\":\"https:\/\/www.unirufa.it\/\",\"name\":\"RUFA - Rome University of Fine Arts\",\"description\":\"\",\"potentialAction\":[{\"@type\":\"SearchAction\",\"target\":{\"@type\":\"EntryPoint\",\"urlTemplate\":\"https:\/\/www.unirufa.it\/?s={search_term_string}\"},\"query-input\":{\"@type\":\"PropertyValueSpecification\",\"valueRequired\":true,\"valueName\":\"search_term_string\"}}],\"inLanguage\":\"es\"}]}<\/script>\n<!-- \/ Yoast SEO plugin. -->","yoast_head_json":{"title":"Don\u2019t Hug Me System - RUFA - Rome University of Fine Arts","robots":{"index":"index","follow":"follow","max-snippet":"max-snippet:-1","max-image-preview":"max-image-preview:large","max-video-preview":"max-video-preview:-1"},"canonical":"https:\/\/www.unirufa.it\/dont-hug-me-system\/","og_locale":"es_ES","og_type":"article","og_title":"Don\u2019t Hug Me System - RUFA - Rome University of Fine Arts","og_description":"Disculpa, pero esta entrada est\u00e1 disponible s\u00f3lo en IT y EN.Un sistema per valutare la qualit\u00e0 di vita nell\u2019ambiente di lavoro, progettato con un approccio collaborativo Don\u2019t Hug me System \u00e8 un sistema di monitoraggio e controllo di molestie, discriminazioni e della qualit\u00e0 di vita in generale sul luogo di lavoro. Il lavoro \u00e8 fonte...","og_url":"https:\/\/www.unirufa.it\/dont-hug-me-system\/","og_site_name":"RUFA - Rome University of Fine Arts","og_image":[{"width":230,"height":149,"url":"https:\/\/www.unirufa.it\/wp-content\/uploads\/2017\/11\/logo-rufa-2016.png","type":"image\/png"}],"twitter_misc":{"Tiempo de lectura":"2 minutos"},"schema":{"@context":"https:\/\/schema.org","@graph":[{"@type":"WebPage","@id":"https:\/\/www.unirufa.it\/dont-hug-me-system\/","url":"https:\/\/www.unirufa.it\/dont-hug-me-system\/","name":"Don\u2019t Hug Me System - RUFA - Rome University of Fine Arts","isPartOf":{"@id":"https:\/\/www.unirufa.it\/#website"},"datePublished":"2023-02-10T22:09:11+00:00","dateModified":"2023-02-10T22:09:11+00:00","breadcrumb":{"@id":"https:\/\/www.unirufa.it\/dont-hug-me-system\/#breadcrumb"},"inLanguage":"es","potentialAction":[{"@type":"ReadAction","target":["https:\/\/www.unirufa.it\/dont-hug-me-system\/"]}]},{"@type":"BreadcrumbList","@id":"https:\/\/www.unirufa.it\/dont-hug-me-system\/#breadcrumb","itemListElement":[{"@type":"ListItem","position":1,"name":"Home","item":"https:\/\/www.unirufa.it\/"},{"@type":"ListItem","position":2,"name":"Don\u2019t Hug Me System"}]},{"@type":"WebSite","@id":"https:\/\/www.unirufa.it\/#website","url":"https:\/\/www.unirufa.it\/","name":"RUFA - Rome University of Fine Arts","description":"","potentialAction":[{"@type":"SearchAction","target":{"@type":"EntryPoint","urlTemplate":"https:\/\/www.unirufa.it\/?s={search_term_string}"},"query-input":{"@type":"PropertyValueSpecification","valueRequired":true,"valueName":"search_term_string"}}],"inLanguage":"es"}]}},"_links":{"self":[{"href":"https:\/\/www.unirufa.it\/es\/wp-json\/wp\/v2\/pages\/94760","targetHints":{"allow":["GET"]}}],"collection":[{"href":"https:\/\/www.unirufa.it\/es\/wp-json\/wp\/v2\/pages"}],"about":[{"href":"https:\/\/www.unirufa.it\/es\/wp-json\/wp\/v2\/types\/page"}],"author":[{"embeddable":true,"href":"https:\/\/www.unirufa.it\/es\/wp-json\/wp\/v2\/users\/47"}],"replies":[{"embeddable":true,"href":"https:\/\/www.unirufa.it\/es\/wp-json\/wp\/v2\/comments?post=94760"}],"version-history":[{"count":3,"href":"https:\/\/www.unirufa.it\/es\/wp-json\/wp\/v2\/pages\/94760\/revisions"}],"predecessor-version":[{"id":94763,"href":"https:\/\/www.unirufa.it\/es\/wp-json\/wp\/v2\/pages\/94760\/revisions\/94763"}],"wp:attachment":[{"href":"https:\/\/www.unirufa.it\/es\/wp-json\/wp\/v2\/media?parent=94760"}],"curies":[{"name":"wp","href":"https:\/\/api.w.org\/{rel}","templated":true}]}}