


{"id":94774,"date":"2023-02-10T23:27:29","date_gmt":"2023-02-10T22:27:29","guid":{"rendered":"https:\/\/www.unirufa.it\/?page_id=94774"},"modified":"2023-02-10T23:27:29","modified_gmt":"2023-02-10T22:27:29","slug":"the-4-dimensions-of-3d","status":"publish","type":"page","link":"https:\/\/www.unirufa.it\/es\/the-4-dimensions-of-3d\/","title":{"rendered":"The 4 dimensions of 3D"},"content":{"rendered":"<p class=\"qtranxs-available-languages-message qtranxs-available-languages-message-es\">Disculpa, pero esta entrada est\u00e1 disponible s\u00f3lo en <a href=\"https:\/\/www.unirufa.it\/it\/wp-json\/wp\/v2\/pages\/94774\" class=\"qtranxs-available-language-link qtranxs-available-language-link-it\" title=\"IT\">IT<\/a> y <a href=\"https:\/\/www.unirufa.it\/en\/wp-json\/wp\/v2\/pages\/94774\" class=\"qtranxs-available-language-link qtranxs-available-language-link-en\" title=\"EN\">EN<\/a>.<\/p><div class=\"su-image-carousel  su-image-carousel-has-spacing su-image-carousel-adaptive su-image-carousel-slides-style-minimal su-image-carousel-controls-style-light su-image-carousel-align-left\" style=\"\" data-flickity-options='{\"groupCells\":true,\"cellSelector\":\".su-image-carousel-item\",\"adaptiveHeight\":true,\"cellAlign\":\"left\",\"prevNextButtons\":true,\"pageDots\":false,\"autoPlay\":2000,\"imagesLoaded\":true,\"contain\":false,\"selectedAttraction\":0.025,\"friction\":0.28}' id=\"su_image_carousel_69e5ed902fee3\"><div class=\"su-image-carousel-item\"><div class=\"su-image-carousel-item-content\"><img loading=\"lazy\" decoding=\"async\" width=\"680\" height=\"388\" src=\"https:\/\/www.unirufa.it\/wp-content\/uploads\/2022\/04\/progetti_studenti_computer_animation_visual_effects_cassandra_toti_tesi_the-4d-of.ed_7-1024x585.jpg\" class=\"\" alt=\"\" srcset=\"https:\/\/www.unirufa.it\/wp-content\/uploads\/2022\/04\/progetti_studenti_computer_animation_visual_effects_cassandra_toti_tesi_the-4d-of.ed_7-1024x585.jpg 1024w, https:\/\/www.unirufa.it\/wp-content\/uploads\/2022\/04\/progetti_studenti_computer_animation_visual_effects_cassandra_toti_tesi_the-4d-of.ed_7-300x171.jpg 300w, https:\/\/www.unirufa.it\/wp-content\/uploads\/2022\/04\/progetti_studenti_computer_animation_visual_effects_cassandra_toti_tesi_the-4d-of.ed_7-768x439.jpg 768w, https:\/\/www.unirufa.it\/wp-content\/uploads\/2022\/04\/progetti_studenti_computer_animation_visual_effects_cassandra_toti_tesi_the-4d-of.ed_7.jpg 1050w\" sizes=\"auto, (max-width: 680px) 100vw, 680px\" \/><\/div><\/div><div class=\"su-image-carousel-item\"><div class=\"su-image-carousel-item-content\"><img loading=\"lazy\" decoding=\"async\" width=\"680\" height=\"388\" src=\"https:\/\/www.unirufa.it\/wp-content\/uploads\/2022\/04\/progetti_studenti_computer_animation_visual_effects_cassandra_toti_tesi_the-4d-of.ed_6-1024x585.jpg\" class=\"\" alt=\"\" srcset=\"https:\/\/www.unirufa.it\/wp-content\/uploads\/2022\/04\/progetti_studenti_computer_animation_visual_effects_cassandra_toti_tesi_the-4d-of.ed_6-1024x585.jpg 1024w, https:\/\/www.unirufa.it\/wp-content\/uploads\/2022\/04\/progetti_studenti_computer_animation_visual_effects_cassandra_toti_tesi_the-4d-of.ed_6-300x171.jpg 300w, https:\/\/www.unirufa.it\/wp-content\/uploads\/2022\/04\/progetti_studenti_computer_animation_visual_effects_cassandra_toti_tesi_the-4d-of.ed_6-768x439.jpg 768w, https:\/\/www.unirufa.it\/wp-content\/uploads\/2022\/04\/progetti_studenti_computer_animation_visual_effects_cassandra_toti_tesi_the-4d-of.ed_6.jpg 1050w\" sizes=\"auto, (max-width: 680px) 100vw, 680px\" \/><\/div><\/div><div class=\"su-image-carousel-item\"><div class=\"su-image-carousel-item-content\"><img loading=\"lazy\" decoding=\"async\" width=\"680\" height=\"388\" src=\"https:\/\/www.unirufa.it\/wp-content\/uploads\/2022\/04\/progetti_studenti_computer_animation_visual_effects_cassandra_toti_tesi_the-4d-of.ed_5-1024x585.jpg\" class=\"\" alt=\"\" srcset=\"https:\/\/www.unirufa.it\/wp-content\/uploads\/2022\/04\/progetti_studenti_computer_animation_visual_effects_cassandra_toti_tesi_the-4d-of.ed_5-1024x585.jpg 1024w, https:\/\/www.unirufa.it\/wp-content\/uploads\/2022\/04\/progetti_studenti_computer_animation_visual_effects_cassandra_toti_tesi_the-4d-of.ed_5-300x171.jpg 300w, https:\/\/www.unirufa.it\/wp-content\/uploads\/2022\/04\/progetti_studenti_computer_animation_visual_effects_cassandra_toti_tesi_the-4d-of.ed_5-768x439.jpg 768w, https:\/\/www.unirufa.it\/wp-content\/uploads\/2022\/04\/progetti_studenti_computer_animation_visual_effects_cassandra_toti_tesi_the-4d-of.ed_5.jpg 1050w\" sizes=\"auto, (max-width: 680px) 100vw, 680px\" \/><\/div><\/div><div class=\"su-image-carousel-item\"><div class=\"su-image-carousel-item-content\"><img loading=\"lazy\" decoding=\"async\" width=\"680\" height=\"388\" src=\"https:\/\/www.unirufa.it\/wp-content\/uploads\/2022\/04\/progetti_studenti_computer_animation_visual_effects_cassandra_toti_tesi_the-4d-of.ed_4-1024x585.jpg\" class=\"\" alt=\"\" srcset=\"https:\/\/www.unirufa.it\/wp-content\/uploads\/2022\/04\/progetti_studenti_computer_animation_visual_effects_cassandra_toti_tesi_the-4d-of.ed_4-1024x585.jpg 1024w, https:\/\/www.unirufa.it\/wp-content\/uploads\/2022\/04\/progetti_studenti_computer_animation_visual_effects_cassandra_toti_tesi_the-4d-of.ed_4-300x171.jpg 300w, https:\/\/www.unirufa.it\/wp-content\/uploads\/2022\/04\/progetti_studenti_computer_animation_visual_effects_cassandra_toti_tesi_the-4d-of.ed_4-768x439.jpg 768w, https:\/\/www.unirufa.it\/wp-content\/uploads\/2022\/04\/progetti_studenti_computer_animation_visual_effects_cassandra_toti_tesi_the-4d-of.ed_4.jpg 1050w\" sizes=\"auto, (max-width: 680px) 100vw, 680px\" \/><\/div><\/div><div class=\"su-image-carousel-item\"><div class=\"su-image-carousel-item-content\"><img loading=\"lazy\" decoding=\"async\" width=\"680\" height=\"388\" src=\"https:\/\/www.unirufa.it\/wp-content\/uploads\/2022\/04\/progetti_studenti_computer_animation_visual_effects_cassandra_toti_tesi_the-4d-of.ed_3-1024x585.jpg\" class=\"\" alt=\"\" srcset=\"https:\/\/www.unirufa.it\/wp-content\/uploads\/2022\/04\/progetti_studenti_computer_animation_visual_effects_cassandra_toti_tesi_the-4d-of.ed_3-1024x585.jpg 1024w, https:\/\/www.unirufa.it\/wp-content\/uploads\/2022\/04\/progetti_studenti_computer_animation_visual_effects_cassandra_toti_tesi_the-4d-of.ed_3-300x171.jpg 300w, https:\/\/www.unirufa.it\/wp-content\/uploads\/2022\/04\/progetti_studenti_computer_animation_visual_effects_cassandra_toti_tesi_the-4d-of.ed_3-768x439.jpg 768w, https:\/\/www.unirufa.it\/wp-content\/uploads\/2022\/04\/progetti_studenti_computer_animation_visual_effects_cassandra_toti_tesi_the-4d-of.ed_3.jpg 1050w\" sizes=\"auto, (max-width: 680px) 100vw, 680px\" \/><\/div><\/div><div class=\"su-image-carousel-item\"><div class=\"su-image-carousel-item-content\"><img loading=\"lazy\" decoding=\"async\" width=\"680\" height=\"388\" src=\"https:\/\/www.unirufa.it\/wp-content\/uploads\/2022\/04\/progetti_studenti_computer_animation_visual_effects_cassandra_toti_tesi_the-4d-of.ed_2-1024x585.jpg\" class=\"\" alt=\"\" srcset=\"https:\/\/www.unirufa.it\/wp-content\/uploads\/2022\/04\/progetti_studenti_computer_animation_visual_effects_cassandra_toti_tesi_the-4d-of.ed_2-1024x585.jpg 1024w, https:\/\/www.unirufa.it\/wp-content\/uploads\/2022\/04\/progetti_studenti_computer_animation_visual_effects_cassandra_toti_tesi_the-4d-of.ed_2-300x171.jpg 300w, https:\/\/www.unirufa.it\/wp-content\/uploads\/2022\/04\/progetti_studenti_computer_animation_visual_effects_cassandra_toti_tesi_the-4d-of.ed_2-768x439.jpg 768w, https:\/\/www.unirufa.it\/wp-content\/uploads\/2022\/04\/progetti_studenti_computer_animation_visual_effects_cassandra_toti_tesi_the-4d-of.ed_2.jpg 1050w\" sizes=\"auto, (max-width: 680px) 100vw, 680px\" \/><\/div><\/div><div class=\"su-image-carousel-item\"><div class=\"su-image-carousel-item-content\"><img loading=\"lazy\" decoding=\"async\" width=\"680\" height=\"388\" src=\"https:\/\/www.unirufa.it\/wp-content\/uploads\/2022\/04\/progetti_studenti_computer_animation_visual_effects_cassandra_toti_tesi_the-4d-of.ed_1-1024x585.jpg\" class=\"\" alt=\"\" srcset=\"https:\/\/www.unirufa.it\/wp-content\/uploads\/2022\/04\/progetti_studenti_computer_animation_visual_effects_cassandra_toti_tesi_the-4d-of.ed_1-1024x585.jpg 1024w, https:\/\/www.unirufa.it\/wp-content\/uploads\/2022\/04\/progetti_studenti_computer_animation_visual_effects_cassandra_toti_tesi_the-4d-of.ed_1-300x171.jpg 300w, https:\/\/www.unirufa.it\/wp-content\/uploads\/2022\/04\/progetti_studenti_computer_animation_visual_effects_cassandra_toti_tesi_the-4d-of.ed_1-768x439.jpg 768w, https:\/\/www.unirufa.it\/wp-content\/uploads\/2022\/04\/progetti_studenti_computer_animation_visual_effects_cassandra_toti_tesi_the-4d-of.ed_1.jpg 1050w\" sizes=\"auto, (max-width: 680px) 100vw, 680px\" \/><\/div><\/div><\/div><script id=\"su_image_carousel_69e5ed902fee3_script\">if(window.SUImageCarousel){setTimeout(function() {window.SUImageCarousel.initGallery(document.getElementById(\"su_image_carousel_69e5ed902fee3\"))}, 0);}var su_image_carousel_69e5ed902fee3_script=document.getElementById(\"su_image_carousel_69e5ed902fee3_script\");if(su_image_carousel_69e5ed902fee3_script){su_image_carousel_69e5ed902fee3_script.parentNode.removeChild(su_image_carousel_69e5ed902fee3_script);}<\/script>\n<p>Obiettivo della tesi \u00e8 stato quello di coniugare il fattore psicologico con quello estetico di un personaggio .Quando si pensa al character design, l\u2019obiettivo comune \u00e8 solitamente curare solo l\u2019aspetto visivo, ma affinch\u00e9 il pubblico possa sentire una connessione con il personaggio, deve esserci qualcosa a cui possono relazionarsi, il personaggio deve dunque risultare credibile agli occhi dello spettatore, avere paure, gioie, speranza, desideri.<br \/>\nTramite la modellazione si da effettivamente vita all\u2019idea. Si passa quindi alle letture delle forme in 2d identificando i personaggi in una delle tre forme di base, triangolo, quadrato e cerchio. fino ad arrivare, attraverso i vari sheet creati in precedenza, alla moderazione del personaggio estrudendola in 3D, facendo particolarmente attenzione alla disposizione dei loop (anello di poligoni) in alcune parti della mesh, agevolando in questo modo il processo di animazione.<br \/>\nIn conclusione l\u2019importante per la riuscita di un buon character \u00e8 creare un collegamento con lo spettatore. Far s\u00ec che si provi empatia con un cucciolo di lampada \u00e8 qualcosa di strabiliante, ma ci si riesce solo dando al nostro personaggio la pi\u00f9 importante delle cose, un anima.<\/p>\n<p>&nbsp;<br \/>\n<a id=\"btn-regolamentocorso\" class=\"download-btn full\" style=\"background-color: #007ac9; border-color: #007ac9;\" href=\"https:\/\/www.unirufa.it\/artisti\/cassandra-toti\/\"><span style=\"color: #ffffff;\">CASSANDRA TOTI<\/span><\/a><br \/>\n&nbsp;<br \/>\n&nbsp;","protected":false},"excerpt":{"rendered":"<p>Disculpa, pero esta entrada est\u00e1 disponible s\u00f3lo en IT y EN.Obiettivo della tesi \u00e8 stato quello di coniugare il fattore psicologico con quello estetico di un personaggio .Quando si pensa al character design, l\u2019obiettivo comune \u00e8 solitamente curare solo l\u2019aspetto visivo, ma affinch\u00e9 il pubblico possa sentire una connessione con il personaggio, deve esserci qualcosa&#8230;<\/p>\n","protected":false},"author":47,"featured_media":0,"parent":0,"menu_order":0,"comment_status":"closed","ping_status":"closed","template":"","meta":{"content-type":"","footnotes":""},"class_list":["post-94774","page","type-page","status-publish","hentry"],"yoast_head":"<!-- This site is optimized with the Yoast SEO plugin v24.2 - https:\/\/yoast.com\/wordpress\/plugins\/seo\/ -->\n<title>The 4 dimensions of 3D - RUFA - Rome University of Fine Arts<\/title>\n<meta name=\"robots\" content=\"index, follow, max-snippet:-1, max-image-preview:large, max-video-preview:-1\" \/>\n<link rel=\"canonical\" href=\"https:\/\/www.unirufa.it\/the-4-dimensions-of-3d\/\" \/>\n<meta property=\"og:locale\" content=\"es_ES\" \/>\n<meta property=\"og:type\" content=\"article\" \/>\n<meta property=\"og:title\" content=\"The 4 dimensions of 3D - RUFA - Rome University of Fine Arts\" \/>\n<meta property=\"og:description\" content=\"Disculpa, pero esta entrada est\u00e1 disponible s\u00f3lo en IT y EN.Obiettivo della tesi \u00e8 stato quello di coniugare il fattore psicologico con quello estetico di un personaggio .Quando si pensa al character design, l\u2019obiettivo comune \u00e8 solitamente curare solo l\u2019aspetto visivo, ma affinch\u00e9 il pubblico possa sentire una connessione con il personaggio, deve esserci qualcosa...\" \/>\n<meta property=\"og:url\" content=\"https:\/\/www.unirufa.it\/the-4-dimensions-of-3d\/\" \/>\n<meta property=\"og:site_name\" content=\"RUFA - Rome University of Fine Arts\" \/>\n<meta property=\"og:image\" content=\"https:\/\/www.unirufa.it\/wp-content\/uploads\/2017\/11\/logo-rufa-2016.png\" \/>\n\t<meta property=\"og:image:width\" content=\"230\" \/>\n\t<meta property=\"og:image:height\" content=\"149\" \/>\n\t<meta property=\"og:image:type\" content=\"image\/png\" \/>\n<meta name=\"twitter:label1\" content=\"Tiempo de lectura\" \/>\n\t<meta name=\"twitter:data1\" content=\"2 minutos\" \/>\n<script type=\"application\/ld+json\" class=\"yoast-schema-graph\">{\"@context\":\"https:\/\/schema.org\",\"@graph\":[{\"@type\":\"WebPage\",\"@id\":\"https:\/\/www.unirufa.it\/the-4-dimensions-of-3d\/\",\"url\":\"https:\/\/www.unirufa.it\/the-4-dimensions-of-3d\/\",\"name\":\"The 4 dimensions of 3D - RUFA - Rome University of Fine Arts\",\"isPartOf\":{\"@id\":\"https:\/\/www.unirufa.it\/#website\"},\"datePublished\":\"2023-02-10T22:27:29+00:00\",\"dateModified\":\"2023-02-10T22:27:29+00:00\",\"breadcrumb\":{\"@id\":\"https:\/\/www.unirufa.it\/the-4-dimensions-of-3d\/#breadcrumb\"},\"inLanguage\":\"es\",\"potentialAction\":[{\"@type\":\"ReadAction\",\"target\":[\"https:\/\/www.unirufa.it\/the-4-dimensions-of-3d\/\"]}]},{\"@type\":\"BreadcrumbList\",\"@id\":\"https:\/\/www.unirufa.it\/the-4-dimensions-of-3d\/#breadcrumb\",\"itemListElement\":[{\"@type\":\"ListItem\",\"position\":1,\"name\":\"Home\",\"item\":\"https:\/\/www.unirufa.it\/\"},{\"@type\":\"ListItem\",\"position\":2,\"name\":\"The 4 dimensions of 3D\"}]},{\"@type\":\"WebSite\",\"@id\":\"https:\/\/www.unirufa.it\/#website\",\"url\":\"https:\/\/www.unirufa.it\/\",\"name\":\"RUFA - Rome University of Fine Arts\",\"description\":\"\",\"potentialAction\":[{\"@type\":\"SearchAction\",\"target\":{\"@type\":\"EntryPoint\",\"urlTemplate\":\"https:\/\/www.unirufa.it\/?s={search_term_string}\"},\"query-input\":{\"@type\":\"PropertyValueSpecification\",\"valueRequired\":true,\"valueName\":\"search_term_string\"}}],\"inLanguage\":\"es\"}]}<\/script>\n<!-- \/ Yoast SEO plugin. -->","yoast_head_json":{"title":"The 4 dimensions of 3D - RUFA - Rome University of Fine Arts","robots":{"index":"index","follow":"follow","max-snippet":"max-snippet:-1","max-image-preview":"max-image-preview:large","max-video-preview":"max-video-preview:-1"},"canonical":"https:\/\/www.unirufa.it\/the-4-dimensions-of-3d\/","og_locale":"es_ES","og_type":"article","og_title":"The 4 dimensions of 3D - RUFA - Rome University of Fine Arts","og_description":"Disculpa, pero esta entrada est\u00e1 disponible s\u00f3lo en IT y EN.Obiettivo della tesi \u00e8 stato quello di coniugare il fattore psicologico con quello estetico di un personaggio .Quando si pensa al character design, l\u2019obiettivo comune \u00e8 solitamente curare solo l\u2019aspetto visivo, ma affinch\u00e9 il pubblico possa sentire una connessione con il personaggio, deve esserci qualcosa...","og_url":"https:\/\/www.unirufa.it\/the-4-dimensions-of-3d\/","og_site_name":"RUFA - Rome University of Fine Arts","og_image":[{"width":230,"height":149,"url":"https:\/\/www.unirufa.it\/wp-content\/uploads\/2017\/11\/logo-rufa-2016.png","type":"image\/png"}],"twitter_misc":{"Tiempo de lectura":"2 minutos"},"schema":{"@context":"https:\/\/schema.org","@graph":[{"@type":"WebPage","@id":"https:\/\/www.unirufa.it\/the-4-dimensions-of-3d\/","url":"https:\/\/www.unirufa.it\/the-4-dimensions-of-3d\/","name":"The 4 dimensions of 3D - RUFA - Rome University of Fine Arts","isPartOf":{"@id":"https:\/\/www.unirufa.it\/#website"},"datePublished":"2023-02-10T22:27:29+00:00","dateModified":"2023-02-10T22:27:29+00:00","breadcrumb":{"@id":"https:\/\/www.unirufa.it\/the-4-dimensions-of-3d\/#breadcrumb"},"inLanguage":"es","potentialAction":[{"@type":"ReadAction","target":["https:\/\/www.unirufa.it\/the-4-dimensions-of-3d\/"]}]},{"@type":"BreadcrumbList","@id":"https:\/\/www.unirufa.it\/the-4-dimensions-of-3d\/#breadcrumb","itemListElement":[{"@type":"ListItem","position":1,"name":"Home","item":"https:\/\/www.unirufa.it\/"},{"@type":"ListItem","position":2,"name":"The 4 dimensions of 3D"}]},{"@type":"WebSite","@id":"https:\/\/www.unirufa.it\/#website","url":"https:\/\/www.unirufa.it\/","name":"RUFA - Rome University of Fine Arts","description":"","potentialAction":[{"@type":"SearchAction","target":{"@type":"EntryPoint","urlTemplate":"https:\/\/www.unirufa.it\/?s={search_term_string}"},"query-input":{"@type":"PropertyValueSpecification","valueRequired":true,"valueName":"search_term_string"}}],"inLanguage":"es"}]}},"_links":{"self":[{"href":"https:\/\/www.unirufa.it\/es\/wp-json\/wp\/v2\/pages\/94774","targetHints":{"allow":["GET"]}}],"collection":[{"href":"https:\/\/www.unirufa.it\/es\/wp-json\/wp\/v2\/pages"}],"about":[{"href":"https:\/\/www.unirufa.it\/es\/wp-json\/wp\/v2\/types\/page"}],"author":[{"embeddable":true,"href":"https:\/\/www.unirufa.it\/es\/wp-json\/wp\/v2\/users\/47"}],"replies":[{"embeddable":true,"href":"https:\/\/www.unirufa.it\/es\/wp-json\/wp\/v2\/comments?post=94774"}],"version-history":[{"count":2,"href":"https:\/\/www.unirufa.it\/es\/wp-json\/wp\/v2\/pages\/94774\/revisions"}],"predecessor-version":[{"id":94776,"href":"https:\/\/www.unirufa.it\/es\/wp-json\/wp\/v2\/pages\/94774\/revisions\/94776"}],"wp:attachment":[{"href":"https:\/\/www.unirufa.it\/es\/wp-json\/wp\/v2\/media?parent=94774"}],"curies":[{"name":"wp","href":"https:\/\/api.w.org\/{rel}","templated":true}]}}