


{"id":94806,"date":"2023-02-11T00:08:50","date_gmt":"2023-02-10T23:08:50","guid":{"rendered":"https:\/\/www.unirufa.it\/?page_id=94806"},"modified":"2023-02-11T00:08:50","modified_gmt":"2023-02-10T23:08:50","slug":"la-notte-degli-oscar-omaggio-al-teatro-e-alla-sua-potenza-espressiva","status":"publish","type":"page","link":"https:\/\/www.unirufa.it\/es\/la-notte-degli-oscar-omaggio-al-teatro-e-alla-sua-potenza-espressiva\/","title":{"rendered":"La notte degli Oscar &#8211; Omaggio al teatro e alla sua potenza espressiva"},"content":{"rendered":"<p class=\"qtranxs-available-languages-message qtranxs-available-languages-message-es\">Disculpa, pero esta entrada est\u00e1 disponible s\u00f3lo en <a href=\"https:\/\/www.unirufa.it\/it\/wp-json\/wp\/v2\/pages\/94806\" class=\"qtranxs-available-language-link qtranxs-available-language-link-it\" title=\"IT\">IT<\/a> y <a href=\"https:\/\/www.unirufa.it\/en\/wp-json\/wp\/v2\/pages\/94806\" class=\"qtranxs-available-language-link qtranxs-available-language-link-en\" title=\"EN\">EN<\/a>.<\/p><div class=\"su-image-carousel  su-image-carousel-has-spacing su-image-carousel-adaptive su-image-carousel-slides-style-minimal su-image-carousel-controls-style-light su-image-carousel-align-left\" style=\"\" data-flickity-options='{\"groupCells\":true,\"cellSelector\":\".su-image-carousel-item\",\"adaptiveHeight\":true,\"cellAlign\":\"left\",\"prevNextButtons\":true,\"pageDots\":false,\"autoPlay\":2000,\"imagesLoaded\":true,\"contain\":false,\"selectedAttraction\":0.025,\"friction\":0.28}' id=\"su_image_carousel_69cffd1eaf909\"><div class=\"su-image-carousel-item\"><div class=\"su-image-carousel-item-content\"><img loading=\"lazy\" decoding=\"async\" width=\"680\" height=\"388\" src=\"https:\/\/www.unirufa.it\/wp-content\/uploads\/2022\/04\/progetti_studenti_scenografia_susanna_caccioppo_tesi_lanottedeglioscar6-1024x585.jpg\" class=\"\" alt=\"\" srcset=\"https:\/\/www.unirufa.it\/wp-content\/uploads\/2022\/04\/progetti_studenti_scenografia_susanna_caccioppo_tesi_lanottedeglioscar6-1024x585.jpg 1024w, https:\/\/www.unirufa.it\/wp-content\/uploads\/2022\/04\/progetti_studenti_scenografia_susanna_caccioppo_tesi_lanottedeglioscar6-300x171.jpg 300w, https:\/\/www.unirufa.it\/wp-content\/uploads\/2022\/04\/progetti_studenti_scenografia_susanna_caccioppo_tesi_lanottedeglioscar6-768x439.jpg 768w, https:\/\/www.unirufa.it\/wp-content\/uploads\/2022\/04\/progetti_studenti_scenografia_susanna_caccioppo_tesi_lanottedeglioscar6.jpg 1050w\" sizes=\"auto, (max-width: 680px) 100vw, 680px\" \/><\/div><\/div><div class=\"su-image-carousel-item\"><div class=\"su-image-carousel-item-content\"><img loading=\"lazy\" decoding=\"async\" width=\"680\" height=\"388\" src=\"https:\/\/www.unirufa.it\/wp-content\/uploads\/2022\/04\/progetti_studenti_scenografia_susanna_caccioppo_tesi_lanottedeglioscar5-1024x585.jpg\" class=\"\" alt=\"\" srcset=\"https:\/\/www.unirufa.it\/wp-content\/uploads\/2022\/04\/progetti_studenti_scenografia_susanna_caccioppo_tesi_lanottedeglioscar5-1024x585.jpg 1024w, https:\/\/www.unirufa.it\/wp-content\/uploads\/2022\/04\/progetti_studenti_scenografia_susanna_caccioppo_tesi_lanottedeglioscar5-300x171.jpg 300w, https:\/\/www.unirufa.it\/wp-content\/uploads\/2022\/04\/progetti_studenti_scenografia_susanna_caccioppo_tesi_lanottedeglioscar5-768x439.jpg 768w, https:\/\/www.unirufa.it\/wp-content\/uploads\/2022\/04\/progetti_studenti_scenografia_susanna_caccioppo_tesi_lanottedeglioscar5.jpg 1050w\" sizes=\"auto, (max-width: 680px) 100vw, 680px\" \/><\/div><\/div><div class=\"su-image-carousel-item\"><div class=\"su-image-carousel-item-content\"><img loading=\"lazy\" decoding=\"async\" width=\"680\" height=\"388\" src=\"https:\/\/www.unirufa.it\/wp-content\/uploads\/2022\/04\/progetti_studenti_scenografia_susanna_caccioppo_tesi_lanottedeglioscar4-1024x585.jpg\" class=\"\" alt=\"\" srcset=\"https:\/\/www.unirufa.it\/wp-content\/uploads\/2022\/04\/progetti_studenti_scenografia_susanna_caccioppo_tesi_lanottedeglioscar4-1024x585.jpg 1024w, https:\/\/www.unirufa.it\/wp-content\/uploads\/2022\/04\/progetti_studenti_scenografia_susanna_caccioppo_tesi_lanottedeglioscar4-300x171.jpg 300w, https:\/\/www.unirufa.it\/wp-content\/uploads\/2022\/04\/progetti_studenti_scenografia_susanna_caccioppo_tesi_lanottedeglioscar4-768x439.jpg 768w, https:\/\/www.unirufa.it\/wp-content\/uploads\/2022\/04\/progetti_studenti_scenografia_susanna_caccioppo_tesi_lanottedeglioscar4.jpg 1050w\" sizes=\"auto, (max-width: 680px) 100vw, 680px\" \/><\/div><\/div><div class=\"su-image-carousel-item\"><div class=\"su-image-carousel-item-content\"><img loading=\"lazy\" decoding=\"async\" width=\"680\" height=\"388\" src=\"https:\/\/www.unirufa.it\/wp-content\/uploads\/2022\/04\/progetti_studenti_scenografia_susanna_caccioppo_tesi_lanottedeglioscar3-1024x585.jpg\" class=\"\" alt=\"\" srcset=\"https:\/\/www.unirufa.it\/wp-content\/uploads\/2022\/04\/progetti_studenti_scenografia_susanna_caccioppo_tesi_lanottedeglioscar3-1024x585.jpg 1024w, https:\/\/www.unirufa.it\/wp-content\/uploads\/2022\/04\/progetti_studenti_scenografia_susanna_caccioppo_tesi_lanottedeglioscar3-300x171.jpg 300w, https:\/\/www.unirufa.it\/wp-content\/uploads\/2022\/04\/progetti_studenti_scenografia_susanna_caccioppo_tesi_lanottedeglioscar3-768x439.jpg 768w, https:\/\/www.unirufa.it\/wp-content\/uploads\/2022\/04\/progetti_studenti_scenografia_susanna_caccioppo_tesi_lanottedeglioscar3.jpg 1050w\" sizes=\"auto, (max-width: 680px) 100vw, 680px\" \/><\/div><\/div><div class=\"su-image-carousel-item\"><div class=\"su-image-carousel-item-content\"><img loading=\"lazy\" decoding=\"async\" width=\"680\" height=\"388\" src=\"https:\/\/www.unirufa.it\/wp-content\/uploads\/2022\/04\/progetti_studenti_scenografia_susanna_caccioppo_tesi_lanottedeglioscar2-1024x585.jpg\" class=\"\" alt=\"\" srcset=\"https:\/\/www.unirufa.it\/wp-content\/uploads\/2022\/04\/progetti_studenti_scenografia_susanna_caccioppo_tesi_lanottedeglioscar2-1024x585.jpg 1024w, https:\/\/www.unirufa.it\/wp-content\/uploads\/2022\/04\/progetti_studenti_scenografia_susanna_caccioppo_tesi_lanottedeglioscar2-300x171.jpg 300w, https:\/\/www.unirufa.it\/wp-content\/uploads\/2022\/04\/progetti_studenti_scenografia_susanna_caccioppo_tesi_lanottedeglioscar2-768x439.jpg 768w, https:\/\/www.unirufa.it\/wp-content\/uploads\/2022\/04\/progetti_studenti_scenografia_susanna_caccioppo_tesi_lanottedeglioscar2.jpg 1050w\" sizes=\"auto, (max-width: 680px) 100vw, 680px\" \/><\/div><\/div><div class=\"su-image-carousel-item\"><div class=\"su-image-carousel-item-content\"><img loading=\"lazy\" decoding=\"async\" width=\"680\" height=\"388\" src=\"https:\/\/www.unirufa.it\/wp-content\/uploads\/2022\/04\/progetti_studenti_scenografia_susanna_caccioppo_tesi_lanottedeglioscar1-1024x585.jpg\" class=\"\" alt=\"\" srcset=\"https:\/\/www.unirufa.it\/wp-content\/uploads\/2022\/04\/progetti_studenti_scenografia_susanna_caccioppo_tesi_lanottedeglioscar1-1024x585.jpg 1024w, https:\/\/www.unirufa.it\/wp-content\/uploads\/2022\/04\/progetti_studenti_scenografia_susanna_caccioppo_tesi_lanottedeglioscar1-300x171.jpg 300w, https:\/\/www.unirufa.it\/wp-content\/uploads\/2022\/04\/progetti_studenti_scenografia_susanna_caccioppo_tesi_lanottedeglioscar1-768x439.jpg 768w, https:\/\/www.unirufa.it\/wp-content\/uploads\/2022\/04\/progetti_studenti_scenografia_susanna_caccioppo_tesi_lanottedeglioscar1.jpg 1050w\" sizes=\"auto, (max-width: 680px) 100vw, 680px\" \/><\/div><\/div><\/div><script id=\"su_image_carousel_69cffd1eaf909_script\">if(window.SUImageCarousel){setTimeout(function() {window.SUImageCarousel.initGallery(document.getElementById(\"su_image_carousel_69cffd1eaf909\"))}, 0);}var su_image_carousel_69cffd1eaf909_script=document.getElementById(\"su_image_carousel_69cffd1eaf909_script\");if(su_image_carousel_69cffd1eaf909_script){su_image_carousel_69cffd1eaf909_script.parentNode.removeChild(su_image_carousel_69cffd1eaf909_script);}<\/script>\n<p>La ricerca proposta si articola in tre sezioni con lo scopo di ripercorrere le fasi che hanno reso la premiazione degli Oscar uno degli eventi pi\u00f9 seguiti al mondo. Viene completata dalla progettazione ex novo della scenografia di una ipotetica edizione degli Academy Awards, nell\u2019ottica di una ripartenza totale del teatro e dell\u2019intero mondo dello spettacolo a cui ho dedicato questo lavoro.<br \/>\nAffrontare una progettazione teatrale durante il lungo e forzato periodo di chiusura dei teatri a causa della pandemia, ha dato modo di riflettere sul ruolo dello spettatore e sull\u2019importanza della sua vicinanza fisica ed emotiva. Il teatro ci \u00e8 stato mostrato nella profondit\u00e0 del suo scheletro, obbligato al vincolo del vuoto, nudo nella sua essenza pi\u00f9 meccanica. La presenza dello spettatore appare sostanziale nei confronti di chi \u00e8 sul palco: uno scambio reciproco e continuo di pure vibrazioni.<br \/>\nIn questo senso, la scenografia proposta vuole evidenziare ed esaltare l\u2019importanza di questa interazione generando un vorticismo teso ad inglobare lo spettatore, in uno spettacolo in cui il pubblico \u00e8 di per s\u00e9 protagonista. <\/p>\n<h3><font color=\"#ff7800\">In questo insieme avvolgente di luce e materia confluiscono le emozioni di migliaia di persone ma solo alcuni potranno salire su quel palco ed essere definitivamente inglobati dalla gioia di eccellere. \u2028<\/font><\/h3>\n<p>L\u2019approccio trasversale nei confronti della progettazione di un evento televisivo che premia la grandezza del cinema all\u2019interno di uno dei teatri pi\u00f9 grandi degli Stati Uniti, ha permesso un arricchimento del percorso formativo dovuto alla molteplicit\u00e0 di considerazioni e dettagli derivanti da una fusione di tre mondi artistici differenti. Il progetto proposto ha come obiettivo la realizzazione di una scenografia affascinante ed estremamente evocativa, caratteristiche da sempre fondamentali per l\u2019Academy, con la volont\u00e0 di riportare al primo posto lo spettatore, ammaliato dall\u2019ingresso in quel vortice di eccellenza e genialit\u00e0 che rappresenta la notte degli Oscar.<br \/>\n&nbsp;<\/p>\n<p><a id=\"btn-regolamentocorso\" class=\"download-btn full\" style=\"background-color: #ff7800; border-color: #ff7800;\" href=\"https:\/\/www.unirufa.it\/en\/artisti\/susanna-caccioppo\/\"><span style=\"color: #ffffff;\">SUSANNA CACCIOPPO<\/span><\/a><br \/>\n&nbsp;<br \/>\n&nbsp;","protected":false},"excerpt":{"rendered":"<p>Disculpa, pero esta entrada est\u00e1 disponible s\u00f3lo en IT y EN.La ricerca proposta si articola in tre sezioni con lo scopo di ripercorrere le fasi che hanno reso la premiazione degli Oscar uno degli eventi pi\u00f9 seguiti al mondo. Viene completata dalla progettazione ex novo della scenografia di una ipotetica edizione degli Academy Awards, nell\u2019ottica&#8230;<\/p>\n","protected":false},"author":47,"featured_media":0,"parent":0,"menu_order":0,"comment_status":"closed","ping_status":"closed","template":"","meta":{"content-type":"","footnotes":""},"class_list":["post-94806","page","type-page","status-publish","hentry"],"yoast_head":"<!-- This site is optimized with the Yoast SEO plugin v24.2 - https:\/\/yoast.com\/wordpress\/plugins\/seo\/ -->\n<title>La notte degli Oscar - Omaggio al teatro e alla sua potenza espressiva - RUFA - Rome University of Fine Arts<\/title>\n<meta name=\"robots\" content=\"index, follow, max-snippet:-1, max-image-preview:large, max-video-preview:-1\" \/>\n<link rel=\"canonical\" href=\"https:\/\/www.unirufa.it\/la-notte-degli-oscar-omaggio-al-teatro-e-alla-sua-potenza-espressiva\/\" \/>\n<meta property=\"og:locale\" content=\"es_ES\" \/>\n<meta property=\"og:type\" content=\"article\" \/>\n<meta property=\"og:title\" content=\"La notte degli Oscar - Omaggio al teatro e alla sua potenza espressiva - RUFA - Rome University of Fine Arts\" \/>\n<meta property=\"og:description\" content=\"Disculpa, pero esta entrada est\u00e1 disponible s\u00f3lo en IT y EN.La ricerca proposta si articola in tre sezioni con lo scopo di ripercorrere le fasi che hanno reso la premiazione degli Oscar uno degli eventi pi\u00f9 seguiti al mondo. Viene completata dalla progettazione ex novo della scenografia di una ipotetica edizione degli Academy Awards, nell\u2019ottica...\" \/>\n<meta property=\"og:url\" content=\"https:\/\/www.unirufa.it\/la-notte-degli-oscar-omaggio-al-teatro-e-alla-sua-potenza-espressiva\/\" \/>\n<meta property=\"og:site_name\" content=\"RUFA - Rome University of Fine Arts\" \/>\n<meta property=\"og:image\" content=\"https:\/\/www.unirufa.it\/wp-content\/uploads\/2017\/11\/logo-rufa-2016.png\" \/>\n\t<meta property=\"og:image:width\" content=\"230\" \/>\n\t<meta property=\"og:image:height\" content=\"149\" \/>\n\t<meta property=\"og:image:type\" content=\"image\/png\" \/>\n<meta name=\"twitter:label1\" content=\"Tiempo de lectura\" \/>\n\t<meta name=\"twitter:data1\" content=\"3 minutos\" \/>\n<script type=\"application\/ld+json\" class=\"yoast-schema-graph\">{\"@context\":\"https:\/\/schema.org\",\"@graph\":[{\"@type\":\"WebPage\",\"@id\":\"https:\/\/www.unirufa.it\/la-notte-degli-oscar-omaggio-al-teatro-e-alla-sua-potenza-espressiva\/\",\"url\":\"https:\/\/www.unirufa.it\/la-notte-degli-oscar-omaggio-al-teatro-e-alla-sua-potenza-espressiva\/\",\"name\":\"La notte degli Oscar - Omaggio al teatro e alla sua potenza espressiva - RUFA - Rome University of Fine Arts\",\"isPartOf\":{\"@id\":\"https:\/\/www.unirufa.it\/#website\"},\"datePublished\":\"2023-02-10T23:08:50+00:00\",\"dateModified\":\"2023-02-10T23:08:50+00:00\",\"breadcrumb\":{\"@id\":\"https:\/\/www.unirufa.it\/la-notte-degli-oscar-omaggio-al-teatro-e-alla-sua-potenza-espressiva\/#breadcrumb\"},\"inLanguage\":\"es\",\"potentialAction\":[{\"@type\":\"ReadAction\",\"target\":[\"https:\/\/www.unirufa.it\/la-notte-degli-oscar-omaggio-al-teatro-e-alla-sua-potenza-espressiva\/\"]}]},{\"@type\":\"BreadcrumbList\",\"@id\":\"https:\/\/www.unirufa.it\/la-notte-degli-oscar-omaggio-al-teatro-e-alla-sua-potenza-espressiva\/#breadcrumb\",\"itemListElement\":[{\"@type\":\"ListItem\",\"position\":1,\"name\":\"Home\",\"item\":\"https:\/\/www.unirufa.it\/\"},{\"@type\":\"ListItem\",\"position\":2,\"name\":\"La notte degli Oscar &#8211; Omaggio al teatro e alla sua potenza espressiva\"}]},{\"@type\":\"WebSite\",\"@id\":\"https:\/\/www.unirufa.it\/#website\",\"url\":\"https:\/\/www.unirufa.it\/\",\"name\":\"RUFA - Rome University of Fine Arts\",\"description\":\"\",\"potentialAction\":[{\"@type\":\"SearchAction\",\"target\":{\"@type\":\"EntryPoint\",\"urlTemplate\":\"https:\/\/www.unirufa.it\/?s={search_term_string}\"},\"query-input\":{\"@type\":\"PropertyValueSpecification\",\"valueRequired\":true,\"valueName\":\"search_term_string\"}}],\"inLanguage\":\"es\"}]}<\/script>\n<!-- \/ Yoast SEO plugin. -->","yoast_head_json":{"title":"La notte degli Oscar - Omaggio al teatro e alla sua potenza espressiva - RUFA - Rome University of Fine Arts","robots":{"index":"index","follow":"follow","max-snippet":"max-snippet:-1","max-image-preview":"max-image-preview:large","max-video-preview":"max-video-preview:-1"},"canonical":"https:\/\/www.unirufa.it\/la-notte-degli-oscar-omaggio-al-teatro-e-alla-sua-potenza-espressiva\/","og_locale":"es_ES","og_type":"article","og_title":"La notte degli Oscar - Omaggio al teatro e alla sua potenza espressiva - RUFA - Rome University of Fine Arts","og_description":"Disculpa, pero esta entrada est\u00e1 disponible s\u00f3lo en IT y EN.La ricerca proposta si articola in tre sezioni con lo scopo di ripercorrere le fasi che hanno reso la premiazione degli Oscar uno degli eventi pi\u00f9 seguiti al mondo. Viene completata dalla progettazione ex novo della scenografia di una ipotetica edizione degli Academy Awards, nell\u2019ottica...","og_url":"https:\/\/www.unirufa.it\/la-notte-degli-oscar-omaggio-al-teatro-e-alla-sua-potenza-espressiva\/","og_site_name":"RUFA - Rome University of Fine Arts","og_image":[{"width":230,"height":149,"url":"https:\/\/www.unirufa.it\/wp-content\/uploads\/2017\/11\/logo-rufa-2016.png","type":"image\/png"}],"twitter_misc":{"Tiempo de lectura":"3 minutos"},"schema":{"@context":"https:\/\/schema.org","@graph":[{"@type":"WebPage","@id":"https:\/\/www.unirufa.it\/la-notte-degli-oscar-omaggio-al-teatro-e-alla-sua-potenza-espressiva\/","url":"https:\/\/www.unirufa.it\/la-notte-degli-oscar-omaggio-al-teatro-e-alla-sua-potenza-espressiva\/","name":"La notte degli Oscar - Omaggio al teatro e alla sua potenza espressiva - RUFA - Rome University of Fine Arts","isPartOf":{"@id":"https:\/\/www.unirufa.it\/#website"},"datePublished":"2023-02-10T23:08:50+00:00","dateModified":"2023-02-10T23:08:50+00:00","breadcrumb":{"@id":"https:\/\/www.unirufa.it\/la-notte-degli-oscar-omaggio-al-teatro-e-alla-sua-potenza-espressiva\/#breadcrumb"},"inLanguage":"es","potentialAction":[{"@type":"ReadAction","target":["https:\/\/www.unirufa.it\/la-notte-degli-oscar-omaggio-al-teatro-e-alla-sua-potenza-espressiva\/"]}]},{"@type":"BreadcrumbList","@id":"https:\/\/www.unirufa.it\/la-notte-degli-oscar-omaggio-al-teatro-e-alla-sua-potenza-espressiva\/#breadcrumb","itemListElement":[{"@type":"ListItem","position":1,"name":"Home","item":"https:\/\/www.unirufa.it\/"},{"@type":"ListItem","position":2,"name":"La notte degli Oscar &#8211; Omaggio al teatro e alla sua potenza espressiva"}]},{"@type":"WebSite","@id":"https:\/\/www.unirufa.it\/#website","url":"https:\/\/www.unirufa.it\/","name":"RUFA - Rome University of Fine Arts","description":"","potentialAction":[{"@type":"SearchAction","target":{"@type":"EntryPoint","urlTemplate":"https:\/\/www.unirufa.it\/?s={search_term_string}"},"query-input":{"@type":"PropertyValueSpecification","valueRequired":true,"valueName":"search_term_string"}}],"inLanguage":"es"}]}},"_links":{"self":[{"href":"https:\/\/www.unirufa.it\/es\/wp-json\/wp\/v2\/pages\/94806","targetHints":{"allow":["GET"]}}],"collection":[{"href":"https:\/\/www.unirufa.it\/es\/wp-json\/wp\/v2\/pages"}],"about":[{"href":"https:\/\/www.unirufa.it\/es\/wp-json\/wp\/v2\/types\/page"}],"author":[{"embeddable":true,"href":"https:\/\/www.unirufa.it\/es\/wp-json\/wp\/v2\/users\/47"}],"replies":[{"embeddable":true,"href":"https:\/\/www.unirufa.it\/es\/wp-json\/wp\/v2\/comments?post=94806"}],"version-history":[{"count":1,"href":"https:\/\/www.unirufa.it\/es\/wp-json\/wp\/v2\/pages\/94806\/revisions"}],"predecessor-version":[{"id":94807,"href":"https:\/\/www.unirufa.it\/es\/wp-json\/wp\/v2\/pages\/94806\/revisions\/94807"}],"wp:attachment":[{"href":"https:\/\/www.unirufa.it\/es\/wp-json\/wp\/v2\/media?parent=94806"}],"curies":[{"name":"wp","href":"https:\/\/api.w.org\/{rel}","templated":true}]}}