


{"id":94812,"date":"2023-02-11T00:13:37","date_gmt":"2023-02-10T23:13:37","guid":{"rendered":"https:\/\/www.unirufa.it\/?page_id=94812"},"modified":"2023-02-11T00:13:37","modified_gmt":"2023-02-10T23:13:37","slug":"laltra-faccia-della-medusa","status":"publish","type":"page","link":"https:\/\/www.unirufa.it\/es\/laltra-faccia-della-medusa\/","title":{"rendered":"L\u2019Altra Faccia della Medusa"},"content":{"rendered":"<p class=\"qtranxs-available-languages-message qtranxs-available-languages-message-es\">Disculpa, pero esta entrada est\u00e1 disponible s\u00f3lo en <a href=\"https:\/\/www.unirufa.it\/it\/wp-json\/wp\/v2\/pages\/94812\" class=\"qtranxs-available-language-link qtranxs-available-language-link-it\" title=\"IT\">IT<\/a> y <a href=\"https:\/\/www.unirufa.it\/en\/wp-json\/wp\/v2\/pages\/94812\" class=\"qtranxs-available-language-link qtranxs-available-language-link-en\" title=\"EN\">EN<\/a>.<\/p><div class=\"su-image-carousel  su-image-carousel-has-spacing su-image-carousel-adaptive su-image-carousel-slides-style-minimal su-image-carousel-controls-style-light su-image-carousel-align-left\" style=\"\" data-flickity-options='{\"groupCells\":true,\"cellSelector\":\".su-image-carousel-item\",\"adaptiveHeight\":true,\"cellAlign\":\"left\",\"prevNextButtons\":true,\"pageDots\":false,\"autoPlay\":2000,\"imagesLoaded\":true,\"contain\":false,\"selectedAttraction\":0.025,\"friction\":0.28}' id=\"su_image_carousel_69ef4141a8701\"><div class=\"su-image-carousel-item\"><div class=\"su-image-carousel-item-content\"><img loading=\"lazy\" decoding=\"async\" width=\"680\" height=\"388\" src=\"https:\/\/www.unirufa.it\/wp-content\/uploads\/2022\/04\/progetti_studenti_scenografia_ludovica_messina_tesi_l-altra-faccia-della-medusa5-1024x585.jpg\" class=\"\" alt=\"\" srcset=\"https:\/\/www.unirufa.it\/wp-content\/uploads\/2022\/04\/progetti_studenti_scenografia_ludovica_messina_tesi_l-altra-faccia-della-medusa5-1024x585.jpg 1024w, https:\/\/www.unirufa.it\/wp-content\/uploads\/2022\/04\/progetti_studenti_scenografia_ludovica_messina_tesi_l-altra-faccia-della-medusa5-300x171.jpg 300w, https:\/\/www.unirufa.it\/wp-content\/uploads\/2022\/04\/progetti_studenti_scenografia_ludovica_messina_tesi_l-altra-faccia-della-medusa5-768x439.jpg 768w, https:\/\/www.unirufa.it\/wp-content\/uploads\/2022\/04\/progetti_studenti_scenografia_ludovica_messina_tesi_l-altra-faccia-della-medusa5.jpg 1050w\" sizes=\"auto, (max-width: 680px) 100vw, 680px\" \/><\/div><\/div><div class=\"su-image-carousel-item\"><div class=\"su-image-carousel-item-content\"><img loading=\"lazy\" decoding=\"async\" width=\"680\" height=\"388\" src=\"https:\/\/www.unirufa.it\/wp-content\/uploads\/2022\/04\/progetti_studenti_scenografia_ludovica_messina_tesi_l-altra-faccia-della-medusa4-1024x585.jpg\" class=\"\" alt=\"\" srcset=\"https:\/\/www.unirufa.it\/wp-content\/uploads\/2022\/04\/progetti_studenti_scenografia_ludovica_messina_tesi_l-altra-faccia-della-medusa4-1024x585.jpg 1024w, https:\/\/www.unirufa.it\/wp-content\/uploads\/2022\/04\/progetti_studenti_scenografia_ludovica_messina_tesi_l-altra-faccia-della-medusa4-300x171.jpg 300w, https:\/\/www.unirufa.it\/wp-content\/uploads\/2022\/04\/progetti_studenti_scenografia_ludovica_messina_tesi_l-altra-faccia-della-medusa4-768x439.jpg 768w, https:\/\/www.unirufa.it\/wp-content\/uploads\/2022\/04\/progetti_studenti_scenografia_ludovica_messina_tesi_l-altra-faccia-della-medusa4.jpg 1050w\" sizes=\"auto, (max-width: 680px) 100vw, 680px\" \/><\/div><\/div><div class=\"su-image-carousel-item\"><div class=\"su-image-carousel-item-content\"><img loading=\"lazy\" decoding=\"async\" width=\"680\" height=\"388\" src=\"https:\/\/www.unirufa.it\/wp-content\/uploads\/2022\/04\/progetti_studenti_scenografia_ludovica_messina_tesi_l-altra-faccia-della-medusa3-1024x585.jpg\" class=\"\" alt=\"\" srcset=\"https:\/\/www.unirufa.it\/wp-content\/uploads\/2022\/04\/progetti_studenti_scenografia_ludovica_messina_tesi_l-altra-faccia-della-medusa3-1024x585.jpg 1024w, https:\/\/www.unirufa.it\/wp-content\/uploads\/2022\/04\/progetti_studenti_scenografia_ludovica_messina_tesi_l-altra-faccia-della-medusa3-300x171.jpg 300w, https:\/\/www.unirufa.it\/wp-content\/uploads\/2022\/04\/progetti_studenti_scenografia_ludovica_messina_tesi_l-altra-faccia-della-medusa3-768x439.jpg 768w, https:\/\/www.unirufa.it\/wp-content\/uploads\/2022\/04\/progetti_studenti_scenografia_ludovica_messina_tesi_l-altra-faccia-della-medusa3.jpg 1050w\" sizes=\"auto, (max-width: 680px) 100vw, 680px\" \/><\/div><\/div><div class=\"su-image-carousel-item\"><div class=\"su-image-carousel-item-content\"><img loading=\"lazy\" decoding=\"async\" width=\"680\" height=\"388\" src=\"https:\/\/www.unirufa.it\/wp-content\/uploads\/2022\/04\/progetti_studenti_scenografia_ludovica_messina_tesi_l-altra-faccia-della-medusa2-1024x585.jpg\" class=\"\" alt=\"\" srcset=\"https:\/\/www.unirufa.it\/wp-content\/uploads\/2022\/04\/progetti_studenti_scenografia_ludovica_messina_tesi_l-altra-faccia-della-medusa2-1024x585.jpg 1024w, https:\/\/www.unirufa.it\/wp-content\/uploads\/2022\/04\/progetti_studenti_scenografia_ludovica_messina_tesi_l-altra-faccia-della-medusa2-300x171.jpg 300w, https:\/\/www.unirufa.it\/wp-content\/uploads\/2022\/04\/progetti_studenti_scenografia_ludovica_messina_tesi_l-altra-faccia-della-medusa2-768x439.jpg 768w, https:\/\/www.unirufa.it\/wp-content\/uploads\/2022\/04\/progetti_studenti_scenografia_ludovica_messina_tesi_l-altra-faccia-della-medusa2.jpg 1050w\" sizes=\"auto, (max-width: 680px) 100vw, 680px\" \/><\/div><\/div><div class=\"su-image-carousel-item\"><div class=\"su-image-carousel-item-content\"><img loading=\"lazy\" decoding=\"async\" width=\"680\" height=\"388\" src=\"https:\/\/www.unirufa.it\/wp-content\/uploads\/2022\/04\/progetti_studenti_scenografia_ludovica_messina_tesi_l-altra-faccia-della-medusa1-1024x585.jpg\" class=\"\" alt=\"\" srcset=\"https:\/\/www.unirufa.it\/wp-content\/uploads\/2022\/04\/progetti_studenti_scenografia_ludovica_messina_tesi_l-altra-faccia-della-medusa1-1024x585.jpg 1024w, https:\/\/www.unirufa.it\/wp-content\/uploads\/2022\/04\/progetti_studenti_scenografia_ludovica_messina_tesi_l-altra-faccia-della-medusa1-300x171.jpg 300w, https:\/\/www.unirufa.it\/wp-content\/uploads\/2022\/04\/progetti_studenti_scenografia_ludovica_messina_tesi_l-altra-faccia-della-medusa1-768x439.jpg 768w, https:\/\/www.unirufa.it\/wp-content\/uploads\/2022\/04\/progetti_studenti_scenografia_ludovica_messina_tesi_l-altra-faccia-della-medusa1.jpg 1050w\" sizes=\"auto, (max-width: 680px) 100vw, 680px\" \/><\/div><\/div><\/div><script id=\"su_image_carousel_69ef4141a8701_script\">if(window.SUImageCarousel){setTimeout(function() {window.SUImageCarousel.initGallery(document.getElementById(\"su_image_carousel_69ef4141a8701\"))}, 0);}var su_image_carousel_69ef4141a8701_script=document.getElementById(\"su_image_carousel_69ef4141a8701_script\");if(su_image_carousel_69ef4141a8701_script){su_image_carousel_69ef4141a8701_script.parentNode.removeChild(su_image_carousel_69ef4141a8701_script);}<\/script>\n<p>L\u2019Altra Faccia della Medusa vuole essere un progetto che esamina la carriera dello stilista Gianni Versace, portandone alla luce i momenti di gloria, le vittorie e le novit\u00e0.<br \/>\nSulle orme di eventi precedentemente organizzati come tributo allo stilista, partendo dalla stessa Donatella Versace, sorella, la scelta di ricreare una sfilata si fa spazio senza risultare banale.<br \/>\nLocation scelta per l\u2019evento: Le Castella, Calabria, riportare Gianni Versace nella sua terra natale era doveroso.<br \/>\nLa realizzazione di questo progetto \u00e8 stata possibile mediante un\u2019approfondita ricerca di nuove tecnologie applicate all\u2019ambiente e di installazioni di artisti uniche nel loro genere e nel loro particolare significato.<br \/>\nElegante ma kitsch allo stesso tempo, impegnativa e semplice, un gioco di simbologie tra location ed il design della scenografia, celebreranno il legame che lo stilista ha sempre avuto con la cultura e con il mondo dell\u2019arte, rendendo cos\u00ec un evento \u201cgi\u00e0 visto\u201d unico nel suo genere.<br \/>\nQuesto connubio tra moda e setdesign nasce da una passione personale per entrambe le discipline, una in via teorica l\u2019altra progettuale, quasi a completarsi.<br \/>\nA render l\u2019impatto ancora pi\u00f9 grandioso \u00e8 l\u2019uso dell\u2019oro, cavallo di battaglia importante che il marchio Versace si porta dietro sin dalle sue origini, ed \u00e8 forse anche un po\u2019 un\u2019eredit\u00e0 della cultura greca.<\/p>\n<h3><font color=\"#ff7800\">Oro \u00e8 ricchezza, oro \u00e8 eleganza, oro \u00e8 storia, oro \u00e8 Versace.\u2028<\/font><\/h3>\n<p>&nbsp;<br \/>\n<a id=\"btn-regolamentocorso\" class=\"download-btn full\" style=\"background-color: #ff7800; border-color: #ff7800;\" href=\"https:\/\/www.unirufa.it\/artisti\/ludovica-messina\/\"><span style=\"color: #ffffff;\">Ludovica Messina<\/span><\/a><br \/>\n&nbsp;<br \/>\n&nbsp;","protected":false},"excerpt":{"rendered":"<p>Disculpa, pero esta entrada est\u00e1 disponible s\u00f3lo en IT y EN.L\u2019Altra Faccia della Medusa vuole essere un progetto che esamina la carriera dello stilista Gianni Versace, portandone alla luce i momenti di gloria, le vittorie e le novit\u00e0. Sulle orme di eventi precedentemente organizzati come tributo allo stilista, partendo dalla stessa Donatella Versace, sorella, la&#8230;<\/p>\n","protected":false},"author":47,"featured_media":0,"parent":0,"menu_order":0,"comment_status":"closed","ping_status":"closed","template":"","meta":{"content-type":"","footnotes":""},"class_list":["post-94812","page","type-page","status-publish","hentry"],"yoast_head":"<!-- This site is optimized with the Yoast SEO plugin v24.2 - https:\/\/yoast.com\/wordpress\/plugins\/seo\/ -->\n<title>L\u2019Altra Faccia della Medusa - RUFA - Rome University of Fine Arts<\/title>\n<meta name=\"robots\" content=\"index, follow, max-snippet:-1, max-image-preview:large, max-video-preview:-1\" \/>\n<link rel=\"canonical\" href=\"https:\/\/www.unirufa.it\/laltra-faccia-della-medusa\/\" \/>\n<meta property=\"og:locale\" content=\"es_ES\" \/>\n<meta property=\"og:type\" content=\"article\" \/>\n<meta property=\"og:title\" content=\"L\u2019Altra Faccia della Medusa - RUFA - Rome University of Fine Arts\" \/>\n<meta property=\"og:description\" content=\"Disculpa, pero esta entrada est\u00e1 disponible s\u00f3lo en IT y EN.L\u2019Altra Faccia della Medusa vuole essere un progetto che esamina la carriera dello stilista Gianni Versace, portandone alla luce i momenti di gloria, le vittorie e le novit\u00e0. Sulle orme di eventi precedentemente organizzati come tributo allo stilista, partendo dalla stessa Donatella Versace, sorella, la...\" \/>\n<meta property=\"og:url\" content=\"https:\/\/www.unirufa.it\/laltra-faccia-della-medusa\/\" \/>\n<meta property=\"og:site_name\" content=\"RUFA - Rome University of Fine Arts\" \/>\n<meta property=\"og:image\" content=\"https:\/\/www.unirufa.it\/wp-content\/uploads\/2017\/11\/logo-rufa-2016.png\" \/>\n\t<meta property=\"og:image:width\" content=\"230\" \/>\n\t<meta property=\"og:image:height\" content=\"149\" \/>\n\t<meta property=\"og:image:type\" content=\"image\/png\" \/>\n<meta name=\"twitter:label1\" content=\"Tiempo de lectura\" \/>\n\t<meta name=\"twitter:data1\" content=\"2 minutos\" \/>\n<script type=\"application\/ld+json\" class=\"yoast-schema-graph\">{\"@context\":\"https:\/\/schema.org\",\"@graph\":[{\"@type\":\"WebPage\",\"@id\":\"https:\/\/www.unirufa.it\/laltra-faccia-della-medusa\/\",\"url\":\"https:\/\/www.unirufa.it\/laltra-faccia-della-medusa\/\",\"name\":\"L\u2019Altra Faccia della Medusa - RUFA - Rome University of Fine Arts\",\"isPartOf\":{\"@id\":\"https:\/\/www.unirufa.it\/#website\"},\"datePublished\":\"2023-02-10T23:13:37+00:00\",\"dateModified\":\"2023-02-10T23:13:37+00:00\",\"breadcrumb\":{\"@id\":\"https:\/\/www.unirufa.it\/laltra-faccia-della-medusa\/#breadcrumb\"},\"inLanguage\":\"es\",\"potentialAction\":[{\"@type\":\"ReadAction\",\"target\":[\"https:\/\/www.unirufa.it\/laltra-faccia-della-medusa\/\"]}]},{\"@type\":\"BreadcrumbList\",\"@id\":\"https:\/\/www.unirufa.it\/laltra-faccia-della-medusa\/#breadcrumb\",\"itemListElement\":[{\"@type\":\"ListItem\",\"position\":1,\"name\":\"Home\",\"item\":\"https:\/\/www.unirufa.it\/\"},{\"@type\":\"ListItem\",\"position\":2,\"name\":\"L\u2019Altra Faccia della Medusa\"}]},{\"@type\":\"WebSite\",\"@id\":\"https:\/\/www.unirufa.it\/#website\",\"url\":\"https:\/\/www.unirufa.it\/\",\"name\":\"RUFA - Rome University of Fine Arts\",\"description\":\"\",\"potentialAction\":[{\"@type\":\"SearchAction\",\"target\":{\"@type\":\"EntryPoint\",\"urlTemplate\":\"https:\/\/www.unirufa.it\/?s={search_term_string}\"},\"query-input\":{\"@type\":\"PropertyValueSpecification\",\"valueRequired\":true,\"valueName\":\"search_term_string\"}}],\"inLanguage\":\"es\"}]}<\/script>\n<!-- \/ Yoast SEO plugin. -->","yoast_head_json":{"title":"L\u2019Altra Faccia della Medusa - RUFA - Rome University of Fine Arts","robots":{"index":"index","follow":"follow","max-snippet":"max-snippet:-1","max-image-preview":"max-image-preview:large","max-video-preview":"max-video-preview:-1"},"canonical":"https:\/\/www.unirufa.it\/laltra-faccia-della-medusa\/","og_locale":"es_ES","og_type":"article","og_title":"L\u2019Altra Faccia della Medusa - RUFA - Rome University of Fine Arts","og_description":"Disculpa, pero esta entrada est\u00e1 disponible s\u00f3lo en IT y EN.L\u2019Altra Faccia della Medusa vuole essere un progetto che esamina la carriera dello stilista Gianni Versace, portandone alla luce i momenti di gloria, le vittorie e le novit\u00e0. Sulle orme di eventi precedentemente organizzati come tributo allo stilista, partendo dalla stessa Donatella Versace, sorella, la...","og_url":"https:\/\/www.unirufa.it\/laltra-faccia-della-medusa\/","og_site_name":"RUFA - Rome University of Fine Arts","og_image":[{"width":230,"height":149,"url":"https:\/\/www.unirufa.it\/wp-content\/uploads\/2017\/11\/logo-rufa-2016.png","type":"image\/png"}],"twitter_misc":{"Tiempo de lectura":"2 minutos"},"schema":{"@context":"https:\/\/schema.org","@graph":[{"@type":"WebPage","@id":"https:\/\/www.unirufa.it\/laltra-faccia-della-medusa\/","url":"https:\/\/www.unirufa.it\/laltra-faccia-della-medusa\/","name":"L\u2019Altra Faccia della Medusa - RUFA - Rome University of Fine Arts","isPartOf":{"@id":"https:\/\/www.unirufa.it\/#website"},"datePublished":"2023-02-10T23:13:37+00:00","dateModified":"2023-02-10T23:13:37+00:00","breadcrumb":{"@id":"https:\/\/www.unirufa.it\/laltra-faccia-della-medusa\/#breadcrumb"},"inLanguage":"es","potentialAction":[{"@type":"ReadAction","target":["https:\/\/www.unirufa.it\/laltra-faccia-della-medusa\/"]}]},{"@type":"BreadcrumbList","@id":"https:\/\/www.unirufa.it\/laltra-faccia-della-medusa\/#breadcrumb","itemListElement":[{"@type":"ListItem","position":1,"name":"Home","item":"https:\/\/www.unirufa.it\/"},{"@type":"ListItem","position":2,"name":"L\u2019Altra Faccia della Medusa"}]},{"@type":"WebSite","@id":"https:\/\/www.unirufa.it\/#website","url":"https:\/\/www.unirufa.it\/","name":"RUFA - Rome University of Fine Arts","description":"","potentialAction":[{"@type":"SearchAction","target":{"@type":"EntryPoint","urlTemplate":"https:\/\/www.unirufa.it\/?s={search_term_string}"},"query-input":{"@type":"PropertyValueSpecification","valueRequired":true,"valueName":"search_term_string"}}],"inLanguage":"es"}]}},"_links":{"self":[{"href":"https:\/\/www.unirufa.it\/es\/wp-json\/wp\/v2\/pages\/94812","targetHints":{"allow":["GET"]}}],"collection":[{"href":"https:\/\/www.unirufa.it\/es\/wp-json\/wp\/v2\/pages"}],"about":[{"href":"https:\/\/www.unirufa.it\/es\/wp-json\/wp\/v2\/types\/page"}],"author":[{"embeddable":true,"href":"https:\/\/www.unirufa.it\/es\/wp-json\/wp\/v2\/users\/47"}],"replies":[{"embeddable":true,"href":"https:\/\/www.unirufa.it\/es\/wp-json\/wp\/v2\/comments?post=94812"}],"version-history":[{"count":2,"href":"https:\/\/www.unirufa.it\/es\/wp-json\/wp\/v2\/pages\/94812\/revisions"}],"predecessor-version":[{"id":94814,"href":"https:\/\/www.unirufa.it\/es\/wp-json\/wp\/v2\/pages\/94812\/revisions\/94814"}],"wp:attachment":[{"href":"https:\/\/www.unirufa.it\/es\/wp-json\/wp\/v2\/media?parent=94812"}],"curies":[{"name":"wp","href":"https:\/\/api.w.org\/{rel}","templated":true}]}}