


{"id":9871,"date":"2016-12-01T10:03:24","date_gmt":"2016-12-01T10:03:24","guid":{"rendered":"https:\/\/dev.unirufa.it\/?page_id=9871"},"modified":"2021-12-21T17:21:00","modified_gmt":"2021-12-21T16:21:00","slug":"la-storia-del-marchio-rufa","status":"publish","type":"page","link":"https:\/\/www.unirufa.it\/es\/accademia-2\/la-storia-del-marchio-rufa\/","title":{"rendered":"Una breve historia del logo de la RUFA"},"content":{"rendered":"<strong>Desde nuestro inicio en Roma, en 1998, la RUFA ha jugado un papel clave en la escena contempor\u00e1nea. A lo largo de los a\u00f1os, se ha desarrollado una imagen corporativa que refleja nuestra identidad y valores fundamentales, junto con nuestro crecimiento y conciencia de marca.<\/strong><\/p>\n<p>Originalmente, nuestro logotipo presentaba una combinaci\u00f3n de un huevo y una br\u00fajula; geom\u00e9tricamente, el logotipo consist\u00eda en un ovoide inscrito y centrado en el eje principal de una br\u00fajula de tornillo de mariposa abierta, en rojo y blanco, que suger\u00eda la planificaci\u00f3n y el dise\u00f1o. La elecci\u00f3n de estos s\u00edmbolos defin\u00eda t\u00edpicamente la marca de un establecimiento en el que la investigaci\u00f3n art\u00edstica se asociaba a la gama de disciplinas creativas: una br\u00fajula, s\u00edmbolo del dise\u00f1o profesional, combinada con una forma de huevo, que simboliza la creaci\u00f3n y, por tanto, la creatividad. En el lateral del logo &#8211; que m\u00e1s tarde se traslad\u00f3 a la parte inferior &#8211; el acr\u00f3nimo de nuestra escuela.<\/p>\n<p>En los a\u00f1os en los que la RUFA fue celebrada como una de las principales Academias de Italia, combinando los temas tradicionales con la experimentaci\u00f3n, la innovaci\u00f3n y el enfoque en la vanguardia, nuestro logo fue radicalmente revisado por V\u00e9rtigo Visual Design (<a href=\"http:\/\/www.vertigodesign.it\">www.vertigodesign.it<\/a>) que opt\u00f3 por una soluci\u00f3n consistente en una versi\u00f3n estilizada de nuestro acr\u00f3nimo dentro de un c\u00edrculo rojo, las cuatro letras blancas haciendo eco de los conceptos de integraci\u00f3n, conexi\u00f3n, modularidad, dinamismo y centralidad. El logo tambi\u00e9n inclu\u00eda, en el lateral, el acr\u00f3nimo de la escuela en may\u00fasculas y el nombre de la escuela completo en la parte superior\/inferior.<\/p>\n<p>El nuevo logotipo de RUFA, de hecho, se comunica tambi\u00e9n respondiendo a los est\u00edmulos sonoros y la sinestesia alcanza su punto culminante cuando se llega a ver los sonidos y a sentir los colores y signos generados por esta identidad visual, disfrutando un intercambio agradable y una inversi\u00f3n sensorial productiva.<\/p>\n<p>El nuevo logo de RUFA es din\u00e1mico con una matriz generativa.<br \/>\nPr\u00e1cticamente, consiste en una marca gr\u00e1fica fija y estable &#8211; persistente pero no inm\u00f3vil -, con letras de acompa\u00f1amiento que refuerzan su mutabilidad controlada. En este sistema din\u00e1mico, las letras se mueven y cambian, creando ondas y variaciones sonoras y visuales dentro del propio logo. Las variables generativas pueden cambiar cada vez: el n\u00famero de estudiantes presentes en la Academia en un momento dado, el n\u00famero de programas de estudio disponibles, el n\u00famero de personas que participan en un evento. Los cambios en nuestro logo est\u00e1n estrictamente relacionados con la vida de RUFA y por lo tanto la propia RUFA generar\u00e1 su logo.<br \/>","protected":false},"excerpt":{"rendered":"<p>Desde nuestro inicio en Roma, en 1998, la RUFA ha jugado un papel clave en la escena contempor\u00e1nea. A lo largo de los a\u00f1os, se ha desarrollado una imagen corporativa que refleja nuestra identidad y valores fundamentales, junto con nuestro crecimiento y conciencia de marca. Originalmente, nuestro logotipo presentaba una combinaci\u00f3n de un huevo y&#8230;<\/p>\n","protected":false},"author":1,"featured_media":0,"parent":1023,"menu_order":0,"comment_status":"closed","ping_status":"closed","template":"page_logo.php","meta":{"content-type":"","footnotes":""},"class_list":["post-9871","page","type-page","status-publish","hentry"],"yoast_head":"<!-- This site is optimized with the Yoast SEO plugin v24.2 - https:\/\/yoast.com\/wordpress\/plugins\/seo\/ -->\n<title>La Storia dell&#039;Accademia delle Belle Arti di Roma - RUFA<\/title>\n<meta name=\"description\" content=\"Dalla sua nascita, nel 1998 a Roma, RUFA ha svolto sempre un ruolo cardine nella scena contemporanea. Scopri tutta la sua storia!\" \/>\n<meta name=\"robots\" content=\"index, follow, max-snippet:-1, max-image-preview:large, max-video-preview:-1\" \/>\n<link rel=\"canonical\" href=\"https:\/\/www.unirufa.it\/accademia-2\/la-storia-del-marchio-rufa\/\" \/>\n<meta property=\"og:locale\" content=\"es_ES\" \/>\n<meta property=\"og:type\" content=\"article\" \/>\n<meta property=\"og:title\" content=\"La Storia dell&#039;Accademia delle Belle Arti di Roma - RUFA\" \/>\n<meta property=\"og:description\" content=\"Dalla sua nascita, nel 1998 a Roma, RUFA ha svolto sempre un ruolo cardine nella scena contemporanea. Scopri tutta la sua storia!\" \/>\n<meta property=\"og:url\" content=\"https:\/\/www.unirufa.it\/accademia-2\/la-storia-del-marchio-rufa\/\" \/>\n<meta property=\"og:site_name\" content=\"RUFA - Rome University of Fine Arts\" \/>\n<meta property=\"article:modified_time\" content=\"2021-12-21T16:21:00+00:00\" \/>\n<meta property=\"og:image\" content=\"https:\/\/www.unirufa.it\/wp-content\/uploads\/2017\/11\/logo-rufa-2016.png\" \/>\n\t<meta property=\"og:image:width\" content=\"230\" \/>\n\t<meta property=\"og:image:height\" content=\"149\" \/>\n\t<meta property=\"og:image:type\" content=\"image\/png\" \/>\n<meta name=\"twitter:label1\" content=\"Tiempo de lectura\" \/>\n\t<meta name=\"twitter:data1\" content=\"6 minutos\" \/>\n<script type=\"application\/ld+json\" class=\"yoast-schema-graph\">{\"@context\":\"https:\/\/schema.org\",\"@graph\":[{\"@type\":\"WebPage\",\"@id\":\"https:\/\/www.unirufa.it\/accademia-2\/la-storia-del-marchio-rufa\/\",\"url\":\"https:\/\/www.unirufa.it\/accademia-2\/la-storia-del-marchio-rufa\/\",\"name\":\"La Storia dell'Accademia delle Belle Arti di Roma - RUFA\",\"isPartOf\":{\"@id\":\"https:\/\/www.unirufa.it\/#website\"},\"datePublished\":\"2016-12-01T10:03:24+00:00\",\"dateModified\":\"2021-12-21T16:21:00+00:00\",\"description\":\"Dalla sua nascita, nel 1998 a Roma, RUFA ha svolto sempre un ruolo cardine nella scena contemporanea. Scopri tutta la sua storia!\",\"breadcrumb\":{\"@id\":\"https:\/\/www.unirufa.it\/accademia-2\/la-storia-del-marchio-rufa\/#breadcrumb\"},\"inLanguage\":\"es\",\"potentialAction\":[{\"@type\":\"ReadAction\",\"target\":[\"https:\/\/www.unirufa.it\/accademia-2\/la-storia-del-marchio-rufa\/\"]}]},{\"@type\":\"BreadcrumbList\",\"@id\":\"https:\/\/www.unirufa.it\/accademia-2\/la-storia-del-marchio-rufa\/#breadcrumb\",\"itemListElement\":[{\"@type\":\"ListItem\",\"position\":1,\"name\":\"Home\",\"item\":\"https:\/\/www.unirufa.it\/\"},{\"@type\":\"ListItem\",\"position\":2,\"name\":\"Accademia\",\"item\":\"https:\/\/www.unirufa.it\/accademia-2\/\"},{\"@type\":\"ListItem\",\"position\":3,\"name\":\"La storia del marchio RUFA.\"}]},{\"@type\":\"WebSite\",\"@id\":\"https:\/\/www.unirufa.it\/#website\",\"url\":\"https:\/\/www.unirufa.it\/\",\"name\":\"RUFA - Rome University of Fine Arts\",\"description\":\"\",\"potentialAction\":[{\"@type\":\"SearchAction\",\"target\":{\"@type\":\"EntryPoint\",\"urlTemplate\":\"https:\/\/www.unirufa.it\/?s={search_term_string}\"},\"query-input\":{\"@type\":\"PropertyValueSpecification\",\"valueRequired\":true,\"valueName\":\"search_term_string\"}}],\"inLanguage\":\"es\"}]}<\/script>\n<!-- \/ Yoast SEO plugin. -->","yoast_head_json":{"title":"La Storia dell'Accademia delle Belle Arti di Roma - RUFA","description":"Dalla sua nascita, nel 1998 a Roma, RUFA ha svolto sempre un ruolo cardine nella scena contemporanea. Scopri tutta la sua storia!","robots":{"index":"index","follow":"follow","max-snippet":"max-snippet:-1","max-image-preview":"max-image-preview:large","max-video-preview":"max-video-preview:-1"},"canonical":"https:\/\/www.unirufa.it\/accademia-2\/la-storia-del-marchio-rufa\/","og_locale":"es_ES","og_type":"article","og_title":"La Storia dell'Accademia delle Belle Arti di Roma - RUFA","og_description":"Dalla sua nascita, nel 1998 a Roma, RUFA ha svolto sempre un ruolo cardine nella scena contemporanea. Scopri tutta la sua storia!","og_url":"https:\/\/www.unirufa.it\/accademia-2\/la-storia-del-marchio-rufa\/","og_site_name":"RUFA - Rome University of Fine Arts","article_modified_time":"2021-12-21T16:21:00+00:00","og_image":[{"width":230,"height":149,"url":"https:\/\/www.unirufa.it\/wp-content\/uploads\/2017\/11\/logo-rufa-2016.png","type":"image\/png"}],"twitter_misc":{"Tiempo de lectura":"6 minutos"},"schema":{"@context":"https:\/\/schema.org","@graph":[{"@type":"WebPage","@id":"https:\/\/www.unirufa.it\/accademia-2\/la-storia-del-marchio-rufa\/","url":"https:\/\/www.unirufa.it\/accademia-2\/la-storia-del-marchio-rufa\/","name":"La Storia dell'Accademia delle Belle Arti di Roma - RUFA","isPartOf":{"@id":"https:\/\/www.unirufa.it\/#website"},"datePublished":"2016-12-01T10:03:24+00:00","dateModified":"2021-12-21T16:21:00+00:00","description":"Dalla sua nascita, nel 1998 a Roma, RUFA ha svolto sempre un ruolo cardine nella scena contemporanea. Scopri tutta la sua storia!","breadcrumb":{"@id":"https:\/\/www.unirufa.it\/accademia-2\/la-storia-del-marchio-rufa\/#breadcrumb"},"inLanguage":"es","potentialAction":[{"@type":"ReadAction","target":["https:\/\/www.unirufa.it\/accademia-2\/la-storia-del-marchio-rufa\/"]}]},{"@type":"BreadcrumbList","@id":"https:\/\/www.unirufa.it\/accademia-2\/la-storia-del-marchio-rufa\/#breadcrumb","itemListElement":[{"@type":"ListItem","position":1,"name":"Home","item":"https:\/\/www.unirufa.it\/"},{"@type":"ListItem","position":2,"name":"Accademia","item":"https:\/\/www.unirufa.it\/accademia-2\/"},{"@type":"ListItem","position":3,"name":"La storia del marchio RUFA."}]},{"@type":"WebSite","@id":"https:\/\/www.unirufa.it\/#website","url":"https:\/\/www.unirufa.it\/","name":"RUFA - Rome University of Fine Arts","description":"","potentialAction":[{"@type":"SearchAction","target":{"@type":"EntryPoint","urlTemplate":"https:\/\/www.unirufa.it\/?s={search_term_string}"},"query-input":{"@type":"PropertyValueSpecification","valueRequired":true,"valueName":"search_term_string"}}],"inLanguage":"es"}]}},"_links":{"self":[{"href":"https:\/\/www.unirufa.it\/es\/wp-json\/wp\/v2\/pages\/9871","targetHints":{"allow":["GET"]}}],"collection":[{"href":"https:\/\/www.unirufa.it\/es\/wp-json\/wp\/v2\/pages"}],"about":[{"href":"https:\/\/www.unirufa.it\/es\/wp-json\/wp\/v2\/types\/page"}],"author":[{"embeddable":true,"href":"https:\/\/www.unirufa.it\/es\/wp-json\/wp\/v2\/users\/1"}],"replies":[{"embeddable":true,"href":"https:\/\/www.unirufa.it\/es\/wp-json\/wp\/v2\/comments?post=9871"}],"version-history":[{"count":14,"href":"https:\/\/www.unirufa.it\/es\/wp-json\/wp\/v2\/pages\/9871\/revisions"}],"predecessor-version":[{"id":37310,"href":"https:\/\/www.unirufa.it\/es\/wp-json\/wp\/v2\/pages\/9871\/revisions\/37310"}],"up":[{"embeddable":true,"href":"https:\/\/www.unirufa.it\/es\/wp-json\/wp\/v2\/pages\/1023"}],"wp:attachment":[{"href":"https:\/\/www.unirufa.it\/es\/wp-json\/wp\/v2\/media?parent=9871"}],"curies":[{"name":"wp","href":"https:\/\/api.w.org\/{rel}","templated":true}]}}