


{"id":9873,"date":"2016-12-01T10:08:23","date_gmt":"2016-12-01T10:08:23","guid":{"rendered":"https:\/\/dev.unirufa.it\/?page_id=9873"},"modified":"2021-04-28T09:07:39","modified_gmt":"2021-04-28T07:07:39","slug":"il-nuovo-logo-rufa","status":"publish","type":"page","link":"https:\/\/www.unirufa.it\/es\/accademia-2\/la-storia-del-marchio-rufa\/il-nuovo-logo-rufa\/","title":{"rendered":"El nuevo logo RUFA"},"content":{"rendered":"<h4>El nuevo logo de RUFA es din\u00e1mico con una matriz generativa.<\/h4>\n<p>Pr\u00e1cticamente, consiste en una marca gr\u00e1fica fija y estable &#8211; persistente pero no inm\u00f3vil -, con letras de acompa\u00f1amiento que refuerzan su mutabilidad controlada. En este sistema din\u00e1mico, las letras se mueven y cambian, creando ondas y variaciones sonoras y visuales dentro del propio logo. Las variables generativas pueden cambiar cada vez: el n\u00famero de estudiantes presentes en la Academia en un momento dado, el n\u00famero de programas de estudio disponibles, el n\u00famero de personas que participan en un evento. Los cambios en nuestro logo est\u00e1n estrictamente relacionados con la vida de RUFA y por lo tanto la propia RUFA generar\u00e1 su logo.","protected":false},"excerpt":{"rendered":"<p>El nuevo logo de RUFA es din\u00e1mico con una matriz generativa. Pr\u00e1cticamente, consiste en una marca gr\u00e1fica fija y estable &#8211; persistente pero no inm\u00f3vil -, con letras de acompa\u00f1amiento que refuerzan su mutabilidad controlada. En este sistema din\u00e1mico, las letras se mueven y cambian, creando ondas y variaciones sonoras y visuales dentro del propio&#8230;<\/p>\n","protected":false},"author":1,"featured_media":0,"parent":9871,"menu_order":0,"comment_status":"closed","ping_status":"closed","template":"","meta":{"content-type":"","footnotes":""},"class_list":["post-9873","page","type-page","status-publish","hentry"],"yoast_head":"<!-- This site is optimized with the Yoast SEO plugin v24.2 - https:\/\/yoast.com\/wordpress\/plugins\/seo\/ -->\n<title>El nuevo logo RUFA - RUFA - Rome University of Fine Arts<\/title>\n<meta name=\"robots\" content=\"index, follow, max-snippet:-1, max-image-preview:large, max-video-preview:-1\" \/>\n<link rel=\"canonical\" href=\"https:\/\/www.unirufa.it\/accademia-2\/la-storia-del-marchio-rufa\/il-nuovo-logo-rufa\/\" \/>\n<meta property=\"og:locale\" content=\"es_ES\" \/>\n<meta property=\"og:type\" content=\"article\" \/>\n<meta property=\"og:title\" content=\"El nuevo logo RUFA - RUFA - Rome University of Fine Arts\" \/>\n<meta property=\"og:description\" content=\"El nuevo logo de RUFA es din\u00e1mico con una matriz generativa. Pr\u00e1cticamente, consiste en una marca gr\u00e1fica fija y estable &#8211; persistente pero no inm\u00f3vil -, con letras de acompa\u00f1amiento que refuerzan su mutabilidad controlada. En este sistema din\u00e1mico, las letras se mueven y cambian, creando ondas y variaciones sonoras y visuales dentro del propio...\" \/>\n<meta property=\"og:url\" content=\"https:\/\/www.unirufa.it\/accademia-2\/la-storia-del-marchio-rufa\/il-nuovo-logo-rufa\/\" \/>\n<meta property=\"og:site_name\" content=\"RUFA - Rome University of Fine Arts\" \/>\n<meta property=\"article:modified_time\" content=\"2021-04-28T07:07:39+00:00\" \/>\n<meta property=\"og:image\" content=\"https:\/\/www.unirufa.it\/wp-content\/uploads\/2017\/11\/logo-rufa-2016.png\" \/>\n\t<meta property=\"og:image:width\" content=\"230\" \/>\n\t<meta property=\"og:image:height\" content=\"149\" \/>\n\t<meta property=\"og:image:type\" content=\"image\/png\" \/>\n<meta name=\"twitter:label1\" content=\"Tiempo de lectura\" \/>\n\t<meta name=\"twitter:data1\" content=\"2 minutos\" \/>\n<script type=\"application\/ld+json\" class=\"yoast-schema-graph\">{\"@context\":\"https:\/\/schema.org\",\"@graph\":[{\"@type\":\"WebPage\",\"@id\":\"https:\/\/www.unirufa.it\/accademia-2\/la-storia-del-marchio-rufa\/il-nuovo-logo-rufa\/\",\"url\":\"https:\/\/www.unirufa.it\/accademia-2\/la-storia-del-marchio-rufa\/il-nuovo-logo-rufa\/\",\"name\":\"El nuevo logo RUFA - RUFA - Rome University of Fine Arts\",\"isPartOf\":{\"@id\":\"https:\/\/www.unirufa.it\/#website\"},\"datePublished\":\"2016-12-01T10:08:23+00:00\",\"dateModified\":\"2021-04-28T07:07:39+00:00\",\"breadcrumb\":{\"@id\":\"https:\/\/www.unirufa.it\/accademia-2\/la-storia-del-marchio-rufa\/il-nuovo-logo-rufa\/#breadcrumb\"},\"inLanguage\":\"es\",\"potentialAction\":[{\"@type\":\"ReadAction\",\"target\":[\"https:\/\/www.unirufa.it\/accademia-2\/la-storia-del-marchio-rufa\/il-nuovo-logo-rufa\/\"]}]},{\"@type\":\"BreadcrumbList\",\"@id\":\"https:\/\/www.unirufa.it\/accademia-2\/la-storia-del-marchio-rufa\/il-nuovo-logo-rufa\/#breadcrumb\",\"itemListElement\":[{\"@type\":\"ListItem\",\"position\":1,\"name\":\"Home\",\"item\":\"https:\/\/www.unirufa.it\/\"},{\"@type\":\"ListItem\",\"position\":2,\"name\":\"Accademia\",\"item\":\"https:\/\/www.unirufa.it\/accademia-2\/\"},{\"@type\":\"ListItem\",\"position\":3,\"name\":\"La storia del marchio RUFA.\",\"item\":\"https:\/\/www.unirufa.it\/accademia-2\/la-storia-del-marchio-rufa\/\"},{\"@type\":\"ListItem\",\"position\":4,\"name\":\"Il nuovo logo RUFA\"}]},{\"@type\":\"WebSite\",\"@id\":\"https:\/\/www.unirufa.it\/#website\",\"url\":\"https:\/\/www.unirufa.it\/\",\"name\":\"RUFA - Rome University of Fine Arts\",\"description\":\"\",\"potentialAction\":[{\"@type\":\"SearchAction\",\"target\":{\"@type\":\"EntryPoint\",\"urlTemplate\":\"https:\/\/www.unirufa.it\/?s={search_term_string}\"},\"query-input\":{\"@type\":\"PropertyValueSpecification\",\"valueRequired\":true,\"valueName\":\"search_term_string\"}}],\"inLanguage\":\"es\"}]}<\/script>\n<!-- \/ Yoast SEO plugin. -->","yoast_head_json":{"title":"El nuevo logo RUFA - RUFA - Rome University of Fine Arts","robots":{"index":"index","follow":"follow","max-snippet":"max-snippet:-1","max-image-preview":"max-image-preview:large","max-video-preview":"max-video-preview:-1"},"canonical":"https:\/\/www.unirufa.it\/accademia-2\/la-storia-del-marchio-rufa\/il-nuovo-logo-rufa\/","og_locale":"es_ES","og_type":"article","og_title":"El nuevo logo RUFA - RUFA - Rome University of Fine Arts","og_description":"El nuevo logo de RUFA es din\u00e1mico con una matriz generativa. Pr\u00e1cticamente, consiste en una marca gr\u00e1fica fija y estable &#8211; persistente pero no inm\u00f3vil -, con letras de acompa\u00f1amiento que refuerzan su mutabilidad controlada. En este sistema din\u00e1mico, las letras se mueven y cambian, creando ondas y variaciones sonoras y visuales dentro del propio...","og_url":"https:\/\/www.unirufa.it\/accademia-2\/la-storia-del-marchio-rufa\/il-nuovo-logo-rufa\/","og_site_name":"RUFA - Rome University of Fine Arts","article_modified_time":"2021-04-28T07:07:39+00:00","og_image":[{"width":230,"height":149,"url":"https:\/\/www.unirufa.it\/wp-content\/uploads\/2017\/11\/logo-rufa-2016.png","type":"image\/png"}],"twitter_misc":{"Tiempo de lectura":"2 minutos"},"schema":{"@context":"https:\/\/schema.org","@graph":[{"@type":"WebPage","@id":"https:\/\/www.unirufa.it\/accademia-2\/la-storia-del-marchio-rufa\/il-nuovo-logo-rufa\/","url":"https:\/\/www.unirufa.it\/accademia-2\/la-storia-del-marchio-rufa\/il-nuovo-logo-rufa\/","name":"El nuevo logo RUFA - RUFA - Rome University of Fine Arts","isPartOf":{"@id":"https:\/\/www.unirufa.it\/#website"},"datePublished":"2016-12-01T10:08:23+00:00","dateModified":"2021-04-28T07:07:39+00:00","breadcrumb":{"@id":"https:\/\/www.unirufa.it\/accademia-2\/la-storia-del-marchio-rufa\/il-nuovo-logo-rufa\/#breadcrumb"},"inLanguage":"es","potentialAction":[{"@type":"ReadAction","target":["https:\/\/www.unirufa.it\/accademia-2\/la-storia-del-marchio-rufa\/il-nuovo-logo-rufa\/"]}]},{"@type":"BreadcrumbList","@id":"https:\/\/www.unirufa.it\/accademia-2\/la-storia-del-marchio-rufa\/il-nuovo-logo-rufa\/#breadcrumb","itemListElement":[{"@type":"ListItem","position":1,"name":"Home","item":"https:\/\/www.unirufa.it\/"},{"@type":"ListItem","position":2,"name":"Accademia","item":"https:\/\/www.unirufa.it\/accademia-2\/"},{"@type":"ListItem","position":3,"name":"La storia del marchio RUFA.","item":"https:\/\/www.unirufa.it\/accademia-2\/la-storia-del-marchio-rufa\/"},{"@type":"ListItem","position":4,"name":"Il nuovo logo RUFA"}]},{"@type":"WebSite","@id":"https:\/\/www.unirufa.it\/#website","url":"https:\/\/www.unirufa.it\/","name":"RUFA - Rome University of Fine Arts","description":"","potentialAction":[{"@type":"SearchAction","target":{"@type":"EntryPoint","urlTemplate":"https:\/\/www.unirufa.it\/?s={search_term_string}"},"query-input":{"@type":"PropertyValueSpecification","valueRequired":true,"valueName":"search_term_string"}}],"inLanguage":"es"}]}},"_links":{"self":[{"href":"https:\/\/www.unirufa.it\/es\/wp-json\/wp\/v2\/pages\/9873","targetHints":{"allow":["GET"]}}],"collection":[{"href":"https:\/\/www.unirufa.it\/es\/wp-json\/wp\/v2\/pages"}],"about":[{"href":"https:\/\/www.unirufa.it\/es\/wp-json\/wp\/v2\/types\/page"}],"author":[{"embeddable":true,"href":"https:\/\/www.unirufa.it\/es\/wp-json\/wp\/v2\/users\/1"}],"replies":[{"embeddable":true,"href":"https:\/\/www.unirufa.it\/es\/wp-json\/wp\/v2\/comments?post=9873"}],"version-history":[{"count":5,"href":"https:\/\/www.unirufa.it\/es\/wp-json\/wp\/v2\/pages\/9873\/revisions"}],"predecessor-version":[{"id":42992,"href":"https:\/\/www.unirufa.it\/es\/wp-json\/wp\/v2\/pages\/9873\/revisions\/42992"}],"up":[{"embeddable":true,"href":"https:\/\/www.unirufa.it\/es\/wp-json\/wp\/v2\/pages\/9871"}],"wp:attachment":[{"href":"https:\/\/www.unirufa.it\/es\/wp-json\/wp\/v2\/media?parent=9873"}],"curies":[{"name":"wp","href":"https:\/\/api.w.org\/{rel}","templated":true}]}}